{"id":6171,"date":"2020-01-25T21:58:48","date_gmt":"2020-01-25T21:58:48","guid":{"rendered":"https:\/\/pia.fim-frauenrecht.de\/consejos-y-ayuda"},"modified":"2023-03-06T15:06:41","modified_gmt":"2023-03-06T15:06:41","slug":"consejos-y-ayuda","status":"publish","type":"page","link":"https:\/\/pia-hessen.de\/es\/consejos-y-ayuda","title":{"rendered":"Consejos y ayuda"},"content":{"rendered":"<div id='full_slider_1'  class='avia-fullwidth-slider main_color avia-shadow   avia-builder-el-0  el_before_av_section  avia-builder-el-first   container_wrap sidebar_right'  ><div  class='avia-slideshow av-k5u8417p-4a09ac5faf0e9b6b7634c79e9d26c5a4 avia-slideshow-no scaling av_slideshow_full avia-fade-slider av-slideshow-ui av-control-hidden av-no-slider-navigation av-hide-nav-arrows av-slideshow-manual av-loop-once av-loop-manual-endless av-default-height-applied   avia-slideshow-1' data-slideshow-options=\"{&quot;animation&quot;:&quot;fade&quot;,&quot;autoplay&quot;:false,&quot;loop_autoplay&quot;:&quot;once&quot;,&quot;interval&quot;:5,&quot;loop_manual&quot;:&quot;manual-endless&quot;,&quot;autoplay_stopper&quot;:false,&quot;noNavigation&quot;:true,&quot;bg_slider&quot;:false,&quot;transitionSpeed&quot;:10000,&quot;keep_padding&quot;:false,&quot;hoverpause&quot;:false,&quot;show_slide_delay&quot;:0}\"  itemprop=\"image\" itemscope=\"itemscope\" itemtype=\"https:\/\/schema.org\/ImageObject\" ><ul class='avia-slideshow-inner ' style='padding-bottom: 1.6129032258065%;'><li  class='avia-slideshow-slide av-k5u8417p-4a09ac5faf0e9b6b7634c79e9d26c5a4__0  av-single-slide slide-1 slide-odd'><div data-rel='slideshow-1' class='avia-slide-wrap '   ><img decoding=\"async\" fetchpriority=\"high\" class=\"wp-image-3783 avia-img-lazy-loading-not-3783\"  src=\"https:\/\/pia-hessen.de\/wp-content\/uploads\/2020\/01\/balken-1.png\" width=\"1550\" height=\"25\" title='balken' alt=''  itemprop=\"thumbnailUrl\"  style='min-height:20px; min-width:1240px; ' srcset=\"https:\/\/pia-hessen.de\/wp-content\/uploads\/2020\/01\/balken-1.png 1550w, https:\/\/pia-hessen.de\/wp-content\/uploads\/2020\/01\/balken-1-300x5.png 300w, https:\/\/pia-hessen.de\/wp-content\/uploads\/2020\/01\/balken-1-1030x17.png 1030w, https:\/\/pia-hessen.de\/wp-content\/uploads\/2020\/01\/balken-1-768x12.png 768w, https:\/\/pia-hessen.de\/wp-content\/uploads\/2020\/01\/balken-1-1536x25.png 1536w, https:\/\/pia-hessen.de\/wp-content\/uploads\/2020\/01\/balken-1-1500x24.png 1500w, https:\/\/pia-hessen.de\/wp-content\/uploads\/2020\/01\/balken-1-705x11.png 705w\" sizes=\"(max-width: 1550px) 100vw, 1550px\" \/><\/div><\/li><\/ul><\/div><\/div>\n<div id='av_section_1'  class='avia-section av-rl7u5-d7c7f9d11e2fd363efe4a90464fc49fc main_color avia-section-default avia-no-border-styling  avia-builder-el-1  el_after_av_slideshow_full  avia-builder-el-last  avia-bg-style-scroll container_wrap sidebar_right'  ><div class='container av-section-cont-open' ><div class='template-page content  av-content-small alpha units'><div class='post-entry post-entry-type-page post-entry-6171'><div class='entry-content-wrapper clearfix'>\n\n<style type=\"text\/css\" data-created_by=\"avia_inline_auto\" id=\"style-css-av-kh1m5-bea62b0085da8b4219518d0640354db2\">\n.flex_column.av-kh1m5-bea62b0085da8b4219518d0640354db2{\nborder-radius:0px 0px 0px 0px;\npadding:0 0px 20px 0px;\n}\n<\/style>\n<div  class='flex_column av-kh1m5-bea62b0085da8b4219518d0640354db2 av_one_full  avia-builder-el-2  el_before_av_one_fourth  avia-builder-el-first  first flex_column_div av-animated-generic pop-up  '     ><p>\n<style type=\"text\/css\" data-created_by=\"avia_inline_auto\" id=\"style-css-av-gosit-b6dddd13390f221e94100fc4032ccb4a\">\n#top .hr.av-gosit-b6dddd13390f221e94100fc4032ccb4a{\nmargin-top:5px;\nmargin-bottom:35px;\n}\n.hr.av-gosit-b6dddd13390f221e94100fc4032ccb4a .hr-inner{\nwidth:50px;\nborder-color:#9e2745;\n}\n<\/style>\n<div  class='hr av-gosit-b6dddd13390f221e94100fc4032ccb4a hr-custom  avia-builder-el-3  el_before_av_textblock  avia-builder-el-first  hr-center hr-icon-no'><span class='hr-inner inner-border-av-border-fat'><span class=\"hr-inner-style\"><\/span><\/span><\/div><br \/>\n\n<style type=\"text\/css\" data-created_by=\"avia_inline_auto\" id=\"style-css-av-ktea83n4-abab399ee99c1eb8167389791201c026\">\n\n@media only screen and (max-width: 479px){ \n#top .av_textblock_section.av-ktea83n4-abab399ee99c1eb8167389791201c026 .avia_textblock{\nfont-size:20px;\n}\n}\n<\/style>\n<section  class='av_textblock_section av-ktea83n4-abab399ee99c1eb8167389791201c026 '   itemscope=\"itemscope\" itemtype=\"https:\/\/schema.org\/CreativeWork\" ><div class='avia_textblock'  itemprop=\"text\" ><h1 style=\"text-align: center;\">Consejos y ayuda<\/h1>\n<p style=\"text-align: center;\">\u00bfTienes preguntas sobre el trabajo como prostituta o buscas apoyo porque tienes problemas? Aqu\u00ed encontrar\u00e1s a qui\u00e9n te puedes dirigir y <a href=\"https:\/\/pia-hessen.de\/es\/centros-de-asesoramiento\">aqu\u00ed<\/a> encontrar\u00e1s una lista de los centros de asesoramiento de Hessen.  El asesoramiento es gratuito y an\u00f3nimo.<\/p>\n<p style=\"text-align: center;\">.<\/p>\n<\/div><\/section><\/p><\/div><div class='flex_column_table av-ktebf89h-94b00e8f2686e93d35d264e285a93e87 sc-av_one_fourth av-equal-height-column-flextable'>\n<style type=\"text\/css\" data-created_by=\"avia_inline_auto\" id=\"style-css-av-ktebf89h-94b00e8f2686e93d35d264e285a93e87\">\n#top .flex_column_table.av-equal-height-column-flextable.av-ktebf89h-94b00e8f2686e93d35d264e285a93e87{\nmargin-top:0;\nmargin-bottom:0;\n}\n.flex_column.av-ktebf89h-94b00e8f2686e93d35d264e285a93e87{\nborder-width:1px;\nborder-color:#ffffff;\nborder-style:solid;\nborder-radius:0px 0px 0px 0px;\npadding:30px 30px 30px 30px;\nbackground-color:#efefef;\n}\n<\/style>\n<div  class='flex_column av-ktebf89h-94b00e8f2686e93d35d264e285a93e87 av_one_fourth  avia-builder-el-5  el_after_av_one_full  el_before_av_one_fourth  first no_margin flex_column_table_cell av-equal-height-column av-align-middle av-animated-generic bottom-to-top avia-link-column av-column-link  column-top-margin'    data-link-column-url=\"https:\/\/pia-hessen.de\/rat-und-hilfe\/schwangerschaft\"   ><a class=\"av-screen-reader-only\" href=https:\/\/pia-hessen.de\/rat-und-hilfe\/schwangerschaft >Link to: Schwangerschaft<\/a><style type=\"text\/css\" data-created_by=\"avia_inline_auto\" id=\"style-css-av-ktea9p4q-c8ee7cddf07a7b58f42dd49a461c866a\">\n\n@media only screen and (max-width: 479px){ \n#top .av_textblock_section.av-ktea9p4q-c8ee7cddf07a7b58f42dd49a461c866a .avia_textblock{\nfont-size:20px;\n}\n}\n<\/style>\n<section  class='av_textblock_section av-ktea9p4q-c8ee7cddf07a7b58f42dd49a461c866a '   itemscope=\"itemscope\" itemtype=\"https:\/\/schema.org\/CreativeWork\" ><div class='avia_textblock'  itemprop=\"text\" ><h4 style=\"text-align: center;\">Embarazo<\/h4>\n<\/div><\/section><br \/>\n\n<style type=\"text\/css\" data-created_by=\"avia_inline_auto\" id=\"style-css-av-kteab2mx-aeacb60c04948ad06733d87105436a7b\">\n.avia-image-container.av-kteab2mx-aeacb60c04948ad06733d87105436a7b img.avia_image{\nbox-shadow:none;\n}\n.avia-image-container.av-kteab2mx-aeacb60c04948ad06733d87105436a7b .av-image-caption-overlay-center{\ncolor:#ffffff;\nfont-size:21px;\n}\n<\/style>\n<div  class='avia-image-container av-kteab2mx-aeacb60c04948ad06733d87105436a7b av-styling-circle av-hover-grow av-hide-overflow avia-align-center  avia-builder-el-7  el_after_av_textblock  avia-builder-el-last '   itemprop=\"image\" itemscope=\"itemscope\" itemtype=\"https:\/\/schema.org\/ImageObject\" ><div class=\"avia-image-container-inner\"><div class=\"avia-image-overlay-wrap\"><img decoding=\"async\" loading=\"lazy\" class='wp-image-5833 avia-img-lazy-loading-5833 avia_image ' src=\"https:\/\/pia-hessen.de\/wp-content\/uploads\/2023\/02\/schwangerschaft.jpg\" alt='' title='schwangerschaft'  height=\"300\" width=\"300\"  itemprop=\"thumbnailUrl\" srcset=\"https:\/\/pia-hessen.de\/wp-content\/uploads\/2023\/02\/schwangerschaft.jpg 300w, https:\/\/pia-hessen.de\/wp-content\/uploads\/2023\/02\/schwangerschaft-80x80.jpg 80w, https:\/\/pia-hessen.de\/wp-content\/uploads\/2023\/02\/schwangerschaft-36x36.jpg 36w, https:\/\/pia-hessen.de\/wp-content\/uploads\/2023\/02\/schwangerschaft-180x180.jpg 180w\" sizes=\"auto, (max-width: 300px) 100vw, 300px\" \/><\/div><\/div><\/div><\/p><\/div>\n<style type=\"text\/css\" data-created_by=\"avia_inline_auto\" id=\"style-css-av-ktebga30-8cc4af22d336a7aa1fdce8edb74b7ef3\">\n#top .flex_column_table.av-equal-height-column-flextable.av-ktebga30-8cc4af22d336a7aa1fdce8edb74b7ef3{\nmargin-top:0;\nmargin-bottom:0;\n}\n.flex_column.av-ktebga30-8cc4af22d336a7aa1fdce8edb74b7ef3{\nborder-width:1px;\nborder-color:#ffffff;\nborder-style:solid;\nborder-radius:0px 0px 0px 0px;\npadding:30px 30px 30px 30px;\nbackground-color:#efefef;\n}\n<\/style>\n<div  class='flex_column av-ktebga30-8cc4af22d336a7aa1fdce8edb74b7ef3 av_one_fourth  avia-builder-el-8  el_after_av_one_fourth  el_before_av_one_fourth  no_margin flex_column_table_cell av-equal-height-column av-align-middle av-animated-generic bottom-to-top avia-link-column av-column-link  column-top-margin'    data-link-column-url=\"https:\/\/pia-hessen.de\/rat-und-hilfe\/zwang_gewalt\"   ><a class=\"av-screen-reader-only\" href=https:\/\/pia-hessen.de\/rat-und-hilfe\/zwang_gewalt >Link to: Zwang &#038; Gewalt<\/a><style type=\"text\/css\" data-created_by=\"avia_inline_auto\" id=\"style-css-av-kteaegjk-ace161f59869d018352ebac40b4b0097\">\n\n@media only screen and (max-width: 479px){ \n#top .av_textblock_section.av-kteaegjk-ace161f59869d018352ebac40b4b0097 .avia_textblock{\nfont-size:20px;\n}\n}\n<\/style>\n<section  class='av_textblock_section av-kteaegjk-ace161f59869d018352ebac40b4b0097 '   itemscope=\"itemscope\" itemtype=\"https:\/\/schema.org\/CreativeWork\" ><div class='avia_textblock'  itemprop=\"text\" ><h4 style=\"text-align: center;\">Coacci\u00f3n y violencia<\/h4>\n<\/div><\/section><br \/>\n\n<style type=\"text\/css\" data-created_by=\"avia_inline_auto\" id=\"style-css-av-kteagd6h-83bcfbbdb24131fabcedb05c9656c7c4\">\n.avia-image-container.av-kteagd6h-83bcfbbdb24131fabcedb05c9656c7c4 img.avia_image{\nbox-shadow:none;\n}\n.avia-image-container.av-kteagd6h-83bcfbbdb24131fabcedb05c9656c7c4 .av-image-caption-overlay-center{\ncolor:#ffffff;\n}\n<\/style>\n<div  class='avia-image-container av-kteagd6h-83bcfbbdb24131fabcedb05c9656c7c4 av-styling-circle av-hover-grow av-hide-overflow avia-align-center  avia-builder-el-10  el_after_av_textblock  avia-builder-el-last '   itemprop=\"image\" itemscope=\"itemscope\" itemtype=\"https:\/\/schema.org\/ImageObject\" ><div class=\"avia-image-container-inner\"><div class=\"avia-image-overlay-wrap\"><img decoding=\"async\" loading=\"lazy\" class='wp-image-5043 avia-img-lazy-loading-5043 avia_image ' src=\"https:\/\/pia-hessen.de\/wp-content\/uploads\/2021\/09\/ZwangundGewalt_pexels_300.jpg\" alt='' title='ZwangundGewalt_pexels_300'  height=\"300\" width=\"300\"  itemprop=\"thumbnailUrl\" srcset=\"https:\/\/pia-hessen.de\/wp-content\/uploads\/2021\/09\/ZwangundGewalt_pexels_300.jpg 300w, https:\/\/pia-hessen.de\/wp-content\/uploads\/2021\/09\/ZwangundGewalt_pexels_300-80x80.jpg 80w, https:\/\/pia-hessen.de\/wp-content\/uploads\/2021\/09\/ZwangundGewalt_pexels_300-36x36.jpg 36w, https:\/\/pia-hessen.de\/wp-content\/uploads\/2021\/09\/ZwangundGewalt_pexels_300-180x180.jpg 180w\" sizes=\"auto, (max-width: 300px) 100vw, 300px\" \/><\/div><\/div><\/div><\/p><\/div>\n<style type=\"text\/css\" data-created_by=\"avia_inline_auto\" id=\"style-css-av-ktebgpg5-deb56ca1e33a8042fd53c480a85989d6\">\n#top .flex_column_table.av-equal-height-column-flextable.av-ktebgpg5-deb56ca1e33a8042fd53c480a85989d6{\nmargin-top:0;\nmargin-bottom:0;\n}\n.flex_column.av-ktebgpg5-deb56ca1e33a8042fd53c480a85989d6{\nborder-width:1px;\nborder-color:#ffffff;\nborder-style:solid;\nborder-radius:0px 0px 0px 0px;\npadding:30px 30px 30px 30px;\nbackground-color:#efefef;\n}\n<\/style>\n<div  class='flex_column av-ktebgpg5-deb56ca1e33a8042fd53c480a85989d6 av_one_fourth  avia-builder-el-11  el_after_av_one_fourth  el_before_av_one_fourth  no_margin flex_column_table_cell av-equal-height-column av-align-middle av-animated-generic bottom-to-top avia-link-column av-column-link  column-top-margin'    data-link-column-url=\"https:\/\/pia-hessen.de\/rat-und-hilfe\/neu_im_job\"   ><a class=\"av-screen-reader-only\" href=https:\/\/pia-hessen.de\/rat-und-hilfe\/neu_im_job >Link to: Neu im Job?<\/a><style type=\"text\/css\" data-created_by=\"avia_inline_auto\" id=\"style-css-av-kteah183-b6ec9d7b27f0cfbff805b28ae4d876ba\">\n\n@media only screen and (max-width: 479px){ \n#top .av_textblock_section.av-kteah183-b6ec9d7b27f0cfbff805b28ae4d876ba .avia_textblock{\nfont-size:20px;\n}\n}\n<\/style>\n<section  class='av_textblock_section av-kteah183-b6ec9d7b27f0cfbff805b28ae4d876ba '   itemscope=\"itemscope\" itemtype=\"https:\/\/schema.org\/CreativeWork\" ><div class='avia_textblock'  itemprop=\"text\" ><h4 style=\"text-align: center;\">\u00bfEres nuevo en el trabajo?<\/h4>\n<\/div><\/section><br \/>\n\n<style type=\"text\/css\" data-created_by=\"avia_inline_auto\" id=\"style-css-av-kteaiqoa-d237bcf8c163850b0674a8c0c6ff27dc\">\n.avia-image-container.av-kteaiqoa-d237bcf8c163850b0674a8c0c6ff27dc img.avia_image{\nbox-shadow:none;\n}\n.avia-image-container.av-kteaiqoa-d237bcf8c163850b0674a8c0c6ff27dc .av-image-caption-overlay-center{\ncolor:#ffffff;\n}\n<\/style>\n<div  class='avia-image-container av-kteaiqoa-d237bcf8c163850b0674a8c0c6ff27dc av-styling-circle av-hover-grow av-hide-overflow avia-align-center  avia-builder-el-13  el_after_av_textblock  avia-builder-el-last '   itemprop=\"image\" itemscope=\"itemscope\" itemtype=\"https:\/\/schema.org\/ImageObject\" ><div class=\"avia-image-container-inner\"><div class=\"avia-image-overlay-wrap\"><img decoding=\"async\" loading=\"lazy\" class='wp-image-5048 avia-img-lazy-loading-5048 avia_image ' src=\"https:\/\/pia-hessen.de\/wp-content\/uploads\/2021\/09\/NeuImJob_pexels-pixabay_300.jpg\" alt='' title='NeuImJob_pexels-pixabay_300'  height=\"300\" width=\"300\"  itemprop=\"thumbnailUrl\" srcset=\"https:\/\/pia-hessen.de\/wp-content\/uploads\/2021\/09\/NeuImJob_pexels-pixabay_300.jpg 300w, https:\/\/pia-hessen.de\/wp-content\/uploads\/2021\/09\/NeuImJob_pexels-pixabay_300-80x80.jpg 80w, https:\/\/pia-hessen.de\/wp-content\/uploads\/2021\/09\/NeuImJob_pexels-pixabay_300-36x36.jpg 36w, https:\/\/pia-hessen.de\/wp-content\/uploads\/2021\/09\/NeuImJob_pexels-pixabay_300-180x180.jpg 180w\" sizes=\"auto, (max-width: 300px) 100vw, 300px\" \/><\/div><\/div><\/div><\/p><\/div>\n<style type=\"text\/css\" data-created_by=\"avia_inline_auto\" id=\"style-css-av-ktebgzdg-632c0ffbb80a2ca57621a7bddfab4d0d\">\n#top .flex_column_table.av-equal-height-column-flextable.av-ktebgzdg-632c0ffbb80a2ca57621a7bddfab4d0d{\nmargin-top:0;\nmargin-bottom:0;\n}\n.flex_column.av-ktebgzdg-632c0ffbb80a2ca57621a7bddfab4d0d{\nborder-width:1px;\nborder-color:#ffffff;\nborder-style:solid;\nborder-radius:0px 0px 0px 0px;\npadding:30px 30px 30px 30px;\nbackground-color:#efefef;\n}\n<\/style>\n<div  class='flex_column av-ktebgzdg-632c0ffbb80a2ca57621a7bddfab4d0d av_one_fourth  avia-builder-el-14  el_after_av_one_fourth  el_before_av_hr  no_margin flex_column_table_cell av-equal-height-column av-align-middle av-animated-generic bottom-to-top avia-link-column av-column-link  column-top-margin'    data-link-column-url=\"https:\/\/pia-hessen.de\/rat-und-hilfe\/raus_aus_dem_job\"   ><a class=\"av-screen-reader-only\" href=https:\/\/pia-hessen.de\/rat-und-hilfe\/raus_aus_dem_job >Link to: Raus aus dem Job?<\/a><style type=\"text\/css\" data-created_by=\"avia_inline_auto\" id=\"style-css-av-kteaj5qd-e8140d0a6629071d18f316fd911f98e8\">\n\n@media only screen and (max-width: 479px){ \n#top .av_textblock_section.av-kteaj5qd-e8140d0a6629071d18f316fd911f98e8 .avia_textblock{\nfont-size:20px;\n}\n}\n<\/style>\n<section  class='av_textblock_section av-kteaj5qd-e8140d0a6629071d18f316fd911f98e8 '   itemscope=\"itemscope\" itemtype=\"https:\/\/schema.org\/CreativeWork\" ><div class='avia_textblock'  itemprop=\"text\" ><h4 style=\"text-align: center;\">\u00bfSalirse del trabajo?<\/h4>\n<\/div><\/section><br \/>\n\n<style type=\"text\/css\" data-created_by=\"avia_inline_auto\" id=\"style-css-av-kteal8h3-6c3a3ce5a0a28b018c0fb3bcd5082646\">\n.avia-image-container.av-kteal8h3-6c3a3ce5a0a28b018c0fb3bcd5082646 img.avia_image{\nbox-shadow:none;\n}\n.avia-image-container.av-kteal8h3-6c3a3ce5a0a28b018c0fb3bcd5082646 .av-image-caption-overlay-center{\ncolor:#ffffff;\n}\n<\/style>\n<div  class='avia-image-container av-kteal8h3-6c3a3ce5a0a28b018c0fb3bcd5082646 av-styling-circle av-hover-grow av-hide-overflow avia-align-center  avia-builder-el-16  el_after_av_textblock  avia-builder-el-last '   itemprop=\"image\" itemscope=\"itemscope\" itemtype=\"https:\/\/schema.org\/ImageObject\" ><div class=\"avia-image-container-inner\"><div class=\"avia-image-overlay-wrap\"><img decoding=\"async\" loading=\"lazy\" class='wp-image-5053 avia-img-lazy-loading-5053 avia_image ' src=\"https:\/\/pia-hessen.de\/wp-content\/uploads\/2021\/09\/Raus_aus_dem_Job_pexels-pixabay_300.jpg\" alt='' title='Raus_aus_dem_Job_pexels-pixabay_300'  height=\"300\" width=\"300\"  itemprop=\"thumbnailUrl\" srcset=\"https:\/\/pia-hessen.de\/wp-content\/uploads\/2021\/09\/Raus_aus_dem_Job_pexels-pixabay_300.jpg 300w, https:\/\/pia-hessen.de\/wp-content\/uploads\/2021\/09\/Raus_aus_dem_Job_pexels-pixabay_300-80x80.jpg 80w, https:\/\/pia-hessen.de\/wp-content\/uploads\/2021\/09\/Raus_aus_dem_Job_pexels-pixabay_300-36x36.jpg 36w, https:\/\/pia-hessen.de\/wp-content\/uploads\/2021\/09\/Raus_aus_dem_Job_pexels-pixabay_300-180x180.jpg 180w\" sizes=\"auto, (max-width: 300px) 100vw, 300px\" \/><\/div><\/div><\/div><\/p><\/div><\/div><!--close column table wrapper. Autoclose: 1 -->\n<style type=\"text\/css\" data-created_by=\"avia_inline_auto\" id=\"style-css-av-lcsuhdcv-3510efd3a839e8b266728a0390857688\">\n#top .hr.hr-invisible.av-lcsuhdcv-3510efd3a839e8b266728a0390857688{\nheight:50px;\n}\n<\/style>\n<div  class='hr av-lcsuhdcv-3510efd3a839e8b266728a0390857688 hr-invisible  avia-builder-el-17  el_after_av_one_fourth  avia-builder-el-last '><span class='hr-inner '><span class=\"hr-inner-style\"><\/span><\/span><\/div>\n<\/div><\/div><\/div><!-- close content main div --><\/div><\/div><div id='after_section_1'  class='main_color av_default_container_wrap container_wrap sidebar_right'  ><div class='container av-section-cont-open' ><div class='template-page content  av-content-small alpha units'><div class='post-entry post-entry-type-page post-entry-6171'><div class='entry-content-wrapper clearfix'>\n","protected":false},"excerpt":{"rendered":"","protected":false},"author":2,"featured_media":0,"parent":0,"menu_order":0,"comment_status":"closed","ping_status":"closed","template":"","meta":{"footnotes":""},"class_list":["post-6171","page","type-page","status-publish","hentry"],"yoast_head":"<!-- This site is optimized with the Yoast SEO plugin v27.3 - https:\/\/yoast.com\/product\/yoast-seo-wordpress\/ -->\n<title>Consejos y ayuda - PIA Hessen - Informationen und Beratung rund um Prostitution<\/title>\n<meta name=\"robots\" content=\"index, follow, max-snippet:-1, max-image-preview:large, max-video-preview:-1\" \/>\n<link rel=\"canonical\" href=\"https:\/\/pia-hessen.de\/es\/consejos-y-ayuda\" \/>\n<meta name=\"twitter:label1\" content=\"Tiempo de lectura\" \/>\n\t<meta name=\"twitter:data1\" content=\"4 minutos\" \/>\n<script type=\"application\/ld+json\" class=\"yoast-schema-graph\">{\"@context\":\"https:\\\/\\\/schema.org\",\"@graph\":[{\"@type\":\"WebPage\",\"@id\":\"https:\\\/\\\/pia-hessen.de\\\/es\\\/consejos-y-ayuda\",\"url\":\"https:\\\/\\\/pia-hessen.de\\\/es\\\/consejos-y-ayuda\",\"name\":\"Consejos y ayuda - PIA Hessen - Informationen und Beratung rund um Prostitution\",\"isPartOf\":{\"@id\":\"https:\\\/\\\/pia-hessen.de\\\/es#website\"},\"datePublished\":\"2020-01-25T21:58:48+00:00\",\"dateModified\":\"2023-03-06T15:06:41+00:00\",\"breadcrumb\":{\"@id\":\"https:\\\/\\\/pia-hessen.de\\\/es\\\/consejos-y-ayuda#breadcrumb\"},\"inLanguage\":\"es\",\"potentialAction\":[{\"@type\":\"ReadAction\",\"target\":[\"https:\\\/\\\/pia-hessen.de\\\/es\\\/consejos-y-ayuda\"]}]},{\"@type\":\"BreadcrumbList\",\"@id\":\"https:\\\/\\\/pia-hessen.de\\\/es\\\/consejos-y-ayuda#breadcrumb\",\"itemListElement\":[{\"@type\":\"ListItem\",\"position\":1,\"name\":\"Startseite\",\"item\":\"https:\\\/\\\/pia-hessen.de\\\/es\"},{\"@type\":\"ListItem\",\"position\":2,\"name\":\"Consejos y ayuda\"}]},{\"@type\":\"WebSite\",\"@id\":\"https:\\\/\\\/pia-hessen.de\\\/es#website\",\"url\":\"https:\\\/\\\/pia-hessen.de\\\/es\",\"name\":\"PIA Hessen - Informationen und Beratung rund um Prostitution\",\"description\":\"\",\"publisher\":{\"@id\":\"https:\\\/\\\/pia-hessen.de\\\/es#organization\"},\"potentialAction\":[{\"@type\":\"SearchAction\",\"target\":{\"@type\":\"EntryPoint\",\"urlTemplate\":\"https:\\\/\\\/pia-hessen.de\\\/es?s={search_term_string}\"},\"query-input\":{\"@type\":\"PropertyValueSpecification\",\"valueRequired\":true,\"valueName\":\"search_term_string\"}}],\"inLanguage\":\"es\"},{\"@type\":\"Organization\",\"@id\":\"https:\\\/\\\/pia-hessen.de\\\/es#organization\",\"name\":\"PIA Hessen - Informationen und Beratung rund um Prostitution\",\"url\":\"https:\\\/\\\/pia-hessen.de\\\/es\",\"logo\":{\"@type\":\"ImageObject\",\"inLanguage\":\"es\",\"@id\":\"https:\\\/\\\/pia-hessen.de\\\/es#\\\/schema\\\/logo\\\/image\\\/\",\"url\":\"https:\\\/\\\/pia-hessen.de\\\/wp-content\\\/uploads\\\/2022\\\/12\\\/pia-logo.png\",\"contentUrl\":\"https:\\\/\\\/pia-hessen.de\\\/wp-content\\\/uploads\\\/2022\\\/12\\\/pia-logo.png\",\"width\":300,\"height\":156,\"caption\":\"PIA Hessen - Informationen und Beratung rund um Prostitution\"},\"image\":{\"@id\":\"https:\\\/\\\/pia-hessen.de\\\/es#\\\/schema\\\/logo\\\/image\\\/\"}}]}<\/script>\n<!-- \/ Yoast SEO plugin. -->","yoast_head_json":{"title":"Consejos y ayuda - PIA Hessen - Informationen und Beratung rund um Prostitution","robots":{"index":"index","follow":"follow","max-snippet":"max-snippet:-1","max-image-preview":"max-image-preview:large","max-video-preview":"max-video-preview:-1"},"canonical":"https:\/\/pia-hessen.de\/es\/consejos-y-ayuda","twitter_misc":{"Tiempo de lectura":"4 minutos"},"schema":{"@context":"https:\/\/schema.org","@graph":[{"@type":"WebPage","@id":"https:\/\/pia-hessen.de\/es\/consejos-y-ayuda","url":"https:\/\/pia-hessen.de\/es\/consejos-y-ayuda","name":"Consejos y ayuda - PIA Hessen - Informationen und Beratung rund um Prostitution","isPartOf":{"@id":"https:\/\/pia-hessen.de\/es#website"},"datePublished":"2020-01-25T21:58:48+00:00","dateModified":"2023-03-06T15:06:41+00:00","breadcrumb":{"@id":"https:\/\/pia-hessen.de\/es\/consejos-y-ayuda#breadcrumb"},"inLanguage":"es","potentialAction":[{"@type":"ReadAction","target":["https:\/\/pia-hessen.de\/es\/consejos-y-ayuda"]}]},{"@type":"BreadcrumbList","@id":"https:\/\/pia-hessen.de\/es\/consejos-y-ayuda#breadcrumb","itemListElement":[{"@type":"ListItem","position":1,"name":"Startseite","item":"https:\/\/pia-hessen.de\/es"},{"@type":"ListItem","position":2,"name":"Consejos y ayuda"}]},{"@type":"WebSite","@id":"https:\/\/pia-hessen.de\/es#website","url":"https:\/\/pia-hessen.de\/es","name":"PIA Hessen - Informationen und Beratung rund um Prostitution","description":"","publisher":{"@id":"https:\/\/pia-hessen.de\/es#organization"},"potentialAction":[{"@type":"SearchAction","target":{"@type":"EntryPoint","urlTemplate":"https:\/\/pia-hessen.de\/es?s={search_term_string}"},"query-input":{"@type":"PropertyValueSpecification","valueRequired":true,"valueName":"search_term_string"}}],"inLanguage":"es"},{"@type":"Organization","@id":"https:\/\/pia-hessen.de\/es#organization","name":"PIA Hessen - Informationen und Beratung rund um Prostitution","url":"https:\/\/pia-hessen.de\/es","logo":{"@type":"ImageObject","inLanguage":"es","@id":"https:\/\/pia-hessen.de\/es#\/schema\/logo\/image\/","url":"https:\/\/pia-hessen.de\/wp-content\/uploads\/2022\/12\/pia-logo.png","contentUrl":"https:\/\/pia-hessen.de\/wp-content\/uploads\/2022\/12\/pia-logo.png","width":300,"height":156,"caption":"PIA Hessen - Informationen und Beratung rund um Prostitution"},"image":{"@id":"https:\/\/pia-hessen.de\/es#\/schema\/logo\/image\/"}}]}},"_links":{"self":[{"href":"https:\/\/pia-hessen.de\/es\/wp-json\/wp\/v2\/pages\/6171","targetHints":{"allow":["GET"]}}],"collection":[{"href":"https:\/\/pia-hessen.de\/es\/wp-json\/wp\/v2\/pages"}],"about":[{"href":"https:\/\/pia-hessen.de\/es\/wp-json\/wp\/v2\/types\/page"}],"author":[{"embeddable":true,"href":"https:\/\/pia-hessen.de\/es\/wp-json\/wp\/v2\/users\/2"}],"replies":[{"embeddable":true,"href":"https:\/\/pia-hessen.de\/es\/wp-json\/wp\/v2\/comments?post=6171"}],"version-history":[{"count":13,"href":"https:\/\/pia-hessen.de\/es\/wp-json\/wp\/v2\/pages\/6171\/revisions"}],"predecessor-version":[{"id":6540,"href":"https:\/\/pia-hessen.de\/es\/wp-json\/wp\/v2\/pages\/6171\/revisions\/6540"}],"wp:attachment":[{"href":"https:\/\/pia-hessen.de\/es\/wp-json\/wp\/v2\/media?parent=6171"}],"curies":[{"name":"wp","href":"https:\/\/api.w.org\/{rel}","templated":true}]}}