{"id":6209,"date":"2020-01-27T21:43:21","date_gmt":"2020-01-27T21:43:21","guid":{"rendered":"https:\/\/pia.fim-frauenrecht.de\/derechos-y-deberes\/ley-de-proteccion-de-la-prostitucion"},"modified":"2023-02-24T22:02:40","modified_gmt":"2023-02-24T22:02:40","slug":"ley-de-proteccion-de-la-prostitucion","status":"publish","type":"page","link":"https:\/\/pia-hessen.de\/es\/derechos-y-deberes\/ley-de-proteccion-de-la-prostitucion","title":{"rendered":"Ley de Protecci\u00f3n de la Prostituci\u00f3n"},"content":{"rendered":"<div id='full_slider_1'  class='avia-fullwidth-slider main_color avia-shadow   avia-builder-el-0  el_before_av_section  avia-builder-el-first   container_wrap sidebar_right'  ><div  class='avia-slideshow av-k5u8417p-51fa327718471590041f1628efe5da80 avia-slideshow-no scaling av_slideshow_full avia-fade-slider av-slideshow-ui av-control-hidden av-no-slider-navigation av-hide-nav-arrows av-slideshow-manual av-loop-once av-loop-manual-endless av-default-height-applied   avia-slideshow-1' data-slideshow-options=\"{&quot;animation&quot;:&quot;fade&quot;,&quot;autoplay&quot;:false,&quot;loop_autoplay&quot;:&quot;once&quot;,&quot;interval&quot;:5,&quot;loop_manual&quot;:&quot;manual-endless&quot;,&quot;autoplay_stopper&quot;:false,&quot;noNavigation&quot;:true,&quot;bg_slider&quot;:false,&quot;keep_padding&quot;:false,&quot;hoverpause&quot;:false,&quot;show_slide_delay&quot;:0}\"  itemprop=\"image\" itemscope=\"itemscope\" itemtype=\"https:\/\/schema.org\/ImageObject\" ><ul class='avia-slideshow-inner ' style='padding-bottom: 1.6129032258065%;'><li  class='avia-slideshow-slide av-k5u8417p-51fa327718471590041f1628efe5da80__0  av-single-slide slide-1 slide-odd'><div data-rel='slideshow-1' class='avia-slide-wrap '   ><img decoding=\"async\" fetchpriority=\"high\" class=\"wp-image-3783 avia-img-lazy-loading-not-3783\"  src=\"https:\/\/pia-hessen.de\/wp-content\/uploads\/2020\/01\/balken-1.png\" width=\"1550\" height=\"25\" title='balken' alt=''  itemprop=\"thumbnailUrl\"  style='min-height:20px; min-width:1240px; ' srcset=\"https:\/\/pia-hessen.de\/wp-content\/uploads\/2020\/01\/balken-1.png 1550w, https:\/\/pia-hessen.de\/wp-content\/uploads\/2020\/01\/balken-1-300x5.png 300w, https:\/\/pia-hessen.de\/wp-content\/uploads\/2020\/01\/balken-1-1030x17.png 1030w, https:\/\/pia-hessen.de\/wp-content\/uploads\/2020\/01\/balken-1-768x12.png 768w, https:\/\/pia-hessen.de\/wp-content\/uploads\/2020\/01\/balken-1-1536x25.png 1536w, https:\/\/pia-hessen.de\/wp-content\/uploads\/2020\/01\/balken-1-1500x24.png 1500w, https:\/\/pia-hessen.de\/wp-content\/uploads\/2020\/01\/balken-1-705x11.png 705w\" sizes=\"(max-width: 1550px) 100vw, 1550px\" \/><\/div><\/li><\/ul><\/div><\/div>\n<div id='av_section_1'  class='avia-section av-k0wps-fbad4484f3d697a3baafcd4271e87a80 main_color avia-section-default avia-no-border-styling  avia-builder-el-1  el_after_av_slideshow_full  el_before_av_section  avia-bg-style-scroll container_wrap sidebar_right'  ><div class='container av-section-cont-open' ><div class='template-page content  av-content-small alpha units'><div class='post-entry post-entry-type-page post-entry-6209'><div class='entry-content-wrapper clearfix'>\n\n<style type=\"text\/css\" data-created_by=\"avia_inline_auto\" id=\"style-css-av-erh9s-4d99c53847ed3338e01d24c983d6c366\">\n.flex_column.av-erh9s-4d99c53847ed3338e01d24c983d6c366{\nborder-radius:0px 0px 0px 0px;\npadding:0 0px 20px 0px;\n}\n<\/style>\n<div  class='flex_column av-erh9s-4d99c53847ed3338e01d24c983d6c366 av_one_full  avia-builder-el-2  avia-builder-el-no-sibling  first flex_column_div av-animated-generic pop-up  '     ><p>\n<style type=\"text\/css\" data-created_by=\"avia_inline_auto\" id=\"style-css-av-ve6o-b7a2bea9ea366cbe1a5349d8913c3f82\">\n#top .hr.av-ve6o-b7a2bea9ea366cbe1a5349d8913c3f82{\nmargin-top:5px;\nmargin-bottom:35px;\n}\n.hr.av-ve6o-b7a2bea9ea366cbe1a5349d8913c3f82 .hr-inner{\nwidth:50px;\nborder-color:#9e2745;\n}\n<\/style>\n<div  class='hr av-ve6o-b7a2bea9ea366cbe1a5349d8913c3f82 hr-custom  avia-builder-el-3  el_before_av_textblock  avia-builder-el-first  hr-center hr-icon-no'><span class='hr-inner inner-border-av-border-fat'><span class=\"hr-inner-style\"><\/span><\/span><\/div><br \/>\n\n<style type=\"text\/css\" data-created_by=\"avia_inline_auto\" id=\"style-css-av-lcyy9vyg-d188fdf829ec9af31dd93d9d4bc08fb7\">\n\n@media only screen and (max-width: 479px){ \n#top .av_textblock_section.av-lcyy9vyg-d188fdf829ec9af31dd93d9d4bc08fb7 .avia_textblock{\nfont-size:20px;\n}\n}\n<\/style>\n<section  class='av_textblock_section av-lcyy9vyg-d188fdf829ec9af31dd93d9d4bc08fb7 '   itemscope=\"itemscope\" itemtype=\"https:\/\/schema.org\/CreativeWork\" ><div class='avia_textblock'  itemprop=\"text\" ><div class=\"av-special-heading av-7dymo-8d4cc19c6d79b3fd1f0e53fbf24f7462 av-special-heading-h1 blockquote modern-quote avia-builder-el-2 el_before_av_hr avia-builder-el-first \">\n<h1 class=\"av-special-heading-tag\" style=\"text-align: center;\">Ley de Protecci\u00f3n de la Prostituci\u00f3n<\/h1>\n<\/div>\n<p style=\"text-align: center;\">La Ley de Protecci\u00f3n de la Prostituci\u00f3n (ProstSchG) est\u00e1 en vigor desde el 1 de julio de 2017. Esto significa para ti: <\/p>\n<\/div><\/section><\/p><\/div><\/div><\/div><\/div><!-- close content main div --><\/div><\/div><div id='av_section_2'  class='avia-section av-jgme3-0d86770982080b37931ee84a47865020 main_color avia-section-default avia-no-shadow  avia-builder-el-5  el_after_av_section  avia-builder-el-last  avia-bg-style-parallax container_wrap sidebar_right'  ><div class='container av-section-cont-open' ><div class='template-page content  av-content-small alpha units'><div class='post-entry post-entry-type-page post-entry-6209'><div class='entry-content-wrapper clearfix'>\n\n<style type=\"text\/css\" data-created_by=\"avia_inline_auto\" id=\"style-css-av-jirxs-a9a1e79364ddf1f8ae0a5914ffa94878\">\n.flex_column.av-jirxs-a9a1e79364ddf1f8ae0a5914ffa94878{\nborder-radius:0px 0px 0px 0px;\npadding:0px 0px 0px 0px;\n}\n<\/style>\n<div  class='flex_column av-jirxs-a9a1e79364ddf1f8ae0a5914ffa94878 av_three_fourth  avia-builder-el-6  el_before_av_three_fourth  avia-builder-el-first  first flex_column_div av-zero-column-padding  '     ><section  class='av_textblock_section av-kolahu9y-0f49b2ec1ccc42a8db8d9425e0842562 '   itemscope=\"itemscope\" itemtype=\"https:\/\/schema.org\/CreativeWork\" ><div class='avia_textblock'  itemprop=\"text\" ><h3>Uso del preservativo:<\/h3>\n<p>Los clientes, las clientas y las prostitutas deben asegurarse de que siempre se utilicen preservativos durante las relaciones sexuales.<\/p>\n<\/div><\/section><\/div>\n<style type=\"text\/css\" data-created_by=\"avia_inline_auto\" id=\"style-css-av-1r8ej-340562e16292231fe2d6de854a2da19b\">\n.flex_column.av-1r8ej-340562e16292231fe2d6de854a2da19b{\nborder-radius:0px 0px 0px 0px;\npadding:0px 0px 0px 0px;\n}\n<\/style>\n<div  class='flex_column av-1r8ej-340562e16292231fe2d6de854a2da19b av_three_fourth  avia-builder-el-8  el_after_av_three_fourth  el_before_av_one_fourth  first flex_column_div av-zero-column-padding  column-top-margin'     ><section  class='av_textblock_section av-k5qtc3yy-4287f92e60d9ea35b21b0049ca6e9ac6 '   itemscope=\"itemscope\" itemtype=\"https:\/\/schema.org\/CreativeWork\" ><div class='avia_textblock'  itemprop=\"text\" ><h3>Asesoramiento sanitario:<\/h3>\n<p>Debes asistir regularmente al asesoramiento sanitario.<\/p>\n<ul>\n<li>Si tiene 21 a\u00f1os o m\u00e1s: cada 12 meses<\/li>\n<li>Si tiene menos de 21 a\u00f1os: cada 6 meses<\/li>\n<\/ul>\n<p>En el asesoramiento sanitario recibir\u00e1s informaci\u00f3n sobre enfermedades de transmisi\u00f3n sexual, VIH, m\u00e9todos anticonceptivos, riesgos del consumo de alcohol y drogas y seguro m\u00e9dico. Recibir\u00e1s un certificado de asistencia, que deber\u00e1s llevar contigo al trabajo. Tambi\u00e9n necesitas el certificado para registrar tu trabajo como prostituta.<\/p>\n<\/div><\/section><\/div>\n<style type=\"text\/css\" data-created_by=\"avia_inline_auto\" id=\"style-css-av-g3n2g-bb63ae89fc311c8978eacacf799bdc5f\">\n.flex_column.av-g3n2g-bb63ae89fc311c8978eacacf799bdc5f{\nborder-radius:0px 0px 0px 0px;\npadding:0px 0px 0px 0px;\n}\n<\/style>\n<div  class='flex_column av-g3n2g-bb63ae89fc311c8978eacacf799bdc5f av_one_fourth  avia-builder-el-10  el_after_av_three_fourth  el_before_av_three_fourth  flex_column_div av-zero-column-padding  column-top-margin'     ><style type=\"text\/css\" data-created_by=\"avia_inline_auto\" id=\"style-css-av-kolapnt0-6b63a0a529ec772e50995359940c3210\">\n#top .av_textblock_section.av-kolapnt0-6b63a0a529ec772e50995359940c3210 .avia_textblock{\ncolor:#000000;\n}\n<\/style>\n<section  class='av_textblock_section av-kolapnt0-6b63a0a529ec772e50995359940c3210 '   itemscope=\"itemscope\" itemtype=\"https:\/\/schema.org\/CreativeWork\" ><div class='avia_textblock av_inherit_color'  itemprop=\"text\" ><blockquote>\n<p><strong>Tu punto de contacto:<\/strong><br \/>\nEl departamento de sanidad dela ciudad donde trabajas.<\/p>\n<\/blockquote>\n<\/div><\/section><\/div>\n<style type=\"text\/css\" data-created_by=\"avia_inline_auto\" id=\"style-css-av-1r8ej-5-ecaf81638764795a8d9048709591f321\">\n.flex_column.av-1r8ej-5-ecaf81638764795a8d9048709591f321{\nborder-radius:0px 0px 0px 0px;\npadding:0px 0px 0px 0px;\n}\n<\/style>\n<div  class='flex_column av-1r8ej-5-ecaf81638764795a8d9048709591f321 av_three_fourth  avia-builder-el-12  el_after_av_one_fourth  el_before_av_one_fourth  first flex_column_div av-zero-column-padding  column-top-margin'     ><section  class='av_textblock_section av-k5qtc3yy-4-ff79312d06ca7eb28f29e8557c7da959 '   itemscope=\"itemscope\" itemtype=\"https:\/\/schema.org\/CreativeWork\" ><div class='avia_textblock'  itemprop=\"text\" ><h3>Inscripci\u00f3n de la actividad:<\/h3>\n<p>La actividad como prostituta es necesario und registro en la oficina de orden p\u00fablico.<\/p>\n<p>Para inscribirse se necesita:<\/p>\n<ul>\n<li>dos fotos<\/li>\n<li>un pasaporte o documento de identidad<\/li>\n<li>un certificado de asesoramiento sanitario<\/li>\n<li>una direcci\u00f3n a la que puedan escribirle las autoridades<\/li>\n<\/ul>\n<p>El registro es v\u00e1lido durante un periodo de tiempo limitado y debe renovarse peri\u00f3dicamente:<\/p>\n<ul>\n<li>Si tiene 21 a\u00f1os o m\u00e1s: 2 a\u00f1os<\/li>\n<li>Si es menor de 21 a\u00f1os: 1 a\u00f1o<\/li>\n<\/ul>\n<p>Si deseas, tu certificado de registro tambi\u00e9n puede expedirse de forma an\u00f3nima a su nombre de trabajo. El certificado de registro debes llevarlo siempre contigo al trabajo.<\/p>\n<\/div><\/section><\/div>\n<style type=\"text\/css\" data-created_by=\"avia_inline_auto\" id=\"style-css-av-13xa8-79428220bf6cd9bb2354a1045678b1b1\">\n.flex_column.av-13xa8-79428220bf6cd9bb2354a1045678b1b1{\nborder-radius:0px 0px 0px 0px;\npadding:0px 0px 0px 0px;\n}\n<\/style>\n<div  class='flex_column av-13xa8-79428220bf6cd9bb2354a1045678b1b1 av_one_fourth  avia-builder-el-14  el_after_av_three_fourth  el_before_av_hr  flex_column_div av-zero-column-padding  column-top-margin'     ><section  class='av_textblock_section av-kolaqhaa-e490c8f8ca70c27a1c6084c772ff14b8 '   itemscope=\"itemscope\" itemtype=\"https:\/\/schema.org\/CreativeWork\" ><div class='avia_textblock av_inherit_color'  itemprop=\"text\" ><blockquote>\n<p><strong>Tu punto de contacto:<\/strong><br \/>\nEl departamento de sanidad de la ciudad donde trabajas.<\/p>\n<\/blockquote>\n<\/div><\/section><\/div>\n<style type=\"text\/css\" data-created_by=\"avia_inline_auto\" id=\"style-css-av-lcyyc4c0-8dd7295194a96f6250ce106f94069c1a\">\n#top .hr.hr-invisible.av-lcyyc4c0-8dd7295194a96f6250ce106f94069c1a{\nheight:50px;\n}\n<\/style>\n<div  class='hr av-lcyyc4c0-8dd7295194a96f6250ce106f94069c1a hr-invisible  avia-builder-el-16  el_after_av_one_fourth  avia-builder-el-last '><span class='hr-inner '><span class=\"hr-inner-style\"><\/span><\/span><\/div>\n<\/div><\/div><\/div><!-- close content main div --><\/div><\/div><div id='after_section_2'  class='main_color av_default_container_wrap container_wrap sidebar_right'  ><div class='container av-section-cont-open' ><div class='template-page content  av-content-small alpha units'><div class='post-entry post-entry-type-page post-entry-6209'><div class='entry-content-wrapper clearfix'>\n","protected":false},"excerpt":{"rendered":"","protected":false},"author":2,"featured_media":0,"parent":6195,"menu_order":0,"comment_status":"closed","ping_status":"closed","template":"","meta":{"footnotes":""},"class_list":["post-6209","page","type-page","status-publish","hentry"],"yoast_head":"<!-- This site is optimized with the Yoast SEO plugin v27.3 - https:\/\/yoast.com\/product\/yoast-seo-wordpress\/ -->\n<title>Ley de Protecci\u00f3n de la Prostituci\u00f3n - PIA Hessen - Informationen und Beratung rund um Prostitution<\/title>\n<meta name=\"description\" content=\"FIM - Frauenrecht ist Menschenrecht e.V. ist ein interkulturelles Beratungszentrum f\u00fcr Migrantinnen und ihre Familien mit Schwerpunkt in Frankfurt am Main.\" \/>\n<meta name=\"robots\" content=\"index, follow, max-snippet:-1, max-image-preview:large, max-video-preview:-1\" \/>\n<link rel=\"canonical\" href=\"https:\/\/pia-hessen.de\/es\/derechos-y-deberes\/ley-de-proteccion-de-la-prostitucion\" \/>\n<meta name=\"twitter:label1\" content=\"Tiempo de lectura\" \/>\n\t<meta name=\"twitter:data1\" content=\"11 minutos\" \/>\n<script type=\"application\/ld+json\" class=\"yoast-schema-graph\">{\"@context\":\"https:\\\/\\\/schema.org\",\"@graph\":[{\"@type\":\"WebPage\",\"@id\":\"https:\\\/\\\/pia-hessen.de\\\/es\\\/derechos-y-deberes\\\/ley-de-proteccion-de-la-prostitucion\",\"url\":\"https:\\\/\\\/pia-hessen.de\\\/es\\\/derechos-y-deberes\\\/ley-de-proteccion-de-la-prostitucion\",\"name\":\"Ley de Protecci\u00f3n de la Prostituci\u00f3n - PIA Hessen - Informationen und Beratung rund um Prostitution\",\"isPartOf\":{\"@id\":\"https:\\\/\\\/pia-hessen.de\\\/es#website\"},\"datePublished\":\"2020-01-27T21:43:21+00:00\",\"dateModified\":\"2023-02-24T22:02:40+00:00\",\"description\":\"FIM - Frauenrecht ist Menschenrecht e.V. ist ein interkulturelles Beratungszentrum f\u00fcr Migrantinnen und ihre Familien mit Schwerpunkt in Frankfurt am Main.\",\"breadcrumb\":{\"@id\":\"https:\\\/\\\/pia-hessen.de\\\/es\\\/derechos-y-deberes\\\/ley-de-proteccion-de-la-prostitucion#breadcrumb\"},\"inLanguage\":\"es\",\"potentialAction\":[{\"@type\":\"ReadAction\",\"target\":[\"https:\\\/\\\/pia-hessen.de\\\/es\\\/derechos-y-deberes\\\/ley-de-proteccion-de-la-prostitucion\"]}]},{\"@type\":\"BreadcrumbList\",\"@id\":\"https:\\\/\\\/pia-hessen.de\\\/es\\\/derechos-y-deberes\\\/ley-de-proteccion-de-la-prostitucion#breadcrumb\",\"itemListElement\":[{\"@type\":\"ListItem\",\"position\":1,\"name\":\"Startseite\",\"item\":\"https:\\\/\\\/pia-hessen.de\\\/es\"},{\"@type\":\"ListItem\",\"position\":2,\"name\":\"Derechos y deberes\",\"item\":\"https:\\\/\\\/pia-hessen.de\\\/es\\\/derechos-y-deberes\"},{\"@type\":\"ListItem\",\"position\":3,\"name\":\"Ley de Protecci\u00f3n de la Prostituci\u00f3n\"}]},{\"@type\":\"WebSite\",\"@id\":\"https:\\\/\\\/pia-hessen.de\\\/es#website\",\"url\":\"https:\\\/\\\/pia-hessen.de\\\/es\",\"name\":\"PIA Hessen - Informationen und Beratung rund um Prostitution\",\"description\":\"\",\"publisher\":{\"@id\":\"https:\\\/\\\/pia-hessen.de\\\/es#organization\"},\"potentialAction\":[{\"@type\":\"SearchAction\",\"target\":{\"@type\":\"EntryPoint\",\"urlTemplate\":\"https:\\\/\\\/pia-hessen.de\\\/es?s={search_term_string}\"},\"query-input\":{\"@type\":\"PropertyValueSpecification\",\"valueRequired\":true,\"valueName\":\"search_term_string\"}}],\"inLanguage\":\"es\"},{\"@type\":\"Organization\",\"@id\":\"https:\\\/\\\/pia-hessen.de\\\/es#organization\",\"name\":\"PIA Hessen - Informationen und Beratung rund um Prostitution\",\"url\":\"https:\\\/\\\/pia-hessen.de\\\/es\",\"logo\":{\"@type\":\"ImageObject\",\"inLanguage\":\"es\",\"@id\":\"https:\\\/\\\/pia-hessen.de\\\/es#\\\/schema\\\/logo\\\/image\\\/\",\"url\":\"https:\\\/\\\/pia-hessen.de\\\/wp-content\\\/uploads\\\/2022\\\/12\\\/pia-logo.png\",\"contentUrl\":\"https:\\\/\\\/pia-hessen.de\\\/wp-content\\\/uploads\\\/2022\\\/12\\\/pia-logo.png\",\"width\":300,\"height\":156,\"caption\":\"PIA Hessen - Informationen und Beratung rund um Prostitution\"},\"image\":{\"@id\":\"https:\\\/\\\/pia-hessen.de\\\/es#\\\/schema\\\/logo\\\/image\\\/\"}}]}<\/script>\n<!-- \/ Yoast SEO plugin. -->","yoast_head_json":{"title":"Ley de Protecci\u00f3n de la Prostituci\u00f3n - PIA Hessen - Informationen und Beratung rund um Prostitution","description":"FIM - Frauenrecht ist Menschenrecht e.V. ist ein interkulturelles Beratungszentrum f\u00fcr Migrantinnen und ihre Familien mit Schwerpunkt in Frankfurt am Main.","robots":{"index":"index","follow":"follow","max-snippet":"max-snippet:-1","max-image-preview":"max-image-preview:large","max-video-preview":"max-video-preview:-1"},"canonical":"https:\/\/pia-hessen.de\/es\/derechos-y-deberes\/ley-de-proteccion-de-la-prostitucion","twitter_misc":{"Tiempo de lectura":"11 minutos"},"schema":{"@context":"https:\/\/schema.org","@graph":[{"@type":"WebPage","@id":"https:\/\/pia-hessen.de\/es\/derechos-y-deberes\/ley-de-proteccion-de-la-prostitucion","url":"https:\/\/pia-hessen.de\/es\/derechos-y-deberes\/ley-de-proteccion-de-la-prostitucion","name":"Ley de Protecci\u00f3n de la Prostituci\u00f3n - PIA Hessen - Informationen und Beratung rund um Prostitution","isPartOf":{"@id":"https:\/\/pia-hessen.de\/es#website"},"datePublished":"2020-01-27T21:43:21+00:00","dateModified":"2023-02-24T22:02:40+00:00","description":"FIM - Frauenrecht ist Menschenrecht e.V. ist ein interkulturelles Beratungszentrum f\u00fcr Migrantinnen und ihre Familien mit Schwerpunkt in Frankfurt am Main.","breadcrumb":{"@id":"https:\/\/pia-hessen.de\/es\/derechos-y-deberes\/ley-de-proteccion-de-la-prostitucion#breadcrumb"},"inLanguage":"es","potentialAction":[{"@type":"ReadAction","target":["https:\/\/pia-hessen.de\/es\/derechos-y-deberes\/ley-de-proteccion-de-la-prostitucion"]}]},{"@type":"BreadcrumbList","@id":"https:\/\/pia-hessen.de\/es\/derechos-y-deberes\/ley-de-proteccion-de-la-prostitucion#breadcrumb","itemListElement":[{"@type":"ListItem","position":1,"name":"Startseite","item":"https:\/\/pia-hessen.de\/es"},{"@type":"ListItem","position":2,"name":"Derechos y deberes","item":"https:\/\/pia-hessen.de\/es\/derechos-y-deberes"},{"@type":"ListItem","position":3,"name":"Ley de Protecci\u00f3n de la Prostituci\u00f3n"}]},{"@type":"WebSite","@id":"https:\/\/pia-hessen.de\/es#website","url":"https:\/\/pia-hessen.de\/es","name":"PIA Hessen - Informationen und Beratung rund um Prostitution","description":"","publisher":{"@id":"https:\/\/pia-hessen.de\/es#organization"},"potentialAction":[{"@type":"SearchAction","target":{"@type":"EntryPoint","urlTemplate":"https:\/\/pia-hessen.de\/es?s={search_term_string}"},"query-input":{"@type":"PropertyValueSpecification","valueRequired":true,"valueName":"search_term_string"}}],"inLanguage":"es"},{"@type":"Organization","@id":"https:\/\/pia-hessen.de\/es#organization","name":"PIA Hessen - Informationen und Beratung rund um Prostitution","url":"https:\/\/pia-hessen.de\/es","logo":{"@type":"ImageObject","inLanguage":"es","@id":"https:\/\/pia-hessen.de\/es#\/schema\/logo\/image\/","url":"https:\/\/pia-hessen.de\/wp-content\/uploads\/2022\/12\/pia-logo.png","contentUrl":"https:\/\/pia-hessen.de\/wp-content\/uploads\/2022\/12\/pia-logo.png","width":300,"height":156,"caption":"PIA Hessen - Informationen und Beratung rund um Prostitution"},"image":{"@id":"https:\/\/pia-hessen.de\/es#\/schema\/logo\/image\/"}}]}},"_links":{"self":[{"href":"https:\/\/pia-hessen.de\/es\/wp-json\/wp\/v2\/pages\/6209","targetHints":{"allow":["GET"]}}],"collection":[{"href":"https:\/\/pia-hessen.de\/es\/wp-json\/wp\/v2\/pages"}],"about":[{"href":"https:\/\/pia-hessen.de\/es\/wp-json\/wp\/v2\/types\/page"}],"author":[{"embeddable":true,"href":"https:\/\/pia-hessen.de\/es\/wp-json\/wp\/v2\/users\/2"}],"replies":[{"embeddable":true,"href":"https:\/\/pia-hessen.de\/es\/wp-json\/wp\/v2\/comments?post=6209"}],"version-history":[{"count":2,"href":"https:\/\/pia-hessen.de\/es\/wp-json\/wp\/v2\/pages\/6209\/revisions"}],"predecessor-version":[{"id":6211,"href":"https:\/\/pia-hessen.de\/es\/wp-json\/wp\/v2\/pages\/6209\/revisions\/6211"}],"up":[{"embeddable":true,"href":"https:\/\/pia-hessen.de\/es\/wp-json\/wp\/v2\/pages\/6195"}],"wp:attachment":[{"href":"https:\/\/pia-hessen.de\/es\/wp-json\/wp\/v2\/media?parent=6209"}],"curies":[{"name":"wp","href":"https:\/\/api.w.org\/{rel}","templated":true}]}}