{"id":6215,"date":"2020-01-31T21:59:50","date_gmt":"2020-01-31T21:59:50","guid":{"rendered":"https:\/\/pia.fim-frauenrecht.de\/derechos-y-deberes\/prestaciones-sociales"},"modified":"2023-05-26T07:24:53","modified_gmt":"2023-05-26T07:24:53","slug":"prestaciones-sociales","status":"publish","type":"page","link":"https:\/\/pia-hessen.de\/es\/derechos-y-deberes\/prestaciones-sociales","title":{"rendered":"Prestaciones sociales"},"content":{"rendered":"<div id='full_slider_1'  class='avia-fullwidth-slider main_color avia-shadow   avia-builder-el-0  el_before_av_section  avia-builder-el-first   container_wrap sidebar_right'  ><div  class='avia-slideshow av-k5u8417p-51fa327718471590041f1628efe5da80 avia-slideshow-no scaling av_slideshow_full avia-fade-slider av-slideshow-ui av-control-hidden av-no-slider-navigation av-hide-nav-arrows av-slideshow-manual av-loop-once av-loop-manual-endless av-default-height-applied   avia-slideshow-1' data-slideshow-options=\"{&quot;animation&quot;:&quot;fade&quot;,&quot;autoplay&quot;:false,&quot;loop_autoplay&quot;:&quot;once&quot;,&quot;interval&quot;:5,&quot;loop_manual&quot;:&quot;manual-endless&quot;,&quot;autoplay_stopper&quot;:false,&quot;noNavigation&quot;:true,&quot;bg_slider&quot;:false,&quot;keep_padding&quot;:false,&quot;hoverpause&quot;:false,&quot;show_slide_delay&quot;:0}\"  itemprop=\"image\" itemscope=\"itemscope\" itemtype=\"https:\/\/schema.org\/ImageObject\" ><ul class='avia-slideshow-inner ' style='padding-bottom: 1.6129032258065%;'><li  class='avia-slideshow-slide av-k5u8417p-51fa327718471590041f1628efe5da80__0  av-single-slide slide-1 slide-odd'><div data-rel='slideshow-1' class='avia-slide-wrap '   ><img decoding=\"async\" fetchpriority=\"high\" class=\"wp-image-3783 avia-img-lazy-loading-not-3783\"  src=\"https:\/\/pia-hessen.de\/wp-content\/uploads\/2020\/01\/balken-1.png\" width=\"1550\" height=\"25\" title='balken' alt=''  itemprop=\"thumbnailUrl\"  style='min-height:20px; min-width:1240px; ' srcset=\"https:\/\/pia-hessen.de\/wp-content\/uploads\/2020\/01\/balken-1.png 1550w, https:\/\/pia-hessen.de\/wp-content\/uploads\/2020\/01\/balken-1-300x5.png 300w, https:\/\/pia-hessen.de\/wp-content\/uploads\/2020\/01\/balken-1-1030x17.png 1030w, https:\/\/pia-hessen.de\/wp-content\/uploads\/2020\/01\/balken-1-768x12.png 768w, https:\/\/pia-hessen.de\/wp-content\/uploads\/2020\/01\/balken-1-1536x25.png 1536w, https:\/\/pia-hessen.de\/wp-content\/uploads\/2020\/01\/balken-1-1500x24.png 1500w, https:\/\/pia-hessen.de\/wp-content\/uploads\/2020\/01\/balken-1-705x11.png 705w\" sizes=\"(max-width: 1550px) 100vw, 1550px\" \/><\/div><\/li><\/ul><\/div><\/div>\n<div id='av_section_1'  class='avia-section av-1m9jn-b6036d40cac0c5be9199506d72b001eb main_color avia-section-default avia-no-border-styling  avia-builder-el-1  el_after_av_slideshow_full  el_before_av_section  avia-bg-style-scroll container_wrap sidebar_right'  ><div class='container av-section-cont-open' ><div class='template-page content  av-content-small alpha units'><div class='post-entry post-entry-type-page post-entry-6215'><div class='entry-content-wrapper clearfix'>\n\n<style type=\"text\/css\" data-created_by=\"avia_inline_auto\" id=\"style-css-av-wb1z-88d98e97dafaa024a68403d7f9642726\">\n.flex_column.av-wb1z-88d98e97dafaa024a68403d7f9642726{\nborder-radius:0px 0px 0px 0px;\npadding:0 0px 20px 0px;\n}\n<\/style>\n<div  class='flex_column av-wb1z-88d98e97dafaa024a68403d7f9642726 av_one_full  avia-builder-el-2  avia-builder-el-no-sibling  first flex_column_div av-animated-generic pop-up  '     ><p>\n<style type=\"text\/css\" data-created_by=\"avia_inline_auto\" id=\"style-css-av-9ilqf-60f2d548e9eecaa420ea58cf431917d1\">\n#top .hr.av-9ilqf-60f2d548e9eecaa420ea58cf431917d1{\nmargin-top:5px;\nmargin-bottom:35px;\n}\n.hr.av-9ilqf-60f2d548e9eecaa420ea58cf431917d1 .hr-inner{\nwidth:50px;\nborder-color:#9e2745;\n}\n<\/style>\n<div  class='hr av-9ilqf-60f2d548e9eecaa420ea58cf431917d1 hr-custom  avia-builder-el-3  el_before_av_textblock  avia-builder-el-first  hr-center hr-icon-no'><span class='hr-inner inner-border-av-border-fat'><span class=\"hr-inner-style\"><\/span><\/span><\/div><br \/>\n\n<style type=\"text\/css\" data-created_by=\"avia_inline_auto\" id=\"style-css-av-k5qtc3yy-42041e98294b25607d698f0237725a49\">\n\n@media only screen and (max-width: 479px){ \n#top .av_textblock_section.av-k5qtc3yy-42041e98294b25607d698f0237725a49 .avia_textblock{\nfont-size:20px;\n}\n}\n<\/style>\n<section  class='av_textblock_section av-k5qtc3yy-42041e98294b25607d698f0237725a49 '   itemscope=\"itemscope\" itemtype=\"https:\/\/schema.org\/CreativeWork\" ><div class='avia_textblock'  itemprop=\"text\" ><h1 style=\"text-align: center;\">B\u00fcrgergeld (antiguo ALG II)<\/h1>\n<p style=\"text-align: center;\">En Alemania, las personas sin ingresos ni ahorros pueden recibir ayudas del Estado. Esta ayuda se denomina B\u00fcrgergeld. La ayuda cubre el nivel de subsistencia, por ejemplo el alquiler, la calefacci\u00f3n, la comida y el seguro m\u00e9dico. De ello se encarga la oficina de empleo (Jobcenter) de su lugar de residencia o donde te alojas habitualmente.<\/p>\n<\/div><\/section><\/p><\/div><\/div><\/div><\/div><!-- close content main div --><\/div><\/div><div id='expertise'  class='avia-section av-jgme3-f10504fe925bd33429fb219761f9f306 main_color avia-section-default avia-no-shadow  avia-builder-el-5  el_after_av_section  el_before_av_section  avia-bg-style-parallax container_wrap sidebar_right'  ><div class='container av-section-cont-open' ><div class='template-page content  av-content-small alpha units'><div class='post-entry post-entry-type-page post-entry-6215'><div class='entry-content-wrapper clearfix'>\n\n<style type=\"text\/css\" data-created_by=\"avia_inline_auto\" id=\"style-css-av-kiydjjoq-078257200b8230e47dae0d9cb86b16dc\">\n#top .av-special-heading.av-kiydjjoq-078257200b8230e47dae0d9cb86b16dc{\nmargin:0 0 0px 0;\npadding-bottom:0;\n}\nbody .av-special-heading.av-kiydjjoq-078257200b8230e47dae0d9cb86b16dc .av-special-heading-tag .heading-char{\nfont-size:25px;\n}\n.av-special-heading.av-kiydjjoq-078257200b8230e47dae0d9cb86b16dc .av-subheading{\nfont-size:15px;\n}\n<\/style>\n<div  id=\"frauenrechte\"  class='av-special-heading av-kiydjjoq-078257200b8230e47dae0d9cb86b16dc av-special-heading-h2 blockquote modern-quote  avia-builder-el-6  el_before_av_hr  avia-builder-el-first '><h2 class='av-special-heading-tag '  itemprop=\"headline\"  >Requisitos y obligaciones<\/h2><div class=\"special-heading-border\"><div class=\"special-heading-inner-border\"><\/div><\/div><\/div>\n\n<style type=\"text\/css\" data-created_by=\"avia_inline_auto\" id=\"style-css-av-9ilqf-2-ddb192fd3a47a35e89d2ae62b05e1869\">\n#top .hr.av-9ilqf-2-ddb192fd3a47a35e89d2ae62b05e1869{\nmargin-top:5px;\nmargin-bottom:35px;\n}\n.hr.av-9ilqf-2-ddb192fd3a47a35e89d2ae62b05e1869 .hr-inner{\nwidth:50px;\nborder-color:#9e2745;\n}\n<\/style>\n<div  class='hr av-9ilqf-2-ddb192fd3a47a35e89d2ae62b05e1869 hr-custom  avia-builder-el-7  el_after_av_heading  el_before_av_one_half  hr-left hr-icon-no'><span class='hr-inner inner-border-av-border-fat'><span class=\"hr-inner-style\"><\/span><\/span><\/div>\n\n<style type=\"text\/css\" data-created_by=\"avia_inline_auto\" id=\"style-css-av-1r8ej-340562e16292231fe2d6de854a2da19b\">\n.flex_column.av-1r8ej-340562e16292231fe2d6de854a2da19b{\nborder-radius:0px 0px 0px 0px;\npadding:0px 0px 0px 0px;\n}\n<\/style>\n<div  class='flex_column av-1r8ej-340562e16292231fe2d6de854a2da19b av_one_half  avia-builder-el-8  el_after_av_hr  el_before_av_one_half  first flex_column_div av-zero-column-padding  '     ><section  class='av_textblock_section av-k5qtc3yy-1-d362681e63110053407ac1624ef545c1 '   itemscope=\"itemscope\" itemtype=\"https:\/\/schema.org\/CreativeWork\" ><div class='avia_textblock'  itemprop=\"text\" ><h3>Ingresos<\/h3>\n<p>No es necesario estar desempleado para percibir el B\u00fcrgergeld. Aunque tus ingresos sean muy bajos y no te alcancen para cubrir tus gastos de manutenci\u00f3n, puedes recibir esta ayuda como complemento. Si, por ejemplo, ganas poco con tu trabajo en la prostituci\u00f3n, tambi\u00e9n puedes recibir B\u00fcrgergeld. Sin embargo, tienes que documentar todos los ingresos procedentes de la prostituci\u00f3n e informar de ello a la oficina de empleo (Jobcenter). Si vives con tu pareja o tu familia, los ingresos de los dem\u00e1s miembros de la unidad familiar tambi\u00e9n se tienen en cuenta a la hora de calcularlo.<\/p>\n<h3>Deber de cooperaci\u00f3n<\/h3>\n<p>Si recibes B\u00fcrgergeld, tienes que informar a la oficina de empleo (Jobcenter) de todos los cambios que se produzcan, por ejemplo, un nuevo apartamento, un nuevo trabajo, m\u00e1s o menos ingresos, nuevos compa\u00f1eros de apartamento, etc. Cuando recibas B\u00fcrgergeld, tendr\u00e1s que cumplir una serie de obligaciones. Por ejemplo, debe participarse en programmas o actividades y presentarse a ofertas de empleo.<\/p>\n<\/div><\/section><\/div>\n<style type=\"text\/css\" data-created_by=\"avia_inline_auto\" id=\"style-css-av-348rg-5a77e6d68b471fb6a110741c9cc698ef\">\n.flex_column.av-348rg-5a77e6d68b471fb6a110741c9cc698ef{\nborder-radius:0px 0px 0px 0px;\npadding:0px 0px 0px 0px;\n}\n<\/style>\n<div  class='flex_column av-348rg-5a77e6d68b471fb6a110741c9cc698ef av_one_half  avia-builder-el-10  el_after_av_one_half  avia-builder-el-last  flex_column_div av-zero-column-padding  '     ><section  class='av_textblock_section av-kolj3mw8-9b5e801be8962de2b3cb4fae10510df9 '   itemscope=\"itemscope\" itemtype=\"https:\/\/schema.org\/CreativeWork\" ><div class='avia_textblock'  itemprop=\"text\" ><h3>Disposiciones para ciudadanos extranjeros<\/h3>\n<p>No siempre es f\u00e1cil recibir esta ayuda estatal. Las normas m\u00e1s estrictas se aplican en particular a los inmigrantes sin pasaporte alem\u00e1n. Los ciudadanos de la Uni\u00f3n Europea deben demostrar que no est\u00e1n en Alemania con el \u00fanico prop\u00f3sito de buscar trabajo, es decir, deben poder demostrar que han trabajado por cuenta ajena o por cuenta propia (por ejemplo, en la prostituci\u00f3n) durante al menos un a\u00f1o o que han vivido en Alemania durante cinco a\u00f1os.<\/p>\n<\/div><\/section><\/div><\/div><\/div><\/div><!-- close content main div --><\/div><\/div><div id='expertise'  class='avia-section av-ophh0-55ed64df86e8f9229bf49732f012586c main_color avia-section-default avia-no-shadow  avia-builder-el-12  el_after_av_section  avia-builder-el-last  avia-bg-style-parallax container_wrap sidebar_right'  ><div class='container av-section-cont-open' ><div class='template-page content  av-content-small alpha units'><div class='post-entry post-entry-type-page post-entry-6215'><div class='entry-content-wrapper clearfix'>\n\n<style type=\"text\/css\" data-created_by=\"avia_inline_auto\" id=\"style-css-av-kolj0i7t-999d542a4153958f50999572b0a3fde8\">\n#top .av-special-heading.av-kolj0i7t-999d542a4153958f50999572b0a3fde8{\nmargin:0 0 0px 0;\npadding-bottom:0;\n}\nbody .av-special-heading.av-kolj0i7t-999d542a4153958f50999572b0a3fde8 .av-special-heading-tag .heading-char{\nfont-size:25px;\n}\n.av-special-heading.av-kolj0i7t-999d542a4153958f50999572b0a3fde8 .av-subheading{\nfont-size:15px;\n}\n<\/style>\n<div  id=\"frauenrechte\"  class='av-special-heading av-kolj0i7t-999d542a4153958f50999572b0a3fde8 av-special-heading-h2 blockquote modern-quote  avia-builder-el-13  el_before_av_hr  avia-builder-el-first '><h2 class='av-special-heading-tag '  itemprop=\"headline\"  >Ayuda con la solicitud<\/h2><div class=\"special-heading-border\"><div class=\"special-heading-inner-border\"><\/div><\/div><\/div>\n\n<style type=\"text\/css\" data-created_by=\"avia_inline_auto\" id=\"style-css-av-1xc0c-2332872c050b475210900510098188ef\">\n#top .hr.av-1xc0c-2332872c050b475210900510098188ef{\nmargin-top:5px;\nmargin-bottom:35px;\n}\n.hr.av-1xc0c-2332872c050b475210900510098188ef .hr-inner{\nwidth:50px;\nborder-color:#9e2745;\n}\n<\/style>\n<div  class='hr av-1xc0c-2332872c050b475210900510098188ef hr-custom  avia-builder-el-14  el_after_av_heading  el_before_av_one_half  hr-left hr-icon-no'><span class='hr-inner inner-border-av-border-fat'><span class=\"hr-inner-style\"><\/span><\/span><\/div>\n\n<style type=\"text\/css\" data-created_by=\"avia_inline_auto\" id=\"style-css-av-d91h8-f349436bdf8fa3596b025ea019d95708\">\n.flex_column.av-d91h8-f349436bdf8fa3596b025ea019d95708{\nborder-radius:0px 0px 0px 0px;\npadding:0px 0px 0px 0px;\n}\n<\/style>\n<div  class='flex_column av-d91h8-f349436bdf8fa3596b025ea019d95708 av_one_half  avia-builder-el-15  el_after_av_hr  el_before_av_one_half  first flex_column_div av-zero-column-padding  '     ><section  class='av_textblock_section av-kolizx3w-4766eaca11f8f0a5835310fa15a159af '   itemscope=\"itemscope\" itemtype=\"https:\/\/schema.org\/CreativeWork\" ><div class='avia_textblock'  itemprop=\"text\" ><p>Si ejerces o has ejercido la prostituci\u00f3n y ya recibes B\u00fcrgergeld o quieres solicitarlo, puedes ponerte en contacto con uno de <a href=\"https:\/\/pia-hessen.de\/es\/centros-de-asesoramiento\">los centros de asesoramiento para las personas que ejercen la prostituci\u00f3n en Hessen<\/a>. Los asesores te ayudar\u00e1n con la solicitud u otras cuestiones relacionadas con ello.<\/p>\n<\/div><\/section><\/div>\n<style type=\"text\/css\" data-created_by=\"avia_inline_auto\" id=\"style-css-av-8t9xo-0f2412ff4e950f5b332705ee1a5b324f\">\n.flex_column.av-8t9xo-0f2412ff4e950f5b332705ee1a5b324f{\nborder-radius:0px 0px 0px 0px;\npadding:0px 0px 0px 0px;\n}\n<\/style>\n<div  class='flex_column av-8t9xo-0f2412ff4e950f5b332705ee1a5b324f av_one_half  avia-builder-el-17  el_after_av_one_half  el_before_av_hr  flex_column_div av-zero-column-padding  '     ><style type=\"text\/css\" data-created_by=\"avia_inline_auto\" id=\"style-css-av-kolj1mz6-2b91041a67527238792b6ad3d0be72ad\">\n#top .av_textblock_section.av-kolj1mz6-2b91041a67527238792b6ad3d0be72ad .avia_textblock{\ncolor:#000000;\n}\n<\/style>\n<section  class='av_textblock_section av-kolj1mz6-2b91041a67527238792b6ad3d0be72ad '   itemscope=\"itemscope\" itemtype=\"https:\/\/schema.org\/CreativeWork\" ><div class='avia_textblock av_inherit_color'  itemprop=\"text\" ><blockquote>\n<p><strong>Si no hay ning\u00fan centro de asesoramiento para prostitutas en tu ciudad, puedes dirigirte a la FIM e.V: <\/strong><\/p>\n<p>Alem\u00e1n, b\u00falgaro: +49 (0)177 864 96 26<br \/>\nIngl\u00e9s, rumano, espa\u00f1ol: +49 (0)157 73 55 16 85<\/p>\n<\/blockquote>\n<\/div><\/section><\/div>\n<style type=\"text\/css\" data-created_by=\"avia_inline_auto\" id=\"style-css-av-lcv2nhyb-13d9e98832c9dea0a584d3ed05203523\">\n#top .hr.hr-invisible.av-lcv2nhyb-13d9e98832c9dea0a584d3ed05203523{\nheight:50px;\n}\n<\/style>\n<div  class='hr av-lcv2nhyb-13d9e98832c9dea0a584d3ed05203523 hr-invisible  avia-builder-el-19  el_after_av_one_half  avia-builder-el-last '><span class='hr-inner '><span class=\"hr-inner-style\"><\/span><\/span><\/div>\n<\/div><\/div><\/div><!-- close content main div --><\/div><\/div><div id='after_section_3'  class='main_color av_default_container_wrap container_wrap sidebar_right'  ><div class='container av-section-cont-open' ><div class='template-page content  av-content-small alpha units'><div class='post-entry post-entry-type-page post-entry-6215'><div class='entry-content-wrapper clearfix'>\n","protected":false},"excerpt":{"rendered":"","protected":false},"author":2,"featured_media":0,"parent":6195,"menu_order":2,"comment_status":"closed","ping_status":"closed","template":"","meta":{"footnotes":""},"class_list":["post-6215","page","type-page","status-publish","hentry"],"yoast_head":"<!-- This site is optimized with the Yoast SEO plugin v27.3 - https:\/\/yoast.com\/product\/yoast-seo-wordpress\/ -->\n<title>Prestaciones sociales - PIA Hessen - Informationen und Beratung rund um Prostitution<\/title>\n<meta name=\"description\" content=\"Wir wollen die Lebenssituation von Migrantinnen und ihren Familien verbessern und das Thema Frauenrechte in Politik und Gesellschaft st\u00e4rken\" \/>\n<meta name=\"robots\" content=\"index, follow, max-snippet:-1, max-image-preview:large, max-video-preview:-1\" \/>\n<link rel=\"canonical\" href=\"https:\/\/pia-hessen.de\/es\/derechos-y-deberes\/prestaciones-sociales\" \/>\n<meta name=\"twitter:label1\" content=\"Tiempo de lectura\" \/>\n\t<meta name=\"twitter:data1\" content=\"6 minutos\" \/>\n<script type=\"application\/ld+json\" class=\"yoast-schema-graph\">{\"@context\":\"https:\\\/\\\/schema.org\",\"@graph\":[{\"@type\":\"WebPage\",\"@id\":\"https:\\\/\\\/pia-hessen.de\\\/es\\\/derechos-y-deberes\\\/prestaciones-sociales\",\"url\":\"https:\\\/\\\/pia-hessen.de\\\/es\\\/derechos-y-deberes\\\/prestaciones-sociales\",\"name\":\"Prestaciones sociales - PIA Hessen - Informationen und Beratung rund um Prostitution\",\"isPartOf\":{\"@id\":\"https:\\\/\\\/pia-hessen.de\\\/es#website\"},\"datePublished\":\"2020-01-31T21:59:50+00:00\",\"dateModified\":\"2023-05-26T07:24:53+00:00\",\"description\":\"Wir wollen die Lebenssituation von Migrantinnen und ihren Familien verbessern und das Thema Frauenrechte in Politik und Gesellschaft st\u00e4rken\",\"breadcrumb\":{\"@id\":\"https:\\\/\\\/pia-hessen.de\\\/es\\\/derechos-y-deberes\\\/prestaciones-sociales#breadcrumb\"},\"inLanguage\":\"es\",\"potentialAction\":[{\"@type\":\"ReadAction\",\"target\":[\"https:\\\/\\\/pia-hessen.de\\\/es\\\/derechos-y-deberes\\\/prestaciones-sociales\"]}]},{\"@type\":\"BreadcrumbList\",\"@id\":\"https:\\\/\\\/pia-hessen.de\\\/es\\\/derechos-y-deberes\\\/prestaciones-sociales#breadcrumb\",\"itemListElement\":[{\"@type\":\"ListItem\",\"position\":1,\"name\":\"Startseite\",\"item\":\"https:\\\/\\\/pia-hessen.de\\\/es\"},{\"@type\":\"ListItem\",\"position\":2,\"name\":\"Derechos y deberes\",\"item\":\"https:\\\/\\\/pia-hessen.de\\\/es\\\/derechos-y-deberes\"},{\"@type\":\"ListItem\",\"position\":3,\"name\":\"Prestaciones sociales\"}]},{\"@type\":\"WebSite\",\"@id\":\"https:\\\/\\\/pia-hessen.de\\\/es#website\",\"url\":\"https:\\\/\\\/pia-hessen.de\\\/es\",\"name\":\"PIA Hessen - Informationen und Beratung rund um Prostitution\",\"description\":\"\",\"publisher\":{\"@id\":\"https:\\\/\\\/pia-hessen.de\\\/es#organization\"},\"potentialAction\":[{\"@type\":\"SearchAction\",\"target\":{\"@type\":\"EntryPoint\",\"urlTemplate\":\"https:\\\/\\\/pia-hessen.de\\\/es?s={search_term_string}\"},\"query-input\":{\"@type\":\"PropertyValueSpecification\",\"valueRequired\":true,\"valueName\":\"search_term_string\"}}],\"inLanguage\":\"es\"},{\"@type\":\"Organization\",\"@id\":\"https:\\\/\\\/pia-hessen.de\\\/es#organization\",\"name\":\"PIA Hessen - Informationen und Beratung rund um Prostitution\",\"url\":\"https:\\\/\\\/pia-hessen.de\\\/es\",\"logo\":{\"@type\":\"ImageObject\",\"inLanguage\":\"es\",\"@id\":\"https:\\\/\\\/pia-hessen.de\\\/es#\\\/schema\\\/logo\\\/image\\\/\",\"url\":\"https:\\\/\\\/pia-hessen.de\\\/wp-content\\\/uploads\\\/2022\\\/12\\\/pia-logo.png\",\"contentUrl\":\"https:\\\/\\\/pia-hessen.de\\\/wp-content\\\/uploads\\\/2022\\\/12\\\/pia-logo.png\",\"width\":300,\"height\":156,\"caption\":\"PIA Hessen - Informationen und Beratung rund um Prostitution\"},\"image\":{\"@id\":\"https:\\\/\\\/pia-hessen.de\\\/es#\\\/schema\\\/logo\\\/image\\\/\"}}]}<\/script>\n<!-- \/ Yoast SEO plugin. -->","yoast_head_json":{"title":"Prestaciones sociales - PIA Hessen - Informationen und Beratung rund um Prostitution","description":"Wir wollen die Lebenssituation von Migrantinnen und ihren Familien verbessern und das Thema Frauenrechte in Politik und Gesellschaft st\u00e4rken","robots":{"index":"index","follow":"follow","max-snippet":"max-snippet:-1","max-image-preview":"max-image-preview:large","max-video-preview":"max-video-preview:-1"},"canonical":"https:\/\/pia-hessen.de\/es\/derechos-y-deberes\/prestaciones-sociales","twitter_misc":{"Tiempo de lectura":"6 minutos"},"schema":{"@context":"https:\/\/schema.org","@graph":[{"@type":"WebPage","@id":"https:\/\/pia-hessen.de\/es\/derechos-y-deberes\/prestaciones-sociales","url":"https:\/\/pia-hessen.de\/es\/derechos-y-deberes\/prestaciones-sociales","name":"Prestaciones sociales - PIA Hessen - Informationen und Beratung rund um Prostitution","isPartOf":{"@id":"https:\/\/pia-hessen.de\/es#website"},"datePublished":"2020-01-31T21:59:50+00:00","dateModified":"2023-05-26T07:24:53+00:00","description":"Wir wollen die Lebenssituation von Migrantinnen und ihren Familien verbessern und das Thema Frauenrechte in Politik und Gesellschaft st\u00e4rken","breadcrumb":{"@id":"https:\/\/pia-hessen.de\/es\/derechos-y-deberes\/prestaciones-sociales#breadcrumb"},"inLanguage":"es","potentialAction":[{"@type":"ReadAction","target":["https:\/\/pia-hessen.de\/es\/derechos-y-deberes\/prestaciones-sociales"]}]},{"@type":"BreadcrumbList","@id":"https:\/\/pia-hessen.de\/es\/derechos-y-deberes\/prestaciones-sociales#breadcrumb","itemListElement":[{"@type":"ListItem","position":1,"name":"Startseite","item":"https:\/\/pia-hessen.de\/es"},{"@type":"ListItem","position":2,"name":"Derechos y deberes","item":"https:\/\/pia-hessen.de\/es\/derechos-y-deberes"},{"@type":"ListItem","position":3,"name":"Prestaciones sociales"}]},{"@type":"WebSite","@id":"https:\/\/pia-hessen.de\/es#website","url":"https:\/\/pia-hessen.de\/es","name":"PIA Hessen - Informationen und Beratung rund um Prostitution","description":"","publisher":{"@id":"https:\/\/pia-hessen.de\/es#organization"},"potentialAction":[{"@type":"SearchAction","target":{"@type":"EntryPoint","urlTemplate":"https:\/\/pia-hessen.de\/es?s={search_term_string}"},"query-input":{"@type":"PropertyValueSpecification","valueRequired":true,"valueName":"search_term_string"}}],"inLanguage":"es"},{"@type":"Organization","@id":"https:\/\/pia-hessen.de\/es#organization","name":"PIA Hessen - Informationen und Beratung rund um Prostitution","url":"https:\/\/pia-hessen.de\/es","logo":{"@type":"ImageObject","inLanguage":"es","@id":"https:\/\/pia-hessen.de\/es#\/schema\/logo\/image\/","url":"https:\/\/pia-hessen.de\/wp-content\/uploads\/2022\/12\/pia-logo.png","contentUrl":"https:\/\/pia-hessen.de\/wp-content\/uploads\/2022\/12\/pia-logo.png","width":300,"height":156,"caption":"PIA Hessen - Informationen und Beratung rund um Prostitution"},"image":{"@id":"https:\/\/pia-hessen.de\/es#\/schema\/logo\/image\/"}}]}},"_links":{"self":[{"href":"https:\/\/pia-hessen.de\/es\/wp-json\/wp\/v2\/pages\/6215","targetHints":{"allow":["GET"]}}],"collection":[{"href":"https:\/\/pia-hessen.de\/es\/wp-json\/wp\/v2\/pages"}],"about":[{"href":"https:\/\/pia-hessen.de\/es\/wp-json\/wp\/v2\/types\/page"}],"author":[{"embeddable":true,"href":"https:\/\/pia-hessen.de\/es\/wp-json\/wp\/v2\/users\/2"}],"replies":[{"embeddable":true,"href":"https:\/\/pia-hessen.de\/es\/wp-json\/wp\/v2\/comments?post=6215"}],"version-history":[{"count":11,"href":"https:\/\/pia-hessen.de\/es\/wp-json\/wp\/v2\/pages\/6215\/revisions"}],"predecessor-version":[{"id":6858,"href":"https:\/\/pia-hessen.de\/es\/wp-json\/wp\/v2\/pages\/6215\/revisions\/6858"}],"up":[{"embeddable":true,"href":"https:\/\/pia-hessen.de\/es\/wp-json\/wp\/v2\/pages\/6195"}],"wp:attachment":[{"href":"https:\/\/pia-hessen.de\/es\/wp-json\/wp\/v2\/media?parent=6215"}],"curies":[{"name":"wp","href":"https:\/\/api.w.org\/{rel}","templated":true}]}}