{"id":6243,"date":"2020-01-31T22:29:30","date_gmt":"2020-01-31T22:29:30","guid":{"rendered":"https:\/\/pia.fim-frauenrecht.de\/informacion-sanitaria\/adiccion-al-juego"},"modified":"2023-02-24T23:09:15","modified_gmt":"2023-02-24T23:09:15","slug":"adiccion-al-juego","status":"publish","type":"page","link":"https:\/\/pia-hessen.de\/es\/informacion-sanitaria\/adiccion-al-juego","title":{"rendered":"Adicci\u00f3n al juego"},"content":{"rendered":"<div id='full_slider_1'  class='avia-fullwidth-slider main_color avia-shadow   avia-builder-el-0  el_before_av_section  avia-builder-el-first   container_wrap sidebar_right'  ><div  class='avia-slideshow av-k5u8417p-51fa327718471590041f1628efe5da80 avia-slideshow-no scaling av_slideshow_full avia-fade-slider av-slideshow-ui av-control-hidden av-no-slider-navigation av-hide-nav-arrows av-slideshow-manual av-loop-once av-loop-manual-endless av-default-height-applied   avia-slideshow-1' data-slideshow-options=\"{&quot;animation&quot;:&quot;fade&quot;,&quot;autoplay&quot;:false,&quot;loop_autoplay&quot;:&quot;once&quot;,&quot;interval&quot;:5,&quot;loop_manual&quot;:&quot;manual-endless&quot;,&quot;autoplay_stopper&quot;:false,&quot;noNavigation&quot;:true,&quot;bg_slider&quot;:false,&quot;keep_padding&quot;:false,&quot;hoverpause&quot;:false,&quot;show_slide_delay&quot;:0}\"  itemprop=\"image\" itemscope=\"itemscope\" itemtype=\"https:\/\/schema.org\/ImageObject\" ><ul class='avia-slideshow-inner ' style='padding-bottom: 1.6129032258065%;'><li  class='avia-slideshow-slide av-k5u8417p-51fa327718471590041f1628efe5da80__0  av-single-slide slide-1 slide-odd'><div data-rel='slideshow-1' class='avia-slide-wrap '   ><img decoding=\"async\" fetchpriority=\"high\" class=\"wp-image-3783 avia-img-lazy-loading-not-3783\"  src=\"https:\/\/pia-hessen.de\/wp-content\/uploads\/2020\/01\/balken-1.png\" width=\"1550\" height=\"25\" title='balken' alt=''  itemprop=\"thumbnailUrl\"  style='min-height:20px; min-width:1240px; ' srcset=\"https:\/\/pia-hessen.de\/wp-content\/uploads\/2020\/01\/balken-1.png 1550w, https:\/\/pia-hessen.de\/wp-content\/uploads\/2020\/01\/balken-1-300x5.png 300w, https:\/\/pia-hessen.de\/wp-content\/uploads\/2020\/01\/balken-1-1030x17.png 1030w, https:\/\/pia-hessen.de\/wp-content\/uploads\/2020\/01\/balken-1-768x12.png 768w, https:\/\/pia-hessen.de\/wp-content\/uploads\/2020\/01\/balken-1-1536x25.png 1536w, https:\/\/pia-hessen.de\/wp-content\/uploads\/2020\/01\/balken-1-1500x24.png 1500w, https:\/\/pia-hessen.de\/wp-content\/uploads\/2020\/01\/balken-1-705x11.png 705w\" sizes=\"(max-width: 1550px) 100vw, 1550px\" \/><\/div><\/li><\/ul><\/div><\/div>\n<div id='av_section_1'  class='avia-section av-1m9jn-b6036d40cac0c5be9199506d72b001eb main_color avia-section-default avia-no-border-styling  avia-builder-el-1  el_after_av_slideshow_full  el_before_av_section  avia-bg-style-scroll container_wrap sidebar_right'  ><div class='container av-section-cont-open' ><div class='template-page content  av-content-small alpha units'><div class='post-entry post-entry-type-page post-entry-6243'><div class='entry-content-wrapper clearfix'>\n\n<style type=\"text\/css\" data-created_by=\"avia_inline_auto\" id=\"style-css-av-wb1z-88d98e97dafaa024a68403d7f9642726\">\n.flex_column.av-wb1z-88d98e97dafaa024a68403d7f9642726{\nborder-radius:0px 0px 0px 0px;\npadding:0 0px 20px 0px;\n}\n<\/style>\n<div  class='flex_column av-wb1z-88d98e97dafaa024a68403d7f9642726 av_one_full  avia-builder-el-2  el_before_av_image  avia-builder-el-first  first flex_column_div av-animated-generic pop-up  '     ><p>\n<style type=\"text\/css\" data-created_by=\"avia_inline_auto\" id=\"style-css-av-9ilqf-60f2d548e9eecaa420ea58cf431917d1\">\n#top .hr.av-9ilqf-60f2d548e9eecaa420ea58cf431917d1{\nmargin-top:5px;\nmargin-bottom:35px;\n}\n.hr.av-9ilqf-60f2d548e9eecaa420ea58cf431917d1 .hr-inner{\nwidth:50px;\nborder-color:#9e2745;\n}\n<\/style>\n<div  class='hr av-9ilqf-60f2d548e9eecaa420ea58cf431917d1 hr-custom  avia-builder-el-3  el_before_av_textblock  avia-builder-el-first  hr-center hr-icon-no'><span class='hr-inner inner-border-av-border-fat'><span class=\"hr-inner-style\"><\/span><\/span><\/div><br \/>\n\n<style type=\"text\/css\" data-created_by=\"avia_inline_auto\" id=\"style-css-av-k5qtc3yy-627ac211b29083dd4d163f8cd42f852e\">\n\n@media only screen and (max-width: 479px){ \n#top .av_textblock_section.av-k5qtc3yy-627ac211b29083dd4d163f8cd42f852e .avia_textblock{\nfont-size:20px;\n}\n}\n<\/style>\n<section  class='av_textblock_section av-k5qtc3yy-627ac211b29083dd4d163f8cd42f852e '   itemscope=\"itemscope\" itemtype=\"https:\/\/schema.org\/CreativeWork\" ><div class='avia_textblock'  itemprop=\"text\" ><h1 style=\"text-align: center;\">Adicci\u00f3n al juego<\/h1>\n<p>Se supone que el juego es un entretenimiento, pero puede convertirse r\u00e1pidamente en una adicci\u00f3n. En ese caso, pierdes el control sobre la duraci\u00f3n del juego y sobre el dinero que apuestas. El juego domina entonces todos tus pensamientos. Busca ayuda si crees que eres adicto al juego.<\/p>\n<\/div><\/section><\/p><\/div>\n<\/div><\/div><\/div><!-- close content main div --><\/div><\/div><div id='niedrigschwelliger'  class='avia-section av-jgme3-8dea5b4fd48505c2eecac2850a149a4f main_color avia-section-default avia-no-shadow  avia-builder-el-6  el_after_av_section  avia-builder-el-last  avia-bg-style-parallax container_wrap sidebar_right'  ><div class='container av-section-cont-open' ><div class='template-page content  av-content-small alpha units'><div class='post-entry post-entry-type-page post-entry-6243'><div class='entry-content-wrapper clearfix'>\n\n<style type=\"text\/css\" data-created_by=\"avia_inline_auto\" id=\"style-css-av-com6u-96e3d3671a176797cc9b4e05834e470f\">\n#top .av-special-heading.av-com6u-96e3d3671a176797cc9b4e05834e470f{\nmargin:0 0 0px 0;\npadding-bottom:0;\n}\nbody .av-special-heading.av-com6u-96e3d3671a176797cc9b4e05834e470f .av-special-heading-tag .heading-char{\nfont-size:25px;\n}\n.av-special-heading.av-com6u-96e3d3671a176797cc9b4e05834e470f .av-subheading{\nfont-size:15px;\n}\n<\/style>\n<div  id=\"Niedrigschwelliger\"  class='av-special-heading av-com6u-96e3d3671a176797cc9b4e05834e470f av-special-heading-h2 blockquote modern-quote  avia-builder-el-7  el_before_av_hr  avia-builder-el-first '><h2 class='av-special-heading-tag '  itemprop=\"headline\"  >Reglas para un juego responsable<\/h2><div class=\"special-heading-border\"><div class=\"special-heading-inner-border\"><\/div><\/div><\/div>\n\n<style type=\"text\/css\" data-created_by=\"avia_inline_auto\" id=\"style-css-av-9ilqf-2-ddb192fd3a47a35e89d2ae62b05e1869\">\n#top .hr.av-9ilqf-2-ddb192fd3a47a35e89d2ae62b05e1869{\nmargin-top:5px;\nmargin-bottom:35px;\n}\n.hr.av-9ilqf-2-ddb192fd3a47a35e89d2ae62b05e1869 .hr-inner{\nwidth:50px;\nborder-color:#9e2745;\n}\n<\/style>\n<div  class='hr av-9ilqf-2-ddb192fd3a47a35e89d2ae62b05e1869 hr-custom  avia-builder-el-8  el_after_av_heading  el_before_av_one_full  hr-left hr-icon-no'><span class='hr-inner inner-border-av-border-fat'><span class=\"hr-inner-style\"><\/span><\/span><\/div>\n\n<style type=\"text\/css\" data-created_by=\"avia_inline_auto\" id=\"style-css-av-1r8ej-340562e16292231fe2d6de854a2da19b\">\n.flex_column.av-1r8ej-340562e16292231fe2d6de854a2da19b{\nborder-radius:0px 0px 0px 0px;\npadding:0px 0px 0px 0px;\n}\n<\/style>\n<div  class='flex_column av-1r8ej-340562e16292231fe2d6de854a2da19b av_one_full  avia-builder-el-9  el_after_av_hr  el_before_av_one_half  first flex_column_div av-zero-column-padding  '     ><section  class='av_textblock_section av-k5qtc3yy-1-e8baed29dfe6e34e51adc247fb8982b5 '   itemscope=\"itemscope\" itemtype=\"https:\/\/schema.org\/CreativeWork\" ><div class='avia_textblock'  itemprop=\"text\" ><p>Independientemente del riesgo que corra, para que jugar siga siendo un pasatiempo divertido y no se convierta en una perdici\u00f3n:<\/p>\n<\/div><\/section><\/div>\n<style type=\"text\/css\" data-created_by=\"avia_inline_auto\" id=\"style-css-av-f211a-4621be76d39445da06523dc370c27b41\">\n.flex_column.av-f211a-4621be76d39445da06523dc370c27b41{\nborder-radius:0px 0px 0px 0px;\npadding:0px 0px 0px 0px;\n}\n<\/style>\n<div  class='flex_column av-f211a-4621be76d39445da06523dc370c27b41 av_one_half  avia-builder-el-11  el_after_av_one_full  el_before_av_one_half  first flex_column_div av-zero-column-padding  column-top-margin'     ><section  class='av_textblock_section av-kosq4l2s-53b4ab076e49a4ced68b46647b397b99 '   itemscope=\"itemscope\" itemtype=\"https:\/\/schema.org\/CreativeWork\" ><div class='avia_textblock'  itemprop=\"text\" ><ul>\n<li>Juega s\u00f3lo por entretenimiento.<\/li>\n<li>No juegues con la intenci\u00f3n de ganar.<\/li>\n<li>No utilices el juego para conseguir dinero.<\/li>\n<li>Apuesta s\u00f3lo con el dinero que te pertenece.<\/li>\n<li>Si ganas, coge el dinero y deja de apostar.<\/li>\n<li>No intentes compensar las p\u00e9rdidas apostando de nuevo.<\/li>\n<li>Antes de apostar, establece un l\u00edmite sobre la cantidad de dinero que est\u00e1s dispuesto a perder. Si es necesario, toma s\u00f3lo esa cantidad. <\/li>\n<li>Antes de jugar, establece un l\u00edmite para el tiempo que vas a pasar jugando.<\/li>\n<li>No aumentes el aporte m\u00e1ximo que hayas fijado de antemano.<\/li>\n<li>Mant\u00e9n las promesas a los dem\u00e1s. No los rompas, s\u00f3lo porque quieras seguir jugando. <\/li>\n<\/ul>\n<\/div><\/section><\/div>\n<style type=\"text\/css\" data-created_by=\"avia_inline_auto\" id=\"style-css-av-9xgqu-f5bcba10c3b4ad188263a6dc608be1d8\">\n.flex_column.av-9xgqu-f5bcba10c3b4ad188263a6dc608be1d8{\nborder-radius:0px 0px 0px 0px;\npadding:0px 0px 0px 0px;\n}\n<\/style>\n<div  class='flex_column av-9xgqu-f5bcba10c3b4ad188263a6dc608be1d8 av_one_half  avia-builder-el-13  el_after_av_one_half  avia-builder-el-last  flex_column_div av-zero-column-padding  column-top-margin'     ><section  class='av_textblock_section av-kosq3eos-82c1dd0ff0672d005951d201e5967e1c '   itemscope=\"itemscope\" itemtype=\"https:\/\/schema.org\/CreativeWork\" ><div class='avia_textblock'  itemprop=\"text\" ><ul>\n<li>Asume que vas a perder, si tienes pocas posibilidades de ganar. Acepta las p\u00e9rdidas como parte del juego.  <\/li>\n<li>Familiar\u00edzate con los signos de advertencia de la practica compulsiva de los juegos de azar.<\/li>\n<li>Planifica descansos del juego: vuelve a la realidad del juego con regularidad. Existe un alto riesgo de adicci\u00f3n, especialmente durante las fases ganadoras, ya que el centro de recompensa del cerebro se activa y las altas ganancias suelen hacer perder de vista lo correcto. El resultado puede ser una apuesta excesiva y un comportamiento de riesgo en el juego.  <\/li>\n<li>Nunca juegues bajo la influencia del alcohol, las drogas o los medicamentos.<\/li>\n<li>No juegues con un estado de \u00e1nimo deprimido.<\/li>\n<li>Juega s\u00f3lo cuando est\u00e9s descansado o concentrado.<\/li>\n<li>Si no puedes dejar de jugar, no dudes en pedir ayuda.<\/li>\n<\/ul>\n<\/div><\/section><\/div>\n<\/div><\/div><\/div><!-- close content main div --><\/div><\/div><div id='after_section_2'  class='main_color av_default_container_wrap container_wrap sidebar_right'  ><div class='container av-section-cont-open' ><div class='template-page content  av-content-small alpha units'><div class='post-entry post-entry-type-page post-entry-6243'><div class='entry-content-wrapper clearfix'>\n","protected":false},"excerpt":{"rendered":"","protected":false},"author":2,"featured_media":0,"parent":6228,"menu_order":4,"comment_status":"closed","ping_status":"closed","template":"","meta":{"footnotes":""},"class_list":["post-6243","page","type-page","status-publish","hentry"],"yoast_head":"<!-- This site is optimized with the Yoast SEO plugin v27.3 - https:\/\/yoast.com\/product\/yoast-seo-wordpress\/ -->\n<title>Adicci\u00f3n al juego - PIA Hessen - Informationen und Beratung rund um Prostitution<\/title>\n<meta name=\"description\" content=\"FIM bietet niedrigschwellige Deutschkurse mit Fokus auf sozialer Teilhabe f\u00fcr Frauen und Transpersonen mit geringer Bildungserfahrung.\" \/>\n<meta name=\"robots\" content=\"index, follow, max-snippet:-1, max-image-preview:large, max-video-preview:-1\" \/>\n<link rel=\"canonical\" href=\"https:\/\/pia-hessen.de\/es\/informacion-sanitaria\/adiccion-al-juego\" \/>\n<meta name=\"twitter:label1\" content=\"Tiempo de lectura\" \/>\n\t<meta name=\"twitter:data1\" content=\"9 minutos\" \/>\n<script type=\"application\/ld+json\" class=\"yoast-schema-graph\">{\"@context\":\"https:\\\/\\\/schema.org\",\"@graph\":[{\"@type\":\"WebPage\",\"@id\":\"https:\\\/\\\/pia-hessen.de\\\/es\\\/informacion-sanitaria\\\/adiccion-al-juego\",\"url\":\"https:\\\/\\\/pia-hessen.de\\\/es\\\/informacion-sanitaria\\\/adiccion-al-juego\",\"name\":\"Adicci\u00f3n al juego - PIA Hessen - Informationen und Beratung rund um Prostitution\",\"isPartOf\":{\"@id\":\"https:\\\/\\\/pia-hessen.de\\\/es#website\"},\"datePublished\":\"2020-01-31T22:29:30+00:00\",\"dateModified\":\"2023-02-24T23:09:15+00:00\",\"description\":\"FIM bietet niedrigschwellige Deutschkurse mit Fokus auf sozialer Teilhabe f\u00fcr Frauen und Transpersonen mit geringer Bildungserfahrung.\",\"breadcrumb\":{\"@id\":\"https:\\\/\\\/pia-hessen.de\\\/es\\\/informacion-sanitaria\\\/adiccion-al-juego#breadcrumb\"},\"inLanguage\":\"es\",\"potentialAction\":[{\"@type\":\"ReadAction\",\"target\":[\"https:\\\/\\\/pia-hessen.de\\\/es\\\/informacion-sanitaria\\\/adiccion-al-juego\"]}]},{\"@type\":\"BreadcrumbList\",\"@id\":\"https:\\\/\\\/pia-hessen.de\\\/es\\\/informacion-sanitaria\\\/adiccion-al-juego#breadcrumb\",\"itemListElement\":[{\"@type\":\"ListItem\",\"position\":1,\"name\":\"Startseite\",\"item\":\"https:\\\/\\\/pia-hessen.de\\\/es\"},{\"@type\":\"ListItem\",\"position\":2,\"name\":\"Informaci\u00f3n sanitaria\",\"item\":\"https:\\\/\\\/pia-hessen.de\\\/es\\\/informacion-sanitaria\"},{\"@type\":\"ListItem\",\"position\":3,\"name\":\"Adicci\u00f3n al juego\"}]},{\"@type\":\"WebSite\",\"@id\":\"https:\\\/\\\/pia-hessen.de\\\/es#website\",\"url\":\"https:\\\/\\\/pia-hessen.de\\\/es\",\"name\":\"PIA Hessen - Informationen und Beratung rund um Prostitution\",\"description\":\"\",\"publisher\":{\"@id\":\"https:\\\/\\\/pia-hessen.de\\\/es#organization\"},\"potentialAction\":[{\"@type\":\"SearchAction\",\"target\":{\"@type\":\"EntryPoint\",\"urlTemplate\":\"https:\\\/\\\/pia-hessen.de\\\/es?s={search_term_string}\"},\"query-input\":{\"@type\":\"PropertyValueSpecification\",\"valueRequired\":true,\"valueName\":\"search_term_string\"}}],\"inLanguage\":\"es\"},{\"@type\":\"Organization\",\"@id\":\"https:\\\/\\\/pia-hessen.de\\\/es#organization\",\"name\":\"PIA Hessen - Informationen und Beratung rund um Prostitution\",\"url\":\"https:\\\/\\\/pia-hessen.de\\\/es\",\"logo\":{\"@type\":\"ImageObject\",\"inLanguage\":\"es\",\"@id\":\"https:\\\/\\\/pia-hessen.de\\\/es#\\\/schema\\\/logo\\\/image\\\/\",\"url\":\"https:\\\/\\\/pia-hessen.de\\\/wp-content\\\/uploads\\\/2022\\\/12\\\/pia-logo.png\",\"contentUrl\":\"https:\\\/\\\/pia-hessen.de\\\/wp-content\\\/uploads\\\/2022\\\/12\\\/pia-logo.png\",\"width\":300,\"height\":156,\"caption\":\"PIA Hessen - Informationen und Beratung rund um Prostitution\"},\"image\":{\"@id\":\"https:\\\/\\\/pia-hessen.de\\\/es#\\\/schema\\\/logo\\\/image\\\/\"}}]}<\/script>\n<!-- \/ Yoast SEO plugin. -->","yoast_head_json":{"title":"Adicci\u00f3n al juego - PIA Hessen - Informationen und Beratung rund um Prostitution","description":"FIM bietet niedrigschwellige Deutschkurse mit Fokus auf sozialer Teilhabe f\u00fcr Frauen und Transpersonen mit geringer Bildungserfahrung.","robots":{"index":"index","follow":"follow","max-snippet":"max-snippet:-1","max-image-preview":"max-image-preview:large","max-video-preview":"max-video-preview:-1"},"canonical":"https:\/\/pia-hessen.de\/es\/informacion-sanitaria\/adiccion-al-juego","twitter_misc":{"Tiempo de lectura":"9 minutos"},"schema":{"@context":"https:\/\/schema.org","@graph":[{"@type":"WebPage","@id":"https:\/\/pia-hessen.de\/es\/informacion-sanitaria\/adiccion-al-juego","url":"https:\/\/pia-hessen.de\/es\/informacion-sanitaria\/adiccion-al-juego","name":"Adicci\u00f3n al juego - PIA Hessen - Informationen und Beratung rund um Prostitution","isPartOf":{"@id":"https:\/\/pia-hessen.de\/es#website"},"datePublished":"2020-01-31T22:29:30+00:00","dateModified":"2023-02-24T23:09:15+00:00","description":"FIM bietet niedrigschwellige Deutschkurse mit Fokus auf sozialer Teilhabe f\u00fcr Frauen und Transpersonen mit geringer Bildungserfahrung.","breadcrumb":{"@id":"https:\/\/pia-hessen.de\/es\/informacion-sanitaria\/adiccion-al-juego#breadcrumb"},"inLanguage":"es","potentialAction":[{"@type":"ReadAction","target":["https:\/\/pia-hessen.de\/es\/informacion-sanitaria\/adiccion-al-juego"]}]},{"@type":"BreadcrumbList","@id":"https:\/\/pia-hessen.de\/es\/informacion-sanitaria\/adiccion-al-juego#breadcrumb","itemListElement":[{"@type":"ListItem","position":1,"name":"Startseite","item":"https:\/\/pia-hessen.de\/es"},{"@type":"ListItem","position":2,"name":"Informaci\u00f3n sanitaria","item":"https:\/\/pia-hessen.de\/es\/informacion-sanitaria"},{"@type":"ListItem","position":3,"name":"Adicci\u00f3n al juego"}]},{"@type":"WebSite","@id":"https:\/\/pia-hessen.de\/es#website","url":"https:\/\/pia-hessen.de\/es","name":"PIA Hessen - Informationen und Beratung rund um Prostitution","description":"","publisher":{"@id":"https:\/\/pia-hessen.de\/es#organization"},"potentialAction":[{"@type":"SearchAction","target":{"@type":"EntryPoint","urlTemplate":"https:\/\/pia-hessen.de\/es?s={search_term_string}"},"query-input":{"@type":"PropertyValueSpecification","valueRequired":true,"valueName":"search_term_string"}}],"inLanguage":"es"},{"@type":"Organization","@id":"https:\/\/pia-hessen.de\/es#organization","name":"PIA Hessen - Informationen und Beratung rund um Prostitution","url":"https:\/\/pia-hessen.de\/es","logo":{"@type":"ImageObject","inLanguage":"es","@id":"https:\/\/pia-hessen.de\/es#\/schema\/logo\/image\/","url":"https:\/\/pia-hessen.de\/wp-content\/uploads\/2022\/12\/pia-logo.png","contentUrl":"https:\/\/pia-hessen.de\/wp-content\/uploads\/2022\/12\/pia-logo.png","width":300,"height":156,"caption":"PIA Hessen - Informationen und Beratung rund um Prostitution"},"image":{"@id":"https:\/\/pia-hessen.de\/es#\/schema\/logo\/image\/"}}]}},"_links":{"self":[{"href":"https:\/\/pia-hessen.de\/es\/wp-json\/wp\/v2\/pages\/6243","targetHints":{"allow":["GET"]}}],"collection":[{"href":"https:\/\/pia-hessen.de\/es\/wp-json\/wp\/v2\/pages"}],"about":[{"href":"https:\/\/pia-hessen.de\/es\/wp-json\/wp\/v2\/types\/page"}],"author":[{"embeddable":true,"href":"https:\/\/pia-hessen.de\/es\/wp-json\/wp\/v2\/users\/2"}],"replies":[{"embeddable":true,"href":"https:\/\/pia-hessen.de\/es\/wp-json\/wp\/v2\/comments?post=6243"}],"version-history":[{"count":2,"href":"https:\/\/pia-hessen.de\/es\/wp-json\/wp\/v2\/pages\/6243\/revisions"}],"predecessor-version":[{"id":6245,"href":"https:\/\/pia-hessen.de\/es\/wp-json\/wp\/v2\/pages\/6243\/revisions\/6245"}],"up":[{"embeddable":true,"href":"https:\/\/pia-hessen.de\/es\/wp-json\/wp\/v2\/pages\/6228"}],"wp:attachment":[{"href":"https:\/\/pia-hessen.de\/es\/wp-json\/wp\/v2\/media?parent=6243"}],"curies":[{"name":"wp","href":"https:\/\/api.w.org\/{rel}","templated":true}]}}