{"id":6251,"date":"2015-10-15T14:50:55","date_gmt":"2015-10-15T14:50:55","guid":{"rendered":"https:\/\/pia.fim-frauenrecht.de\/home"},"modified":"2024-03-19T10:35:56","modified_gmt":"2024-03-19T10:35:56","slug":"home","status":"publish","type":"page","link":"https:\/\/pia-hessen.de\/es","title":{"rendered":"Home"},"content":{"rendered":"<div id='full_slider_1'  class='avia-fullwidth-slider main_color avia-shadow   avia-builder-el-0  el_before_av_section  avia-builder-el-first   container_wrap sidebar_right'  >\n<style type=\"text\/css\" data-created_by=\"avia_inline_auto\" id=\"style-css-av-18wjm7-6cf335c9ed59e4642b719df7d35b5b51\">\n#top #wrap_all .avia-slideshow .av-slideshow-caption.av-18wjm7-6cf335c9ed59e4642b719df7d35b5b51__0 .avia-caption-title{\nfont-size:70px;\ncolor:#ffffff;\n}\n#top .avia-slideshow .av-slideshow-caption.av-18wjm7-6cf335c9ed59e4642b719df7d35b5b51__0 .avia-caption-content{\nfont-size:16px;\ncolor:#ffffff;\n}\n#top .avia-slideshow .av-slideshow-caption.av-18wjm7-6cf335c9ed59e4642b719df7d35b5b51__0 .avia-caption-content p{\nfont-size:16px;\n}\n\n@media only screen and (max-width: 479px){ \n#top #wrap_all .avia-slideshow .av-slideshow-caption.av-18wjm7-6cf335c9ed59e4642b719df7d35b5b51__0 .avia-caption-title{\nfont-size:30px;\n}\n#top .avia-slideshow .av-slideshow-caption.av-18wjm7-6cf335c9ed59e4642b719df7d35b5b51__0 .avia-caption-content{\nfont-size:12px;\n}\n#top .avia-slideshow .av-slideshow-caption.av-18wjm7-6cf335c9ed59e4642b719df7d35b5b51__0 .avia-caption-content p{\nfont-size:12px;\n}\n}\n<\/style>\n<div  class='avia-slideshow av-18wjm7-6cf335c9ed59e4642b719df7d35b5b51 avia-slideshow-no scaling av_slideshow_full avia-fade-slider av-slideshow-ui av-control-minimal av-slideshow-autoplay av-loop-endless av-loop-manual-endless av-default-height-applied   avia-slideshow-1' data-slideshow-options=\"{&quot;animation&quot;:&quot;fade&quot;,&quot;autoplay&quot;:true,&quot;loop_autoplay&quot;:&quot;endless&quot;,&quot;interval&quot;:9,&quot;loop_manual&quot;:&quot;manual-endless&quot;,&quot;autoplay_stopper&quot;:false,&quot;noNavigation&quot;:false,&quot;bg_slider&quot;:false,&quot;keep_padding&quot;:false,&quot;hoverpause&quot;:false,&quot;show_slide_delay&quot;:0}\"  itemprop=\"image\" itemscope=\"itemscope\" itemtype=\"https:\/\/schema.org\/ImageObject\" ><ul class='avia-slideshow-inner ' style='padding-bottom: 31.578947368421%;'><li  class='avia-slideshow-slide av-18wjm7-6cf335c9ed59e4642b719df7d35b5b51__0  av-single-slide slide-1 slide-odd'><div data-rel='slideshow-1' class='avia-slide-wrap '   ><img decoding=\"async\" loading=\"lazy\" class=\"wp-image-3943 avia-img-lazy-loading-3943\"  src=\"https:\/\/pia-hessen.de\/wp-content\/uploads\/2020\/02\/fim-header-1-e1674580583402.jpg\" width=\"1140\" height=\"360\" title='fim-header' alt=''  itemprop=\"thumbnailUrl\"  style='min-height:200px; min-width:634px; ' \/><\/div><\/li><\/ul><\/div><\/div>\n\n<style type=\"text\/css\" data-created_by=\"avia_inline_auto\" id=\"style-css-av-1m9jn-2bd744fd3981a55b15dc30fa934496b0\">\n.avia-section.av-1m9jn-2bd744fd3981a55b15dc30fa934496b0{\nmargin-top:-50px;\nmargin-bottom:0px;\n}\n<\/style>\n<div id='av_section_1'  class='avia-section av-1m9jn-2bd744fd3981a55b15dc30fa934496b0 main_color avia-section-default avia-no-border-styling  avia-builder-el-1  el_after_av_slideshow_full  avia-builder-el-last  avia-bg-style-scroll container_wrap sidebar_right'  ><div class='container av-section-cont-open' ><div class='template-page content  av-content-small alpha units'><div class='post-entry post-entry-type-page post-entry-6251'><div class='entry-content-wrapper clearfix'>\n\n<style type=\"text\/css\" data-created_by=\"avia_inline_auto\" id=\"style-css-av-wb1z-e712ea951a541c7abd2b30da17bc8a5c\">\n.flex_column.av-wb1z-e712ea951a541c7abd2b30da17bc8a5c{\nborder-radius:0px 0px 0px 0px;\npadding:0 0px 0px 0px;\n}\n<\/style>\n<div  class='flex_column av-wb1z-e712ea951a541c7abd2b30da17bc8a5c av_one_full  avia-builder-el-2  avia-builder-el-no-sibling  first flex_column_div av-animated-generic pop-up  '     ><p>\n<style type=\"text\/css\" data-created_by=\"avia_inline_auto\" id=\"style-css-av-9ilqf-0406c8e7593bdf48baf77dacaa0ce3aa\">\n#top .hr.hr-invisible.av-9ilqf-0406c8e7593bdf48baf77dacaa0ce3aa{\nheight:50px;\n}\n<\/style>\n<div  class='hr av-9ilqf-0406c8e7593bdf48baf77dacaa0ce3aa hr-invisible  avia-builder-el-3  el_before_av_textblock  avia-builder-el-first '><span class='hr-inner '><span class=\"hr-inner-style\"><\/span><\/span><\/div><br \/>\n<section  class='av_textblock_section av-k5qtc3yy-ef6f2a3cacfa44f94223eb8ab2ebb749 '   itemscope=\"itemscope\" itemtype=\"https:\/\/schema.org\/CreativeWork\" ><div class='avia_textblock'  itemprop=\"text\" ><h1 style=\"text-align: center;\">PIA Hessen<\/h1>\n<h3 style=\"text-align: center;\">Prostituci\u00f3n \u2013 Informaci\u00f3n \u2013 Puntos de contacto<\/h3>\n<p style=\"text-align: center;\">En PIA Hessen encontrar\u00e1s mucha informaci\u00f3n importante sobre la prostituci\u00f3n. Te explicamos la <a href=\"https:\/\/pia-hessen.de\/es\/derechos-y-deberes\/ley-de-proteccion-de-la-prostitucion\">Ley de Protecci\u00f3n de la Prostituci\u00f3n<\/a> y encontrar\u00e1s informaci\u00f3n sobre temas como <a href=\"https:\/\/pia-hessen.de\/es\/informacion-sanitaria\">salud<\/a>, <a href=\"https:\/\/pia-hessen.de\/es\/consejos-y-ayuda\/embarazo\">embarazo<\/a>, <a href=\"https:\/\/pia-hessen.de\/es\/consejos-y-ayuda\/coaccion-y-violencia\">coacci\u00f3n y violencia<\/a>.<\/p>\n<p style=\"text-align: center;\">Tambi\u00e9n puedes encontrar una <a href=\"https:\/\/pia-hessen.de\/es\/centros-de-asesoramiento\">lista de centros de asesoramiento<\/a> en Darmstadt, Fr\u00e1ncfort, Kassel y Marburgo en PIA Hessen. En estos centros de asesoramiento puedes recibir asesoramiento sobre diversos temas relacionados con tu trabajo y tu vida en Alemania. El asesoramiento es gratuito y an\u00f3nimo.<\/p>\n<p style=\"text-align: center;\">Aunque no tengas seguro m\u00e9dico, puedes ser examinado gratuitamente por un m\u00e9dico. En PIA Hessen hemos elaborado una lista de <a href=\"https:\/\/pia-hessen.de\/es\/informacion-sanitaria\/salud-en-general\">servicios gratuitos para personas sin seguro m\u00e9dico<\/a> en Hessen. <a href=\"https:\/\/pia-hessen.de\/es\/informacion-sanitaria\/vih-y-otras-infecciones\">Aqu\u00ed<\/a> puedes encontrar lugares donde te puedes hacer la prueba del VIH y de enfermedades de transmisi\u00f3n sexual.<\/p>\n<p style=\"text-align: center;\">Toda la informaci\u00f3n sobre PIA Hessen tambi\u00e9n est\u00e1 disponible en <a href=\"\/bg\">b\u00falgaro<\/a>, <a href=\"\/ro\">rumano<\/a>, <a href=\"\/en\">ingl\u00e9s<\/a>, <a href=\"https:\/\/pia-hessen.de\/\" target=\"_blank\" rel=\"noopener\">alem\u00e1n<\/a> y <a href=\"\/hu\">h\u00fangaro<\/a>.<\/p>\n<h1 style=\"text-align: center;\">\u2640 \u2642 \ud83c\udff3\ufe0f\u200d\u26a7\ufe0f<\/h1>\n<\/div><\/section><br \/>\n\n<style type=\"text\/css\" data-created_by=\"avia_inline_auto\" id=\"style-css-av-lcwdd67n-25c164acc15fab9e0ae0807c7197e8d3\">\n#top .hr.hr-invisible.av-lcwdd67n-25c164acc15fab9e0ae0807c7197e8d3{\nheight:50px;\n}\n<\/style>\n<div  class='hr av-lcwdd67n-25c164acc15fab9e0ae0807c7197e8d3 hr-invisible  avia-builder-el-5  el_after_av_textblock  avia-builder-el-last '><span class='hr-inner '><span class=\"hr-inner-style\"><\/span><\/span><\/div><\/p><\/div><\/div><\/div><\/div><!-- close content main div --><\/div><\/div><div id='after_section_1'  class='main_color av_default_container_wrap container_wrap sidebar_right'  ><div class='container av-section-cont-open' ><div class='template-page content  av-content-small alpha units'><div class='post-entry post-entry-type-page post-entry-6251'><div class='entry-content-wrapper clearfix'>\n","protected":false},"excerpt":{"rendered":"","protected":false},"author":1,"featured_media":3933,"parent":0,"menu_order":0,"comment_status":"closed","ping_status":"closed","template":"","meta":{"footnotes":""},"class_list":["post-6251","page","type-page","status-publish","has-post-thumbnail","hentry"],"yoast_head":"<!-- This site is optimized with the Yoast SEO plugin v27.3 - https:\/\/yoast.com\/product\/yoast-seo-wordpress\/ -->\n<title>PIA Hessen - Informaci\u00f3n importante sobre la prostituci\u00f3n<\/title>\n<meta name=\"description\" content=\"En PIA Hessen encontrar\u00e1s mucha informaci\u00f3n importante sobre la prostituci\u00f3n. Te explicamos la Ley de Protecci\u00f3n de la Prostituci\u00f3n y encontrar\u00e1s informaci\u00f3n sobre temas como salud, embarazo, coacci\u00f3n y violencia.\" \/>\n<meta name=\"robots\" content=\"index, follow, max-snippet:-1, max-image-preview:large, max-video-preview:-1\" \/>\n<link rel=\"canonical\" href=\"https:\/\/pia-hessen.de\/es\" \/>\n<meta name=\"twitter:label1\" content=\"Tiempo de lectura\" \/>\n\t<meta name=\"twitter:data1\" content=\"2 minutos\" \/>\n<script type=\"application\/ld+json\" class=\"yoast-schema-graph\">{\"@context\":\"https:\\\/\\\/schema.org\",\"@graph\":[{\"@type\":\"WebPage\",\"@id\":\"https:\\\/\\\/pia-hessen.de\\\/es\",\"url\":\"https:\\\/\\\/pia-hessen.de\\\/es\",\"name\":\"PIA Hessen - Informaci\u00f3n importante sobre la prostituci\u00f3n\",\"isPartOf\":{\"@id\":\"https:\\\/\\\/pia-hessen.de\\\/es#website\"},\"primaryImageOfPage\":{\"@id\":\"https:\\\/\\\/pia-hessen.de\\\/es#primaryimage\"},\"image\":{\"@id\":\"https:\\\/\\\/pia-hessen.de\\\/es#primaryimage\"},\"thumbnailUrl\":\"https:\\\/\\\/pia-hessen.de\\\/wp-content\\\/uploads\\\/2020\\\/02\\\/fim-header.jpg\",\"datePublished\":\"2015-10-15T14:50:55+00:00\",\"dateModified\":\"2024-03-19T10:35:56+00:00\",\"description\":\"En PIA Hessen encontrar\u00e1s mucha informaci\u00f3n importante sobre la prostituci\u00f3n. Te explicamos la Ley de Protecci\u00f3n de la Prostituci\u00f3n y encontrar\u00e1s informaci\u00f3n sobre temas como salud, embarazo, coacci\u00f3n y violencia.\",\"breadcrumb\":{\"@id\":\"https:\\\/\\\/pia-hessen.de\\\/es#breadcrumb\"},\"inLanguage\":\"es\",\"potentialAction\":[{\"@type\":\"ReadAction\",\"target\":[\"https:\\\/\\\/pia-hessen.de\\\/es\"]}]},{\"@type\":\"ImageObject\",\"inLanguage\":\"es\",\"@id\":\"https:\\\/\\\/pia-hessen.de\\\/es#primaryimage\",\"url\":\"https:\\\/\\\/pia-hessen.de\\\/wp-content\\\/uploads\\\/2020\\\/02\\\/fim-header.jpg\",\"contentUrl\":\"https:\\\/\\\/pia-hessen.de\\\/wp-content\\\/uploads\\\/2020\\\/02\\\/fim-header.jpg\",\"width\":1140,\"height\":360},{\"@type\":\"BreadcrumbList\",\"@id\":\"https:\\\/\\\/pia-hessen.de\\\/es#breadcrumb\",\"itemListElement\":[{\"@type\":\"ListItem\",\"position\":1,\"name\":\"Startseite\",\"item\":\"https:\\\/\\\/pia-hessen.de\\\/es\"},{\"@type\":\"ListItem\",\"position\":2,\"name\":\"Home\"}]},{\"@type\":\"WebSite\",\"@id\":\"https:\\\/\\\/pia-hessen.de\\\/es#website\",\"url\":\"https:\\\/\\\/pia-hessen.de\\\/es\",\"name\":\"PIA Hessen - Informationen und Beratung rund um Prostitution\",\"description\":\"\",\"publisher\":{\"@id\":\"https:\\\/\\\/pia-hessen.de\\\/es#organization\"},\"potentialAction\":[{\"@type\":\"SearchAction\",\"target\":{\"@type\":\"EntryPoint\",\"urlTemplate\":\"https:\\\/\\\/pia-hessen.de\\\/es?s={search_term_string}\"},\"query-input\":{\"@type\":\"PropertyValueSpecification\",\"valueRequired\":true,\"valueName\":\"search_term_string\"}}],\"inLanguage\":\"es\"},{\"@type\":\"Organization\",\"@id\":\"https:\\\/\\\/pia-hessen.de\\\/es#organization\",\"name\":\"PIA Hessen - Informationen und Beratung rund um Prostitution\",\"url\":\"https:\\\/\\\/pia-hessen.de\\\/es\",\"logo\":{\"@type\":\"ImageObject\",\"inLanguage\":\"es\",\"@id\":\"https:\\\/\\\/pia-hessen.de\\\/es#\\\/schema\\\/logo\\\/image\\\/\",\"url\":\"https:\\\/\\\/pia-hessen.de\\\/wp-content\\\/uploads\\\/2022\\\/12\\\/pia-logo.png\",\"contentUrl\":\"https:\\\/\\\/pia-hessen.de\\\/wp-content\\\/uploads\\\/2022\\\/12\\\/pia-logo.png\",\"width\":300,\"height\":156,\"caption\":\"PIA Hessen - Informationen und Beratung rund um Prostitution\"},\"image\":{\"@id\":\"https:\\\/\\\/pia-hessen.de\\\/es#\\\/schema\\\/logo\\\/image\\\/\"}}]}<\/script>\n<!-- \/ Yoast SEO plugin. -->","yoast_head_json":{"title":"PIA Hessen - Informaci\u00f3n importante sobre la prostituci\u00f3n","description":"En PIA Hessen encontrar\u00e1s mucha informaci\u00f3n importante sobre la prostituci\u00f3n. Te explicamos la Ley de Protecci\u00f3n de la Prostituci\u00f3n y encontrar\u00e1s informaci\u00f3n sobre temas como salud, embarazo, coacci\u00f3n y violencia.","robots":{"index":"index","follow":"follow","max-snippet":"max-snippet:-1","max-image-preview":"max-image-preview:large","max-video-preview":"max-video-preview:-1"},"canonical":"https:\/\/pia-hessen.de\/es","twitter_misc":{"Tiempo de lectura":"2 minutos"},"schema":{"@context":"https:\/\/schema.org","@graph":[{"@type":"WebPage","@id":"https:\/\/pia-hessen.de\/es","url":"https:\/\/pia-hessen.de\/es","name":"PIA Hessen - Informaci\u00f3n importante sobre la prostituci\u00f3n","isPartOf":{"@id":"https:\/\/pia-hessen.de\/es#website"},"primaryImageOfPage":{"@id":"https:\/\/pia-hessen.de\/es#primaryimage"},"image":{"@id":"https:\/\/pia-hessen.de\/es#primaryimage"},"thumbnailUrl":"https:\/\/pia-hessen.de\/wp-content\/uploads\/2020\/02\/fim-header.jpg","datePublished":"2015-10-15T14:50:55+00:00","dateModified":"2024-03-19T10:35:56+00:00","description":"En PIA Hessen encontrar\u00e1s mucha informaci\u00f3n importante sobre la prostituci\u00f3n. Te explicamos la Ley de Protecci\u00f3n de la Prostituci\u00f3n y encontrar\u00e1s informaci\u00f3n sobre temas como salud, embarazo, coacci\u00f3n y violencia.","breadcrumb":{"@id":"https:\/\/pia-hessen.de\/es#breadcrumb"},"inLanguage":"es","potentialAction":[{"@type":"ReadAction","target":["https:\/\/pia-hessen.de\/es"]}]},{"@type":"ImageObject","inLanguage":"es","@id":"https:\/\/pia-hessen.de\/es#primaryimage","url":"https:\/\/pia-hessen.de\/wp-content\/uploads\/2020\/02\/fim-header.jpg","contentUrl":"https:\/\/pia-hessen.de\/wp-content\/uploads\/2020\/02\/fim-header.jpg","width":1140,"height":360},{"@type":"BreadcrumbList","@id":"https:\/\/pia-hessen.de\/es#breadcrumb","itemListElement":[{"@type":"ListItem","position":1,"name":"Startseite","item":"https:\/\/pia-hessen.de\/es"},{"@type":"ListItem","position":2,"name":"Home"}]},{"@type":"WebSite","@id":"https:\/\/pia-hessen.de\/es#website","url":"https:\/\/pia-hessen.de\/es","name":"PIA Hessen - Informationen und Beratung rund um Prostitution","description":"","publisher":{"@id":"https:\/\/pia-hessen.de\/es#organization"},"potentialAction":[{"@type":"SearchAction","target":{"@type":"EntryPoint","urlTemplate":"https:\/\/pia-hessen.de\/es?s={search_term_string}"},"query-input":{"@type":"PropertyValueSpecification","valueRequired":true,"valueName":"search_term_string"}}],"inLanguage":"es"},{"@type":"Organization","@id":"https:\/\/pia-hessen.de\/es#organization","name":"PIA Hessen - Informationen und Beratung rund um Prostitution","url":"https:\/\/pia-hessen.de\/es","logo":{"@type":"ImageObject","inLanguage":"es","@id":"https:\/\/pia-hessen.de\/es#\/schema\/logo\/image\/","url":"https:\/\/pia-hessen.de\/wp-content\/uploads\/2022\/12\/pia-logo.png","contentUrl":"https:\/\/pia-hessen.de\/wp-content\/uploads\/2022\/12\/pia-logo.png","width":300,"height":156,"caption":"PIA Hessen - Informationen und Beratung rund um Prostitution"},"image":{"@id":"https:\/\/pia-hessen.de\/es#\/schema\/logo\/image\/"}}]}},"_links":{"self":[{"href":"https:\/\/pia-hessen.de\/es\/wp-json\/wp\/v2\/pages\/6251","targetHints":{"allow":["GET"]}}],"collection":[{"href":"https:\/\/pia-hessen.de\/es\/wp-json\/wp\/v2\/pages"}],"about":[{"href":"https:\/\/pia-hessen.de\/es\/wp-json\/wp\/v2\/types\/page"}],"author":[{"embeddable":true,"href":"https:\/\/pia-hessen.de\/es\/wp-json\/wp\/v2\/users\/1"}],"replies":[{"embeddable":true,"href":"https:\/\/pia-hessen.de\/es\/wp-json\/wp\/v2\/comments?post=6251"}],"version-history":[{"count":9,"href":"https:\/\/pia-hessen.de\/es\/wp-json\/wp\/v2\/pages\/6251\/revisions"}],"predecessor-version":[{"id":7073,"href":"https:\/\/pia-hessen.de\/es\/wp-json\/wp\/v2\/pages\/6251\/revisions\/7073"}],"wp:featuredmedia":[{"embeddable":true,"href":"https:\/\/pia-hessen.de\/es\/wp-json\/wp\/v2\/media\/3933"}],"wp:attachment":[{"href":"https:\/\/pia-hessen.de\/es\/wp-json\/wp\/v2\/media?parent=6251"}],"curies":[{"name":"wp","href":"https:\/\/api.w.org\/{rel}","templated":true}]}}