{"id":6017,"date":"2020-01-31T21:45:54","date_gmt":"2020-01-31T21:45:54","guid":{"rendered":"https:\/\/pia.fim-frauenrecht.de\/egeszseg"},"modified":"2023-02-13T20:27:18","modified_gmt":"2023-02-13T20:27:18","slug":"egeszseg","status":"publish","type":"page","link":"https:\/\/pia-hessen.de\/hu\/egeszseg","title":{"rendered":"Eg\u00e9szs\u00e9g"},"content":{"rendered":"<div id='full_slider_1'  class='avia-fullwidth-slider main_color avia-shadow   avia-builder-el-0  el_before_av_section  avia-builder-el-first   container_wrap sidebar_right'  ><div  class='avia-slideshow av-k5u8417p-51fa327718471590041f1628efe5da80 avia-slideshow-no scaling av_slideshow_full avia-fade-slider av-slideshow-ui av-control-hidden av-no-slider-navigation av-hide-nav-arrows av-slideshow-manual av-loop-once av-loop-manual-endless av-default-height-applied   avia-slideshow-1' data-slideshow-options=\"{&quot;animation&quot;:&quot;fade&quot;,&quot;autoplay&quot;:false,&quot;loop_autoplay&quot;:&quot;once&quot;,&quot;interval&quot;:5,&quot;loop_manual&quot;:&quot;manual-endless&quot;,&quot;autoplay_stopper&quot;:false,&quot;noNavigation&quot;:true,&quot;bg_slider&quot;:false,&quot;keep_padding&quot;:false,&quot;hoverpause&quot;:false,&quot;show_slide_delay&quot;:0}\"  itemprop=\"image\" itemscope=\"itemscope\" itemtype=\"https:\/\/schema.org\/ImageObject\" ><ul class='avia-slideshow-inner ' style='padding-bottom: 1.6129032258065%;'><li  class='avia-slideshow-slide av-k5u8417p-51fa327718471590041f1628efe5da80__0  av-single-slide slide-1 slide-odd'><div data-rel='slideshow-1' class='avia-slide-wrap '   ><img decoding=\"async\" fetchpriority=\"high\" class=\"wp-image-3781 avia-img-lazy-loading-not-3781\"  src=\"https:\/\/pia-hessen.de\/wp-content\/uploads\/2020\/01\/balken-1.png\" width=\"1550\" height=\"25\" title='balken' alt=''  itemprop=\"thumbnailUrl\"  style='min-height:20px; min-width:1240px; ' srcset=\"https:\/\/pia-hessen.de\/wp-content\/uploads\/2020\/01\/balken-1.png 1550w, https:\/\/pia-hessen.de\/wp-content\/uploads\/2020\/01\/balken-1-300x5.png 300w, https:\/\/pia-hessen.de\/wp-content\/uploads\/2020\/01\/balken-1-1030x17.png 1030w, https:\/\/pia-hessen.de\/wp-content\/uploads\/2020\/01\/balken-1-768x12.png 768w, https:\/\/pia-hessen.de\/wp-content\/uploads\/2020\/01\/balken-1-1536x25.png 1536w, https:\/\/pia-hessen.de\/wp-content\/uploads\/2020\/01\/balken-1-1500x24.png 1500w, https:\/\/pia-hessen.de\/wp-content\/uploads\/2020\/01\/balken-1-705x11.png 705w\" sizes=\"(max-width: 1550px) 100vw, 1550px\" \/><\/div><\/li><\/ul><\/div><\/div>\n<div id='av_section_1'  class='avia-section av-k5vsj-741f473271f822c9d7dac97345a3511a main_color avia-section-default avia-no-border-styling  avia-builder-el-1  el_after_av_slideshow_full  avia-builder-el-last  avia-bg-style-scroll container_wrap sidebar_right'  ><div class='container av-section-cont-open' ><div class='template-page content  av-content-small alpha units'><div class='post-entry post-entry-type-page post-entry-6017'><div class='entry-content-wrapper clearfix'>\n\n<style type=\"text\/css\" data-created_by=\"avia_inline_auto\" id=\"style-css-av-f8l2r-a6cdbd0a189400d8631db4fa724e0bb4\">\n.flex_column.av-f8l2r-a6cdbd0a189400d8631db4fa724e0bb4{\nborder-radius:0px 0px 0px 0px;\npadding:0 0px 20px 0px;\n}\n<\/style>\n<div  class='flex_column av-f8l2r-a6cdbd0a189400d8631db4fa724e0bb4 av_one_full  avia-builder-el-2  el_before_av_one_fourth  avia-builder-el-first  first flex_column_div av-animated-generic pop-up  '     ><p>\n<style type=\"text\/css\" data-created_by=\"avia_inline_auto\" id=\"style-css-av-b2bcr-e41bdfc5c1693300231569a74bee9973\">\n#top .hr.av-b2bcr-e41bdfc5c1693300231569a74bee9973{\nmargin-top:5px;\nmargin-bottom:35px;\n}\n.hr.av-b2bcr-e41bdfc5c1693300231569a74bee9973 .hr-inner{\nwidth:50px;\nborder-color:#9e2745;\n}\n<\/style>\n<div  class='hr av-b2bcr-e41bdfc5c1693300231569a74bee9973 hr-custom  avia-builder-el-3  el_before_av_textblock  avia-builder-el-first  hr-center hr-icon-no'><span class='hr-inner inner-border-av-border-fat'><span class=\"hr-inner-style\"><\/span><\/span><\/div><br \/>\n\n<style type=\"text\/css\" data-created_by=\"avia_inline_auto\" id=\"style-css-av-lcyyz06k-08c1b7f8035a16f341bcf0c65e26351f\">\n\n@media only screen and (max-width: 479px){ \n#top .av_textblock_section.av-lcyyz06k-08c1b7f8035a16f341bcf0c65e26351f .avia_textblock{\nfont-size:20px;\n}\n}\n<\/style>\n<section  class='av_textblock_section av-lcyyz06k-08c1b7f8035a16f341bcf0c65e26351f '   itemscope=\"itemscope\" itemtype=\"https:\/\/schema.org\/CreativeWork\" ><div class='avia_textblock'  itemprop=\"text\" ><h1 style=\"text-align: center;\">Inform\u00e1ci\u00f3k az eg\u00e9szs\u00e9gr\u0151l<\/h1>\n<p style=\"text-align: center;\">Orvosi seg\u00edts\u00e9gre van sz\u00fcks\u00e9ged, de nincs biztos\u00edt\u00e1sod? F\u00e9lsz, hogy f\u00fcgg\u0151s\u00e9gi probl\u00e9m\u00e1d van? Itt megtal\u00e1lod az eg\u00e9szs\u00e9g\u00fcgyi k\u00e9rd\u00e9sekkel, az orvosi ell\u00e1t\u00e1ssal kapcsolatos inform\u00e1ci\u00f3kat illetve a kapcsolattart\u00f3 k\u00f6zpontok el\u00e9rhet\u0151s\u00e9gi c\u00edmeit.  <\/p>\n<\/div><\/section><\/p><\/div><div class='flex_column_table av-lcyz3qbq-9625512ffaa0db0e47fcb5ede61185c1 sc-av_one_fourth av-equal-height-column-flextable'>\n<style type=\"text\/css\" data-created_by=\"avia_inline_auto\" id=\"style-css-av-lcyz3qbq-9625512ffaa0db0e47fcb5ede61185c1\">\n#top .flex_column_table.av-equal-height-column-flextable.av-lcyz3qbq-9625512ffaa0db0e47fcb5ede61185c1{\nmargin-top:0;\nmargin-bottom:0;\n}\n.flex_column.av-lcyz3qbq-9625512ffaa0db0e47fcb5ede61185c1{\nborder-width:1px;\nborder-color:#ffffff;\nborder-style:solid;\nborder-radius:0px 0px 0px 0px;\npadding:30px 30px 30px 30px;\nbackground-color:#efefef;\n}\n<\/style>\n<div  class='flex_column av-lcyz3qbq-9625512ffaa0db0e47fcb5ede61185c1 av_one_fourth  avia-builder-el-5  el_after_av_one_full  el_before_av_one_fourth  first no_margin flex_column_table_cell av-equal-height-column av-align-middle av-animated-generic bottom-to-top avia-link-column av-column-link  column-top-margin'    data-link-column-url=\"https:\/\/pia-hessen.de\/gesundheit\/gesundheit_allgemein\"   ><a class=\"av-screen-reader-only\" href=https:\/\/pia-hessen.de\/gesundheit\/gesundheit_allgemein >Link to: Gesundheit allgemein<\/a><style type=\"text\/css\" data-created_by=\"avia_inline_auto\" id=\"style-css-av-lcyyzdgp-fad0946e2277eca7ddc1b1f3a3d46f40\">\n\n@media only screen and (max-width: 479px){ \n#top .av_textblock_section.av-lcyyzdgp-fad0946e2277eca7ddc1b1f3a3d46f40 .avia_textblock{\nfont-size:20px;\n}\n}\n<\/style>\n<section  class='av_textblock_section av-lcyyzdgp-fad0946e2277eca7ddc1b1f3a3d46f40 '   itemscope=\"itemscope\" itemtype=\"https:\/\/schema.org\/CreativeWork\" ><div class='avia_textblock'  itemprop=\"text\" ><h4 style=\"text-align: center;\">Eg\u00e9szs\u00e9g \u00e1ltal\u00e1ban<\/h4>\n<\/div><\/section><br \/>\n\n<style type=\"text\/css\" data-created_by=\"avia_inline_auto\" id=\"style-css-av-lcyz18yt-eec210b49980f00456805c02dfab5bcb\">\n.avia-image-container.av-lcyz18yt-eec210b49980f00456805c02dfab5bcb img.avia_image{\nbox-shadow:none;\n}\n.avia-image-container.av-lcyz18yt-eec210b49980f00456805c02dfab5bcb .av-image-caption-overlay-center{\ncolor:#ffffff;\nfont-size:21px;\n}\n<\/style>\n<div  class='avia-image-container av-lcyz18yt-eec210b49980f00456805c02dfab5bcb av-styling-circle av-hover-grow av-hide-overflow avia-align-center  avia-builder-el-7  el_after_av_textblock  avia-builder-el-last '   itemprop=\"image\" itemscope=\"itemscope\" itemtype=\"https:\/\/schema.org\/ImageObject\" ><div class=\"avia-image-container-inner\"><div class=\"avia-image-overlay-wrap\"><img decoding=\"async\" loading=\"lazy\" class='wp-image-4986 avia-img-lazy-loading-4986 avia_image ' src=\"https:\/\/pia-hessen.de\/wp-content\/uploads\/2021\/07\/Gesundheit-allgemein-300x300.jpg\" alt='' title='Gesundheit allgemein'  height=\"300\" width=\"300\"  itemprop=\"thumbnailUrl\" srcset=\"https:\/\/pia-hessen.de\/wp-content\/uploads\/2021\/07\/Gesundheit-allgemein-300x300.jpg 300w, https:\/\/pia-hessen.de\/wp-content\/uploads\/2021\/07\/Gesundheit-allgemein-80x80.jpg 80w, https:\/\/pia-hessen.de\/wp-content\/uploads\/2021\/07\/Gesundheit-allgemein-36x36.jpg 36w, https:\/\/pia-hessen.de\/wp-content\/uploads\/2021\/07\/Gesundheit-allgemein-180x180.jpg 180w, https:\/\/pia-hessen.de\/wp-content\/uploads\/2021\/07\/Gesundheit-allgemein-705x705.jpg 705w, https:\/\/pia-hessen.de\/wp-content\/uploads\/2021\/07\/Gesundheit-allgemein.jpg 750w\" sizes=\"auto, (max-width: 300px) 100vw, 300px\" \/><\/div><\/div><\/div><\/p><\/div>\n<style type=\"text\/css\" data-created_by=\"avia_inline_auto\" id=\"style-css-av-lcyz41ts-fcb0dd0ed3395951030e3e23e3019298\">\n#top .flex_column_table.av-equal-height-column-flextable.av-lcyz41ts-fcb0dd0ed3395951030e3e23e3019298{\nmargin-top:0;\nmargin-bottom:0;\n}\n.flex_column.av-lcyz41ts-fcb0dd0ed3395951030e3e23e3019298{\nborder-width:1px;\nborder-color:#ffffff;\nborder-style:solid;\nborder-radius:0px 0px 0px 0px;\npadding:30px 30px 30px 30px;\nbackground-color:#efefef;\n}\n<\/style>\n<div  class='flex_column av-lcyz41ts-fcb0dd0ed3395951030e3e23e3019298 av_one_fourth  avia-builder-el-8  el_after_av_one_fourth  el_before_av_one_fourth  no_margin flex_column_table_cell av-equal-height-column av-align-middle av-animated-generic bottom-to-top avia-link-column av-column-link  column-top-margin'    data-link-column-url=\"https:\/\/pia-hessen.de\/gesundheit\/drogen_alkohol\"   ><a class=\"av-screen-reader-only\" href=https:\/\/pia-hessen.de\/gesundheit\/drogen_alkohol >Link to: Drogen &#038; Alkohol<\/a><style type=\"text\/css\" data-created_by=\"avia_inline_auto\" id=\"style-css-av-lcyyzq7d-e1c6ce8fdf53d319d40069a18e93abb6\">\n\n@media only screen and (max-width: 479px){ \n#top .av_textblock_section.av-lcyyzq7d-e1c6ce8fdf53d319d40069a18e93abb6 .avia_textblock{\nfont-size:20px;\n}\n}\n<\/style>\n<section  class='av_textblock_section av-lcyyzq7d-e1c6ce8fdf53d319d40069a18e93abb6 '   itemscope=\"itemscope\" itemtype=\"https:\/\/schema.org\/CreativeWork\" ><div class='avia_textblock'  itemprop=\"text\" ><h4 style=\"text-align: center;\">Drogok \u00e9s alkohol<\/h4>\n<\/div><\/section><br \/>\n\n<style type=\"text\/css\" data-created_by=\"avia_inline_auto\" id=\"style-css-av-lcyz1nkf-c115f30b6bc7bfff4b9337ca5ff24345\">\n.avia-image-container.av-lcyz1nkf-c115f30b6bc7bfff4b9337ca5ff24345 img.avia_image{\nbox-shadow:none;\n}\n.avia-image-container.av-lcyz1nkf-c115f30b6bc7bfff4b9337ca5ff24345 .av-image-caption-overlay-center{\ncolor:#ffffff;\n}\n<\/style>\n<div  class='avia-image-container av-lcyz1nkf-c115f30b6bc7bfff4b9337ca5ff24345 av-styling-circle av-hover-grow av-hide-overflow avia-align-center  avia-builder-el-10  el_after_av_textblock  avia-builder-el-last '   itemprop=\"image\" itemscope=\"itemscope\" itemtype=\"https:\/\/schema.org\/ImageObject\" ><div class=\"avia-image-container-inner\"><div class=\"avia-image-overlay-wrap\"><img decoding=\"async\" loading=\"lazy\" class='wp-image-5006 avia-img-lazy-loading-5006 avia_image ' src=\"https:\/\/pia-hessen.de\/wp-content\/uploads\/2021\/07\/Drogen-1-300x300.jpg\" alt='' title='Drogen'  height=\"300\" width=\"300\"  itemprop=\"thumbnailUrl\" srcset=\"https:\/\/pia-hessen.de\/wp-content\/uploads\/2021\/07\/Drogen-1-300x300.jpg 300w, https:\/\/pia-hessen.de\/wp-content\/uploads\/2021\/07\/Drogen-1-80x80.jpg 80w, https:\/\/pia-hessen.de\/wp-content\/uploads\/2021\/07\/Drogen-1-36x36.jpg 36w, https:\/\/pia-hessen.de\/wp-content\/uploads\/2021\/07\/Drogen-1-180x180.jpg 180w, https:\/\/pia-hessen.de\/wp-content\/uploads\/2021\/07\/Drogen-1-705x705.jpg 705w, https:\/\/pia-hessen.de\/wp-content\/uploads\/2021\/07\/Drogen-1.jpg 750w\" sizes=\"auto, (max-width: 300px) 100vw, 300px\" \/><\/div><\/div><\/div><\/p><\/div>\n<style type=\"text\/css\" data-created_by=\"avia_inline_auto\" id=\"style-css-av-lcyz4be6-d561e3f9c2aec3fde7524eca3bfea9f3\">\n#top .flex_column_table.av-equal-height-column-flextable.av-lcyz4be6-d561e3f9c2aec3fde7524eca3bfea9f3{\nmargin-top:0;\nmargin-bottom:0;\n}\n.flex_column.av-lcyz4be6-d561e3f9c2aec3fde7524eca3bfea9f3{\nborder-width:1px;\nborder-color:#ffffff;\nborder-style:solid;\nborder-radius:0px 0px 0px 0px;\npadding:30px 30px 30px 30px;\nbackground-color:#efefef;\n}\n<\/style>\n<div  class='flex_column av-lcyz4be6-d561e3f9c2aec3fde7524eca3bfea9f3 av_one_fourth  avia-builder-el-11  el_after_av_one_fourth  el_before_av_one_fourth  no_margin flex_column_table_cell av-equal-height-column av-align-middle av-animated-generic bottom-to-top avia-link-column av-column-link  column-top-margin'    data-link-column-url=\"https:\/\/pia-hessen.de\/gesundheit\/hiv_sti\"   ><a class=\"av-screen-reader-only\" href=https:\/\/pia-hessen.de\/gesundheit\/hiv_sti >Link to: HIV und Infektionserkrankungen<\/a><style type=\"text\/css\" data-created_by=\"avia_inline_auto\" id=\"style-css-av-lcyz01jk-2060e7f240e2d1c14fdfad38725ad6e0\">\n\n@media only screen and (max-width: 479px){ \n#top .av_textblock_section.av-lcyz01jk-2060e7f240e2d1c14fdfad38725ad6e0 .avia_textblock{\nfont-size:20px;\n}\n}\n<\/style>\n<section  class='av_textblock_section av-lcyz01jk-2060e7f240e2d1c14fdfad38725ad6e0 '   itemscope=\"itemscope\" itemtype=\"https:\/\/schema.org\/CreativeWork\" ><div class='avia_textblock'  itemprop=\"text\" ><h4 style=\"text-align: center;\">HIV \u00e9s m\u00e1s fert\u0151z\u00e9sek<\/h4>\n<\/div><\/section><br \/>\n\n<style type=\"text\/css\" data-created_by=\"avia_inline_auto\" id=\"style-css-av-lcyz1ytf-c64d233e82f2f8d904c8d2ab5d94c1e0\">\n.avia-image-container.av-lcyz1ytf-c64d233e82f2f8d904c8d2ab5d94c1e0 img.avia_image{\nbox-shadow:none;\n}\n.avia-image-container.av-lcyz1ytf-c64d233e82f2f8d904c8d2ab5d94c1e0 .av-image-caption-overlay-center{\ncolor:#ffffff;\n}\n<\/style>\n<div  class='avia-image-container av-lcyz1ytf-c64d233e82f2f8d904c8d2ab5d94c1e0 av-styling-circle av-hover-grow av-hide-overflow avia-align-center  avia-builder-el-13  el_after_av_textblock  avia-builder-el-last '   itemprop=\"image\" itemscope=\"itemscope\" itemtype=\"https:\/\/schema.org\/ImageObject\" ><div class=\"avia-image-container-inner\"><div class=\"avia-image-overlay-wrap\"><img decoding=\"async\" loading=\"lazy\" class='wp-image-4991 avia-img-lazy-loading-4991 avia_image ' src=\"https:\/\/pia-hessen.de\/wp-content\/uploads\/2021\/07\/HIV-300x300.jpg\" alt='' title='HIV'  height=\"300\" width=\"300\"  itemprop=\"thumbnailUrl\" srcset=\"https:\/\/pia-hessen.de\/wp-content\/uploads\/2021\/07\/HIV-300x300.jpg 300w, https:\/\/pia-hessen.de\/wp-content\/uploads\/2021\/07\/HIV-80x80.jpg 80w, https:\/\/pia-hessen.de\/wp-content\/uploads\/2021\/07\/HIV-36x36.jpg 36w, https:\/\/pia-hessen.de\/wp-content\/uploads\/2021\/07\/HIV-180x180.jpg 180w, https:\/\/pia-hessen.de\/wp-content\/uploads\/2021\/07\/HIV-705x705.jpg 705w, https:\/\/pia-hessen.de\/wp-content\/uploads\/2021\/07\/HIV.jpg 750w\" sizes=\"auto, (max-width: 300px) 100vw, 300px\" \/><\/div><\/div><\/div><\/p><\/div>\n<style type=\"text\/css\" data-created_by=\"avia_inline_auto\" id=\"style-css-av-lcyz4mgl-87324aa7c97874e0ceeea5a05f4fec8b\">\n#top .flex_column_table.av-equal-height-column-flextable.av-lcyz4mgl-87324aa7c97874e0ceeea5a05f4fec8b{\nmargin-top:0;\nmargin-bottom:0;\n}\n.flex_column.av-lcyz4mgl-87324aa7c97874e0ceeea5a05f4fec8b{\nborder-width:1px;\nborder-color:#ffffff;\nborder-style:solid;\nborder-radius:0px 0px 0px 0px;\npadding:30px 30px 30px 30px;\nbackground-color:#efefef;\n}\n<\/style>\n<div  class='flex_column av-lcyz4mgl-87324aa7c97874e0ceeea5a05f4fec8b av_one_fourth  avia-builder-el-14  el_after_av_one_fourth  el_before_av_hr  no_margin flex_column_table_cell av-equal-height-column av-align-middle av-animated-generic bottom-to-top avia-link-column av-column-link  column-top-margin'    data-link-column-url=\"https:\/\/pia-hessen.de\/gesundheit\/spielsucht\"   ><a class=\"av-screen-reader-only\" href=https:\/\/pia-hessen.de\/gesundheit\/spielsucht >Link to: Spielsucht<\/a><style type=\"text\/css\" data-created_by=\"avia_inline_auto\" id=\"style-css-av-lcyz0ewv-b8ac771e7aa8aa2dcec5658a0cb22ae0\">\n\n@media only screen and (max-width: 479px){ \n#top .av_textblock_section.av-lcyz0ewv-b8ac771e7aa8aa2dcec5658a0cb22ae0 .avia_textblock{\nfont-size:20px;\n}\n}\n<\/style>\n<section  class='av_textblock_section av-lcyz0ewv-b8ac771e7aa8aa2dcec5658a0cb22ae0 '   itemscope=\"itemscope\" itemtype=\"https:\/\/schema.org\/CreativeWork\" ><div class='avia_textblock'  itemprop=\"text\" ><h4 style=\"text-align: center;\">J\u00e1t\u00e9kf\u00fcgg\u0151s\u00e9g<\/h4>\n<\/div><\/section><br \/>\n\n<style type=\"text\/css\" data-created_by=\"avia_inline_auto\" id=\"style-css-av-lcyz27qd-3623ada584a2186c4a75091cc50e0fdf\">\n.avia-image-container.av-lcyz27qd-3623ada584a2186c4a75091cc50e0fdf img.avia_image{\nbox-shadow:none;\n}\n.avia-image-container.av-lcyz27qd-3623ada584a2186c4a75091cc50e0fdf .av-image-caption-overlay-center{\ncolor:#ffffff;\n}\n<\/style>\n<div  class='avia-image-container av-lcyz27qd-3623ada584a2186c4a75091cc50e0fdf av-styling-circle av-hover-grow av-hide-overflow avia-align-center  avia-builder-el-16  el_after_av_textblock  avia-builder-el-last '   itemprop=\"image\" itemscope=\"itemscope\" itemtype=\"https:\/\/schema.org\/ImageObject\" ><div class=\"avia-image-container-inner\"><div class=\"avia-image-overlay-wrap\"><img decoding=\"async\" loading=\"lazy\" class='wp-image-5011 avia-img-lazy-loading-5011 avia_image ' src=\"https:\/\/pia-hessen.de\/wp-content\/uploads\/2021\/07\/Spielsucht-1-300x300.jpg\" alt='' title='Spielsucht'  height=\"300\" width=\"300\"  itemprop=\"thumbnailUrl\" srcset=\"https:\/\/pia-hessen.de\/wp-content\/uploads\/2021\/07\/Spielsucht-1-300x300.jpg 300w, https:\/\/pia-hessen.de\/wp-content\/uploads\/2021\/07\/Spielsucht-1-80x80.jpg 80w, https:\/\/pia-hessen.de\/wp-content\/uploads\/2021\/07\/Spielsucht-1-36x36.jpg 36w, https:\/\/pia-hessen.de\/wp-content\/uploads\/2021\/07\/Spielsucht-1-180x180.jpg 180w, https:\/\/pia-hessen.de\/wp-content\/uploads\/2021\/07\/Spielsucht-1-705x705.jpg 705w, https:\/\/pia-hessen.de\/wp-content\/uploads\/2021\/07\/Spielsucht-1.jpg 750w\" sizes=\"auto, (max-width: 300px) 100vw, 300px\" \/><\/div><\/div><\/div><\/p><\/div><\/div><!--close column table wrapper. Autoclose: 1 -->\n<style type=\"text\/css\" data-created_by=\"avia_inline_auto\" id=\"style-css-av-lcyz4w3q-a34af4529df916f84ceacebb189d047c\">\n#top .hr.hr-invisible.av-lcyz4w3q-a34af4529df916f84ceacebb189d047c{\nheight:50px;\n}\n<\/style>\n<div  class='hr av-lcyz4w3q-a34af4529df916f84ceacebb189d047c hr-invisible  avia-builder-el-17  el_after_av_one_fourth  avia-builder-el-last '><span class='hr-inner '><span class=\"hr-inner-style\"><\/span><\/span><\/div>\n<\/div><\/div><\/div><!-- close content main div --><\/div><\/div><div id='after_section_1'  class='main_color av_default_container_wrap container_wrap sidebar_right'  ><div class='container av-section-cont-open' ><div class='template-page content  av-content-small alpha units'><div class='post-entry post-entry-type-page post-entry-6017'><div class='entry-content-wrapper clearfix'>\n","protected":false},"excerpt":{"rendered":"","protected":false},"author":2,"featured_media":0,"parent":0,"menu_order":0,"comment_status":"closed","ping_status":"closed","template":"","meta":{"footnotes":""},"class_list":["post-6017","page","type-page","status-publish","hentry"],"yoast_head":"<!-- This site is optimized with the Yoast SEO plugin v27.3 - https:\/\/yoast.com\/product\/yoast-seo-wordpress\/ -->\n<title>Eg\u00e9szs\u00e9g - PIA Hessen - Informationen und Beratung rund um Prostitution<\/title>\n<meta name=\"robots\" content=\"index, follow, max-snippet:-1, max-image-preview:large, max-video-preview:-1\" \/>\n<link rel=\"canonical\" href=\"https:\/\/pia-hessen.de\/hu\/egeszseg\" \/>\n<meta name=\"twitter:label1\" content=\"Becs\u00fclt olvas\u00e1si id\u0151\" \/>\n\t<meta name=\"twitter:data1\" content=\"20 perc\" \/>\n<script type=\"application\/ld+json\" class=\"yoast-schema-graph\">{\"@context\":\"https:\\\/\\\/schema.org\",\"@graph\":[{\"@type\":\"WebPage\",\"@id\":\"https:\\\/\\\/pia-hessen.de\\\/hu\\\/egeszseg\",\"url\":\"https:\\\/\\\/pia-hessen.de\\\/hu\\\/egeszseg\",\"name\":\"Eg\u00e9szs\u00e9g - PIA Hessen - Informationen und Beratung rund um Prostitution\",\"isPartOf\":{\"@id\":\"https:\\\/\\\/pia-hessen.de\\\/hu#website\"},\"datePublished\":\"2020-01-31T21:45:54+00:00\",\"dateModified\":\"2023-02-13T20:27:18+00:00\",\"breadcrumb\":{\"@id\":\"https:\\\/\\\/pia-hessen.de\\\/hu\\\/egeszseg#breadcrumb\"},\"inLanguage\":\"hu\",\"potentialAction\":[{\"@type\":\"ReadAction\",\"target\":[\"https:\\\/\\\/pia-hessen.de\\\/hu\\\/egeszseg\"]}]},{\"@type\":\"BreadcrumbList\",\"@id\":\"https:\\\/\\\/pia-hessen.de\\\/hu\\\/egeszseg#breadcrumb\",\"itemListElement\":[{\"@type\":\"ListItem\",\"position\":1,\"name\":\"Startseite\",\"item\":\"https:\\\/\\\/pia-hessen.de\\\/hu\"},{\"@type\":\"ListItem\",\"position\":2,\"name\":\"Eg\u00e9szs\u00e9g\"}]},{\"@type\":\"WebSite\",\"@id\":\"https:\\\/\\\/pia-hessen.de\\\/hu#website\",\"url\":\"https:\\\/\\\/pia-hessen.de\\\/hu\",\"name\":\"PIA Hessen - Informationen und Beratung rund um Prostitution\",\"description\":\"\",\"publisher\":{\"@id\":\"https:\\\/\\\/pia-hessen.de\\\/hu#organization\"},\"potentialAction\":[{\"@type\":\"SearchAction\",\"target\":{\"@type\":\"EntryPoint\",\"urlTemplate\":\"https:\\\/\\\/pia-hessen.de\\\/hu?s={search_term_string}\"},\"query-input\":{\"@type\":\"PropertyValueSpecification\",\"valueRequired\":true,\"valueName\":\"search_term_string\"}}],\"inLanguage\":\"hu\"},{\"@type\":\"Organization\",\"@id\":\"https:\\\/\\\/pia-hessen.de\\\/hu#organization\",\"name\":\"PIA Hessen - Informationen und Beratung rund um Prostitution\",\"url\":\"https:\\\/\\\/pia-hessen.de\\\/hu\",\"logo\":{\"@type\":\"ImageObject\",\"inLanguage\":\"hu\",\"@id\":\"https:\\\/\\\/pia-hessen.de\\\/hu#\\\/schema\\\/logo\\\/image\\\/\",\"url\":\"https:\\\/\\\/pia-hessen.de\\\/wp-content\\\/uploads\\\/2022\\\/12\\\/pia-logo.png\",\"contentUrl\":\"https:\\\/\\\/pia-hessen.de\\\/wp-content\\\/uploads\\\/2022\\\/12\\\/pia-logo.png\",\"width\":300,\"height\":156,\"caption\":\"PIA Hessen - Informationen und Beratung rund um Prostitution\"},\"image\":{\"@id\":\"https:\\\/\\\/pia-hessen.de\\\/hu#\\\/schema\\\/logo\\\/image\\\/\"}}]}<\/script>\n<!-- \/ Yoast SEO plugin. -->","yoast_head_json":{"title":"Eg\u00e9szs\u00e9g - PIA Hessen - Informationen und Beratung rund um Prostitution","robots":{"index":"index","follow":"follow","max-snippet":"max-snippet:-1","max-image-preview":"max-image-preview:large","max-video-preview":"max-video-preview:-1"},"canonical":"https:\/\/pia-hessen.de\/hu\/egeszseg","twitter_misc":{"Becs\u00fclt olvas\u00e1si id\u0151":"20 perc"},"schema":{"@context":"https:\/\/schema.org","@graph":[{"@type":"WebPage","@id":"https:\/\/pia-hessen.de\/hu\/egeszseg","url":"https:\/\/pia-hessen.de\/hu\/egeszseg","name":"Eg\u00e9szs\u00e9g - PIA Hessen - Informationen und Beratung rund um Prostitution","isPartOf":{"@id":"https:\/\/pia-hessen.de\/hu#website"},"datePublished":"2020-01-31T21:45:54+00:00","dateModified":"2023-02-13T20:27:18+00:00","breadcrumb":{"@id":"https:\/\/pia-hessen.de\/hu\/egeszseg#breadcrumb"},"inLanguage":"hu","potentialAction":[{"@type":"ReadAction","target":["https:\/\/pia-hessen.de\/hu\/egeszseg"]}]},{"@type":"BreadcrumbList","@id":"https:\/\/pia-hessen.de\/hu\/egeszseg#breadcrumb","itemListElement":[{"@type":"ListItem","position":1,"name":"Startseite","item":"https:\/\/pia-hessen.de\/hu"},{"@type":"ListItem","position":2,"name":"Eg\u00e9szs\u00e9g"}]},{"@type":"WebSite","@id":"https:\/\/pia-hessen.de\/hu#website","url":"https:\/\/pia-hessen.de\/hu","name":"PIA Hessen - Informationen und Beratung rund um Prostitution","description":"","publisher":{"@id":"https:\/\/pia-hessen.de\/hu#organization"},"potentialAction":[{"@type":"SearchAction","target":{"@type":"EntryPoint","urlTemplate":"https:\/\/pia-hessen.de\/hu?s={search_term_string}"},"query-input":{"@type":"PropertyValueSpecification","valueRequired":true,"valueName":"search_term_string"}}],"inLanguage":"hu"},{"@type":"Organization","@id":"https:\/\/pia-hessen.de\/hu#organization","name":"PIA Hessen - Informationen und Beratung rund um Prostitution","url":"https:\/\/pia-hessen.de\/hu","logo":{"@type":"ImageObject","inLanguage":"hu","@id":"https:\/\/pia-hessen.de\/hu#\/schema\/logo\/image\/","url":"https:\/\/pia-hessen.de\/wp-content\/uploads\/2022\/12\/pia-logo.png","contentUrl":"https:\/\/pia-hessen.de\/wp-content\/uploads\/2022\/12\/pia-logo.png","width":300,"height":156,"caption":"PIA Hessen - Informationen und Beratung rund um Prostitution"},"image":{"@id":"https:\/\/pia-hessen.de\/hu#\/schema\/logo\/image\/"}}]}},"_links":{"self":[{"href":"https:\/\/pia-hessen.de\/hu\/wp-json\/wp\/v2\/pages\/6017","targetHints":{"allow":["GET"]}}],"collection":[{"href":"https:\/\/pia-hessen.de\/hu\/wp-json\/wp\/v2\/pages"}],"about":[{"href":"https:\/\/pia-hessen.de\/hu\/wp-json\/wp\/v2\/types\/page"}],"author":[{"embeddable":true,"href":"https:\/\/pia-hessen.de\/hu\/wp-json\/wp\/v2\/users\/2"}],"replies":[{"embeddable":true,"href":"https:\/\/pia-hessen.de\/hu\/wp-json\/wp\/v2\/comments?post=6017"}],"version-history":[{"count":2,"href":"https:\/\/pia-hessen.de\/hu\/wp-json\/wp\/v2\/pages\/6017\/revisions"}],"predecessor-version":[{"id":6019,"href":"https:\/\/pia-hessen.de\/hu\/wp-json\/wp\/v2\/pages\/6017\/revisions\/6019"}],"wp:attachment":[{"href":"https:\/\/pia-hessen.de\/hu\/wp-json\/wp\/v2\/media?parent=6017"}],"curies":[{"name":"wp","href":"https:\/\/api.w.org\/{rel}","templated":true}]}}