{"id":6029,"date":"2020-01-31T22:29:30","date_gmt":"2020-01-31T22:29:30","guid":{"rendered":"https:\/\/pia.fim-frauenrecht.de\/egeszseg\/szerencsejatek-fueggoseg"},"modified":"2023-02-13T21:25:17","modified_gmt":"2023-02-13T21:25:17","slug":"szerencsejatek-fueggoseg","status":"publish","type":"page","link":"https:\/\/pia-hessen.de\/hu\/egeszseg\/szerencsejatek-fueggoseg","title":{"rendered":"Szerencsej\u00e1t\u00e9k-f\u00fcgg\u0151s\u00e9g"},"content":{"rendered":"<div id='full_slider_1'  class='avia-fullwidth-slider main_color avia-shadow   avia-builder-el-0  el_before_av_section  avia-builder-el-first   container_wrap sidebar_right'  ><div  class='avia-slideshow av-k5u8417p-51fa327718471590041f1628efe5da80 avia-slideshow-no scaling av_slideshow_full avia-fade-slider av-slideshow-ui av-control-hidden av-no-slider-navigation av-hide-nav-arrows av-slideshow-manual av-loop-once av-loop-manual-endless av-default-height-applied   avia-slideshow-1' data-slideshow-options=\"{&quot;animation&quot;:&quot;fade&quot;,&quot;autoplay&quot;:false,&quot;loop_autoplay&quot;:&quot;once&quot;,&quot;interval&quot;:5,&quot;loop_manual&quot;:&quot;manual-endless&quot;,&quot;autoplay_stopper&quot;:false,&quot;noNavigation&quot;:true,&quot;bg_slider&quot;:false,&quot;keep_padding&quot;:false,&quot;hoverpause&quot;:false,&quot;show_slide_delay&quot;:0}\"  itemprop=\"image\" itemscope=\"itemscope\" itemtype=\"https:\/\/schema.org\/ImageObject\" ><ul class='avia-slideshow-inner ' style='padding-bottom: 1.6129032258065%;'><li  class='avia-slideshow-slide av-k5u8417p-51fa327718471590041f1628efe5da80__0  av-single-slide slide-1 slide-odd'><div data-rel='slideshow-1' class='avia-slide-wrap '   ><img decoding=\"async\" fetchpriority=\"high\" class=\"wp-image-3781 avia-img-lazy-loading-not-3781\"  src=\"https:\/\/pia-hessen.de\/wp-content\/uploads\/2020\/01\/balken-1.png\" width=\"1550\" height=\"25\" title='balken' alt=''  itemprop=\"thumbnailUrl\"  style='min-height:20px; min-width:1240px; ' srcset=\"https:\/\/pia-hessen.de\/wp-content\/uploads\/2020\/01\/balken-1.png 1550w, https:\/\/pia-hessen.de\/wp-content\/uploads\/2020\/01\/balken-1-300x5.png 300w, https:\/\/pia-hessen.de\/wp-content\/uploads\/2020\/01\/balken-1-1030x17.png 1030w, https:\/\/pia-hessen.de\/wp-content\/uploads\/2020\/01\/balken-1-768x12.png 768w, https:\/\/pia-hessen.de\/wp-content\/uploads\/2020\/01\/balken-1-1536x25.png 1536w, https:\/\/pia-hessen.de\/wp-content\/uploads\/2020\/01\/balken-1-1500x24.png 1500w, https:\/\/pia-hessen.de\/wp-content\/uploads\/2020\/01\/balken-1-705x11.png 705w\" sizes=\"(max-width: 1550px) 100vw, 1550px\" \/><\/div><\/li><\/ul><\/div><\/div>\n<div id='av_section_1'  class='avia-section av-1m9jn-b6036d40cac0c5be9199506d72b001eb main_color avia-section-default avia-no-border-styling  avia-builder-el-1  el_after_av_slideshow_full  el_before_av_section  avia-bg-style-scroll container_wrap sidebar_right'  ><div class='container av-section-cont-open' ><div class='template-page content  av-content-small alpha units'><div class='post-entry post-entry-type-page post-entry-6029'><div class='entry-content-wrapper clearfix'>\n\n<style type=\"text\/css\" data-created_by=\"avia_inline_auto\" id=\"style-css-av-wb1z-88d98e97dafaa024a68403d7f9642726\">\n.flex_column.av-wb1z-88d98e97dafaa024a68403d7f9642726{\nborder-radius:0px 0px 0px 0px;\npadding:0 0px 20px 0px;\n}\n<\/style>\n<div  class='flex_column av-wb1z-88d98e97dafaa024a68403d7f9642726 av_one_full  avia-builder-el-2  el_before_av_image  avia-builder-el-first  first flex_column_div av-animated-generic pop-up  '     ><p>\n<style type=\"text\/css\" data-created_by=\"avia_inline_auto\" id=\"style-css-av-9ilqf-60f2d548e9eecaa420ea58cf431917d1\">\n#top .hr.av-9ilqf-60f2d548e9eecaa420ea58cf431917d1{\nmargin-top:5px;\nmargin-bottom:35px;\n}\n.hr.av-9ilqf-60f2d548e9eecaa420ea58cf431917d1 .hr-inner{\nwidth:50px;\nborder-color:#9e2745;\n}\n<\/style>\n<div  class='hr av-9ilqf-60f2d548e9eecaa420ea58cf431917d1 hr-custom  avia-builder-el-3  el_before_av_textblock  avia-builder-el-first  hr-center hr-icon-no'><span class='hr-inner inner-border-av-border-fat'><span class=\"hr-inner-style\"><\/span><\/span><\/div><br \/>\n\n<style type=\"text\/css\" data-created_by=\"avia_inline_auto\" id=\"style-css-av-k5qtc3yy-627ac211b29083dd4d163f8cd42f852e\">\n\n@media only screen and (max-width: 479px){ \n#top .av_textblock_section.av-k5qtc3yy-627ac211b29083dd4d163f8cd42f852e .avia_textblock{\nfont-size:20px;\n}\n}\n<\/style>\n<section  class='av_textblock_section av-k5qtc3yy-627ac211b29083dd4d163f8cd42f852e '   itemscope=\"itemscope\" itemtype=\"https:\/\/schema.org\/CreativeWork\" ><div class='avia_textblock'  itemprop=\"text\" ><h1 style=\"text-align: center;\">Szerencsej\u00e1t\u00e9k-f\u00fcgg\u0151s\u00e9g<\/h1>\n<p>A szerencsej\u00e1t\u00e9k elvileg sz\u00f3rakoztat\u00f3, de gyorsan f\u00fcgg\u0151s\u00e9gg\u00e9 v\u00e1lhat. Ilyenkor elvesz\u00edted a kontrollod a j\u00e1t\u00e9k id\u0151tartama \u00e9s a p\u00e9nz felett. Ezut\u00e1n a szerencsej\u00e1t\u00e9k uralja minden gondolatod. Keress seg\u00edts\u00e9get, ha \u00fagy \u00e9rzed, hogy szerencsej\u00e1t\u00e9k-f\u00fcgg\u0151 vagy.<\/p>\n<\/div><\/section><\/p><\/div>\n<\/div><\/div><\/div><!-- close content main div --><\/div><\/div><div id='niedrigschwelliger'  class='avia-section av-jgme3-8dea5b4fd48505c2eecac2850a149a4f main_color avia-section-default avia-no-shadow  avia-builder-el-6  el_after_av_section  avia-builder-el-last  avia-bg-style-parallax container_wrap sidebar_right'  ><div class='container av-section-cont-open' ><div class='template-page content  av-content-small alpha units'><div class='post-entry post-entry-type-page post-entry-6029'><div class='entry-content-wrapper clearfix'>\n\n<style type=\"text\/css\" data-created_by=\"avia_inline_auto\" id=\"style-css-av-com6u-d6eb6857eafbf0f498c64223a5bf8691\">\n#top .av-special-heading.av-com6u-d6eb6857eafbf0f498c64223a5bf8691{\nmargin:0 0 0px 0;\npadding-bottom:0;\n}\nbody .av-special-heading.av-com6u-d6eb6857eafbf0f498c64223a5bf8691 .av-special-heading-tag .heading-char{\nfont-size:25px;\n}\n.av-special-heading.av-com6u-d6eb6857eafbf0f498c64223a5bf8691 .av-subheading{\nfont-size:15px;\n}\n<\/style>\n<div  id=\"Niedrigschwelliger\"  class='av-special-heading av-com6u-d6eb6857eafbf0f498c64223a5bf8691 av-special-heading-h2 blockquote modern-quote  avia-builder-el-7  el_before_av_hr  avia-builder-el-first '><h2 class='av-special-heading-tag '  itemprop=\"headline\"  >Felel\u0151ss\u00e9gteljes j\u00e1t\u00e9k szab\u00e1lyai<\/h2><div class=\"special-heading-border\"><div class=\"special-heading-inner-border\"><\/div><\/div><\/div>\n\n<style type=\"text\/css\" data-created_by=\"avia_inline_auto\" id=\"style-css-av-9ilqf-2-ddb192fd3a47a35e89d2ae62b05e1869\">\n#top .hr.av-9ilqf-2-ddb192fd3a47a35e89d2ae62b05e1869{\nmargin-top:5px;\nmargin-bottom:35px;\n}\n.hr.av-9ilqf-2-ddb192fd3a47a35e89d2ae62b05e1869 .hr-inner{\nwidth:50px;\nborder-color:#9e2745;\n}\n<\/style>\n<div  class='hr av-9ilqf-2-ddb192fd3a47a35e89d2ae62b05e1869 hr-custom  avia-builder-el-8  el_after_av_heading  el_before_av_one_full  hr-left hr-icon-no'><span class='hr-inner inner-border-av-border-fat'><span class=\"hr-inner-style\"><\/span><\/span><\/div>\n\n<style type=\"text\/css\" data-created_by=\"avia_inline_auto\" id=\"style-css-av-1r8ej-340562e16292231fe2d6de854a2da19b\">\n.flex_column.av-1r8ej-340562e16292231fe2d6de854a2da19b{\nborder-radius:0px 0px 0px 0px;\npadding:0px 0px 0px 0px;\n}\n<\/style>\n<div  class='flex_column av-1r8ej-340562e16292231fe2d6de854a2da19b av_one_full  avia-builder-el-9  el_after_av_hr  el_before_av_one_half  first flex_column_div av-zero-column-padding  '     ><section  class='av_textblock_section av-k5qtc3yy-1-e8baed29dfe6e34e51adc247fb8982b5 '   itemscope=\"itemscope\" itemtype=\"https:\/\/schema.org\/CreativeWork\" ><div class='avia_textblock'  itemprop=\"text\" ><p>F\u00fcggetlen\u00fcl att\u00f3l, hogy vesz\u00e9lyeztett vagy-e, az\u00e9rt, hogy a szerencsej\u00e1t\u00e9k tov\u00e1bbra is \u00e9lvezetes hobbi maradjon, \u00e9s ne v\u00e1ljon a vesztedre:<\/p>\n<\/div><\/section><\/div>\n<style type=\"text\/css\" data-created_by=\"avia_inline_auto\" id=\"style-css-av-f211a-4621be76d39445da06523dc370c27b41\">\n.flex_column.av-f211a-4621be76d39445da06523dc370c27b41{\nborder-radius:0px 0px 0px 0px;\npadding:0px 0px 0px 0px;\n}\n<\/style>\n<div  class='flex_column av-f211a-4621be76d39445da06523dc370c27b41 av_one_half  avia-builder-el-11  el_after_av_one_full  el_before_av_one_half  first flex_column_div av-zero-column-padding  column-top-margin'     ><section  class='av_textblock_section av-kosq4l2s-53b4ab076e49a4ced68b46647b397b99 '   itemscope=\"itemscope\" itemtype=\"https:\/\/schema.org\/CreativeWork\" ><div class='avia_textblock'  itemprop=\"text\" ><ul>\n<li>Csak sz\u00f3rakoz\u00e1sb\u00f3l j\u00e1tssz.<\/li>\n<li>Ne j\u00e1tssz azzal a sz\u00e1nd\u00e9kkal, hogy mindenk\u00e9pp nyerj.<\/li>\n<li>Ne haszn\u00e1ld a szerencsej\u00e1t\u00e9kot p\u00e9nzszerz\u00e9sre.<\/li>\n<li>Csak olyan p\u00e9nzzel j\u00e1tssz, ami a ti\u00e9d.<\/li>\n<li>Ha nyersz, fogd a p\u00e9nzt, \u00e9s hagyd abba a szerencsej\u00e1t\u00e9kot.<\/li>\n<li>Ne pr\u00f3b\u00e1ld meg \u00fajra szerencsej\u00e1t\u00e9kkal p\u00f3tolni a vesztes\u00e9geket.<\/li>\n<li>A szerencsej\u00e1t\u00e9kok el\u0151tt \u00e1ll\u00edts fel egy limitet\/ egy hat\u00e1rt, hogy mennyi p\u00e9nzt vagy hajland\u00f3 elvesz\u00edteni. Ha sz\u00fcks\u00e9ges, csak ezt az \u00f6sszeget vidd magaddal. <\/li>\n<li>A szerencsej\u00e1t\u00e9kok el\u0151tt szabj hat\u00e1rt annak, hogy mennyi id\u0151t vagy hajland\u00f3 szerencsej\u00e1t\u00e9kkal t\u00f6lteni.<\/li>\n<li>Ne n\u00f6veld ut\u00f3lag az el\u0151re meghat\u00e1rozott maxim\u00e1lis \u00f6sszeget.<\/li>\n<li>Tartsd be a m\u00e1soknak tett \u00edg\u00e9reteidet. Ne szegd meg az \u00edg\u00e9reted csak az\u00e9rt, mert tov\u00e1bb akarsz j\u00e1tszani. <\/li>\n<\/ul>\n<\/div><\/section><\/div>\n<style type=\"text\/css\" data-created_by=\"avia_inline_auto\" id=\"style-css-av-9xgqu-f5bcba10c3b4ad188263a6dc608be1d8\">\n.flex_column.av-9xgqu-f5bcba10c3b4ad188263a6dc608be1d8{\nborder-radius:0px 0px 0px 0px;\npadding:0px 0px 0px 0px;\n}\n<\/style>\n<div  class='flex_column av-9xgqu-f5bcba10c3b4ad188263a6dc608be1d8 av_one_half  avia-builder-el-13  el_after_av_one_half  avia-builder-el-last  flex_column_div av-zero-column-padding  column-top-margin'     ><section  class='av_textblock_section av-kosq3eos-82c1dd0ff0672d005951d201e5967e1c '   itemscope=\"itemscope\" itemtype=\"https:\/\/schema.org\/CreativeWork\" ><div class='avia_textblock'  itemprop=\"text\" ><ul>\n<li>Indulj abb\u00f3l ki, hogy vesz\u00edteni fogsz. Kev\u00e9s es\u00e9lyed van nyerni. Fogadd el a vesztes\u00e9geket a j\u00e1t\u00e9k r\u00e9szek\u00e9nt.  <\/li>\n<li>Ismerd meg a j\u00e1t\u00e9kszenved\u00e9lyn\u00e9l fell\u00e9p\u0151 probl\u00e9m\u00e1s viselked\u00e9s figyelmeztet\u0151 jeleit.<\/li>\n<li>Tervezz sz\u00fcneteket a szerencsej\u00e1t\u00e9kokt\u00f3l: T\u00e9rj vissza rendszeresen a szerencsej\u00e1t\u00e9kb\u00f3l a val\u00f3s\u00e1gba. K\u00fcl\u00f6n\u00f6sen a nyer\u0151 f\u00e1zisokban nagy a f\u00fcgg\u0151s\u00e9g kock\u00e1zata, mivel az agyban a jutalomk\u00f6zpont aktiv\u00e1l\u00f3dik, \u00e9s a nagy nyerem\u00e9nyek miatt gyakran elveszted a helyes m\u00e9rt\u00e9k meg\u00edt\u00e9l\u00e9s\u00e9t. T\u00fals\u00e1gosan magas t\u00e9tek \u00e9s kock\u00e1zatos szerencsej\u00e1t\u00e9kos magatart\u00e1s lehet a k\u00f6vetkezm\u00e9ny.  <\/li>\n<li>Soha ne j\u00e1tssz alkohol, k\u00e1b\u00edt\u00f3szer vagy gy\u00f3gyszer hat\u00e1sa alatt.<\/li>\n<li>Ne j\u00e1tssz depresszi\u00f3s hangulatban.<\/li>\n<li>Csak akkor j\u00e1tssz, ha kipihent vagy koncentr\u00e1lt vagy.<\/li>\n<li>Ha k\u00e9ptelen vagy abbahagyni a szerencsej\u00e1t\u00e9kot, ne habozz seg\u00edts\u00e9get k\u00e9rni.<\/li>\n<\/ul>\n<\/div><\/section><\/div>\n<\/div><\/div><\/div><!-- close content main div --><\/div><\/div><div id='after_section_2'  class='main_color av_default_container_wrap container_wrap sidebar_right'  ><div class='container av-section-cont-open' ><div class='template-page content  av-content-small alpha units'><div class='post-entry post-entry-type-page post-entry-6029'><div class='entry-content-wrapper clearfix'>\n","protected":false},"excerpt":{"rendered":"","protected":false},"author":2,"featured_media":0,"parent":6017,"menu_order":4,"comment_status":"closed","ping_status":"closed","template":"","meta":{"footnotes":""},"class_list":["post-6029","page","type-page","status-publish","hentry"],"yoast_head":"<!-- This site is optimized with the Yoast SEO plugin v27.3 - https:\/\/yoast.com\/product\/yoast-seo-wordpress\/ -->\n<title>Szerencsej\u00e1t\u00e9k-f\u00fcgg\u0151s\u00e9g - PIA Hessen - Informationen und Beratung rund um Prostitution<\/title>\n<meta name=\"description\" content=\"FIM bietet niedrigschwellige Deutschkurse mit Fokus auf sozialer Teilhabe f\u00fcr Frauen und Transpersonen mit geringer Bildungserfahrung.\" \/>\n<meta name=\"robots\" content=\"index, follow, max-snippet:-1, max-image-preview:large, max-video-preview:-1\" \/>\n<link rel=\"canonical\" href=\"https:\/\/pia-hessen.de\/hu\/egeszseg\/szerencsejatek-fueggoseg\" \/>\n<meta name=\"twitter:label1\" content=\"Becs\u00fclt olvas\u00e1si id\u0151\" \/>\n\t<meta name=\"twitter:data1\" content=\"9 perc\" \/>\n<script type=\"application\/ld+json\" class=\"yoast-schema-graph\">{\"@context\":\"https:\\\/\\\/schema.org\",\"@graph\":[{\"@type\":\"WebPage\",\"@id\":\"https:\\\/\\\/pia-hessen.de\\\/hu\\\/egeszseg\\\/szerencsejatek-fueggoseg\",\"url\":\"https:\\\/\\\/pia-hessen.de\\\/hu\\\/egeszseg\\\/szerencsejatek-fueggoseg\",\"name\":\"Szerencsej\u00e1t\u00e9k-f\u00fcgg\u0151s\u00e9g - PIA Hessen - Informationen und Beratung rund um Prostitution\",\"isPartOf\":{\"@id\":\"https:\\\/\\\/pia-hessen.de\\\/hu#website\"},\"datePublished\":\"2020-01-31T22:29:30+00:00\",\"dateModified\":\"2023-02-13T21:25:17+00:00\",\"description\":\"FIM bietet niedrigschwellige Deutschkurse mit Fokus auf sozialer Teilhabe f\u00fcr Frauen und Transpersonen mit geringer Bildungserfahrung.\",\"breadcrumb\":{\"@id\":\"https:\\\/\\\/pia-hessen.de\\\/hu\\\/egeszseg\\\/szerencsejatek-fueggoseg#breadcrumb\"},\"inLanguage\":\"hu\",\"potentialAction\":[{\"@type\":\"ReadAction\",\"target\":[\"https:\\\/\\\/pia-hessen.de\\\/hu\\\/egeszseg\\\/szerencsejatek-fueggoseg\"]}]},{\"@type\":\"BreadcrumbList\",\"@id\":\"https:\\\/\\\/pia-hessen.de\\\/hu\\\/egeszseg\\\/szerencsejatek-fueggoseg#breadcrumb\",\"itemListElement\":[{\"@type\":\"ListItem\",\"position\":1,\"name\":\"Startseite\",\"item\":\"https:\\\/\\\/pia-hessen.de\\\/hu\"},{\"@type\":\"ListItem\",\"position\":2,\"name\":\"Eg\u00e9szs\u00e9g\",\"item\":\"https:\\\/\\\/pia-hessen.de\\\/hu\\\/egeszseg\"},{\"@type\":\"ListItem\",\"position\":3,\"name\":\"Szerencsej\u00e1t\u00e9k-f\u00fcgg\u0151s\u00e9g\"}]},{\"@type\":\"WebSite\",\"@id\":\"https:\\\/\\\/pia-hessen.de\\\/hu#website\",\"url\":\"https:\\\/\\\/pia-hessen.de\\\/hu\",\"name\":\"PIA Hessen - Informationen und Beratung rund um Prostitution\",\"description\":\"\",\"publisher\":{\"@id\":\"https:\\\/\\\/pia-hessen.de\\\/hu#organization\"},\"potentialAction\":[{\"@type\":\"SearchAction\",\"target\":{\"@type\":\"EntryPoint\",\"urlTemplate\":\"https:\\\/\\\/pia-hessen.de\\\/hu?s={search_term_string}\"},\"query-input\":{\"@type\":\"PropertyValueSpecification\",\"valueRequired\":true,\"valueName\":\"search_term_string\"}}],\"inLanguage\":\"hu\"},{\"@type\":\"Organization\",\"@id\":\"https:\\\/\\\/pia-hessen.de\\\/hu#organization\",\"name\":\"PIA Hessen - Informationen und Beratung rund um Prostitution\",\"url\":\"https:\\\/\\\/pia-hessen.de\\\/hu\",\"logo\":{\"@type\":\"ImageObject\",\"inLanguage\":\"hu\",\"@id\":\"https:\\\/\\\/pia-hessen.de\\\/hu#\\\/schema\\\/logo\\\/image\\\/\",\"url\":\"https:\\\/\\\/pia-hessen.de\\\/wp-content\\\/uploads\\\/2022\\\/12\\\/pia-logo.png\",\"contentUrl\":\"https:\\\/\\\/pia-hessen.de\\\/wp-content\\\/uploads\\\/2022\\\/12\\\/pia-logo.png\",\"width\":300,\"height\":156,\"caption\":\"PIA Hessen - Informationen und Beratung rund um Prostitution\"},\"image\":{\"@id\":\"https:\\\/\\\/pia-hessen.de\\\/hu#\\\/schema\\\/logo\\\/image\\\/\"}}]}<\/script>\n<!-- \/ Yoast SEO plugin. -->","yoast_head_json":{"title":"Szerencsej\u00e1t\u00e9k-f\u00fcgg\u0151s\u00e9g - PIA Hessen - Informationen und Beratung rund um Prostitution","description":"FIM bietet niedrigschwellige Deutschkurse mit Fokus auf sozialer Teilhabe f\u00fcr Frauen und Transpersonen mit geringer Bildungserfahrung.","robots":{"index":"index","follow":"follow","max-snippet":"max-snippet:-1","max-image-preview":"max-image-preview:large","max-video-preview":"max-video-preview:-1"},"canonical":"https:\/\/pia-hessen.de\/hu\/egeszseg\/szerencsejatek-fueggoseg","twitter_misc":{"Becs\u00fclt olvas\u00e1si id\u0151":"9 perc"},"schema":{"@context":"https:\/\/schema.org","@graph":[{"@type":"WebPage","@id":"https:\/\/pia-hessen.de\/hu\/egeszseg\/szerencsejatek-fueggoseg","url":"https:\/\/pia-hessen.de\/hu\/egeszseg\/szerencsejatek-fueggoseg","name":"Szerencsej\u00e1t\u00e9k-f\u00fcgg\u0151s\u00e9g - PIA Hessen - Informationen und Beratung rund um Prostitution","isPartOf":{"@id":"https:\/\/pia-hessen.de\/hu#website"},"datePublished":"2020-01-31T22:29:30+00:00","dateModified":"2023-02-13T21:25:17+00:00","description":"FIM bietet niedrigschwellige Deutschkurse mit Fokus auf sozialer Teilhabe f\u00fcr Frauen und Transpersonen mit geringer Bildungserfahrung.","breadcrumb":{"@id":"https:\/\/pia-hessen.de\/hu\/egeszseg\/szerencsejatek-fueggoseg#breadcrumb"},"inLanguage":"hu","potentialAction":[{"@type":"ReadAction","target":["https:\/\/pia-hessen.de\/hu\/egeszseg\/szerencsejatek-fueggoseg"]}]},{"@type":"BreadcrumbList","@id":"https:\/\/pia-hessen.de\/hu\/egeszseg\/szerencsejatek-fueggoseg#breadcrumb","itemListElement":[{"@type":"ListItem","position":1,"name":"Startseite","item":"https:\/\/pia-hessen.de\/hu"},{"@type":"ListItem","position":2,"name":"Eg\u00e9szs\u00e9g","item":"https:\/\/pia-hessen.de\/hu\/egeszseg"},{"@type":"ListItem","position":3,"name":"Szerencsej\u00e1t\u00e9k-f\u00fcgg\u0151s\u00e9g"}]},{"@type":"WebSite","@id":"https:\/\/pia-hessen.de\/hu#website","url":"https:\/\/pia-hessen.de\/hu","name":"PIA Hessen - Informationen und Beratung rund um Prostitution","description":"","publisher":{"@id":"https:\/\/pia-hessen.de\/hu#organization"},"potentialAction":[{"@type":"SearchAction","target":{"@type":"EntryPoint","urlTemplate":"https:\/\/pia-hessen.de\/hu?s={search_term_string}"},"query-input":{"@type":"PropertyValueSpecification","valueRequired":true,"valueName":"search_term_string"}}],"inLanguage":"hu"},{"@type":"Organization","@id":"https:\/\/pia-hessen.de\/hu#organization","name":"PIA Hessen - Informationen und Beratung rund um Prostitution","url":"https:\/\/pia-hessen.de\/hu","logo":{"@type":"ImageObject","inLanguage":"hu","@id":"https:\/\/pia-hessen.de\/hu#\/schema\/logo\/image\/","url":"https:\/\/pia-hessen.de\/wp-content\/uploads\/2022\/12\/pia-logo.png","contentUrl":"https:\/\/pia-hessen.de\/wp-content\/uploads\/2022\/12\/pia-logo.png","width":300,"height":156,"caption":"PIA Hessen - Informationen und Beratung rund um Prostitution"},"image":{"@id":"https:\/\/pia-hessen.de\/hu#\/schema\/logo\/image\/"}}]}},"_links":{"self":[{"href":"https:\/\/pia-hessen.de\/hu\/wp-json\/wp\/v2\/pages\/6029","targetHints":{"allow":["GET"]}}],"collection":[{"href":"https:\/\/pia-hessen.de\/hu\/wp-json\/wp\/v2\/pages"}],"about":[{"href":"https:\/\/pia-hessen.de\/hu\/wp-json\/wp\/v2\/types\/page"}],"author":[{"embeddable":true,"href":"https:\/\/pia-hessen.de\/hu\/wp-json\/wp\/v2\/users\/2"}],"replies":[{"embeddable":true,"href":"https:\/\/pia-hessen.de\/hu\/wp-json\/wp\/v2\/comments?post=6029"}],"version-history":[{"count":2,"href":"https:\/\/pia-hessen.de\/hu\/wp-json\/wp\/v2\/pages\/6029\/revisions"}],"predecessor-version":[{"id":6031,"href":"https:\/\/pia-hessen.de\/hu\/wp-json\/wp\/v2\/pages\/6029\/revisions\/6031"}],"up":[{"embeddable":true,"href":"https:\/\/pia-hessen.de\/hu\/wp-json\/wp\/v2\/pages\/6017"}],"wp:attachment":[{"href":"https:\/\/pia-hessen.de\/hu\/wp-json\/wp\/v2\/media?parent=6029"}],"curies":[{"name":"wp","href":"https:\/\/api.w.org\/{rel}","templated":true}]}}