{"id":6076,"date":"2015-10-15T14:50:55","date_gmt":"2015-10-15T14:50:55","guid":{"rendered":"https:\/\/pia.fim-frauenrecht.de\/home"},"modified":"2024-03-19T10:37:09","modified_gmt":"2024-03-19T10:37:09","slug":"home","status":"publish","type":"page","link":"https:\/\/pia-hessen.de\/hu","title":{"rendered":"Home"},"content":{"rendered":"<div id='full_slider_1'  class='avia-fullwidth-slider main_color avia-shadow   avia-builder-el-0  el_before_av_section  avia-builder-el-first   container_wrap sidebar_right'  >\n<style type=\"text\/css\" data-created_by=\"avia_inline_auto\" id=\"style-css-av-18wjm7-6cf335c9ed59e4642b719df7d35b5b51\">\n#top #wrap_all .avia-slideshow .av-slideshow-caption.av-18wjm7-6cf335c9ed59e4642b719df7d35b5b51__0 .avia-caption-title{\nfont-size:70px;\ncolor:#ffffff;\n}\n#top .avia-slideshow .av-slideshow-caption.av-18wjm7-6cf335c9ed59e4642b719df7d35b5b51__0 .avia-caption-content{\nfont-size:16px;\ncolor:#ffffff;\n}\n#top .avia-slideshow .av-slideshow-caption.av-18wjm7-6cf335c9ed59e4642b719df7d35b5b51__0 .avia-caption-content p{\nfont-size:16px;\n}\n\n@media only screen and (max-width: 479px){ \n#top #wrap_all .avia-slideshow .av-slideshow-caption.av-18wjm7-6cf335c9ed59e4642b719df7d35b5b51__0 .avia-caption-title{\nfont-size:30px;\n}\n#top .avia-slideshow .av-slideshow-caption.av-18wjm7-6cf335c9ed59e4642b719df7d35b5b51__0 .avia-caption-content{\nfont-size:12px;\n}\n#top .avia-slideshow .av-slideshow-caption.av-18wjm7-6cf335c9ed59e4642b719df7d35b5b51__0 .avia-caption-content p{\nfont-size:12px;\n}\n}\n<\/style>\n<div  class='avia-slideshow av-18wjm7-6cf335c9ed59e4642b719df7d35b5b51 avia-slideshow-no scaling av_slideshow_full avia-fade-slider av-slideshow-ui av-control-minimal av-slideshow-autoplay av-loop-endless av-loop-manual-endless av-default-height-applied   avia-slideshow-1' data-slideshow-options=\"{&quot;animation&quot;:&quot;fade&quot;,&quot;autoplay&quot;:true,&quot;loop_autoplay&quot;:&quot;endless&quot;,&quot;interval&quot;:9,&quot;loop_manual&quot;:&quot;manual-endless&quot;,&quot;autoplay_stopper&quot;:false,&quot;noNavigation&quot;:false,&quot;bg_slider&quot;:false,&quot;keep_padding&quot;:false,&quot;hoverpause&quot;:false,&quot;show_slide_delay&quot;:0}\"  itemprop=\"image\" itemscope=\"itemscope\" itemtype=\"https:\/\/schema.org\/ImageObject\" ><ul class='avia-slideshow-inner ' style='padding-bottom: 31.578947368421%;'><li  class='avia-slideshow-slide av-18wjm7-6cf335c9ed59e4642b719df7d35b5b51__0  av-single-slide slide-1 slide-odd'><div data-rel='slideshow-1' class='avia-slide-wrap '   ><img decoding=\"async\" loading=\"lazy\" class=\"wp-image-3941 avia-img-lazy-loading-3941\"  src=\"https:\/\/pia-hessen.de\/wp-content\/uploads\/2020\/02\/fim-header-1-e1674580583402.jpg\" width=\"1140\" height=\"360\" title='fim-header' alt=''  itemprop=\"thumbnailUrl\"  style='min-height:200px; min-width:634px; ' \/><\/div><\/li><\/ul><\/div><\/div>\n\n<style type=\"text\/css\" data-created_by=\"avia_inline_auto\" id=\"style-css-av-1m9jn-2bd744fd3981a55b15dc30fa934496b0\">\n.avia-section.av-1m9jn-2bd744fd3981a55b15dc30fa934496b0{\nmargin-top:-50px;\nmargin-bottom:0px;\n}\n<\/style>\n<div id='av_section_1'  class='avia-section av-1m9jn-2bd744fd3981a55b15dc30fa934496b0 main_color avia-section-default avia-no-border-styling  avia-builder-el-1  el_after_av_slideshow_full  avia-builder-el-last  avia-bg-style-scroll container_wrap sidebar_right'  ><div class='container av-section-cont-open' ><div class='template-page content  av-content-small alpha units'><div class='post-entry post-entry-type-page post-entry-6076'><div class='entry-content-wrapper clearfix'>\n\n<style type=\"text\/css\" data-created_by=\"avia_inline_auto\" id=\"style-css-av-wb1z-e712ea951a541c7abd2b30da17bc8a5c\">\n.flex_column.av-wb1z-e712ea951a541c7abd2b30da17bc8a5c{\nborder-radius:0px 0px 0px 0px;\npadding:0 0px 0px 0px;\n}\n<\/style>\n<div  class='flex_column av-wb1z-e712ea951a541c7abd2b30da17bc8a5c av_one_full  avia-builder-el-2  avia-builder-el-no-sibling  first flex_column_div av-animated-generic pop-up  '     ><p>\n<style type=\"text\/css\" data-created_by=\"avia_inline_auto\" id=\"style-css-av-9ilqf-0406c8e7593bdf48baf77dacaa0ce3aa\">\n#top .hr.hr-invisible.av-9ilqf-0406c8e7593bdf48baf77dacaa0ce3aa{\nheight:50px;\n}\n<\/style>\n<div  class='hr av-9ilqf-0406c8e7593bdf48baf77dacaa0ce3aa hr-invisible  avia-builder-el-3  el_before_av_textblock  avia-builder-el-first '><span class='hr-inner '><span class=\"hr-inner-style\"><\/span><\/span><\/div><br \/>\n<section  class='av_textblock_section av-k5qtc3yy-ef6f2a3cacfa44f94223eb8ab2ebb749 '   itemscope=\"itemscope\" itemtype=\"https:\/\/schema.org\/CreativeWork\" ><div class='avia_textblock'  itemprop=\"text\" ><h1 style=\"text-align: center;\">PIA Hessen<\/h1>\n<h3 style=\"text-align: center;\">Prostit\u00faci\u00f3 &#8211; Inform\u00e1ci\u00f3 &#8211; Tan\u00e1csad\u00f3 k\u00f6zpontok<\/h3>\n<p style=\"text-align: center;\">A PIA Hessen oldal\u00e1n sok fontos inform\u00e1ci\u00f3t tal\u00e1lsz a prostit\u00faci\u00f3val kapcsolatban. Elmagyar\u00e1zzuk neked a <a href=\"https:\/\/pia-hessen.de\/hu\/jogok-es-koetelessegek\/a-prostitualtak-vedelmerol-szolo-toerveny\">prostitu\u00e1ltak v\u00e9delm\u00e9r\u0151l sz\u00f3l\u00f3 t\u00f6rv\u00e9nyt<\/a>, \u00e9s inform\u00e1ci\u00f3kat tal\u00e1lsz a k\u00f6vetkez\u0151 t\u00e9m\u00e1k kapcs\u00e1n: <a href=\"https:\/\/pia-hessen.de\/hu\/egeszseg\/altalanos-egeszsegi-allapot\">eg\u00e9szs\u00e9g<\/a>, <a href=\"https:\/\/pia-hessen.de\/hu\/rat-hilfe\/terhesseg\">terhess\u00e9g<\/a>, <a href=\"https:\/\/pia-hessen.de\/hu\/rat-hilfe\/kenyszerites-eroszak\">k\u00e9nyszer\u00edt\u00e9s \u00e9s az er\u0151szak<\/a>.<\/p>\n<p style=\"text-align: center;\">Ezenk\u00edv\u00fcl a PIA Hessen oldal\u00e1n megtal\u00e1lod a darmstadti, frankfurti, kasseli \u00e9s marburgi <a href=\"https:\/\/pia-hessen.de\/hu\/anlauf-und-beratungsstellen\">tan\u00e1csad\u00f3 k\u00f6zpontok list\u00e1j\u00e1t<\/a> is. A tan\u00e1csad\u00f3 k\u00f6zpontokban k\u00fcl\u00f6nb\u00f6z\u0151 t\u00e9m\u00e1k kapcs\u00e1n, mint a munk\u00e1d, a n\u00e9metorsz\u00e1gi \u00e9let kaphatsz tan\u00e1csokat, inform\u00e1ci\u00f3kat. A tan\u00e1csad\u00e1s ingyenes \u00e9s n\u00e9vtelen!<\/p>\n<p style=\"text-align: center;\">Ha nincs eg\u00e9szs\u00e9gbiztos\u00edt\u00e1sod, akkor is bizonyos esetekben ingyenesen megvizsg\u00e1ltathat egy orvos. A PIA Hessen oldal\u00e1n \u00f6ssze\u00e1ll\u00edtottuk neked azokat az <a href=\"https:\/\/pia-hessen.de\/hu\/egeszseg\/altalanos-egeszsegi-allapot\">ingyenes hesseni szolg\u00e1ltat\u00e1sokat, amelyek az eg\u00e9szs\u00e9gbiztos\u00edt\u00e1ssal nem rendelkez\u0151k sz\u00e1m\u00e1ra is el\u00e9rhet\u0151ek<\/a>. Azokat a kapcsolattart\u00f3 k\u00f6zpontokat, ahol a HIV-et tesztelheted \u00e9s a szexu\u00e1lis \u00faton terjed\u0151 betegs\u00e9geket kivizsg\u00e1ltathatod, <a href=\"https:\/\/pia-hessen.de\/hu\/egeszseg\/hiv-es-fertozo-betegsegek\">itt<\/a> tal\u00e1lod.<\/p>\n<p style=\"text-align: center;\">A PIA Hessen oldal\u00e1n megtal\u00e1lhatsz minden inform\u00e1ci\u00f3t bolg\u00e1r, rom\u00e1n, angol, spanyol \u00e9s magyar nyelven is.<\/p>\n<h1 style=\"text-align: center;\">\u2640 \u2642 \ud83c\udff3\ufe0f\u200d\u26a7\ufe0f<\/h1>\n<\/div><\/section><br \/>\n\n<style type=\"text\/css\" data-created_by=\"avia_inline_auto\" id=\"style-css-av-lcwdd67n-25c164acc15fab9e0ae0807c7197e8d3\">\n#top .hr.hr-invisible.av-lcwdd67n-25c164acc15fab9e0ae0807c7197e8d3{\nheight:50px;\n}\n<\/style>\n<div  class='hr av-lcwdd67n-25c164acc15fab9e0ae0807c7197e8d3 hr-invisible  avia-builder-el-5  el_after_av_textblock  avia-builder-el-last '><span class='hr-inner '><span class=\"hr-inner-style\"><\/span><\/span><\/div><\/p><\/div><\/div><\/div><\/div><!-- close content main div --><\/div><\/div><div id='after_section_1'  class='main_color av_default_container_wrap container_wrap sidebar_right'  ><div class='container av-section-cont-open' ><div class='template-page content  av-content-small alpha units'><div class='post-entry post-entry-type-page post-entry-6076'><div class='entry-content-wrapper clearfix'>\n","protected":false},"excerpt":{"rendered":"","protected":false},"author":1,"featured_media":3931,"parent":0,"menu_order":0,"comment_status":"closed","ping_status":"closed","template":"","meta":{"footnotes":""},"class_list":["post-6076","page","type-page","status-publish","has-post-thumbnail","hentry"],"yoast_head":"<!-- This site is optimized with the Yoast SEO plugin v27.3 - https:\/\/yoast.com\/product\/yoast-seo-wordpress\/ -->\n<title>PIA Hessen: Prostit\u00faci\u00f3 - Inform\u00e1ci\u00f3 - Tan\u00e1csad\u00f3 k\u00f6zpontok<\/title>\n<meta name=\"description\" content=\"A PIA Hessen oldal\u00e1n sok fontos inform\u00e1ci\u00f3t tal\u00e1lsz a prostit\u00faci\u00f3val kapcsolatban.\" \/>\n<meta name=\"robots\" content=\"index, follow, max-snippet:-1, max-image-preview:large, max-video-preview:-1\" \/>\n<link rel=\"canonical\" href=\"https:\/\/pia-hessen.de\/hu\" \/>\n<meta name=\"twitter:label1\" content=\"Becs\u00fclt olvas\u00e1si id\u0151\" \/>\n\t<meta name=\"twitter:data1\" content=\"1 perc\" \/>\n<script type=\"application\/ld+json\" class=\"yoast-schema-graph\">{\"@context\":\"https:\\\/\\\/schema.org\",\"@graph\":[{\"@type\":\"WebPage\",\"@id\":\"https:\\\/\\\/pia-hessen.de\\\/hu\",\"url\":\"https:\\\/\\\/pia-hessen.de\\\/hu\",\"name\":\"PIA Hessen: Prostit\u00faci\u00f3 - Inform\u00e1ci\u00f3 - Tan\u00e1csad\u00f3 k\u00f6zpontok\",\"isPartOf\":{\"@id\":\"https:\\\/\\\/pia-hessen.de\\\/hu#website\"},\"primaryImageOfPage\":{\"@id\":\"https:\\\/\\\/pia-hessen.de\\\/hu#primaryimage\"},\"image\":{\"@id\":\"https:\\\/\\\/pia-hessen.de\\\/hu#primaryimage\"},\"thumbnailUrl\":\"https:\\\/\\\/pia-hessen.de\\\/wp-content\\\/uploads\\\/2020\\\/02\\\/fim-header.jpg\",\"datePublished\":\"2015-10-15T14:50:55+00:00\",\"dateModified\":\"2024-03-19T10:37:09+00:00\",\"description\":\"A PIA Hessen oldal\u00e1n sok fontos inform\u00e1ci\u00f3t tal\u00e1lsz a prostit\u00faci\u00f3val kapcsolatban.\",\"breadcrumb\":{\"@id\":\"https:\\\/\\\/pia-hessen.de\\\/hu#breadcrumb\"},\"inLanguage\":\"hu\",\"potentialAction\":[{\"@type\":\"ReadAction\",\"target\":[\"https:\\\/\\\/pia-hessen.de\\\/hu\"]}]},{\"@type\":\"ImageObject\",\"inLanguage\":\"hu\",\"@id\":\"https:\\\/\\\/pia-hessen.de\\\/hu#primaryimage\",\"url\":\"https:\\\/\\\/pia-hessen.de\\\/wp-content\\\/uploads\\\/2020\\\/02\\\/fim-header.jpg\",\"contentUrl\":\"https:\\\/\\\/pia-hessen.de\\\/wp-content\\\/uploads\\\/2020\\\/02\\\/fim-header.jpg\",\"width\":1140,\"height\":360},{\"@type\":\"BreadcrumbList\",\"@id\":\"https:\\\/\\\/pia-hessen.de\\\/hu#breadcrumb\",\"itemListElement\":[{\"@type\":\"ListItem\",\"position\":1,\"name\":\"Startseite\",\"item\":\"https:\\\/\\\/pia-hessen.de\\\/hu\"},{\"@type\":\"ListItem\",\"position\":2,\"name\":\"Home\"}]},{\"@type\":\"WebSite\",\"@id\":\"https:\\\/\\\/pia-hessen.de\\\/hu#website\",\"url\":\"https:\\\/\\\/pia-hessen.de\\\/hu\",\"name\":\"PIA Hessen - Informationen und Beratung rund um Prostitution\",\"description\":\"\",\"publisher\":{\"@id\":\"https:\\\/\\\/pia-hessen.de\\\/hu#organization\"},\"potentialAction\":[{\"@type\":\"SearchAction\",\"target\":{\"@type\":\"EntryPoint\",\"urlTemplate\":\"https:\\\/\\\/pia-hessen.de\\\/hu?s={search_term_string}\"},\"query-input\":{\"@type\":\"PropertyValueSpecification\",\"valueRequired\":true,\"valueName\":\"search_term_string\"}}],\"inLanguage\":\"hu\"},{\"@type\":\"Organization\",\"@id\":\"https:\\\/\\\/pia-hessen.de\\\/hu#organization\",\"name\":\"PIA Hessen - Informationen und Beratung rund um Prostitution\",\"url\":\"https:\\\/\\\/pia-hessen.de\\\/hu\",\"logo\":{\"@type\":\"ImageObject\",\"inLanguage\":\"hu\",\"@id\":\"https:\\\/\\\/pia-hessen.de\\\/hu#\\\/schema\\\/logo\\\/image\\\/\",\"url\":\"https:\\\/\\\/pia-hessen.de\\\/wp-content\\\/uploads\\\/2022\\\/12\\\/pia-logo.png\",\"contentUrl\":\"https:\\\/\\\/pia-hessen.de\\\/wp-content\\\/uploads\\\/2022\\\/12\\\/pia-logo.png\",\"width\":300,\"height\":156,\"caption\":\"PIA Hessen - Informationen und Beratung rund um Prostitution\"},\"image\":{\"@id\":\"https:\\\/\\\/pia-hessen.de\\\/hu#\\\/schema\\\/logo\\\/image\\\/\"}}]}<\/script>\n<!-- \/ Yoast SEO plugin. -->","yoast_head_json":{"title":"PIA Hessen: Prostit\u00faci\u00f3 - Inform\u00e1ci\u00f3 - Tan\u00e1csad\u00f3 k\u00f6zpontok","description":"A PIA Hessen oldal\u00e1n sok fontos inform\u00e1ci\u00f3t tal\u00e1lsz a prostit\u00faci\u00f3val kapcsolatban.","robots":{"index":"index","follow":"follow","max-snippet":"max-snippet:-1","max-image-preview":"max-image-preview:large","max-video-preview":"max-video-preview:-1"},"canonical":"https:\/\/pia-hessen.de\/hu","twitter_misc":{"Becs\u00fclt olvas\u00e1si id\u0151":"1 perc"},"schema":{"@context":"https:\/\/schema.org","@graph":[{"@type":"WebPage","@id":"https:\/\/pia-hessen.de\/hu","url":"https:\/\/pia-hessen.de\/hu","name":"PIA Hessen: Prostit\u00faci\u00f3 - Inform\u00e1ci\u00f3 - Tan\u00e1csad\u00f3 k\u00f6zpontok","isPartOf":{"@id":"https:\/\/pia-hessen.de\/hu#website"},"primaryImageOfPage":{"@id":"https:\/\/pia-hessen.de\/hu#primaryimage"},"image":{"@id":"https:\/\/pia-hessen.de\/hu#primaryimage"},"thumbnailUrl":"https:\/\/pia-hessen.de\/wp-content\/uploads\/2020\/02\/fim-header.jpg","datePublished":"2015-10-15T14:50:55+00:00","dateModified":"2024-03-19T10:37:09+00:00","description":"A PIA Hessen oldal\u00e1n sok fontos inform\u00e1ci\u00f3t tal\u00e1lsz a prostit\u00faci\u00f3val kapcsolatban.","breadcrumb":{"@id":"https:\/\/pia-hessen.de\/hu#breadcrumb"},"inLanguage":"hu","potentialAction":[{"@type":"ReadAction","target":["https:\/\/pia-hessen.de\/hu"]}]},{"@type":"ImageObject","inLanguage":"hu","@id":"https:\/\/pia-hessen.de\/hu#primaryimage","url":"https:\/\/pia-hessen.de\/wp-content\/uploads\/2020\/02\/fim-header.jpg","contentUrl":"https:\/\/pia-hessen.de\/wp-content\/uploads\/2020\/02\/fim-header.jpg","width":1140,"height":360},{"@type":"BreadcrumbList","@id":"https:\/\/pia-hessen.de\/hu#breadcrumb","itemListElement":[{"@type":"ListItem","position":1,"name":"Startseite","item":"https:\/\/pia-hessen.de\/hu"},{"@type":"ListItem","position":2,"name":"Home"}]},{"@type":"WebSite","@id":"https:\/\/pia-hessen.de\/hu#website","url":"https:\/\/pia-hessen.de\/hu","name":"PIA Hessen - Informationen und Beratung rund um Prostitution","description":"","publisher":{"@id":"https:\/\/pia-hessen.de\/hu#organization"},"potentialAction":[{"@type":"SearchAction","target":{"@type":"EntryPoint","urlTemplate":"https:\/\/pia-hessen.de\/hu?s={search_term_string}"},"query-input":{"@type":"PropertyValueSpecification","valueRequired":true,"valueName":"search_term_string"}}],"inLanguage":"hu"},{"@type":"Organization","@id":"https:\/\/pia-hessen.de\/hu#organization","name":"PIA Hessen - Informationen und Beratung rund um Prostitution","url":"https:\/\/pia-hessen.de\/hu","logo":{"@type":"ImageObject","inLanguage":"hu","@id":"https:\/\/pia-hessen.de\/hu#\/schema\/logo\/image\/","url":"https:\/\/pia-hessen.de\/wp-content\/uploads\/2022\/12\/pia-logo.png","contentUrl":"https:\/\/pia-hessen.de\/wp-content\/uploads\/2022\/12\/pia-logo.png","width":300,"height":156,"caption":"PIA Hessen - Informationen und Beratung rund um Prostitution"},"image":{"@id":"https:\/\/pia-hessen.de\/hu#\/schema\/logo\/image\/"}}]}},"_links":{"self":[{"href":"https:\/\/pia-hessen.de\/hu\/wp-json\/wp\/v2\/pages\/6076","targetHints":{"allow":["GET"]}}],"collection":[{"href":"https:\/\/pia-hessen.de\/hu\/wp-json\/wp\/v2\/pages"}],"about":[{"href":"https:\/\/pia-hessen.de\/hu\/wp-json\/wp\/v2\/types\/page"}],"author":[{"embeddable":true,"href":"https:\/\/pia-hessen.de\/hu\/wp-json\/wp\/v2\/users\/1"}],"replies":[{"embeddable":true,"href":"https:\/\/pia-hessen.de\/hu\/wp-json\/wp\/v2\/comments?post=6076"}],"version-history":[{"count":15,"href":"https:\/\/pia-hessen.de\/hu\/wp-json\/wp\/v2\/pages\/6076\/revisions"}],"predecessor-version":[{"id":7075,"href":"https:\/\/pia-hessen.de\/hu\/wp-json\/wp\/v2\/pages\/6076\/revisions\/7075"}],"wp:featuredmedia":[{"embeddable":true,"href":"https:\/\/pia-hessen.de\/hu\/wp-json\/wp\/v2\/media\/3931"}],"wp:attachment":[{"href":"https:\/\/pia-hessen.de\/hu\/wp-json\/wp\/v2\/media?parent=6076"}],"curies":[{"name":"wp","href":"https:\/\/api.w.org\/{rel}","templated":true}]}}