{"id":6110,"date":"2020-01-31T21:59:50","date_gmt":"2020-01-31T21:59:50","guid":{"rendered":"https:\/\/pia.fim-frauenrecht.de\/jogok-es-koetelessegek\/szocialis-juttatasok"},"modified":"2023-06-20T15:06:57","modified_gmt":"2023-06-20T15:06:57","slug":"szocialis-juttatasok","status":"publish","type":"page","link":"https:\/\/pia-hessen.de\/hu\/jogok-es-koetelessegek\/szocialis-juttatasok","title":{"rendered":"Szoci\u00e1lis juttat\u00e1sok"},"content":{"rendered":"<div id='full_slider_1'  class='avia-fullwidth-slider main_color avia-shadow   avia-builder-el-0  el_before_av_section  avia-builder-el-first   container_wrap sidebar_right'  ><div  class='avia-slideshow av-k5u8417p-51fa327718471590041f1628efe5da80 avia-slideshow-no scaling av_slideshow_full avia-fade-slider av-slideshow-ui av-control-hidden av-no-slider-navigation av-hide-nav-arrows av-slideshow-manual av-loop-once av-loop-manual-endless av-default-height-applied   avia-slideshow-1' data-slideshow-options=\"{&quot;animation&quot;:&quot;fade&quot;,&quot;autoplay&quot;:false,&quot;loop_autoplay&quot;:&quot;once&quot;,&quot;interval&quot;:5,&quot;loop_manual&quot;:&quot;manual-endless&quot;,&quot;autoplay_stopper&quot;:false,&quot;noNavigation&quot;:true,&quot;bg_slider&quot;:false,&quot;keep_padding&quot;:false,&quot;hoverpause&quot;:false,&quot;show_slide_delay&quot;:0}\"  itemprop=\"image\" itemscope=\"itemscope\" itemtype=\"https:\/\/schema.org\/ImageObject\" ><ul class='avia-slideshow-inner ' style='padding-bottom: 1.6129032258065%;'><li  class='avia-slideshow-slide av-k5u8417p-51fa327718471590041f1628efe5da80__0  av-single-slide slide-1 slide-odd'><div data-rel='slideshow-1' class='avia-slide-wrap '   ><img decoding=\"async\" fetchpriority=\"high\" class=\"wp-image-3781 avia-img-lazy-loading-not-3781\"  src=\"https:\/\/pia-hessen.de\/wp-content\/uploads\/2020\/01\/balken-1.png\" width=\"1550\" height=\"25\" title='balken' alt=''  itemprop=\"thumbnailUrl\"  style='min-height:20px; min-width:1240px; ' srcset=\"https:\/\/pia-hessen.de\/wp-content\/uploads\/2020\/01\/balken-1.png 1550w, https:\/\/pia-hessen.de\/wp-content\/uploads\/2020\/01\/balken-1-300x5.png 300w, https:\/\/pia-hessen.de\/wp-content\/uploads\/2020\/01\/balken-1-1030x17.png 1030w, https:\/\/pia-hessen.de\/wp-content\/uploads\/2020\/01\/balken-1-768x12.png 768w, https:\/\/pia-hessen.de\/wp-content\/uploads\/2020\/01\/balken-1-1536x25.png 1536w, https:\/\/pia-hessen.de\/wp-content\/uploads\/2020\/01\/balken-1-1500x24.png 1500w, https:\/\/pia-hessen.de\/wp-content\/uploads\/2020\/01\/balken-1-705x11.png 705w\" sizes=\"(max-width: 1550px) 100vw, 1550px\" \/><\/div><\/li><\/ul><\/div><\/div>\n<div id='av_section_1'  class='avia-section av-1m9jn-b6036d40cac0c5be9199506d72b001eb main_color avia-section-default avia-no-border-styling  avia-builder-el-1  el_after_av_slideshow_full  el_before_av_section  avia-bg-style-scroll container_wrap sidebar_right'  ><div class='container av-section-cont-open' ><div class='template-page content  av-content-small alpha units'><div class='post-entry post-entry-type-page post-entry-6110'><div class='entry-content-wrapper clearfix'>\n\n<style type=\"text\/css\" data-created_by=\"avia_inline_auto\" id=\"style-css-av-wb1z-88d98e97dafaa024a68403d7f9642726\">\n.flex_column.av-wb1z-88d98e97dafaa024a68403d7f9642726{\nborder-radius:0px 0px 0px 0px;\npadding:0 0px 20px 0px;\n}\n<\/style>\n<div  class='flex_column av-wb1z-88d98e97dafaa024a68403d7f9642726 av_one_full  avia-builder-el-2  avia-builder-el-no-sibling  first flex_column_div av-animated-generic pop-up  '     ><p>\n<style type=\"text\/css\" data-created_by=\"avia_inline_auto\" id=\"style-css-av-9ilqf-60f2d548e9eecaa420ea58cf431917d1\">\n#top .hr.av-9ilqf-60f2d548e9eecaa420ea58cf431917d1{\nmargin-top:5px;\nmargin-bottom:35px;\n}\n.hr.av-9ilqf-60f2d548e9eecaa420ea58cf431917d1 .hr-inner{\nwidth:50px;\nborder-color:#9e2745;\n}\n<\/style>\n<div  class='hr av-9ilqf-60f2d548e9eecaa420ea58cf431917d1 hr-custom  avia-builder-el-3  el_before_av_textblock  avia-builder-el-first  hr-center hr-icon-no'><span class='hr-inner inner-border-av-border-fat'><span class=\"hr-inner-style\"><\/span><\/span><\/div><br \/>\n\n<style type=\"text\/css\" data-created_by=\"avia_inline_auto\" id=\"style-css-av-k5qtc3yy-42041e98294b25607d698f0237725a49\">\n\n@media only screen and (max-width: 479px){ \n#top .av_textblock_section.av-k5qtc3yy-42041e98294b25607d698f0237725a49 .avia_textblock{\nfont-size:20px;\n}\n}\n<\/style>\n<section  class='av_textblock_section av-k5qtc3yy-42041e98294b25607d698f0237725a49 '   itemscope=\"itemscope\" itemtype=\"https:\/\/schema.org\/CreativeWork\" ><div class='avia_textblock'  itemprop=\"text\" ><h1 style=\"text-align: center;\">B\u00fcrgergeld<\/h1>\n<p style=\"text-align: center;\">In Deutschland k\u00f6nnen Menschen ohne Einkommen und Ersparnisse Unterst\u00fctzung vom Staat erhalten. Diese Unterst\u00fctzung nennt sich B\u00fcrgergeld (vorher ALG II). Die Hilfe deckt das Existenzminimum ab, zum Beispiel Miete, Heizung, Essen und Krankenversicherung. Zust\u00e4ndig daf\u00fcr ist das Jobcenter in dem Ort, wo du wohnst oder wo du dich f\u00fcr gew\u00f6hnlich aufh\u00e4ltst.<\/p>\n<\/div><\/section><\/p><\/div><\/div><\/div><\/div><!-- close content main div --><\/div><\/div><div id='expertise'  class='avia-section av-jgme3-f10504fe925bd33429fb219761f9f306 main_color avia-section-default avia-no-shadow  avia-builder-el-5  el_after_av_section  el_before_av_section  avia-bg-style-parallax container_wrap sidebar_right'  ><div class='container av-section-cont-open' ><div class='template-page content  av-content-small alpha units'><div class='post-entry post-entry-type-page post-entry-6110'><div class='entry-content-wrapper clearfix'>\n\n<style type=\"text\/css\" data-created_by=\"avia_inline_auto\" id=\"style-css-av-kiydjjoq-8446823f84c22dcbf62cc4cc18603ef6\">\n#top .av-special-heading.av-kiydjjoq-8446823f84c22dcbf62cc4cc18603ef6{\nmargin:0 0 0px 0;\npadding-bottom:0;\n}\nbody .av-special-heading.av-kiydjjoq-8446823f84c22dcbf62cc4cc18603ef6 .av-special-heading-tag .heading-char{\nfont-size:25px;\n}\n.av-special-heading.av-kiydjjoq-8446823f84c22dcbf62cc4cc18603ef6 .av-subheading{\nfont-size:15px;\n}\n<\/style>\n<div  id=\"frauenrechte\"  class='av-special-heading av-kiydjjoq-8446823f84c22dcbf62cc4cc18603ef6 av-special-heading-h2 blockquote modern-quote  avia-builder-el-6  el_before_av_hr  avia-builder-el-first '><h2 class='av-special-heading-tag '  itemprop=\"headline\"  >Voraussetzungen und Pflichten<\/h2><div class=\"special-heading-border\"><div class=\"special-heading-inner-border\"><\/div><\/div><\/div>\n\n<style type=\"text\/css\" data-created_by=\"avia_inline_auto\" id=\"style-css-av-9ilqf-2-ddb192fd3a47a35e89d2ae62b05e1869\">\n#top .hr.av-9ilqf-2-ddb192fd3a47a35e89d2ae62b05e1869{\nmargin-top:5px;\nmargin-bottom:35px;\n}\n.hr.av-9ilqf-2-ddb192fd3a47a35e89d2ae62b05e1869 .hr-inner{\nwidth:50px;\nborder-color:#9e2745;\n}\n<\/style>\n<div  class='hr av-9ilqf-2-ddb192fd3a47a35e89d2ae62b05e1869 hr-custom  avia-builder-el-7  el_after_av_heading  el_before_av_one_half  hr-left hr-icon-no'><span class='hr-inner inner-border-av-border-fat'><span class=\"hr-inner-style\"><\/span><\/span><\/div>\n\n<style type=\"text\/css\" data-created_by=\"avia_inline_auto\" id=\"style-css-av-1r8ej-340562e16292231fe2d6de854a2da19b\">\n.flex_column.av-1r8ej-340562e16292231fe2d6de854a2da19b{\nborder-radius:0px 0px 0px 0px;\npadding:0px 0px 0px 0px;\n}\n<\/style>\n<div  class='flex_column av-1r8ej-340562e16292231fe2d6de854a2da19b av_one_half  avia-builder-el-8  el_after_av_hr  el_before_av_one_half  first flex_column_div av-zero-column-padding  '     ><section  class='av_textblock_section av-k5qtc3yy-1-d362681e63110053407ac1624ef545c1 '   itemscope=\"itemscope\" itemtype=\"https:\/\/schema.org\/CreativeWork\" ><div class='avia_textblock'  itemprop=\"text\" ><h3>Einkommen<\/h3>\n<p>Du musst nicht unbedingt arbeitslos sein, um B\u00fcrgergeld zu bekommen. Auch wenn dein Einkommen sehr gering ist und f\u00fcr deinen Lebensunterhalt nicht ausreicht, kannst du B\u00fcrgergeld als Erg\u00e4nzung erhalten. Wenn du zum Beispiel mit deiner Arbeit in der Prostitution wenig verdienst, kannst du zus\u00e4tzlich B\u00fcrgergeld beziehen. Hierf\u00fcr musst du aber alle Einnahmen aus der Prostitution dokumentieren und das Jobcenter dar\u00fcber informieren. Wenn du mit deiner Partner*in oder deiner Familie zusammenlebst, dann wird das Einkommen der anderen Haushaltsmitglieder bei der Berechnung vom B\u00fcrgergeld auch ber\u00fccksichtigt.<\/p>\n<h3>Mitwirkungspflicht<\/h3>\n<p>Wenn du B\u00fcrgergeld bekommst, musst du das Jobcenter \u00fcber alle \u00c4nderungen informieren, zum Beispiel neue Wohnung, neuer Job, mehr oder weniger Einkommen, neue Mitbewohner*innen usw. Wenn du B\u00fcrgergeld erh\u00e4ltst, gibt es Pflichten, die du erf\u00fcllen musst. Zum Beispiel musst du an Ma\u00dfnahmen teilnehmen oder dich auf Jobangebote bewerben.<\/p>\n<\/div><\/section><\/div>\n<style type=\"text\/css\" data-created_by=\"avia_inline_auto\" id=\"style-css-av-348rg-5a77e6d68b471fb6a110741c9cc698ef\">\n.flex_column.av-348rg-5a77e6d68b471fb6a110741c9cc698ef{\nborder-radius:0px 0px 0px 0px;\npadding:0px 0px 0px 0px;\n}\n<\/style>\n<div  class='flex_column av-348rg-5a77e6d68b471fb6a110741c9cc698ef av_one_half  avia-builder-el-10  el_after_av_one_half  avia-builder-el-last  flex_column_div av-zero-column-padding  '     ><section  class='av_textblock_section av-kolj3mw8-9b5e801be8962de2b3cb4fae10510df9 '   itemscope=\"itemscope\" itemtype=\"https:\/\/schema.org\/CreativeWork\" ><div class='avia_textblock'  itemprop=\"text\" ><h3>Bestimmungen f\u00fcr ausl\u00e4ndische Staatsb\u00fcrger*innen<\/h3>\n<p>Es ist nicht immer einfach, diese staatliche Unterst\u00fctzung zu erhalten. Insbesondere f\u00fcr Migrant*innen ohne deutschen Pass gelten strengere Regeln. EU-B\u00fcrger*innen m\u00fcssen nachweisen, dass sie sich nicht alleine zum Zweck der Jobsuche in Deutschland aufhalten, das hei\u00dft: Sie m\u00fcssen nachweisen k\u00f6nnen, dass sie seit mindestens einem Jahr angestellt oder als Selbst\u00e4ndige t\u00e4tig sind (zum Beispiel in der Prostitution) oder dass sie seit f\u00fcnf Jahren in Deutschland leben.<\/p>\n<\/div><\/section><\/div><\/div><\/div><\/div><!-- close content main div --><\/div><\/div><div id='expertise'  class='avia-section av-ophh0-55ed64df86e8f9229bf49732f012586c main_color avia-section-default avia-no-shadow  avia-builder-el-12  el_after_av_section  avia-builder-el-last  avia-bg-style-parallax container_wrap sidebar_right'  ><div class='container av-section-cont-open' ><div class='template-page content  av-content-small alpha units'><div class='post-entry post-entry-type-page post-entry-6110'><div class='entry-content-wrapper clearfix'>\n\n<style type=\"text\/css\" data-created_by=\"avia_inline_auto\" id=\"style-css-av-kolj0i7t-4bdec66176e7346899d02808ee02ba3b\">\n#top .av-special-heading.av-kolj0i7t-4bdec66176e7346899d02808ee02ba3b{\nmargin:0 0 0px 0;\npadding-bottom:0;\n}\nbody .av-special-heading.av-kolj0i7t-4bdec66176e7346899d02808ee02ba3b .av-special-heading-tag .heading-char{\nfont-size:25px;\n}\n.av-special-heading.av-kolj0i7t-4bdec66176e7346899d02808ee02ba3b .av-subheading{\nfont-size:15px;\n}\n<\/style>\n<div  id=\"frauenrechte\"  class='av-special-heading av-kolj0i7t-4bdec66176e7346899d02808ee02ba3b av-special-heading-h2 blockquote modern-quote  avia-builder-el-13  el_before_av_hr  avia-builder-el-first '><h2 class='av-special-heading-tag '  itemprop=\"headline\"  >K\u00e9relmez\u00e9ssel kapcsolatos seg\u00edts\u00e9g<\/h2><div class=\"special-heading-border\"><div class=\"special-heading-inner-border\"><\/div><\/div><\/div>\n\n<style type=\"text\/css\" data-created_by=\"avia_inline_auto\" id=\"style-css-av-1xc0c-2332872c050b475210900510098188ef\">\n#top .hr.av-1xc0c-2332872c050b475210900510098188ef{\nmargin-top:5px;\nmargin-bottom:35px;\n}\n.hr.av-1xc0c-2332872c050b475210900510098188ef .hr-inner{\nwidth:50px;\nborder-color:#9e2745;\n}\n<\/style>\n<div  class='hr av-1xc0c-2332872c050b475210900510098188ef hr-custom  avia-builder-el-14  el_after_av_heading  el_before_av_one_half  hr-left hr-icon-no'><span class='hr-inner inner-border-av-border-fat'><span class=\"hr-inner-style\"><\/span><\/span><\/div>\n\n<style type=\"text\/css\" data-created_by=\"avia_inline_auto\" id=\"style-css-av-d91h8-f349436bdf8fa3596b025ea019d95708\">\n.flex_column.av-d91h8-f349436bdf8fa3596b025ea019d95708{\nborder-radius:0px 0px 0px 0px;\npadding:0px 0px 0px 0px;\n}\n<\/style>\n<div  class='flex_column av-d91h8-f349436bdf8fa3596b025ea019d95708 av_one_half  avia-builder-el-15  el_after_av_hr  el_before_av_one_half  first flex_column_div av-zero-column-padding  '     ><section  class='av_textblock_section av-kolizx3w-4766eaca11f8f0a5835310fa15a159af '   itemscope=\"itemscope\" itemtype=\"https:\/\/schema.org\/CreativeWork\" ><div class='avia_textblock'  itemprop=\"text\" ><p>Wenn du in der Prostitution t\u00e4tig bist oder warst und B\u00fcrgergeld bereits beziehst oder beantragen m\u00f6chtest, kannst du dich an eine der <a href=\"https:\/\/pia-hessen.de\/hu\/anlauf-und-beratungsstellen\">Beratungsstellen f\u00fcr Prostituierte in Hessen<\/a> wenden. Die Berater*innen werden dich bei der Antragsstellung oder sonstigen Anliegen zum B\u00fcrgergeld unterst\u00fctzen.<\/p>\n<\/div><\/section><\/div>\n<style type=\"text\/css\" data-created_by=\"avia_inline_auto\" id=\"style-css-av-8t9xo-0f2412ff4e950f5b332705ee1a5b324f\">\n.flex_column.av-8t9xo-0f2412ff4e950f5b332705ee1a5b324f{\nborder-radius:0px 0px 0px 0px;\npadding:0px 0px 0px 0px;\n}\n<\/style>\n<div  class='flex_column av-8t9xo-0f2412ff4e950f5b332705ee1a5b324f av_one_half  avia-builder-el-17  el_after_av_one_half  el_before_av_hr  flex_column_div av-zero-column-padding  '     ><style type=\"text\/css\" data-created_by=\"avia_inline_auto\" id=\"style-css-av-kolj1mz6-2b91041a67527238792b6ad3d0be72ad\">\n#top .av_textblock_section.av-kolj1mz6-2b91041a67527238792b6ad3d0be72ad .avia_textblock{\ncolor:#000000;\n}\n<\/style>\n<section  class='av_textblock_section av-kolj1mz6-2b91041a67527238792b6ad3d0be72ad '   itemscope=\"itemscope\" itemtype=\"https:\/\/schema.org\/CreativeWork\" ><div class='avia_textblock av_inherit_color'  itemprop=\"text\" ><blockquote>\n<p><strong>A v\u00e1rosodban nincs prostitu\u00e1ltaknak sz\u00f3l\u00f3 tan\u00e1csad\u00f3 k\u00f6zpont? Fordulj a FIM-hez: <\/strong><\/p>\n<p>N\u00e9met, Bolg\u00e1r: +49 (0)177 864 96 26<br \/>\nAngol, Rom\u00e1n, Spanyol: +49 (0)157 73 55 16 85<\/p>\n<\/blockquote>\n<\/div><\/section><\/div>\n<style type=\"text\/css\" data-created_by=\"avia_inline_auto\" id=\"style-css-av-lcv2nhyb-13d9e98832c9dea0a584d3ed05203523\">\n#top .hr.hr-invisible.av-lcv2nhyb-13d9e98832c9dea0a584d3ed05203523{\nheight:50px;\n}\n<\/style>\n<div  class='hr av-lcv2nhyb-13d9e98832c9dea0a584d3ed05203523 hr-invisible  avia-builder-el-19  el_after_av_one_half  avia-builder-el-last '><span class='hr-inner '><span class=\"hr-inner-style\"><\/span><\/span><\/div>\n<\/div><\/div><\/div><!-- close content main div --><\/div><\/div><div id='after_section_3'  class='main_color av_default_container_wrap container_wrap sidebar_right'  ><div class='container av-section-cont-open' ><div class='template-page content  av-content-small alpha units'><div class='post-entry post-entry-type-page post-entry-6110'><div class='entry-content-wrapper clearfix'>\n","protected":false},"excerpt":{"rendered":"","protected":false},"author":2,"featured_media":0,"parent":6059,"menu_order":2,"comment_status":"closed","ping_status":"closed","template":"","meta":{"footnotes":""},"class_list":["post-6110","page","type-page","status-publish","hentry"],"yoast_head":"<!-- This site is optimized with the Yoast SEO plugin v27.3 - https:\/\/yoast.com\/product\/yoast-seo-wordpress\/ -->\n<title>Szoci\u00e1lis juttat\u00e1sok - PIA Hessen - Informationen und Beratung rund um Prostitution<\/title>\n<meta name=\"description\" content=\"Wir wollen die Lebenssituation von Migrantinnen und ihren Familien verbessern und das Thema Frauenrechte in Politik und Gesellschaft st\u00e4rken\" \/>\n<meta name=\"robots\" content=\"index, follow, max-snippet:-1, max-image-preview:large, max-video-preview:-1\" \/>\n<link rel=\"canonical\" href=\"https:\/\/pia-hessen.de\/hu\/jogok-es-koetelessegek\/szocialis-juttatasok\" \/>\n<meta name=\"twitter:label1\" content=\"Becs\u00fclt olvas\u00e1si id\u0151\" \/>\n\t<meta name=\"twitter:data1\" content=\"6 perc\" \/>\n<script type=\"application\/ld+json\" class=\"yoast-schema-graph\">{\"@context\":\"https:\\\/\\\/schema.org\",\"@graph\":[{\"@type\":\"WebPage\",\"@id\":\"https:\\\/\\\/pia-hessen.de\\\/hu\\\/jogok-es-koetelessegek\\\/szocialis-juttatasok\",\"url\":\"https:\\\/\\\/pia-hessen.de\\\/hu\\\/jogok-es-koetelessegek\\\/szocialis-juttatasok\",\"name\":\"Szoci\u00e1lis juttat\u00e1sok - PIA Hessen - Informationen und Beratung rund um Prostitution\",\"isPartOf\":{\"@id\":\"https:\\\/\\\/pia-hessen.de\\\/hu#website\"},\"datePublished\":\"2020-01-31T21:59:50+00:00\",\"dateModified\":\"2023-06-20T15:06:57+00:00\",\"description\":\"Wir wollen die Lebenssituation von Migrantinnen und ihren Familien verbessern und das Thema Frauenrechte in Politik und Gesellschaft st\u00e4rken\",\"breadcrumb\":{\"@id\":\"https:\\\/\\\/pia-hessen.de\\\/hu\\\/jogok-es-koetelessegek\\\/szocialis-juttatasok#breadcrumb\"},\"inLanguage\":\"hu\",\"potentialAction\":[{\"@type\":\"ReadAction\",\"target\":[\"https:\\\/\\\/pia-hessen.de\\\/hu\\\/jogok-es-koetelessegek\\\/szocialis-juttatasok\"]}]},{\"@type\":\"BreadcrumbList\",\"@id\":\"https:\\\/\\\/pia-hessen.de\\\/hu\\\/jogok-es-koetelessegek\\\/szocialis-juttatasok#breadcrumb\",\"itemListElement\":[{\"@type\":\"ListItem\",\"position\":1,\"name\":\"Startseite\",\"item\":\"https:\\\/\\\/pia-hessen.de\\\/hu\"},{\"@type\":\"ListItem\",\"position\":2,\"name\":\"Jogok \u00e9s k\u00f6teless\u00e9gek\",\"item\":\"https:\\\/\\\/pia-hessen.de\\\/hu\\\/jogok-es-koetelessegek\"},{\"@type\":\"ListItem\",\"position\":3,\"name\":\"Szoci\u00e1lis juttat\u00e1sok\"}]},{\"@type\":\"WebSite\",\"@id\":\"https:\\\/\\\/pia-hessen.de\\\/hu#website\",\"url\":\"https:\\\/\\\/pia-hessen.de\\\/hu\",\"name\":\"PIA Hessen - Informationen und Beratung rund um Prostitution\",\"description\":\"\",\"publisher\":{\"@id\":\"https:\\\/\\\/pia-hessen.de\\\/hu#organization\"},\"potentialAction\":[{\"@type\":\"SearchAction\",\"target\":{\"@type\":\"EntryPoint\",\"urlTemplate\":\"https:\\\/\\\/pia-hessen.de\\\/hu?s={search_term_string}\"},\"query-input\":{\"@type\":\"PropertyValueSpecification\",\"valueRequired\":true,\"valueName\":\"search_term_string\"}}],\"inLanguage\":\"hu\"},{\"@type\":\"Organization\",\"@id\":\"https:\\\/\\\/pia-hessen.de\\\/hu#organization\",\"name\":\"PIA Hessen - Informationen und Beratung rund um Prostitution\",\"url\":\"https:\\\/\\\/pia-hessen.de\\\/hu\",\"logo\":{\"@type\":\"ImageObject\",\"inLanguage\":\"hu\",\"@id\":\"https:\\\/\\\/pia-hessen.de\\\/hu#\\\/schema\\\/logo\\\/image\\\/\",\"url\":\"https:\\\/\\\/pia-hessen.de\\\/wp-content\\\/uploads\\\/2022\\\/12\\\/pia-logo.png\",\"contentUrl\":\"https:\\\/\\\/pia-hessen.de\\\/wp-content\\\/uploads\\\/2022\\\/12\\\/pia-logo.png\",\"width\":300,\"height\":156,\"caption\":\"PIA Hessen - Informationen und Beratung rund um Prostitution\"},\"image\":{\"@id\":\"https:\\\/\\\/pia-hessen.de\\\/hu#\\\/schema\\\/logo\\\/image\\\/\"}}]}<\/script>\n<!-- \/ Yoast SEO plugin. -->","yoast_head_json":{"title":"Szoci\u00e1lis juttat\u00e1sok - PIA Hessen - Informationen und Beratung rund um Prostitution","description":"Wir wollen die Lebenssituation von Migrantinnen und ihren Familien verbessern und das Thema Frauenrechte in Politik und Gesellschaft st\u00e4rken","robots":{"index":"index","follow":"follow","max-snippet":"max-snippet:-1","max-image-preview":"max-image-preview:large","max-video-preview":"max-video-preview:-1"},"canonical":"https:\/\/pia-hessen.de\/hu\/jogok-es-koetelessegek\/szocialis-juttatasok","twitter_misc":{"Becs\u00fclt olvas\u00e1si id\u0151":"6 perc"},"schema":{"@context":"https:\/\/schema.org","@graph":[{"@type":"WebPage","@id":"https:\/\/pia-hessen.de\/hu\/jogok-es-koetelessegek\/szocialis-juttatasok","url":"https:\/\/pia-hessen.de\/hu\/jogok-es-koetelessegek\/szocialis-juttatasok","name":"Szoci\u00e1lis juttat\u00e1sok - PIA Hessen - Informationen und Beratung rund um Prostitution","isPartOf":{"@id":"https:\/\/pia-hessen.de\/hu#website"},"datePublished":"2020-01-31T21:59:50+00:00","dateModified":"2023-06-20T15:06:57+00:00","description":"Wir wollen die Lebenssituation von Migrantinnen und ihren Familien verbessern und das Thema Frauenrechte in Politik und Gesellschaft st\u00e4rken","breadcrumb":{"@id":"https:\/\/pia-hessen.de\/hu\/jogok-es-koetelessegek\/szocialis-juttatasok#breadcrumb"},"inLanguage":"hu","potentialAction":[{"@type":"ReadAction","target":["https:\/\/pia-hessen.de\/hu\/jogok-es-koetelessegek\/szocialis-juttatasok"]}]},{"@type":"BreadcrumbList","@id":"https:\/\/pia-hessen.de\/hu\/jogok-es-koetelessegek\/szocialis-juttatasok#breadcrumb","itemListElement":[{"@type":"ListItem","position":1,"name":"Startseite","item":"https:\/\/pia-hessen.de\/hu"},{"@type":"ListItem","position":2,"name":"Jogok \u00e9s k\u00f6teless\u00e9gek","item":"https:\/\/pia-hessen.de\/hu\/jogok-es-koetelessegek"},{"@type":"ListItem","position":3,"name":"Szoci\u00e1lis juttat\u00e1sok"}]},{"@type":"WebSite","@id":"https:\/\/pia-hessen.de\/hu#website","url":"https:\/\/pia-hessen.de\/hu","name":"PIA Hessen - Informationen und Beratung rund um Prostitution","description":"","publisher":{"@id":"https:\/\/pia-hessen.de\/hu#organization"},"potentialAction":[{"@type":"SearchAction","target":{"@type":"EntryPoint","urlTemplate":"https:\/\/pia-hessen.de\/hu?s={search_term_string}"},"query-input":{"@type":"PropertyValueSpecification","valueRequired":true,"valueName":"search_term_string"}}],"inLanguage":"hu"},{"@type":"Organization","@id":"https:\/\/pia-hessen.de\/hu#organization","name":"PIA Hessen - Informationen und Beratung rund um Prostitution","url":"https:\/\/pia-hessen.de\/hu","logo":{"@type":"ImageObject","inLanguage":"hu","@id":"https:\/\/pia-hessen.de\/hu#\/schema\/logo\/image\/","url":"https:\/\/pia-hessen.de\/wp-content\/uploads\/2022\/12\/pia-logo.png","contentUrl":"https:\/\/pia-hessen.de\/wp-content\/uploads\/2022\/12\/pia-logo.png","width":300,"height":156,"caption":"PIA Hessen - Informationen und Beratung rund um Prostitution"},"image":{"@id":"https:\/\/pia-hessen.de\/hu#\/schema\/logo\/image\/"}}]}},"_links":{"self":[{"href":"https:\/\/pia-hessen.de\/hu\/wp-json\/wp\/v2\/pages\/6110","targetHints":{"allow":["GET"]}}],"collection":[{"href":"https:\/\/pia-hessen.de\/hu\/wp-json\/wp\/v2\/pages"}],"about":[{"href":"https:\/\/pia-hessen.de\/hu\/wp-json\/wp\/v2\/types\/page"}],"author":[{"embeddable":true,"href":"https:\/\/pia-hessen.de\/hu\/wp-json\/wp\/v2\/users\/2"}],"replies":[{"embeddable":true,"href":"https:\/\/pia-hessen.de\/hu\/wp-json\/wp\/v2\/comments?post=6110"}],"version-history":[{"count":11,"href":"https:\/\/pia-hessen.de\/hu\/wp-json\/wp\/v2\/pages\/6110\/revisions"}],"predecessor-version":[{"id":6875,"href":"https:\/\/pia-hessen.de\/hu\/wp-json\/wp\/v2\/pages\/6110\/revisions\/6875"}],"up":[{"embeddable":true,"href":"https:\/\/pia-hessen.de\/hu\/wp-json\/wp\/v2\/pages\/6059"}],"wp:attachment":[{"href":"https:\/\/pia-hessen.de\/hu\/wp-json\/wp\/v2\/media?parent=6110"}],"curies":[{"name":"wp","href":"https:\/\/api.w.org\/{rel}","templated":true}]}}