{"id":5310,"date":"2020-01-31T21:47:47","date_gmt":"2020-01-31T21:47:47","guid":{"rendered":"https:\/\/pia.fim-frauenrecht.de\/apeluri-de-urgenta"},"modified":"2023-02-03T13:45:25","modified_gmt":"2023-02-03T13:45:25","slug":"apeluri-de-urgenta","status":"publish","type":"page","link":"https:\/\/pia-hessen.de\/ro\/apeluri-de-urgenta","title":{"rendered":"Numere de urgen\u021b\u0103"},"content":{"rendered":"<div id='full_slider_1'  class='avia-fullwidth-slider main_color avia-shadow   avia-builder-el-0  el_before_av_section  avia-builder-el-first   container_wrap sidebar_right'  ><div  class='avia-slideshow av-k5u8417p-51fa327718471590041f1628efe5da80 avia-slideshow-no scaling av_slideshow_full avia-fade-slider av-slideshow-ui av-control-hidden av-no-slider-navigation av-hide-nav-arrows av-slideshow-manual av-loop-once av-loop-manual-endless av-default-height-applied   avia-slideshow-1' data-slideshow-options=\"{&quot;animation&quot;:&quot;fade&quot;,&quot;autoplay&quot;:false,&quot;loop_autoplay&quot;:&quot;once&quot;,&quot;interval&quot;:5,&quot;loop_manual&quot;:&quot;manual-endless&quot;,&quot;autoplay_stopper&quot;:false,&quot;noNavigation&quot;:true,&quot;bg_slider&quot;:false,&quot;keep_padding&quot;:false,&quot;hoverpause&quot;:false,&quot;show_slide_delay&quot;:0}\"  itemprop=\"image\" itemscope=\"itemscope\" itemtype=\"https:\/\/schema.org\/ImageObject\" ><ul class='avia-slideshow-inner ' style='padding-bottom: 1.6129032258065%;'><li  class='avia-slideshow-slide av-k5u8417p-51fa327718471590041f1628efe5da80__0  av-single-slide slide-1 slide-odd'><div data-rel='slideshow-1' class='avia-slide-wrap '   ><img decoding=\"async\" fetchpriority=\"high\" class=\"wp-image-3782 avia-img-lazy-loading-not-3782\"  src=\"https:\/\/pia-hessen.de\/wp-content\/uploads\/2020\/01\/balken-1.png\" width=\"1550\" height=\"25\" title='balken' alt=''  itemprop=\"thumbnailUrl\"  style='min-height:20px; min-width:1240px; ' srcset=\"https:\/\/pia-hessen.de\/wp-content\/uploads\/2020\/01\/balken-1.png 1550w, https:\/\/pia-hessen.de\/wp-content\/uploads\/2020\/01\/balken-1-300x5.png 300w, https:\/\/pia-hessen.de\/wp-content\/uploads\/2020\/01\/balken-1-1030x17.png 1030w, https:\/\/pia-hessen.de\/wp-content\/uploads\/2020\/01\/balken-1-768x12.png 768w, https:\/\/pia-hessen.de\/wp-content\/uploads\/2020\/01\/balken-1-1536x25.png 1536w, https:\/\/pia-hessen.de\/wp-content\/uploads\/2020\/01\/balken-1-1500x24.png 1500w, https:\/\/pia-hessen.de\/wp-content\/uploads\/2020\/01\/balken-1-705x11.png 705w\" sizes=\"(max-width: 1550px) 100vw, 1550px\" \/><\/div><\/li><\/ul><\/div><\/div>\n<div id='av_section_1'  class='avia-section av-1m9jn-b6036d40cac0c5be9199506d72b001eb main_color avia-section-default avia-no-border-styling  avia-builder-el-1  el_after_av_slideshow_full  el_before_av_section  avia-bg-style-scroll container_wrap sidebar_right'  ><div class='container av-section-cont-open' ><div class='template-page content  av-content-small alpha units'><div class='post-entry post-entry-type-page post-entry-5310'><div class='entry-content-wrapper clearfix'>\n\n<style type=\"text\/css\" data-created_by=\"avia_inline_auto\" id=\"style-css-av-wb1z-88d98e97dafaa024a68403d7f9642726\">\n.flex_column.av-wb1z-88d98e97dafaa024a68403d7f9642726{\nborder-radius:0px 0px 0px 0px;\npadding:0 0px 20px 0px;\n}\n<\/style>\n<div  class='flex_column av-wb1z-88d98e97dafaa024a68403d7f9642726 av_one_full  avia-builder-el-2  avia-builder-el-no-sibling  first flex_column_div av-animated-generic pop-up  '     ><p>\n<style type=\"text\/css\" data-created_by=\"avia_inline_auto\" id=\"style-css-av-9ilqf-60f2d548e9eecaa420ea58cf431917d1\">\n#top .hr.av-9ilqf-60f2d548e9eecaa420ea58cf431917d1{\nmargin-top:5px;\nmargin-bottom:35px;\n}\n.hr.av-9ilqf-60f2d548e9eecaa420ea58cf431917d1 .hr-inner{\nwidth:50px;\nborder-color:#9e2745;\n}\n<\/style>\n<div  class='hr av-9ilqf-60f2d548e9eecaa420ea58cf431917d1 hr-custom  avia-builder-el-3  el_before_av_textblock  avia-builder-el-first  hr-center hr-icon-no'><span class='hr-inner inner-border-av-border-fat'><span class=\"hr-inner-style\"><\/span><\/span><\/div><br \/>\n\n<style type=\"text\/css\" data-created_by=\"avia_inline_auto\" id=\"style-css-av-k5qtc3yy-c750e9439bed1160d19c9a638721f735\">\n\n@media only screen and (max-width: 479px){ \n#top .av_textblock_section.av-k5qtc3yy-c750e9439bed1160d19c9a638721f735 .avia_textblock{\nfont-size:20px;\n}\n}\n<\/style>\n<section  class='av_textblock_section av-k5qtc3yy-c750e9439bed1160d19c9a638721f735 '   itemscope=\"itemscope\" itemtype=\"https:\/\/schema.org\/CreativeWork\" ><div class='avia_textblock'  itemprop=\"text\" ><h1 style=\"text-align: center;\">Numere de urgen\u021b\u0103<\/h1>\n<\/div><\/section><\/p><\/div>\n\n<\/div><\/div><\/div><!-- close content main div --><\/div><\/div><div id='av_section_2'  class='avia-section av-5pkbd-c10180eef28039bf35c39b8666565617 main_color avia-section-default avia-no-border-styling  avia-builder-el-5  el_after_av_section  avia-builder-el-last  avia-bg-style-scroll container_wrap sidebar_right'  ><div class='container av-section-cont-open' ><div class='template-page content  av-content-small alpha units'><div class='post-entry post-entry-type-page post-entry-5310'><div class='entry-content-wrapper clearfix'>\n\n<style type=\"text\/css\" data-created_by=\"avia_inline_auto\" id=\"style-css-av-1cmvhl-b560554098a2f6d70e64c0d949dec119\">\n.flex_column.av-1cmvhl-b560554098a2f6d70e64c0d949dec119{\nborder-radius:0px 0px 0px 0px;\npadding:0px 0px 0px 0px;\n}\n<\/style>\n<div  class='flex_column av-1cmvhl-b560554098a2f6d70e64c0d949dec119 av_one_third  avia-builder-el-6  el_before_av_one_third  avia-builder-el-first  first flex_column_div av-zero-column-padding  '     ><section  class='av_textblock_section av-kosqt06z-22874b27c5475abdc16fdbafd79d9a41 '   itemscope=\"itemscope\" itemtype=\"https:\/\/schema.org\/CreativeWork\" ><div class='avia_textblock'  itemprop=\"text\" ><h2>Poli\u021bie<\/h2>\n<blockquote>\n<style type=\"text\/css\" data-created_by=\"avia_inline_auto\" id=\"style-css-av-16vct5-213e86c54dc214e00c49b7088c4f9160\">\n.av_font_icon.av-16vct5-213e86c54dc214e00c49b7088c4f9160 .av-icon-char{\nfont-size:40px;\nline-height:40px;\n}\n<\/style>\n<span  class='av_font_icon av-16vct5-213e86c54dc214e00c49b7088c4f9160 avia_animate_when_visible av-icon-style- avia-icon-pos-left avia-iconfont avia-font-entypo-fontello av-no-color avia-icon-animate'><span class='av-icon-char' data-av_icon='\ue854' data-av_iconfont='entypo-fontello' aria-hidden=\"true\" ><\/span><\/span>\n<h2>110<\/h2>\n<\/blockquote>\n<p>Dac\u0103 te afli \u00eentr-o situa\u021bie de urgen\u021b\u0103 sau dac\u0103 te sim\u021bi amenin\u021bat\u0103 apeleaz\u0103 num\u0103rul poli\u021biei. Vei fi direc\u021bionat\u0103 automat c\u0103tre sediul competent din zon\u0103. Num\u0103rul de urgen\u021b\u0103 este gratuit.<\/p>\n<\/div><\/section><\/div>\n<style type=\"text\/css\" data-created_by=\"avia_inline_auto\" id=\"style-css-av-133615-7fb1be734b1f8f53867c133752c452d3\">\n.flex_column.av-133615-7fb1be734b1f8f53867c133752c452d3{\nborder-radius:0px 0px 0px 0px;\npadding:0px 0px 0px 0px;\n}\n<\/style>\n<div  class='flex_column av-133615-7fb1be734b1f8f53867c133752c452d3 av_one_third  avia-builder-el-9  el_after_av_one_third  el_before_av_one_third  flex_column_div av-zero-column-padding  '     ><section  class='av_textblock_section av-kosqv8u7-8f4fc745fc45e3702381c8cd345939c4 '   itemscope=\"itemscope\" itemtype=\"https:\/\/schema.org\/CreativeWork\" ><div class='avia_textblock'  itemprop=\"text\" ><h2>Salvare \u0219i Pompieri<\/h2>\n<blockquote>\n<style type=\"text\/css\" data-created_by=\"avia_inline_auto\" id=\"style-css-av-ynmz5-62d4a7ac5c426dbcfb4d974d710bc7c3\">\n.av_font_icon.av-ynmz5-62d4a7ac5c426dbcfb4d974d710bc7c3 .av-icon-char{\nfont-size:40px;\nline-height:40px;\n}\n<\/style>\n<span  class='av_font_icon av-ynmz5-62d4a7ac5c426dbcfb4d974d710bc7c3 avia_animate_when_visible av-icon-style- avia-icon-pos-left avia-iconfont avia-font-entypo-fontello av-no-color avia-icon-animate'><span class='av-icon-char' data-av_icon='\ue854' data-av_iconfont='entypo-fontello' aria-hidden=\"true\" ><\/span><\/span>\n<h2>112<\/h2>\n<\/blockquote>\n<p>Aici po\u021bi apela \u00een cazul unui accident, \u00een cazul unui incendiu, sau \u00eentr-o situa\u021bie acut\u0103 de urgen\u021b\u0103 care necesit\u0103 ajutor imediat.<\/p>\n<\/div><\/section><\/div>\n<style type=\"text\/css\" data-created_by=\"avia_inline_auto\" id=\"style-css-av-2p3zt-4e4adaeb563816657ae228edc5f6b1c9\">\n.flex_column.av-2p3zt-4e4adaeb563816657ae228edc5f6b1c9{\nborder-radius:0px 0px 0px 0px;\npadding:0px 0px 0px 0px;\n}\n<\/style>\n<div  class='flex_column av-2p3zt-4e4adaeb563816657ae228edc5f6b1c9 av_one_third  avia-builder-el-12  el_after_av_one_third  el_before_av_hr  flex_column_div av-zero-column-padding  '     ><section  class='av_textblock_section av-kosqs7y9-4818bf6ae5129c685299643594afedf8 '   itemscope=\"itemscope\" itemtype=\"https:\/\/schema.org\/CreativeWork\" ><div class='avia_textblock'  itemprop=\"text\" ><h2>Serviciu telefonic de ajutor<\/h2>\n<blockquote>\n<style type=\"text\/css\" data-created_by=\"avia_inline_auto\" id=\"style-css-av-jssch-86f62c0a6f8aaa035922416df3d059de\">\n.av_font_icon.av-jssch-86f62c0a6f8aaa035922416df3d059de .av-icon-char{\nfont-size:40px;\nline-height:40px;\n}\n<\/style>\n<span  class='av_font_icon av-jssch-86f62c0a6f8aaa035922416df3d059de avia_animate_when_visible av-icon-style- avia-icon-pos-left avia-iconfont avia-font-entypo-fontello av-no-color avia-icon-animate'><span class='av-icon-char' data-av_icon='\ue854' data-av_iconfont='entypo-fontello' aria-hidden=\"true\" ><\/span><\/span>\n<h2>08000<br \/>\n116 016<\/h2>\n<\/blockquote>\n<p>Serviciu multilingv de asisten\u021b\u0103 \u0219i ajutor telefonic \u201cViolen\u021ba \u00eempotriva femeilor\u201d este un serviciu de consiliere disponibil pe \u00eentreg teritoriul Germaniei femeilor care au fost sau sunt victime ale violen\u021bei. Nu conteaz\u0103 dac\u0103 violen\u021ba a avut loc la locul de munc\u0103 sau acas\u0103. Po\u021bi apela num\u0103rul non-stop \u0219i gratuit. La nevoie vei fi \u00eendrumat\u0103 c\u0103tre serviciile de sprijin locale, cum ar fi organiza\u021bii de consiliere pentru femei sau ad\u0103posturi sigure din apropiere. Po\u021bi suna chiar dac\u0103 nu vorbe\u0219ti german\u0103. Consilierea telefonic\u0103 se face \u00een 17 limbi str\u0103ine, prin traduc\u0103toare.     <\/p>\n<p>Infos: <a href=\"https:\/\/www.hilfetelefon.de\/\" target=\"_blank\" rel=\"noopener\">www.hilfetelefon.de<\/a><\/p>\n<\/div><\/section><\/div>\n<style type=\"text\/css\" data-created_by=\"avia_inline_auto\" id=\"style-css-av-lcv3qfrm-5a3976c9d52936cfeeb80ea95fe77aa7\">\n#top .hr.hr-invisible.av-lcv3qfrm-5a3976c9d52936cfeeb80ea95fe77aa7{\nheight:50px;\n}\n<\/style>\n<div  class='hr av-lcv3qfrm-5a3976c9d52936cfeeb80ea95fe77aa7 hr-invisible  avia-builder-el-15  el_after_av_one_third  avia-builder-el-last '><span class='hr-inner '><span class=\"hr-inner-style\"><\/span><\/span><\/div>\n<\/div><\/div><\/div><!-- close content main div --><\/div><\/div><div id='after_section_2'  class='main_color av_default_container_wrap container_wrap sidebar_right'  ><div class='container av-section-cont-open' ><div class='template-page content  av-content-small alpha units'><div class='post-entry post-entry-type-page post-entry-5310'><div class='entry-content-wrapper clearfix'>\n","protected":false},"excerpt":{"rendered":"","protected":false},"author":2,"featured_media":0,"parent":0,"menu_order":0,"comment_status":"closed","ping_status":"closed","template":"","meta":{"footnotes":""},"class_list":["post-5310","page","type-page","status-publish","hentry"],"yoast_head":"<!-- This site is optimized with the Yoast SEO plugin v27.3 - https:\/\/yoast.com\/product\/yoast-seo-wordpress\/ -->\n<title>Numere de urgen\u021b\u0103 - PIA Hessen - Informationen und Beratung rund um Prostitution<\/title>\n<meta name=\"robots\" content=\"index, follow, max-snippet:-1, max-image-preview:large, max-video-preview:-1\" \/>\n<link rel=\"canonical\" href=\"https:\/\/pia-hessen.de\/ro\/apeluri-de-urgenta\" \/>\n<meta name=\"twitter:label1\" content=\"Timp estimat pentru citire\" \/>\n\t<meta name=\"twitter:data1\" content=\"3 minute\" \/>\n<script type=\"application\/ld+json\" class=\"yoast-schema-graph\">{\"@context\":\"https:\\\/\\\/schema.org\",\"@graph\":[{\"@type\":\"WebPage\",\"@id\":\"https:\\\/\\\/pia-hessen.de\\\/ro\\\/apeluri-de-urgenta\",\"url\":\"https:\\\/\\\/pia-hessen.de\\\/ro\\\/apeluri-de-urgenta\",\"name\":\"Numere de urgen\u021b\u0103 - PIA Hessen - Informationen und Beratung rund um Prostitution\",\"isPartOf\":{\"@id\":\"https:\\\/\\\/pia-hessen.de\\\/ro#website\"},\"datePublished\":\"2020-01-31T21:47:47+00:00\",\"dateModified\":\"2023-02-03T13:45:25+00:00\",\"breadcrumb\":{\"@id\":\"https:\\\/\\\/pia-hessen.de\\\/ro\\\/apeluri-de-urgenta#breadcrumb\"},\"inLanguage\":\"ro-RO\",\"potentialAction\":[{\"@type\":\"ReadAction\",\"target\":[\"https:\\\/\\\/pia-hessen.de\\\/ro\\\/apeluri-de-urgenta\"]}]},{\"@type\":\"BreadcrumbList\",\"@id\":\"https:\\\/\\\/pia-hessen.de\\\/ro\\\/apeluri-de-urgenta#breadcrumb\",\"itemListElement\":[{\"@type\":\"ListItem\",\"position\":1,\"name\":\"Startseite\",\"item\":\"https:\\\/\\\/pia-hessen.de\\\/ro\"},{\"@type\":\"ListItem\",\"position\":2,\"name\":\"Numere de urgen\u021b\u0103\"}]},{\"@type\":\"WebSite\",\"@id\":\"https:\\\/\\\/pia-hessen.de\\\/ro#website\",\"url\":\"https:\\\/\\\/pia-hessen.de\\\/ro\",\"name\":\"PIA Hessen - Informationen und Beratung rund um Prostitution\",\"description\":\"\",\"publisher\":{\"@id\":\"https:\\\/\\\/pia-hessen.de\\\/ro#organization\"},\"potentialAction\":[{\"@type\":\"SearchAction\",\"target\":{\"@type\":\"EntryPoint\",\"urlTemplate\":\"https:\\\/\\\/pia-hessen.de\\\/ro?s={search_term_string}\"},\"query-input\":{\"@type\":\"PropertyValueSpecification\",\"valueRequired\":true,\"valueName\":\"search_term_string\"}}],\"inLanguage\":\"ro-RO\"},{\"@type\":\"Organization\",\"@id\":\"https:\\\/\\\/pia-hessen.de\\\/ro#organization\",\"name\":\"PIA Hessen - Informationen und Beratung rund um Prostitution\",\"url\":\"https:\\\/\\\/pia-hessen.de\\\/ro\",\"logo\":{\"@type\":\"ImageObject\",\"inLanguage\":\"ro-RO\",\"@id\":\"https:\\\/\\\/pia-hessen.de\\\/ro#\\\/schema\\\/logo\\\/image\\\/\",\"url\":\"https:\\\/\\\/pia-hessen.de\\\/wp-content\\\/uploads\\\/2022\\\/12\\\/pia-logo.png\",\"contentUrl\":\"https:\\\/\\\/pia-hessen.de\\\/wp-content\\\/uploads\\\/2022\\\/12\\\/pia-logo.png\",\"width\":300,\"height\":156,\"caption\":\"PIA Hessen - Informationen und Beratung rund um Prostitution\"},\"image\":{\"@id\":\"https:\\\/\\\/pia-hessen.de\\\/ro#\\\/schema\\\/logo\\\/image\\\/\"}}]}<\/script>\n<!-- \/ Yoast SEO plugin. -->","yoast_head_json":{"title":"Numere de urgen\u021b\u0103 - PIA Hessen - Informationen und Beratung rund um Prostitution","robots":{"index":"index","follow":"follow","max-snippet":"max-snippet:-1","max-image-preview":"max-image-preview:large","max-video-preview":"max-video-preview:-1"},"canonical":"https:\/\/pia-hessen.de\/ro\/apeluri-de-urgenta","twitter_misc":{"Timp estimat pentru citire":"3 minute"},"schema":{"@context":"https:\/\/schema.org","@graph":[{"@type":"WebPage","@id":"https:\/\/pia-hessen.de\/ro\/apeluri-de-urgenta","url":"https:\/\/pia-hessen.de\/ro\/apeluri-de-urgenta","name":"Numere de urgen\u021b\u0103 - PIA Hessen - Informationen und Beratung rund um Prostitution","isPartOf":{"@id":"https:\/\/pia-hessen.de\/ro#website"},"datePublished":"2020-01-31T21:47:47+00:00","dateModified":"2023-02-03T13:45:25+00:00","breadcrumb":{"@id":"https:\/\/pia-hessen.de\/ro\/apeluri-de-urgenta#breadcrumb"},"inLanguage":"ro-RO","potentialAction":[{"@type":"ReadAction","target":["https:\/\/pia-hessen.de\/ro\/apeluri-de-urgenta"]}]},{"@type":"BreadcrumbList","@id":"https:\/\/pia-hessen.de\/ro\/apeluri-de-urgenta#breadcrumb","itemListElement":[{"@type":"ListItem","position":1,"name":"Startseite","item":"https:\/\/pia-hessen.de\/ro"},{"@type":"ListItem","position":2,"name":"Numere de urgen\u021b\u0103"}]},{"@type":"WebSite","@id":"https:\/\/pia-hessen.de\/ro#website","url":"https:\/\/pia-hessen.de\/ro","name":"PIA Hessen - Informationen und Beratung rund um Prostitution","description":"","publisher":{"@id":"https:\/\/pia-hessen.de\/ro#organization"},"potentialAction":[{"@type":"SearchAction","target":{"@type":"EntryPoint","urlTemplate":"https:\/\/pia-hessen.de\/ro?s={search_term_string}"},"query-input":{"@type":"PropertyValueSpecification","valueRequired":true,"valueName":"search_term_string"}}],"inLanguage":"ro-RO"},{"@type":"Organization","@id":"https:\/\/pia-hessen.de\/ro#organization","name":"PIA Hessen - Informationen und Beratung rund um Prostitution","url":"https:\/\/pia-hessen.de\/ro","logo":{"@type":"ImageObject","inLanguage":"ro-RO","@id":"https:\/\/pia-hessen.de\/ro#\/schema\/logo\/image\/","url":"https:\/\/pia-hessen.de\/wp-content\/uploads\/2022\/12\/pia-logo.png","contentUrl":"https:\/\/pia-hessen.de\/wp-content\/uploads\/2022\/12\/pia-logo.png","width":300,"height":156,"caption":"PIA Hessen - Informationen und Beratung rund um Prostitution"},"image":{"@id":"https:\/\/pia-hessen.de\/ro#\/schema\/logo\/image\/"}}]}},"_links":{"self":[{"href":"https:\/\/pia-hessen.de\/ro\/wp-json\/wp\/v2\/pages\/5310","targetHints":{"allow":["GET"]}}],"collection":[{"href":"https:\/\/pia-hessen.de\/ro\/wp-json\/wp\/v2\/pages"}],"about":[{"href":"https:\/\/pia-hessen.de\/ro\/wp-json\/wp\/v2\/types\/page"}],"author":[{"embeddable":true,"href":"https:\/\/pia-hessen.de\/ro\/wp-json\/wp\/v2\/users\/2"}],"replies":[{"embeddable":true,"href":"https:\/\/pia-hessen.de\/ro\/wp-json\/wp\/v2\/comments?post=5310"}],"version-history":[{"count":13,"href":"https:\/\/pia-hessen.de\/ro\/wp-json\/wp\/v2\/pages\/5310\/revisions"}],"predecessor-version":[{"id":5887,"href":"https:\/\/pia-hessen.de\/ro\/wp-json\/wp\/v2\/pages\/5310\/revisions\/5887"}],"wp:attachment":[{"href":"https:\/\/pia-hessen.de\/ro\/wp-json\/wp\/v2\/media?parent=5310"}],"curies":[{"name":"wp","href":"https:\/\/api.w.org\/{rel}","templated":true}]}}