{"id":5646,"date":"2020-01-25T21:51:57","date_gmt":"2020-01-25T21:51:57","guid":{"rendered":"https:\/\/pia.fim-frauenrecht.de\/sfat-si-ajutor\/lesire-din-job"},"modified":"2023-02-06T19:46:35","modified_gmt":"2023-02-06T19:46:35","slug":"lesire-din-job","status":"publish","type":"page","link":"https:\/\/pia-hessen.de\/ro\/sfat-si-ajutor\/lesire-din-job","title":{"rendered":"Le\u0219ire din Job?"},"content":{"rendered":"<div id='full_slider_1'  class='avia-fullwidth-slider main_color avia-shadow   avia-builder-el-0  el_before_av_section  avia-builder-el-first   container_wrap sidebar_right'  ><div  class='avia-slideshow av-k5u8417p-51fa327718471590041f1628efe5da80 avia-slideshow-no scaling av_slideshow_full avia-fade-slider av-slideshow-ui av-control-hidden av-no-slider-navigation av-hide-nav-arrows av-slideshow-manual av-loop-once av-loop-manual-endless av-default-height-applied   avia-slideshow-1' data-slideshow-options=\"{&quot;animation&quot;:&quot;fade&quot;,&quot;autoplay&quot;:false,&quot;loop_autoplay&quot;:&quot;once&quot;,&quot;interval&quot;:5,&quot;loop_manual&quot;:&quot;manual-endless&quot;,&quot;autoplay_stopper&quot;:false,&quot;noNavigation&quot;:true,&quot;bg_slider&quot;:false,&quot;keep_padding&quot;:false,&quot;hoverpause&quot;:false,&quot;show_slide_delay&quot;:0}\"  itemprop=\"image\" itemscope=\"itemscope\" itemtype=\"https:\/\/schema.org\/ImageObject\" ><ul class='avia-slideshow-inner ' style='padding-bottom: 1.6129032258065%;'><li  class='avia-slideshow-slide av-k5u8417p-51fa327718471590041f1628efe5da80__0  av-single-slide slide-1 slide-odd'><div data-rel='slideshow-1' class='avia-slide-wrap '   ><img decoding=\"async\" fetchpriority=\"high\" class=\"wp-image-3782 avia-img-lazy-loading-not-3782\"  src=\"https:\/\/pia-hessen.de\/wp-content\/uploads\/2020\/01\/balken-1.png\" width=\"1550\" height=\"25\" title='balken' alt=''  itemprop=\"thumbnailUrl\"  style='min-height:20px; min-width:1240px; ' srcset=\"https:\/\/pia-hessen.de\/wp-content\/uploads\/2020\/01\/balken-1.png 1550w, https:\/\/pia-hessen.de\/wp-content\/uploads\/2020\/01\/balken-1-300x5.png 300w, https:\/\/pia-hessen.de\/wp-content\/uploads\/2020\/01\/balken-1-1030x17.png 1030w, https:\/\/pia-hessen.de\/wp-content\/uploads\/2020\/01\/balken-1-768x12.png 768w, https:\/\/pia-hessen.de\/wp-content\/uploads\/2020\/01\/balken-1-1536x25.png 1536w, https:\/\/pia-hessen.de\/wp-content\/uploads\/2020\/01\/balken-1-1500x24.png 1500w, https:\/\/pia-hessen.de\/wp-content\/uploads\/2020\/01\/balken-1-705x11.png 705w\" sizes=\"(max-width: 1550px) 100vw, 1550px\" \/><\/div><\/li><\/ul><\/div><\/div>\n<div id='av_section_1'  class='avia-section av-1m9jn-3b6078fd05574ed777c57fdf78158479 main_color avia-section-default avia-no-border-styling  avia-builder-el-1  el_after_av_slideshow_full  el_before_av_section  avia-bg-style-scroll container_wrap sidebar_right'  ><div class='container av-section-cont-open' ><div class='template-page content  av-content-small alpha units'><div class='post-entry post-entry-type-page post-entry-5646'><div class='entry-content-wrapper clearfix'>\n\n<style type=\"text\/css\" data-created_by=\"avia_inline_auto\" id=\"style-css-av-wb1z-88d98e97dafaa024a68403d7f9642726\">\n.flex_column.av-wb1z-88d98e97dafaa024a68403d7f9642726{\nborder-radius:0px 0px 0px 0px;\npadding:0 0px 20px 0px;\n}\n<\/style>\n<div  class='flex_column av-wb1z-88d98e97dafaa024a68403d7f9642726 av_one_full  avia-builder-el-2  avia-builder-el-no-sibling  first flex_column_div av-animated-generic pop-up  '     ><p>\n<style type=\"text\/css\" data-created_by=\"avia_inline_auto\" id=\"style-css-av-9ilqf-60f2d548e9eecaa420ea58cf431917d1\">\n#top .hr.av-9ilqf-60f2d548e9eecaa420ea58cf431917d1{\nmargin-top:5px;\nmargin-bottom:35px;\n}\n.hr.av-9ilqf-60f2d548e9eecaa420ea58cf431917d1 .hr-inner{\nwidth:50px;\nborder-color:#9e2745;\n}\n<\/style>\n<div  class='hr av-9ilqf-60f2d548e9eecaa420ea58cf431917d1 hr-custom  avia-builder-el-3  el_before_av_textblock  avia-builder-el-first  hr-center hr-icon-no'><span class='hr-inner inner-border-av-border-fat'><span class=\"hr-inner-style\"><\/span><\/span><\/div><br \/>\n\n<style type=\"text\/css\" data-created_by=\"avia_inline_auto\" id=\"style-css-av-k5qtc3yy-627ac211b29083dd4d163f8cd42f852e\">\n\n@media only screen and (max-width: 479px){ \n#top .av_textblock_section.av-k5qtc3yy-627ac211b29083dd4d163f8cd42f852e .avia_textblock{\nfont-size:20px;\n}\n}\n<\/style>\n<section  class='av_textblock_section av-k5qtc3yy-627ac211b29083dd4d163f8cd42f852e '   itemscope=\"itemscope\" itemtype=\"https:\/\/schema.org\/CreativeWork\" ><div class='avia_textblock'  itemprop=\"text\" ><h1 style=\"text-align: center;\">Le\u0219ire din Job?<\/h1>\n<p style=\"text-align: center;\">Dac\u0103 nu mai vrei s\u0103 munce\u0219ti \u00een prostitu\u021bie, contacteaz\u0103 cel mai bine un centru de consiliere. Ie\u0219irea din acest domeniu nu este mereu u\u0219or\u0103, dar consilierii te pot sprijini \u0219i te pot \u00eenso\u021bi pe aceast\u0103 nou\u0103 cale. Se poate clarifica de exemplu dac\u0103 po\u021bi beneficia temporar de ajutor social \u0219i te pot sprijini \u00een g\u0103sirea de noi perspective.  <\/p>\n<\/div><\/section><\/p><\/div><\/div><\/div><\/div><!-- close content main div --><\/div><\/div><div id='av_section_2'  class='avia-section av-16kocw-28072247e7729775866903dc987d5f75 main_color avia-section-default avia-no-shadow  avia-builder-el-5  el_after_av_section  avia-builder-el-last  avia-bg-style-scroll container_wrap sidebar_right'  ><div class='container av-section-cont-open' ><div class='template-page content  av-content-small alpha units'><div class='post-entry post-entry-type-page post-entry-5646'><div class='entry-content-wrapper clearfix'>\n\n<style type=\"text\/css\" data-created_by=\"avia_inline_auto\" id=\"style-css-av-14ogc8-f7d57d01da7d19ebdda4102d277c243a\">\n.flex_column.av-14ogc8-f7d57d01da7d19ebdda4102d277c243a{\nborder-radius:0px 0px 0px 0px;\npadding:0px 0px 0px 0px;\n}\n<\/style>\n<div  class='flex_column av-14ogc8-f7d57d01da7d19ebdda4102d277c243a av_one_fifth  avia-builder-el-6  el_before_av_three_fifth  avia-builder-el-first  first flex_column_div av-zero-column-padding  '     ><\/div>\n<style type=\"text\/css\" data-created_by=\"avia_inline_auto\" id=\"style-css-av-zhnsw-5551b1553cd381d7f410f2ed2e21cbf5\">\n.flex_column.av-zhnsw-5551b1553cd381d7f410f2ed2e21cbf5{\nborder-radius:0px 0px 0px 0px;\npadding:0px 0px 0px 0px;\n}\n<\/style>\n<div  class='flex_column av-zhnsw-5551b1553cd381d7f410f2ed2e21cbf5 av_three_fifth  avia-builder-el-7  el_after_av_one_fifth  el_before_av_one_fifth  flex_column_div av-zero-column-padding  '     ><p><div  class='avia-button-wrap avia-button-center  avia-builder-el-8  el_before_av_textblock  avia-builder-el-first '>\n<style type=\"text\/css\" data-created_by=\"avia_inline_auto\" id=\"style-css-av-s5k34-dbdd7d41643c3f4b55b88442baed6183\">\n#top #wrap_all .avia-button.av-s5k34-dbdd7d41643c3f4b55b88442baed6183:hover{\ncolor:white;\ntransition:all 0.4s ease-in-out;\n}\n#top #wrap_all .avia-button.av-s5k34-dbdd7d41643c3f4b55b88442baed6183:hover .avia-svg-icon svg:first-child{\nfill:white;\nstroke:white;\n}\n<\/style>\n<a href='https:\/\/pia.fim-frauenrecht.de\/ro\/anlauf-und-beratungsstellen' class='avia-color-theme-color avia-font-color-theme-color avia-button avia-button-fullwidth av-s5k34-dbdd7d41643c3f4b55b88442baed6183 avia-icon_select-yes-left-icon avia-color-theme-color'   aria-label=\"Aici g\u0103se\u0219ti centrele de consiliere din Hessen\"><span class='avia_button_icon avia_button_icon_left avia-iconfont avia-font-entypo-fontello' data-av_icon='\ue81f' data-av_iconfont='entypo-fontello' ><\/span><span class='avia_iconbox_title' >Aici g\u0103se\u0219ti centrele de consiliere din Hessen<\/span><span class='avia_button_background avia-button avia-button-fullwidth avia-color-theme-color-highlight'><\/span><\/a><\/div><br \/>\n<section  class='av_textblock_section av-lju7s-fc4e1b6730a0b9ccaf73d1b277a26ca1 '   itemscope=\"itemscope\" itemtype=\"https:\/\/schema.org\/CreativeWork\" ><div class='avia_textblock'  itemprop=\"text\" ><p style=\"text-align: center;\">Consilierea este gratuit\u0103 \u0219i anonim\u0103.<\/p>\n<\/div><\/section><\/p><\/div>\n<style type=\"text\/css\" data-created_by=\"avia_inline_auto\" id=\"style-css-av-ehup4-c6dd8a7a4d4febb414f6ddddaa2b54d8\">\n.flex_column.av-ehup4-c6dd8a7a4d4febb414f6ddddaa2b54d8{\nborder-radius:0px 0px 0px 0px;\npadding:0px 0px 0px 0px;\n}\n<\/style>\n<div  class='flex_column av-ehup4-c6dd8a7a4d4febb414f6ddddaa2b54d8 av_one_fifth  avia-builder-el-10  el_after_av_three_fifth  el_before_av_hr  flex_column_div av-zero-column-padding  '     ><\/div>\n<style type=\"text\/css\" data-created_by=\"avia_inline_auto\" id=\"style-css-av-achds-e464d9d4f13827c9f655d2162bf8d8da\">\n#top .hr.hr-invisible.av-achds-e464d9d4f13827c9f655d2162bf8d8da{\nheight:50px;\n}\n<\/style>\n<div  class='hr av-achds-e464d9d4f13827c9f655d2162bf8d8da hr-invisible  avia-builder-el-11  el_after_av_one_fifth  avia-builder-el-last '><span class='hr-inner '><span class=\"hr-inner-style\"><\/span><\/span><\/div>\n<\/div><\/div><\/div><!-- close content main div --><\/div><\/div><div id='after_section_2'  class='main_color av_default_container_wrap container_wrap sidebar_right'  ><div class='container av-section-cont-open' ><div class='template-page content  av-content-small alpha units'><div class='post-entry post-entry-type-page post-entry-5646'><div class='entry-content-wrapper clearfix'>\n","protected":false},"excerpt":{"rendered":"","protected":false},"author":2,"featured_media":0,"parent":5634,"menu_order":5,"comment_status":"closed","ping_status":"closed","template":"","meta":{"footnotes":""},"class_list":["post-5646","page","type-page","status-publish","hentry"],"yoast_head":"<!-- This site is optimized with the Yoast SEO plugin v27.3 - https:\/\/yoast.com\/product\/yoast-seo-wordpress\/ -->\n<title>Le\u0219ire din Job? - PIA Hessen - Informationen und Beratung rund um Prostitution<\/title>\n<meta name=\"description\" content=\"Weibliche Genitalbeschneidung (FGM\/C) ist eine schwere geschlechtsspezifische Menschenrechtsverletzung. FIM setzt sich f\u00fcr betroffene Frauen und M\u00e4dchen ein.\" \/>\n<meta name=\"robots\" content=\"index, follow, max-snippet:-1, max-image-preview:large, max-video-preview:-1\" \/>\n<link rel=\"canonical\" href=\"https:\/\/pia-hessen.de\/ro\/sfat-si-ajutor\/lesire-din-job\" \/>\n<meta name=\"twitter:label1\" content=\"Timp estimat pentru citire\" \/>\n\t<meta name=\"twitter:data1\" content=\"8 minute\" \/>\n<script type=\"application\/ld+json\" class=\"yoast-schema-graph\">{\"@context\":\"https:\\\/\\\/schema.org\",\"@graph\":[{\"@type\":\"WebPage\",\"@id\":\"https:\\\/\\\/pia-hessen.de\\\/ro\\\/sfat-si-ajutor\\\/lesire-din-job\",\"url\":\"https:\\\/\\\/pia-hessen.de\\\/ro\\\/sfat-si-ajutor\\\/lesire-din-job\",\"name\":\"Le\u0219ire din Job? - PIA Hessen - Informationen und Beratung rund um Prostitution\",\"isPartOf\":{\"@id\":\"https:\\\/\\\/pia-hessen.de\\\/ro#website\"},\"datePublished\":\"2020-01-25T21:51:57+00:00\",\"dateModified\":\"2023-02-06T19:46:35+00:00\",\"description\":\"Weibliche Genitalbeschneidung (FGM\\\/C) ist eine schwere geschlechtsspezifische Menschenrechtsverletzung. FIM setzt sich f\u00fcr betroffene Frauen und M\u00e4dchen ein.\",\"breadcrumb\":{\"@id\":\"https:\\\/\\\/pia-hessen.de\\\/ro\\\/sfat-si-ajutor\\\/lesire-din-job#breadcrumb\"},\"inLanguage\":\"ro-RO\",\"potentialAction\":[{\"@type\":\"ReadAction\",\"target\":[\"https:\\\/\\\/pia-hessen.de\\\/ro\\\/sfat-si-ajutor\\\/lesire-din-job\"]}]},{\"@type\":\"BreadcrumbList\",\"@id\":\"https:\\\/\\\/pia-hessen.de\\\/ro\\\/sfat-si-ajutor\\\/lesire-din-job#breadcrumb\",\"itemListElement\":[{\"@type\":\"ListItem\",\"position\":1,\"name\":\"Startseite\",\"item\":\"https:\\\/\\\/pia-hessen.de\\\/ro\"},{\"@type\":\"ListItem\",\"position\":2,\"name\":\"Sfat \u0219i Ajutor\",\"item\":\"https:\\\/\\\/pia-hessen.de\\\/ro\\\/sfat-si-ajutor\"},{\"@type\":\"ListItem\",\"position\":3,\"name\":\"Le\u0219ire din Job?\"}]},{\"@type\":\"WebSite\",\"@id\":\"https:\\\/\\\/pia-hessen.de\\\/ro#website\",\"url\":\"https:\\\/\\\/pia-hessen.de\\\/ro\",\"name\":\"PIA Hessen - Informationen und Beratung rund um Prostitution\",\"description\":\"\",\"publisher\":{\"@id\":\"https:\\\/\\\/pia-hessen.de\\\/ro#organization\"},\"potentialAction\":[{\"@type\":\"SearchAction\",\"target\":{\"@type\":\"EntryPoint\",\"urlTemplate\":\"https:\\\/\\\/pia-hessen.de\\\/ro?s={search_term_string}\"},\"query-input\":{\"@type\":\"PropertyValueSpecification\",\"valueRequired\":true,\"valueName\":\"search_term_string\"}}],\"inLanguage\":\"ro-RO\"},{\"@type\":\"Organization\",\"@id\":\"https:\\\/\\\/pia-hessen.de\\\/ro#organization\",\"name\":\"PIA Hessen - Informationen und Beratung rund um Prostitution\",\"url\":\"https:\\\/\\\/pia-hessen.de\\\/ro\",\"logo\":{\"@type\":\"ImageObject\",\"inLanguage\":\"ro-RO\",\"@id\":\"https:\\\/\\\/pia-hessen.de\\\/ro#\\\/schema\\\/logo\\\/image\\\/\",\"url\":\"https:\\\/\\\/pia-hessen.de\\\/wp-content\\\/uploads\\\/2022\\\/12\\\/pia-logo.png\",\"contentUrl\":\"https:\\\/\\\/pia-hessen.de\\\/wp-content\\\/uploads\\\/2022\\\/12\\\/pia-logo.png\",\"width\":300,\"height\":156,\"caption\":\"PIA Hessen - Informationen und Beratung rund um Prostitution\"},\"image\":{\"@id\":\"https:\\\/\\\/pia-hessen.de\\\/ro#\\\/schema\\\/logo\\\/image\\\/\"}}]}<\/script>\n<!-- \/ Yoast SEO plugin. -->","yoast_head_json":{"title":"Le\u0219ire din Job? - PIA Hessen - Informationen und Beratung rund um Prostitution","description":"Weibliche Genitalbeschneidung (FGM\/C) ist eine schwere geschlechtsspezifische Menschenrechtsverletzung. FIM setzt sich f\u00fcr betroffene Frauen und M\u00e4dchen ein.","robots":{"index":"index","follow":"follow","max-snippet":"max-snippet:-1","max-image-preview":"max-image-preview:large","max-video-preview":"max-video-preview:-1"},"canonical":"https:\/\/pia-hessen.de\/ro\/sfat-si-ajutor\/lesire-din-job","twitter_misc":{"Timp estimat pentru citire":"8 minute"},"schema":{"@context":"https:\/\/schema.org","@graph":[{"@type":"WebPage","@id":"https:\/\/pia-hessen.de\/ro\/sfat-si-ajutor\/lesire-din-job","url":"https:\/\/pia-hessen.de\/ro\/sfat-si-ajutor\/lesire-din-job","name":"Le\u0219ire din Job? - PIA Hessen - Informationen und Beratung rund um Prostitution","isPartOf":{"@id":"https:\/\/pia-hessen.de\/ro#website"},"datePublished":"2020-01-25T21:51:57+00:00","dateModified":"2023-02-06T19:46:35+00:00","description":"Weibliche Genitalbeschneidung (FGM\/C) ist eine schwere geschlechtsspezifische Menschenrechtsverletzung. FIM setzt sich f\u00fcr betroffene Frauen und M\u00e4dchen ein.","breadcrumb":{"@id":"https:\/\/pia-hessen.de\/ro\/sfat-si-ajutor\/lesire-din-job#breadcrumb"},"inLanguage":"ro-RO","potentialAction":[{"@type":"ReadAction","target":["https:\/\/pia-hessen.de\/ro\/sfat-si-ajutor\/lesire-din-job"]}]},{"@type":"BreadcrumbList","@id":"https:\/\/pia-hessen.de\/ro\/sfat-si-ajutor\/lesire-din-job#breadcrumb","itemListElement":[{"@type":"ListItem","position":1,"name":"Startseite","item":"https:\/\/pia-hessen.de\/ro"},{"@type":"ListItem","position":2,"name":"Sfat \u0219i Ajutor","item":"https:\/\/pia-hessen.de\/ro\/sfat-si-ajutor"},{"@type":"ListItem","position":3,"name":"Le\u0219ire din Job?"}]},{"@type":"WebSite","@id":"https:\/\/pia-hessen.de\/ro#website","url":"https:\/\/pia-hessen.de\/ro","name":"PIA Hessen - Informationen und Beratung rund um Prostitution","description":"","publisher":{"@id":"https:\/\/pia-hessen.de\/ro#organization"},"potentialAction":[{"@type":"SearchAction","target":{"@type":"EntryPoint","urlTemplate":"https:\/\/pia-hessen.de\/ro?s={search_term_string}"},"query-input":{"@type":"PropertyValueSpecification","valueRequired":true,"valueName":"search_term_string"}}],"inLanguage":"ro-RO"},{"@type":"Organization","@id":"https:\/\/pia-hessen.de\/ro#organization","name":"PIA Hessen - Informationen und Beratung rund um Prostitution","url":"https:\/\/pia-hessen.de\/ro","logo":{"@type":"ImageObject","inLanguage":"ro-RO","@id":"https:\/\/pia-hessen.de\/ro#\/schema\/logo\/image\/","url":"https:\/\/pia-hessen.de\/wp-content\/uploads\/2022\/12\/pia-logo.png","contentUrl":"https:\/\/pia-hessen.de\/wp-content\/uploads\/2022\/12\/pia-logo.png","width":300,"height":156,"caption":"PIA Hessen - Informationen und Beratung rund um Prostitution"},"image":{"@id":"https:\/\/pia-hessen.de\/ro#\/schema\/logo\/image\/"}}]}},"_links":{"self":[{"href":"https:\/\/pia-hessen.de\/ro\/wp-json\/wp\/v2\/pages\/5646","targetHints":{"allow":["GET"]}}],"collection":[{"href":"https:\/\/pia-hessen.de\/ro\/wp-json\/wp\/v2\/pages"}],"about":[{"href":"https:\/\/pia-hessen.de\/ro\/wp-json\/wp\/v2\/types\/page"}],"author":[{"embeddable":true,"href":"https:\/\/pia-hessen.de\/ro\/wp-json\/wp\/v2\/users\/2"}],"replies":[{"embeddable":true,"href":"https:\/\/pia-hessen.de\/ro\/wp-json\/wp\/v2\/comments?post=5646"}],"version-history":[{"count":9,"href":"https:\/\/pia-hessen.de\/ro\/wp-json\/wp\/v2\/pages\/5646\/revisions"}],"predecessor-version":[{"id":6349,"href":"https:\/\/pia-hessen.de\/ro\/wp-json\/wp\/v2\/pages\/5646\/revisions\/6349"}],"up":[{"embeddable":true,"href":"https:\/\/pia-hessen.de\/ro\/wp-json\/wp\/v2\/pages\/5634"}],"wp:attachment":[{"href":"https:\/\/pia-hessen.de\/ro\/wp-json\/wp\/v2\/media?parent=5646"}],"curies":[{"name":"wp","href":"https:\/\/api.w.org\/{rel}","templated":true}]}}