{"id":5663,"date":"2020-01-31T21:47:15","date_gmt":"2020-01-31T21:47:15","guid":{"rendered":"https:\/\/pia.fim-frauenrecht.de\/drepturi-si-obligatii"},"modified":"2023-01-20T12:36:05","modified_gmt":"2023-01-20T12:36:05","slug":"drepturi-si-obligatii","status":"publish","type":"page","link":"https:\/\/pia-hessen.de\/ro\/drepturi-si-obligatii","title":{"rendered":"Drepturi \u0219i obliga\u021bii"},"content":{"rendered":"<div id='full_slider_1'  class='avia-fullwidth-slider main_color avia-shadow   avia-builder-el-0  el_before_av_section  avia-builder-el-first   container_wrap sidebar_right'  ><div  class='avia-slideshow av-k5u8417p-51fa327718471590041f1628efe5da80 avia-slideshow-no scaling av_slideshow_full avia-fade-slider av-slideshow-ui av-control-hidden av-no-slider-navigation av-hide-nav-arrows av-slideshow-manual av-loop-once av-loop-manual-endless av-default-height-applied   avia-slideshow-1' data-slideshow-options=\"{&quot;animation&quot;:&quot;fade&quot;,&quot;autoplay&quot;:false,&quot;loop_autoplay&quot;:&quot;once&quot;,&quot;interval&quot;:5,&quot;loop_manual&quot;:&quot;manual-endless&quot;,&quot;autoplay_stopper&quot;:false,&quot;noNavigation&quot;:true,&quot;bg_slider&quot;:false,&quot;keep_padding&quot;:false,&quot;hoverpause&quot;:false,&quot;show_slide_delay&quot;:0}\"  itemprop=\"image\" itemscope=\"itemscope\" itemtype=\"https:\/\/schema.org\/ImageObject\" ><ul class='avia-slideshow-inner ' style='padding-bottom: 1.6129032258065%;'><li  class='avia-slideshow-slide av-k5u8417p-51fa327718471590041f1628efe5da80__0  av-single-slide slide-1 slide-odd'><div data-rel='slideshow-1' class='avia-slide-wrap '   ><img decoding=\"async\" fetchpriority=\"high\" class=\"wp-image-3782 avia-img-lazy-loading-not-3782\"  src=\"https:\/\/pia-hessen.de\/wp-content\/uploads\/2020\/01\/balken-1.png\" width=\"1550\" height=\"25\" title='balken' alt=''  itemprop=\"thumbnailUrl\"  style='min-height:20px; min-width:1240px; ' srcset=\"https:\/\/pia-hessen.de\/wp-content\/uploads\/2020\/01\/balken-1.png 1550w, https:\/\/pia-hessen.de\/wp-content\/uploads\/2020\/01\/balken-1-300x5.png 300w, https:\/\/pia-hessen.de\/wp-content\/uploads\/2020\/01\/balken-1-1030x17.png 1030w, https:\/\/pia-hessen.de\/wp-content\/uploads\/2020\/01\/balken-1-768x12.png 768w, https:\/\/pia-hessen.de\/wp-content\/uploads\/2020\/01\/balken-1-1536x25.png 1536w, https:\/\/pia-hessen.de\/wp-content\/uploads\/2020\/01\/balken-1-1500x24.png 1500w, https:\/\/pia-hessen.de\/wp-content\/uploads\/2020\/01\/balken-1-705x11.png 705w\" sizes=\"(max-width: 1550px) 100vw, 1550px\" \/><\/div><\/li><\/ul><\/div><\/div>\n<div id='av_section_1'  class='avia-section av-rgrj3-2f3e6bb79bfd965e8add597b75b43704 main_color avia-section-default avia-no-border-styling  avia-builder-el-1  el_after_av_slideshow_full  avia-builder-el-last  avia-bg-style-scroll container_wrap sidebar_right'  ><div class='container av-section-cont-open' ><div class='template-page content  av-content-small alpha units'><div class='post-entry post-entry-type-page post-entry-5663'><div class='entry-content-wrapper clearfix'>\n\n<style type=\"text\/css\" data-created_by=\"avia_inline_auto\" id=\"style-css-av-jahe7-9d7103f471d4ebe7e27c73d55df626e2\">\n.flex_column.av-jahe7-9d7103f471d4ebe7e27c73d55df626e2{\nborder-radius:0px 0px 0px 0px;\npadding:0 0px 20px 0px;\n}\n<\/style>\n<div  class='flex_column av-jahe7-9d7103f471d4ebe7e27c73d55df626e2 av_one_full  avia-builder-el-2  el_before_av_one_third  avia-builder-el-first  first flex_column_div av-animated-generic pop-up  '     ><p>\n<style type=\"text\/css\" data-created_by=\"avia_inline_auto\" id=\"style-css-av-h54o7-f365f9e232857e6461bf6a7c565b897c\">\n#top .hr.av-h54o7-f365f9e232857e6461bf6a7c565b897c{\nmargin-top:5px;\nmargin-bottom:35px;\n}\n.hr.av-h54o7-f365f9e232857e6461bf6a7c565b897c .hr-inner{\nwidth:50px;\nborder-color:#9e2745;\n}\n<\/style>\n<div  class='hr av-h54o7-f365f9e232857e6461bf6a7c565b897c hr-custom  avia-builder-el-3  el_before_av_textblock  avia-builder-el-first  hr-center hr-icon-no'><span class='hr-inner inner-border-av-border-fat'><span class=\"hr-inner-style\"><\/span><\/span><\/div><br \/>\n\n<style type=\"text\/css\" data-created_by=\"avia_inline_auto\" id=\"style-css-av-lcz7zzgx-aa7f8fcc9fa024e7127e793adc7dd9bd\">\n\n@media only screen and (max-width: 479px){ \n#top .av_textblock_section.av-lcz7zzgx-aa7f8fcc9fa024e7127e793adc7dd9bd .avia_textblock{\nfont-size:20px;\n}\n}\n<\/style>\n<section  class='av_textblock_section av-lcz7zzgx-aa7f8fcc9fa024e7127e793adc7dd9bd '   itemscope=\"itemscope\" itemtype=\"https:\/\/schema.org\/CreativeWork\" ><div class='avia_textblock'  itemprop=\"text\" ><h1 style=\"text-align: center;\">Drepturi \u0219i obliga\u021bii<\/h1>\n<p style=\"text-align: center;\">Dac\u0103 activezi \u00een domeniul prosti\u021bu\u021biei po\u021bi avea anumite drepturi cum ar fi la aloca\u021bie sau la presta\u021bii sociale \u00een cazul \u00een care nu c\u00e2\u0219tigi suficien\u021bi bani. Pe de alt\u0103 parte trebuie s\u0103 respec\u021bi si anumite legi. Aici g\u0103se\u0219ti mai multe informa\u021bii.  <\/p>\n<\/div><\/section><\/p><\/div><div class='flex_column_table av-lcz82vzb-8e2968f8396ba9347f125fc06f6bd37f sc-av_one_third av-equal-height-column-flextable'>\n<style type=\"text\/css\" data-created_by=\"avia_inline_auto\" id=\"style-css-av-lcz82vzb-8e2968f8396ba9347f125fc06f6bd37f\">\n#top .flex_column_table.av-equal-height-column-flextable.av-lcz82vzb-8e2968f8396ba9347f125fc06f6bd37f{\nmargin-top:0;\nmargin-bottom:0;\n}\n.flex_column.av-lcz82vzb-8e2968f8396ba9347f125fc06f6bd37f{\nborder-width:1px;\nborder-color:#ffffff;\nborder-style:solid;\nborder-radius:0px 0px 0px 0px;\npadding:30px 30px 30px 30px;\nbackground-color:#efefef;\n}\n<\/style>\n<div  class='flex_column av-lcz82vzb-8e2968f8396ba9347f125fc06f6bd37f av_one_third  avia-builder-el-5  el_after_av_one_full  el_before_av_one_third  first no_margin flex_column_table_cell av-equal-height-column av-align-middle av-animated-generic bottom-to-top avia-link-column av-column-link  column-top-margin'    data-link-column-url=\"https:\/\/pia-hessen.de\/rechte_pflichten\/prostituiertenschutzgesetz\"   ><a class=\"av-screen-reader-only\" href=https:\/\/pia-hessen.de\/rechte_pflichten\/prostituiertenschutzgesetz >Link to: Prostituiertenschutzgesetz<\/a><style type=\"text\/css\" data-created_by=\"avia_inline_auto\" id=\"style-css-av-lcz820t2-0f1e687eb5f43425c264921ed9b538de\">\n\n@media only screen and (max-width: 479px){ \n#top .av_textblock_section.av-lcz820t2-0f1e687eb5f43425c264921ed9b538de .avia_textblock{\nfont-size:20px;\n}\n}\n<\/style>\n<section  class='av_textblock_section av-lcz820t2-0f1e687eb5f43425c264921ed9b538de '   itemscope=\"itemscope\" itemtype=\"https:\/\/schema.org\/CreativeWork\" ><div class='avia_textblock'  itemprop=\"text\" ><h4 style=\"text-align: center;\">Legea de protec\u021bie a prostituatelor<\/h4>\n<\/div><\/section><br \/>\n\n<style type=\"text\/css\" data-created_by=\"avia_inline_auto\" id=\"style-css-av-lcz88cv5-c9a1d67a957274f2b53ab249dab91244\">\n.avia-image-container.av-lcz88cv5-c9a1d67a957274f2b53ab249dab91244 img.avia_image{\nbox-shadow:none;\n}\n.avia-image-container.av-lcz88cv5-c9a1d67a957274f2b53ab249dab91244 .av-image-caption-overlay-center{\ncolor:#ffffff;\nfont-size:21px;\n}\n<\/style>\n<div  class='avia-image-container av-lcz88cv5-c9a1d67a957274f2b53ab249dab91244 av-styling-circle av-hover-grow av-hide-overflow avia-align-center  avia-builder-el-7  el_after_av_textblock  avia-builder-el-last '   itemprop=\"image\" itemscope=\"itemscope\" itemtype=\"https:\/\/schema.org\/ImageObject\" ><div class=\"avia-image-container-inner\"><div class=\"avia-image-overlay-wrap\"><img decoding=\"async\" loading=\"lazy\" class='wp-image-4712 avia-img-lazy-loading-4712 avia_image ' src=\"https:\/\/pia-hessen.de\/wp-content\/uploads\/2020\/11\/Feminist_square-300x300.jpg\" alt='' title='Feminist'  height=\"300\" width=\"300\"  itemprop=\"thumbnailUrl\" srcset=\"https:\/\/pia-hessen.de\/wp-content\/uploads\/2020\/11\/Feminist_square-300x300.jpg 300w, https:\/\/pia-hessen.de\/wp-content\/uploads\/2020\/11\/Feminist_square-80x80.jpg 80w, https:\/\/pia-hessen.de\/wp-content\/uploads\/2020\/11\/Feminist_square-36x36.jpg 36w, https:\/\/pia-hessen.de\/wp-content\/uploads\/2020\/11\/Feminist_square-180x180.jpg 180w, https:\/\/pia-hessen.de\/wp-content\/uploads\/2020\/11\/Feminist_square-705x705.jpg 705w, https:\/\/pia-hessen.de\/wp-content\/uploads\/2020\/11\/Feminist_square.jpg 750w\" sizes=\"auto, (max-width: 300px) 100vw, 300px\" \/><\/div><\/div><\/div><\/p><\/div>\n<style type=\"text\/css\" data-created_by=\"avia_inline_auto\" id=\"style-css-av-lcz8366i-61f78bdc1e37d7707faa6346f18491fb\">\n#top .flex_column_table.av-equal-height-column-flextable.av-lcz8366i-61f78bdc1e37d7707faa6346f18491fb{\nmargin-top:0;\nmargin-bottom:0;\n}\n.flex_column.av-lcz8366i-61f78bdc1e37d7707faa6346f18491fb{\nborder-width:1px;\nborder-color:#ffffff;\nborder-style:solid;\nborder-radius:0px 0px 0px 0px;\npadding:30px 30px 30px 30px;\nbackground-color:#efefef;\n}\n<\/style>\n<div  class='flex_column av-lcz8366i-61f78bdc1e37d7707faa6346f18491fb av_one_third  avia-builder-el-8  el_after_av_one_third  el_before_av_one_third  no_margin flex_column_table_cell av-equal-height-column av-align-middle av-animated-generic bottom-to-top avia-link-column av-column-link  column-top-margin'    data-link-column-url=\"https:\/\/pia-hessen.de\/rechte_pflichten\/kindergeld\"   ><a class=\"av-screen-reader-only\" href=https:\/\/pia-hessen.de\/rechte_pflichten\/kindergeld >Link to: Kindergeld<\/a><style type=\"text\/css\" data-created_by=\"avia_inline_auto\" id=\"style-css-av-lcz82bil-2486d9aa09213720e58855b1cc1426a7\">\n\n@media only screen and (max-width: 479px){ \n#top .av_textblock_section.av-lcz82bil-2486d9aa09213720e58855b1cc1426a7 .avia_textblock{\nfont-size:20px;\n}\n}\n<\/style>\n<section  class='av_textblock_section av-lcz82bil-2486d9aa09213720e58855b1cc1426a7 '   itemscope=\"itemscope\" itemtype=\"https:\/\/schema.org\/CreativeWork\" ><div class='avia_textblock'  itemprop=\"text\" ><h4 style=\"text-align: center;\">Alocatie<\/h4>\n<\/div><\/section><br \/>\n\n<style type=\"text\/css\" data-created_by=\"avia_inline_auto\" id=\"style-css-av-lcz8dcgi-81491a25b89aef87ed047074a7e12967\">\n.avia-image-container.av-lcz8dcgi-81491a25b89aef87ed047074a7e12967 img.avia_image{\nbox-shadow:none;\n}\n.avia-image-container.av-lcz8dcgi-81491a25b89aef87ed047074a7e12967 .av-image-caption-overlay-center{\ncolor:#ffffff;\n}\n<\/style>\n<div  class='avia-image-container av-lcz8dcgi-81491a25b89aef87ed047074a7e12967 av-styling-circle av-hover-grow av-hide-overflow avia-align-center  avia-builder-el-10  el_after_av_textblock  avia-builder-el-last '   itemprop=\"image\" itemscope=\"itemscope\" itemtype=\"https:\/\/schema.org\/ImageObject\" ><div class=\"avia-image-container-inner\"><div class=\"avia-image-overlay-wrap\"><img decoding=\"async\" loading=\"lazy\" class='wp-image-4842 avia-img-lazy-loading-4842 avia_image ' src=\"https:\/\/pia-hessen.de\/wp-content\/uploads\/2021\/02\/Mentoring_FIM-300x300.jpg\" alt='' title='Mentoring_FIM'  height=\"300\" width=\"300\"  itemprop=\"thumbnailUrl\" srcset=\"https:\/\/pia-hessen.de\/wp-content\/uploads\/2021\/02\/Mentoring_FIM-300x300.jpg 300w, https:\/\/pia-hessen.de\/wp-content\/uploads\/2021\/02\/Mentoring_FIM-80x80.jpg 80w, https:\/\/pia-hessen.de\/wp-content\/uploads\/2021\/02\/Mentoring_FIM-36x36.jpg 36w, https:\/\/pia-hessen.de\/wp-content\/uploads\/2021\/02\/Mentoring_FIM-180x180.jpg 180w, https:\/\/pia-hessen.de\/wp-content\/uploads\/2021\/02\/Mentoring_FIM-705x705.jpg 705w, https:\/\/pia-hessen.de\/wp-content\/uploads\/2021\/02\/Mentoring_FIM.jpg 750w\" sizes=\"auto, (max-width: 300px) 100vw, 300px\" \/><\/div><\/div><\/div><\/p><\/div>\n<style type=\"text\/css\" data-created_by=\"avia_inline_auto\" id=\"style-css-av-lcz83fe2-fd3b1d8b720e8987683b1c1ed815a405\">\n#top .flex_column_table.av-equal-height-column-flextable.av-lcz83fe2-fd3b1d8b720e8987683b1c1ed815a405{\nmargin-top:0;\nmargin-bottom:0;\n}\n.flex_column.av-lcz83fe2-fd3b1d8b720e8987683b1c1ed815a405{\nborder-width:1px;\nborder-color:#ffffff;\nborder-style:solid;\nborder-radius:0px 0px 0px 0px;\npadding:30px 30px 30px 30px;\nbackground-color:#efefef;\n}\n<\/style>\n<div  class='flex_column av-lcz83fe2-fd3b1d8b720e8987683b1c1ed815a405 av_one_third  avia-builder-el-11  el_after_av_one_third  el_before_av_hr  no_margin flex_column_table_cell av-equal-height-column av-align-middle av-animated-generic bottom-to-top avia-link-column av-column-link  column-top-margin'    data-link-column-url=\"https:\/\/pia-hessen.de\/rechte_pflichten\/sozialleistungen\"   ><a class=\"av-screen-reader-only\" href=https:\/\/pia-hessen.de\/rechte_pflichten\/sozialleistungen >Link to: Sozialleistungen<\/a><style type=\"text\/css\" data-created_by=\"avia_inline_auto\" id=\"style-css-av-lcz82k30-908f0502c0f271e904e4dcac795c8948\">\n\n@media only screen and (max-width: 479px){ \n#top .av_textblock_section.av-lcz82k30-908f0502c0f271e904e4dcac795c8948 .avia_textblock{\nfont-size:20px;\n}\n}\n<\/style>\n<section  class='av_textblock_section av-lcz82k30-908f0502c0f271e904e4dcac795c8948 '   itemscope=\"itemscope\" itemtype=\"https:\/\/schema.org\/CreativeWork\" ><div class='avia_textblock'  itemprop=\"text\" ><h4 style=\"text-align: center;\">Ajutorul social<\/h4>\n<\/div><\/section><br \/>\n\n<style type=\"text\/css\" data-created_by=\"avia_inline_auto\" id=\"style-css-av-lcz8dvzy-622a42063706606bc10f510713484053\">\n.avia-image-container.av-lcz8dvzy-622a42063706606bc10f510713484053 img.avia_image{\nbox-shadow:none;\n}\n.avia-image-container.av-lcz8dvzy-622a42063706606bc10f510713484053 .av-image-caption-overlay-center{\ncolor:#ffffff;\n}\n<\/style>\n<div  class='avia-image-container av-lcz8dvzy-622a42063706606bc10f510713484053 av-styling-circle av-hover-grow av-hide-overflow avia-align-center  avia-builder-el-13  el_after_av_textblock  avia-builder-el-last '   itemprop=\"image\" itemscope=\"itemscope\" itemtype=\"https:\/\/schema.org\/ImageObject\" ><div class=\"avia-image-container-inner\"><div class=\"avia-image-overlay-wrap\"><img decoding=\"async\" loading=\"lazy\" class='wp-image-4827 avia-img-lazy-loading-4827 avia_image ' src=\"https:\/\/pia-hessen.de\/wp-content\/uploads\/2020\/12\/Schulworkshop-Ehrgewalt-Gruppe-300x300.jpg\" alt='' title='Schulworkshop Ehrgewalt Gruppe'  height=\"300\" width=\"300\"  itemprop=\"thumbnailUrl\" srcset=\"https:\/\/pia-hessen.de\/wp-content\/uploads\/2020\/12\/Schulworkshop-Ehrgewalt-Gruppe-300x300.jpg 300w, https:\/\/pia-hessen.de\/wp-content\/uploads\/2020\/12\/Schulworkshop-Ehrgewalt-Gruppe-80x80.jpg 80w, https:\/\/pia-hessen.de\/wp-content\/uploads\/2020\/12\/Schulworkshop-Ehrgewalt-Gruppe-36x36.jpg 36w, https:\/\/pia-hessen.de\/wp-content\/uploads\/2020\/12\/Schulworkshop-Ehrgewalt-Gruppe-180x180.jpg 180w, https:\/\/pia-hessen.de\/wp-content\/uploads\/2020\/12\/Schulworkshop-Ehrgewalt-Gruppe-705x705.jpg 705w, https:\/\/pia-hessen.de\/wp-content\/uploads\/2020\/12\/Schulworkshop-Ehrgewalt-Gruppe.jpg 750w\" sizes=\"auto, (max-width: 300px) 100vw, 300px\" \/><\/div><\/div><\/div><\/p><\/div><\/div><!--close column table wrapper. Autoclose: 1 -->\n<style type=\"text\/css\" data-created_by=\"avia_inline_auto\" id=\"style-css-av-814sv-0df190ba45eae0af033ccb145703bd21\">\n#top .hr.hr-invisible.av-814sv-0df190ba45eae0af033ccb145703bd21{\nheight:50px;\n}\n<\/style>\n<div  class='hr av-814sv-0df190ba45eae0af033ccb145703bd21 hr-invisible  avia-builder-el-14  el_after_av_one_third  avia-builder-el-last '><span class='hr-inner '><span class=\"hr-inner-style\"><\/span><\/span><\/div>\n<\/div><\/div><\/div><!-- close content main div --><\/div><\/div><div id='after_section_1'  class='main_color av_default_container_wrap container_wrap sidebar_right'  ><div class='container av-section-cont-open' ><div class='template-page content  av-content-small alpha units'><div class='post-entry post-entry-type-page post-entry-5663'><div class='entry-content-wrapper clearfix'>\n","protected":false},"excerpt":{"rendered":"","protected":false},"author":2,"featured_media":0,"parent":0,"menu_order":0,"comment_status":"closed","ping_status":"closed","template":"","meta":{"footnotes":""},"class_list":["post-5663","page","type-page","status-publish","hentry"],"yoast_head":"<!-- This site is optimized with the Yoast SEO plugin v27.3 - https:\/\/yoast.com\/product\/yoast-seo-wordpress\/ -->\n<title>Drepturi \u0219i obliga\u021bii - PIA Hessen - Informationen und Beratung rund um Prostitution<\/title>\n<meta name=\"robots\" content=\"index, follow, max-snippet:-1, max-image-preview:large, max-video-preview:-1\" \/>\n<link rel=\"canonical\" href=\"https:\/\/pia-hessen.de\/ro\/drepturi-si-obligatii\" \/>\n<meta name=\"twitter:label1\" content=\"Timp estimat pentru citire\" \/>\n\t<meta name=\"twitter:data1\" content=\"16 minute\" \/>\n<script type=\"application\/ld+json\" class=\"yoast-schema-graph\">{\"@context\":\"https:\\\/\\\/schema.org\",\"@graph\":[{\"@type\":\"WebPage\",\"@id\":\"https:\\\/\\\/pia-hessen.de\\\/ro\\\/drepturi-si-obligatii\",\"url\":\"https:\\\/\\\/pia-hessen.de\\\/ro\\\/drepturi-si-obligatii\",\"name\":\"Drepturi \u0219i obliga\u021bii - PIA Hessen - Informationen und Beratung rund um Prostitution\",\"isPartOf\":{\"@id\":\"https:\\\/\\\/pia-hessen.de\\\/ro#website\"},\"datePublished\":\"2020-01-31T21:47:15+00:00\",\"dateModified\":\"2023-01-20T12:36:05+00:00\",\"breadcrumb\":{\"@id\":\"https:\\\/\\\/pia-hessen.de\\\/ro\\\/drepturi-si-obligatii#breadcrumb\"},\"inLanguage\":\"ro-RO\",\"potentialAction\":[{\"@type\":\"ReadAction\",\"target\":[\"https:\\\/\\\/pia-hessen.de\\\/ro\\\/drepturi-si-obligatii\"]}]},{\"@type\":\"BreadcrumbList\",\"@id\":\"https:\\\/\\\/pia-hessen.de\\\/ro\\\/drepturi-si-obligatii#breadcrumb\",\"itemListElement\":[{\"@type\":\"ListItem\",\"position\":1,\"name\":\"Startseite\",\"item\":\"https:\\\/\\\/pia-hessen.de\\\/ro\"},{\"@type\":\"ListItem\",\"position\":2,\"name\":\"Drepturi \u0219i obliga\u021bii\"}]},{\"@type\":\"WebSite\",\"@id\":\"https:\\\/\\\/pia-hessen.de\\\/ro#website\",\"url\":\"https:\\\/\\\/pia-hessen.de\\\/ro\",\"name\":\"PIA Hessen - Informationen und Beratung rund um Prostitution\",\"description\":\"\",\"publisher\":{\"@id\":\"https:\\\/\\\/pia-hessen.de\\\/ro#organization\"},\"potentialAction\":[{\"@type\":\"SearchAction\",\"target\":{\"@type\":\"EntryPoint\",\"urlTemplate\":\"https:\\\/\\\/pia-hessen.de\\\/ro?s={search_term_string}\"},\"query-input\":{\"@type\":\"PropertyValueSpecification\",\"valueRequired\":true,\"valueName\":\"search_term_string\"}}],\"inLanguage\":\"ro-RO\"},{\"@type\":\"Organization\",\"@id\":\"https:\\\/\\\/pia-hessen.de\\\/ro#organization\",\"name\":\"PIA Hessen - Informationen und Beratung rund um Prostitution\",\"url\":\"https:\\\/\\\/pia-hessen.de\\\/ro\",\"logo\":{\"@type\":\"ImageObject\",\"inLanguage\":\"ro-RO\",\"@id\":\"https:\\\/\\\/pia-hessen.de\\\/ro#\\\/schema\\\/logo\\\/image\\\/\",\"url\":\"https:\\\/\\\/pia-hessen.de\\\/wp-content\\\/uploads\\\/2022\\\/12\\\/pia-logo.png\",\"contentUrl\":\"https:\\\/\\\/pia-hessen.de\\\/wp-content\\\/uploads\\\/2022\\\/12\\\/pia-logo.png\",\"width\":300,\"height\":156,\"caption\":\"PIA Hessen - Informationen und Beratung rund um Prostitution\"},\"image\":{\"@id\":\"https:\\\/\\\/pia-hessen.de\\\/ro#\\\/schema\\\/logo\\\/image\\\/\"}}]}<\/script>\n<!-- \/ Yoast SEO plugin. -->","yoast_head_json":{"title":"Drepturi \u0219i obliga\u021bii - PIA Hessen - Informationen und Beratung rund um Prostitution","robots":{"index":"index","follow":"follow","max-snippet":"max-snippet:-1","max-image-preview":"max-image-preview:large","max-video-preview":"max-video-preview:-1"},"canonical":"https:\/\/pia-hessen.de\/ro\/drepturi-si-obligatii","twitter_misc":{"Timp estimat pentru citire":"16 minute"},"schema":{"@context":"https:\/\/schema.org","@graph":[{"@type":"WebPage","@id":"https:\/\/pia-hessen.de\/ro\/drepturi-si-obligatii","url":"https:\/\/pia-hessen.de\/ro\/drepturi-si-obligatii","name":"Drepturi \u0219i obliga\u021bii - PIA Hessen - Informationen und Beratung rund um Prostitution","isPartOf":{"@id":"https:\/\/pia-hessen.de\/ro#website"},"datePublished":"2020-01-31T21:47:15+00:00","dateModified":"2023-01-20T12:36:05+00:00","breadcrumb":{"@id":"https:\/\/pia-hessen.de\/ro\/drepturi-si-obligatii#breadcrumb"},"inLanguage":"ro-RO","potentialAction":[{"@type":"ReadAction","target":["https:\/\/pia-hessen.de\/ro\/drepturi-si-obligatii"]}]},{"@type":"BreadcrumbList","@id":"https:\/\/pia-hessen.de\/ro\/drepturi-si-obligatii#breadcrumb","itemListElement":[{"@type":"ListItem","position":1,"name":"Startseite","item":"https:\/\/pia-hessen.de\/ro"},{"@type":"ListItem","position":2,"name":"Drepturi \u0219i obliga\u021bii"}]},{"@type":"WebSite","@id":"https:\/\/pia-hessen.de\/ro#website","url":"https:\/\/pia-hessen.de\/ro","name":"PIA Hessen - Informationen und Beratung rund um Prostitution","description":"","publisher":{"@id":"https:\/\/pia-hessen.de\/ro#organization"},"potentialAction":[{"@type":"SearchAction","target":{"@type":"EntryPoint","urlTemplate":"https:\/\/pia-hessen.de\/ro?s={search_term_string}"},"query-input":{"@type":"PropertyValueSpecification","valueRequired":true,"valueName":"search_term_string"}}],"inLanguage":"ro-RO"},{"@type":"Organization","@id":"https:\/\/pia-hessen.de\/ro#organization","name":"PIA Hessen - Informationen und Beratung rund um Prostitution","url":"https:\/\/pia-hessen.de\/ro","logo":{"@type":"ImageObject","inLanguage":"ro-RO","@id":"https:\/\/pia-hessen.de\/ro#\/schema\/logo\/image\/","url":"https:\/\/pia-hessen.de\/wp-content\/uploads\/2022\/12\/pia-logo.png","contentUrl":"https:\/\/pia-hessen.de\/wp-content\/uploads\/2022\/12\/pia-logo.png","width":300,"height":156,"caption":"PIA Hessen - Informationen und Beratung rund um Prostitution"},"image":{"@id":"https:\/\/pia-hessen.de\/ro#\/schema\/logo\/image\/"}}]}},"_links":{"self":[{"href":"https:\/\/pia-hessen.de\/ro\/wp-json\/wp\/v2\/pages\/5663","targetHints":{"allow":["GET"]}}],"collection":[{"href":"https:\/\/pia-hessen.de\/ro\/wp-json\/wp\/v2\/pages"}],"about":[{"href":"https:\/\/pia-hessen.de\/ro\/wp-json\/wp\/v2\/types\/page"}],"author":[{"embeddable":true,"href":"https:\/\/pia-hessen.de\/ro\/wp-json\/wp\/v2\/users\/2"}],"replies":[{"embeddable":true,"href":"https:\/\/pia-hessen.de\/ro\/wp-json\/wp\/v2\/comments?post=5663"}],"version-history":[{"count":2,"href":"https:\/\/pia-hessen.de\/ro\/wp-json\/wp\/v2\/pages\/5663\/revisions"}],"predecessor-version":[{"id":5665,"href":"https:\/\/pia-hessen.de\/ro\/wp-json\/wp\/v2\/pages\/5663\/revisions\/5665"}],"wp:attachment":[{"href":"https:\/\/pia-hessen.de\/ro\/wp-json\/wp\/v2\/media?parent=5663"}],"curies":[{"name":"wp","href":"https:\/\/api.w.org\/{rel}","templated":true}]}}