{"id":5672,"date":"2020-01-31T21:59:50","date_gmt":"2020-01-31T21:59:50","guid":{"rendered":"https:\/\/pia.fim-frauenrecht.de\/drepturi-si-obligatii\/alocatie"},"modified":"2023-06-15T10:25:48","modified_gmt":"2023-06-15T10:25:48","slug":"alocatie","status":"publish","type":"page","link":"https:\/\/pia-hessen.de\/ro\/drepturi-si-obligatii\/alocatie","title":{"rendered":"Ajutorul social"},"content":{"rendered":"<div id='full_slider_1'  class='avia-fullwidth-slider main_color avia-shadow   avia-builder-el-0  el_before_av_section  avia-builder-el-first   container_wrap sidebar_right'  ><div  class='avia-slideshow av-k5u8417p-51fa327718471590041f1628efe5da80 avia-slideshow-no scaling av_slideshow_full avia-fade-slider av-slideshow-ui av-control-hidden av-no-slider-navigation av-hide-nav-arrows av-slideshow-manual av-loop-once av-loop-manual-endless av-default-height-applied   avia-slideshow-1' data-slideshow-options=\"{&quot;animation&quot;:&quot;fade&quot;,&quot;autoplay&quot;:false,&quot;loop_autoplay&quot;:&quot;once&quot;,&quot;interval&quot;:5,&quot;loop_manual&quot;:&quot;manual-endless&quot;,&quot;autoplay_stopper&quot;:false,&quot;noNavigation&quot;:true,&quot;bg_slider&quot;:false,&quot;keep_padding&quot;:false,&quot;hoverpause&quot;:false,&quot;show_slide_delay&quot;:0}\"  itemprop=\"image\" itemscope=\"itemscope\" itemtype=\"https:\/\/schema.org\/ImageObject\" ><ul class='avia-slideshow-inner ' style='padding-bottom: 1.6129032258065%;'><li  class='avia-slideshow-slide av-k5u8417p-51fa327718471590041f1628efe5da80__0  av-single-slide slide-1 slide-odd'><div data-rel='slideshow-1' class='avia-slide-wrap '   ><img decoding=\"async\" fetchpriority=\"high\" class=\"wp-image-3782 avia-img-lazy-loading-not-3782\"  src=\"https:\/\/pia-hessen.de\/wp-content\/uploads\/2020\/01\/balken-1.png\" width=\"1550\" height=\"25\" title='balken' alt=''  itemprop=\"thumbnailUrl\"  style='min-height:20px; min-width:1240px; ' srcset=\"https:\/\/pia-hessen.de\/wp-content\/uploads\/2020\/01\/balken-1.png 1550w, https:\/\/pia-hessen.de\/wp-content\/uploads\/2020\/01\/balken-1-300x5.png 300w, https:\/\/pia-hessen.de\/wp-content\/uploads\/2020\/01\/balken-1-1030x17.png 1030w, https:\/\/pia-hessen.de\/wp-content\/uploads\/2020\/01\/balken-1-768x12.png 768w, https:\/\/pia-hessen.de\/wp-content\/uploads\/2020\/01\/balken-1-1536x25.png 1536w, https:\/\/pia-hessen.de\/wp-content\/uploads\/2020\/01\/balken-1-1500x24.png 1500w, https:\/\/pia-hessen.de\/wp-content\/uploads\/2020\/01\/balken-1-705x11.png 705w\" sizes=\"(max-width: 1550px) 100vw, 1550px\" \/><\/div><\/li><\/ul><\/div><\/div>\n<div id='av_section_1'  class='avia-section av-1m9jn-b6036d40cac0c5be9199506d72b001eb main_color avia-section-default avia-no-border-styling  avia-builder-el-1  el_after_av_slideshow_full  el_before_av_section  avia-bg-style-scroll container_wrap sidebar_right'  ><div class='container av-section-cont-open' ><div class='template-page content  av-content-small alpha units'><div class='post-entry post-entry-type-page post-entry-5672'><div class='entry-content-wrapper clearfix'>\n\n<style type=\"text\/css\" data-created_by=\"avia_inline_auto\" id=\"style-css-av-wb1z-88d98e97dafaa024a68403d7f9642726\">\n.flex_column.av-wb1z-88d98e97dafaa024a68403d7f9642726{\nborder-radius:0px 0px 0px 0px;\npadding:0 0px 20px 0px;\n}\n<\/style>\n<div  class='flex_column av-wb1z-88d98e97dafaa024a68403d7f9642726 av_one_full  avia-builder-el-2  avia-builder-el-no-sibling  first flex_column_div av-animated-generic pop-up  '     ><p>\n<style type=\"text\/css\" data-created_by=\"avia_inline_auto\" id=\"style-css-av-9ilqf-60f2d548e9eecaa420ea58cf431917d1\">\n#top .hr.av-9ilqf-60f2d548e9eecaa420ea58cf431917d1{\nmargin-top:5px;\nmargin-bottom:35px;\n}\n.hr.av-9ilqf-60f2d548e9eecaa420ea58cf431917d1 .hr-inner{\nwidth:50px;\nborder-color:#9e2745;\n}\n<\/style>\n<div  class='hr av-9ilqf-60f2d548e9eecaa420ea58cf431917d1 hr-custom  avia-builder-el-3  el_before_av_textblock  avia-builder-el-first  hr-center hr-icon-no'><span class='hr-inner inner-border-av-border-fat'><span class=\"hr-inner-style\"><\/span><\/span><\/div><br \/>\n\n<style type=\"text\/css\" data-created_by=\"avia_inline_auto\" id=\"style-css-av-k5qtc3yy-42041e98294b25607d698f0237725a49\">\n\n@media only screen and (max-width: 479px){ \n#top .av_textblock_section.av-k5qtc3yy-42041e98294b25607d698f0237725a49 .avia_textblock{\nfont-size:20px;\n}\n}\n<\/style>\n<section  class='av_textblock_section av-k5qtc3yy-42041e98294b25607d698f0237725a49 '   itemscope=\"itemscope\" itemtype=\"https:\/\/schema.org\/CreativeWork\" ><div class='avia_textblock'  itemprop=\"text\" ><h1 style=\"text-align: center;\">B\u00fcrgergeld (\u00cenainte ALGII)<\/h1>\n<p style=\"text-align: center;\">\u00cen Germania persoanele far\u0103 venit \u0219i far\u0103 economii pot primi ajutor din parte statului. Acest ajutor se numeste B\u00fcrgergeld. Prin acesta este asigurat un minim necesar pentru existen\u021b\u0103 precum chirie, caldur\u0103, m\u00e2ncare \u0219i asigurare de s\u0103n\u0103tate. Responsabil pentru acordarea acestui ajuor este centrul de munc\u0103 (Jobcenter) din orasul \u00een care locuie\u0219ti.<\/p>\n<\/div><\/section><\/p><\/div><\/div><\/div><\/div><!-- close content main div --><\/div><\/div><div id='expertise'  class='avia-section av-jgme3-f10504fe925bd33429fb219761f9f306 main_color avia-section-default avia-no-shadow  avia-builder-el-5  el_after_av_section  el_before_av_section  avia-bg-style-parallax container_wrap sidebar_right'  ><div class='container av-section-cont-open' ><div class='template-page content  av-content-small alpha units'><div class='post-entry post-entry-type-page post-entry-5672'><div class='entry-content-wrapper clearfix'>\n\n<style type=\"text\/css\" data-created_by=\"avia_inline_auto\" id=\"style-css-av-kiydjjoq-1fa3006c99d7f8c5a9a7e68fa84c739a\">\n#top .av-special-heading.av-kiydjjoq-1fa3006c99d7f8c5a9a7e68fa84c739a{\nmargin:0 0 0px 0;\npadding-bottom:0;\n}\nbody .av-special-heading.av-kiydjjoq-1fa3006c99d7f8c5a9a7e68fa84c739a .av-special-heading-tag .heading-char{\nfont-size:25px;\n}\n.av-special-heading.av-kiydjjoq-1fa3006c99d7f8c5a9a7e68fa84c739a .av-subheading{\nfont-size:15px;\n}\n<\/style>\n<div  id=\"frauenrechte\"  class='av-special-heading av-kiydjjoq-1fa3006c99d7f8c5a9a7e68fa84c739a av-special-heading-h2 blockquote modern-quote  avia-builder-el-6  el_before_av_hr  avia-builder-el-first '><h2 class='av-special-heading-tag '  itemprop=\"headline\"  >Condi\u021bii \u0219i Obliga\u021bii<\/h2><div class=\"special-heading-border\"><div class=\"special-heading-inner-border\"><\/div><\/div><\/div>\n\n<style type=\"text\/css\" data-created_by=\"avia_inline_auto\" id=\"style-css-av-9ilqf-2-ddb192fd3a47a35e89d2ae62b05e1869\">\n#top .hr.av-9ilqf-2-ddb192fd3a47a35e89d2ae62b05e1869{\nmargin-top:5px;\nmargin-bottom:35px;\n}\n.hr.av-9ilqf-2-ddb192fd3a47a35e89d2ae62b05e1869 .hr-inner{\nwidth:50px;\nborder-color:#9e2745;\n}\n<\/style>\n<div  class='hr av-9ilqf-2-ddb192fd3a47a35e89d2ae62b05e1869 hr-custom  avia-builder-el-7  el_after_av_heading  el_before_av_one_half  hr-left hr-icon-no'><span class='hr-inner inner-border-av-border-fat'><span class=\"hr-inner-style\"><\/span><\/span><\/div>\n\n<style type=\"text\/css\" data-created_by=\"avia_inline_auto\" id=\"style-css-av-1r8ej-340562e16292231fe2d6de854a2da19b\">\n.flex_column.av-1r8ej-340562e16292231fe2d6de854a2da19b{\nborder-radius:0px 0px 0px 0px;\npadding:0px 0px 0px 0px;\n}\n<\/style>\n<div  class='flex_column av-1r8ej-340562e16292231fe2d6de854a2da19b av_one_half  avia-builder-el-8  el_after_av_hr  el_before_av_one_half  first flex_column_div av-zero-column-padding  '     ><section  class='av_textblock_section av-k5qtc3yy-1-d362681e63110053407ac1624ef545c1 '   itemscope=\"itemscope\" itemtype=\"https:\/\/schema.org\/CreativeWork\" ><div class='avia_textblock'  itemprop=\"text\" ><h3>Venitul<\/h3>\n<p>Nu este obligatoriu s\u0103 fi \u0219omer pentru a primi B\u00fcrgergeld. \u0218i \u00een condi\u021biile \u00een care venitul t\u0103u este sc\u0103zut si nu este suficient pentru a te \u00eentre\u021bine po\u021bi primi indemniza\u021bia \u00een completare. Spre exemplu daca c\u00e2\u0219tigi pu\u021bin din munca \u00een prostitu\u021bie po\u021bi primi \u0219i o indemniza\u021bie de \u0219omaj. Pentru a primi acest ajutor trebuie s\u0103 ai \u00eenregistrate toate c\u00e2\u0219tigurile din prostitu\u021bie \u0219i trebuie s\u0103 dai aceste informa\u021bii la centru de munc\u0103 (Jobcenter). Dac\u0103 locuie\u0219ti \u00eempreuna cu partenerul\/partenera sau cu familia \u0219i veniturile lor v-or fi luate \u00een considerare la calcului indemniza\u021biei.<\/p>\n<h3>Ogliga\u021bia de participare \u0219i informare<\/h3>\n<p>Dac\u0103 prime\u0219ti B\u00fcrgergeld trebuie s\u0103 informezi centru de munc\u0103 asupra oricarei schimbari, de exemplu: locuin\u021b\u0103 nou\u0103, loc de munc\u0103 nou, modificari ale c\u00e2\u0219tigurilor, locatar nou etc. Dac\u0103 prime\u0219ti ajutorul de somaj exist\u0103 obliga\u021bii pe care trebuie s\u0103 le respec\u021bi. Cum ar fi participarea la m\u0103surile sau cursurile oferite precum \u0219i aplicarea la ofertele de munc\u0103.<\/p>\n<\/div><\/section><\/div>\n<style type=\"text\/css\" data-created_by=\"avia_inline_auto\" id=\"style-css-av-348rg-5a77e6d68b471fb6a110741c9cc698ef\">\n.flex_column.av-348rg-5a77e6d68b471fb6a110741c9cc698ef{\nborder-radius:0px 0px 0px 0px;\npadding:0px 0px 0px 0px;\n}\n<\/style>\n<div  class='flex_column av-348rg-5a77e6d68b471fb6a110741c9cc698ef av_one_half  avia-builder-el-10  el_after_av_one_half  avia-builder-el-last  flex_column_div av-zero-column-padding  '     ><section  class='av_textblock_section av-kolj3mw8-d99a91c0599373d66dfc44498c5d7ead '   itemscope=\"itemscope\" itemtype=\"https:\/\/schema.org\/CreativeWork\" ><div class='avia_textblock'  itemprop=\"text\" ><h3>Reguli pentru cet\u0103\u021benii str\u0103ini<\/h3>\n<p>Nu este mereu simplu a ob\u021bine B\u00fcrgergeld. \u00cen special pentru migran\u021bi \u0219i migrante far\u0103 buletin german exist\u0103 reguli stricte. Cet\u0103\u021benii europeni trebuie s\u0103 dovedeasc\u0103 c\u0103 nu se afl\u0103 \u00een Germania doar cu simplu scop al c\u0103ut\u0103rii unui loc de munc\u0103, asta \u00eenseamn\u0103 c\u0103 trebuie s\u0103 dovede\u0219ti c\u0103 ai lucrat de exemplu ca liber profesionist cel putin un an (cum ar fi \u00een domeniul prostitui\u021biei) sau c\u0103 locuie\u0219ti de cel pu\u021bin 5 ani \u00een Germania.<\/p>\n<\/div><\/section><\/div><\/div><\/div><\/div><!-- close content main div --><\/div><\/div><div id='expertise'  class='avia-section av-ophh0-55ed64df86e8f9229bf49732f012586c main_color avia-section-default avia-no-shadow  avia-builder-el-12  el_after_av_section  avia-builder-el-last  avia-bg-style-parallax container_wrap sidebar_right'  ><div class='container av-section-cont-open' ><div class='template-page content  av-content-small alpha units'><div class='post-entry post-entry-type-page post-entry-5672'><div class='entry-content-wrapper clearfix'>\n\n<style type=\"text\/css\" data-created_by=\"avia_inline_auto\" id=\"style-css-av-kolj0i7t-b256ad541c634f4a234911153aee46d6\">\n#top .av-special-heading.av-kolj0i7t-b256ad541c634f4a234911153aee46d6{\nmargin:0 0 0px 0;\npadding-bottom:0;\n}\nbody .av-special-heading.av-kolj0i7t-b256ad541c634f4a234911153aee46d6 .av-special-heading-tag .heading-char{\nfont-size:25px;\n}\n.av-special-heading.av-kolj0i7t-b256ad541c634f4a234911153aee46d6 .av-subheading{\nfont-size:15px;\n}\n<\/style>\n<div  id=\"frauenrechte\"  class='av-special-heading av-kolj0i7t-b256ad541c634f4a234911153aee46d6 av-special-heading-h2 blockquote modern-quote  avia-builder-el-13  el_before_av_hr  avia-builder-el-first '><h2 class='av-special-heading-tag '  itemprop=\"headline\"  >Sprijin pentru aplica\u021bie<\/h2><div class=\"special-heading-border\"><div class=\"special-heading-inner-border\"><\/div><\/div><\/div>\n\n<style type=\"text\/css\" data-created_by=\"avia_inline_auto\" id=\"style-css-av-1xc0c-2332872c050b475210900510098188ef\">\n#top .hr.av-1xc0c-2332872c050b475210900510098188ef{\nmargin-top:5px;\nmargin-bottom:35px;\n}\n.hr.av-1xc0c-2332872c050b475210900510098188ef .hr-inner{\nwidth:50px;\nborder-color:#9e2745;\n}\n<\/style>\n<div  class='hr av-1xc0c-2332872c050b475210900510098188ef hr-custom  avia-builder-el-14  el_after_av_heading  el_before_av_one_half  hr-left hr-icon-no'><span class='hr-inner inner-border-av-border-fat'><span class=\"hr-inner-style\"><\/span><\/span><\/div>\n\n<style type=\"text\/css\" data-created_by=\"avia_inline_auto\" id=\"style-css-av-d91h8-f349436bdf8fa3596b025ea019d95708\">\n.flex_column.av-d91h8-f349436bdf8fa3596b025ea019d95708{\nborder-radius:0px 0px 0px 0px;\npadding:0px 0px 0px 0px;\n}\n<\/style>\n<div  class='flex_column av-d91h8-f349436bdf8fa3596b025ea019d95708 av_one_half  avia-builder-el-15  el_after_av_hr  el_before_av_one_half  first flex_column_div av-zero-column-padding  '     ><section  class='av_textblock_section av-kolizx3w-4766eaca11f8f0a5835310fa15a159af '   itemscope=\"itemscope\" itemtype=\"https:\/\/schema.org\/CreativeWork\" ><div class='avia_textblock'  itemprop=\"text\" ><p>Dac\u0103 lucrezi sau ai lucrat \u00een domeniul prostitu\u021biei \u0219i primesti sau vrei s\u0103 ceri indemniza\u021bia de somaj po\u021bi cere sprijinul unui <a href=\"https:\/\/pia-hessen.de\/ro\/anlauf-und-beratungsstellen\">centru de consiliere pentru prostituate \u00een Hessen<\/a>. Consilierii\/consilierele te v-or ajuta la depunerea cererii sau a alor formalita\u021bi \u0219i \u00eentreb\u0103ri referitoare la B\u00fcrgergeld.<\/p>\n<\/div><\/section><\/div>\n<style type=\"text\/css\" data-created_by=\"avia_inline_auto\" id=\"style-css-av-8t9xo-0f2412ff4e950f5b332705ee1a5b324f\">\n.flex_column.av-8t9xo-0f2412ff4e950f5b332705ee1a5b324f{\nborder-radius:0px 0px 0px 0px;\npadding:0px 0px 0px 0px;\n}\n<\/style>\n<div  class='flex_column av-8t9xo-0f2412ff4e950f5b332705ee1a5b324f av_one_half  avia-builder-el-17  el_after_av_one_half  el_before_av_hr  flex_column_div av-zero-column-padding  '     ><style type=\"text\/css\" data-created_by=\"avia_inline_auto\" id=\"style-css-av-kolj1mz6-2b91041a67527238792b6ad3d0be72ad\">\n#top .av_textblock_section.av-kolj1mz6-2b91041a67527238792b6ad3d0be72ad .avia_textblock{\ncolor:#000000;\n}\n<\/style>\n<section  class='av_textblock_section av-kolj1mz6-2b91041a67527238792b6ad3d0be72ad '   itemscope=\"itemscope\" itemtype=\"https:\/\/schema.org\/CreativeWork\" ><div class='avia_textblock av_inherit_color'  itemprop=\"text\" ><blockquote>\n<p><strong>\u00cen ora\u0219ul t\u0103u nu exist\u0103 centru de consiliere pentru prostituate? Concteaz\u0103 FIM e.V.: <\/strong><\/p>\n<p>Deutsch, Bulgarisch: +49 (0)177 864 96 26<br \/>\nenglez\u0103, rom\u00e2n\u0103, spaniol\u0103 (\u0219i alte limbi): +49 (0)157 73 55 16 85<\/p>\n<\/blockquote>\n<\/div><\/section><\/div>\n<style type=\"text\/css\" data-created_by=\"avia_inline_auto\" id=\"style-css-av-lcv2nhyb-13d9e98832c9dea0a584d3ed05203523\">\n#top .hr.hr-invisible.av-lcv2nhyb-13d9e98832c9dea0a584d3ed05203523{\nheight:50px;\n}\n<\/style>\n<div  class='hr av-lcv2nhyb-13d9e98832c9dea0a584d3ed05203523 hr-invisible  avia-builder-el-19  el_after_av_one_half  avia-builder-el-last '><span class='hr-inner '><span class=\"hr-inner-style\"><\/span><\/span><\/div>\n<\/div><\/div><\/div><!-- close content main div --><\/div><\/div><div id='after_section_3'  class='main_color av_default_container_wrap container_wrap sidebar_right'  ><div class='container av-section-cont-open' ><div class='template-page content  av-content-small alpha units'><div class='post-entry post-entry-type-page post-entry-5672'><div class='entry-content-wrapper clearfix'>\n","protected":false},"excerpt":{"rendered":"","protected":false},"author":2,"featured_media":0,"parent":5663,"menu_order":2,"comment_status":"closed","ping_status":"closed","template":"","meta":{"footnotes":""},"class_list":["post-5672","page","type-page","status-publish","hentry"],"yoast_head":"<!-- This site is optimized with the Yoast SEO plugin v27.3 - https:\/\/yoast.com\/product\/yoast-seo-wordpress\/ -->\n<title>Ajutorul social - PIA Hessen - Informationen und Beratung rund um Prostitution<\/title>\n<meta name=\"description\" content=\"Wir wollen die Lebenssituation von Migrantinnen und ihren Familien verbessern und das Thema Frauenrechte in Politik und Gesellschaft st\u00e4rken\" \/>\n<meta name=\"robots\" content=\"index, follow, max-snippet:-1, max-image-preview:large, max-video-preview:-1\" \/>\n<link rel=\"canonical\" href=\"https:\/\/pia-hessen.de\/ro\/drepturi-si-obligatii\/alocatie\" \/>\n<meta name=\"twitter:label1\" content=\"Timp estimat pentru citire\" \/>\n\t<meta name=\"twitter:data1\" content=\"6 minute\" \/>\n<script type=\"application\/ld+json\" class=\"yoast-schema-graph\">{\"@context\":\"https:\\\/\\\/schema.org\",\"@graph\":[{\"@type\":\"WebPage\",\"@id\":\"https:\\\/\\\/pia-hessen.de\\\/ro\\\/drepturi-si-obligatii\\\/alocatie\",\"url\":\"https:\\\/\\\/pia-hessen.de\\\/ro\\\/drepturi-si-obligatii\\\/alocatie\",\"name\":\"Ajutorul social - PIA Hessen - Informationen und Beratung rund um Prostitution\",\"isPartOf\":{\"@id\":\"https:\\\/\\\/pia-hessen.de\\\/ro#website\"},\"datePublished\":\"2020-01-31T21:59:50+00:00\",\"dateModified\":\"2023-06-15T10:25:48+00:00\",\"description\":\"Wir wollen die Lebenssituation von Migrantinnen und ihren Familien verbessern und das Thema Frauenrechte in Politik und Gesellschaft st\u00e4rken\",\"breadcrumb\":{\"@id\":\"https:\\\/\\\/pia-hessen.de\\\/ro\\\/drepturi-si-obligatii\\\/alocatie#breadcrumb\"},\"inLanguage\":\"ro-RO\",\"potentialAction\":[{\"@type\":\"ReadAction\",\"target\":[\"https:\\\/\\\/pia-hessen.de\\\/ro\\\/drepturi-si-obligatii\\\/alocatie\"]}]},{\"@type\":\"BreadcrumbList\",\"@id\":\"https:\\\/\\\/pia-hessen.de\\\/ro\\\/drepturi-si-obligatii\\\/alocatie#breadcrumb\",\"itemListElement\":[{\"@type\":\"ListItem\",\"position\":1,\"name\":\"Startseite\",\"item\":\"https:\\\/\\\/pia-hessen.de\\\/ro\"},{\"@type\":\"ListItem\",\"position\":2,\"name\":\"Drepturi \u0219i obliga\u021bii\",\"item\":\"https:\\\/\\\/pia-hessen.de\\\/ro\\\/drepturi-si-obligatii\"},{\"@type\":\"ListItem\",\"position\":3,\"name\":\"Ajutorul social\"}]},{\"@type\":\"WebSite\",\"@id\":\"https:\\\/\\\/pia-hessen.de\\\/ro#website\",\"url\":\"https:\\\/\\\/pia-hessen.de\\\/ro\",\"name\":\"PIA Hessen - Informationen und Beratung rund um Prostitution\",\"description\":\"\",\"publisher\":{\"@id\":\"https:\\\/\\\/pia-hessen.de\\\/ro#organization\"},\"potentialAction\":[{\"@type\":\"SearchAction\",\"target\":{\"@type\":\"EntryPoint\",\"urlTemplate\":\"https:\\\/\\\/pia-hessen.de\\\/ro?s={search_term_string}\"},\"query-input\":{\"@type\":\"PropertyValueSpecification\",\"valueRequired\":true,\"valueName\":\"search_term_string\"}}],\"inLanguage\":\"ro-RO\"},{\"@type\":\"Organization\",\"@id\":\"https:\\\/\\\/pia-hessen.de\\\/ro#organization\",\"name\":\"PIA Hessen - Informationen und Beratung rund um Prostitution\",\"url\":\"https:\\\/\\\/pia-hessen.de\\\/ro\",\"logo\":{\"@type\":\"ImageObject\",\"inLanguage\":\"ro-RO\",\"@id\":\"https:\\\/\\\/pia-hessen.de\\\/ro#\\\/schema\\\/logo\\\/image\\\/\",\"url\":\"https:\\\/\\\/pia-hessen.de\\\/wp-content\\\/uploads\\\/2022\\\/12\\\/pia-logo.png\",\"contentUrl\":\"https:\\\/\\\/pia-hessen.de\\\/wp-content\\\/uploads\\\/2022\\\/12\\\/pia-logo.png\",\"width\":300,\"height\":156,\"caption\":\"PIA Hessen - Informationen und Beratung rund um Prostitution\"},\"image\":{\"@id\":\"https:\\\/\\\/pia-hessen.de\\\/ro#\\\/schema\\\/logo\\\/image\\\/\"}}]}<\/script>\n<!-- \/ Yoast SEO plugin. -->","yoast_head_json":{"title":"Ajutorul social - PIA Hessen - Informationen und Beratung rund um Prostitution","description":"Wir wollen die Lebenssituation von Migrantinnen und ihren Familien verbessern und das Thema Frauenrechte in Politik und Gesellschaft st\u00e4rken","robots":{"index":"index","follow":"follow","max-snippet":"max-snippet:-1","max-image-preview":"max-image-preview:large","max-video-preview":"max-video-preview:-1"},"canonical":"https:\/\/pia-hessen.de\/ro\/drepturi-si-obligatii\/alocatie","twitter_misc":{"Timp estimat pentru citire":"6 minute"},"schema":{"@context":"https:\/\/schema.org","@graph":[{"@type":"WebPage","@id":"https:\/\/pia-hessen.de\/ro\/drepturi-si-obligatii\/alocatie","url":"https:\/\/pia-hessen.de\/ro\/drepturi-si-obligatii\/alocatie","name":"Ajutorul social - PIA Hessen - Informationen und Beratung rund um Prostitution","isPartOf":{"@id":"https:\/\/pia-hessen.de\/ro#website"},"datePublished":"2020-01-31T21:59:50+00:00","dateModified":"2023-06-15T10:25:48+00:00","description":"Wir wollen die Lebenssituation von Migrantinnen und ihren Familien verbessern und das Thema Frauenrechte in Politik und Gesellschaft st\u00e4rken","breadcrumb":{"@id":"https:\/\/pia-hessen.de\/ro\/drepturi-si-obligatii\/alocatie#breadcrumb"},"inLanguage":"ro-RO","potentialAction":[{"@type":"ReadAction","target":["https:\/\/pia-hessen.de\/ro\/drepturi-si-obligatii\/alocatie"]}]},{"@type":"BreadcrumbList","@id":"https:\/\/pia-hessen.de\/ro\/drepturi-si-obligatii\/alocatie#breadcrumb","itemListElement":[{"@type":"ListItem","position":1,"name":"Startseite","item":"https:\/\/pia-hessen.de\/ro"},{"@type":"ListItem","position":2,"name":"Drepturi \u0219i obliga\u021bii","item":"https:\/\/pia-hessen.de\/ro\/drepturi-si-obligatii"},{"@type":"ListItem","position":3,"name":"Ajutorul social"}]},{"@type":"WebSite","@id":"https:\/\/pia-hessen.de\/ro#website","url":"https:\/\/pia-hessen.de\/ro","name":"PIA Hessen - Informationen und Beratung rund um Prostitution","description":"","publisher":{"@id":"https:\/\/pia-hessen.de\/ro#organization"},"potentialAction":[{"@type":"SearchAction","target":{"@type":"EntryPoint","urlTemplate":"https:\/\/pia-hessen.de\/ro?s={search_term_string}"},"query-input":{"@type":"PropertyValueSpecification","valueRequired":true,"valueName":"search_term_string"}}],"inLanguage":"ro-RO"},{"@type":"Organization","@id":"https:\/\/pia-hessen.de\/ro#organization","name":"PIA Hessen - Informationen und Beratung rund um Prostitution","url":"https:\/\/pia-hessen.de\/ro","logo":{"@type":"ImageObject","inLanguage":"ro-RO","@id":"https:\/\/pia-hessen.de\/ro#\/schema\/logo\/image\/","url":"https:\/\/pia-hessen.de\/wp-content\/uploads\/2022\/12\/pia-logo.png","contentUrl":"https:\/\/pia-hessen.de\/wp-content\/uploads\/2022\/12\/pia-logo.png","width":300,"height":156,"caption":"PIA Hessen - Informationen und Beratung rund um Prostitution"},"image":{"@id":"https:\/\/pia-hessen.de\/ro#\/schema\/logo\/image\/"}}]}},"_links":{"self":[{"href":"https:\/\/pia-hessen.de\/ro\/wp-json\/wp\/v2\/pages\/5672","targetHints":{"allow":["GET"]}}],"collection":[{"href":"https:\/\/pia-hessen.de\/ro\/wp-json\/wp\/v2\/pages"}],"about":[{"href":"https:\/\/pia-hessen.de\/ro\/wp-json\/wp\/v2\/types\/page"}],"author":[{"embeddable":true,"href":"https:\/\/pia-hessen.de\/ro\/wp-json\/wp\/v2\/users\/2"}],"replies":[{"embeddable":true,"href":"https:\/\/pia-hessen.de\/ro\/wp-json\/wp\/v2\/comments?post=5672"}],"version-history":[{"count":16,"href":"https:\/\/pia-hessen.de\/ro\/wp-json\/wp\/v2\/pages\/5672\/revisions"}],"predecessor-version":[{"id":6868,"href":"https:\/\/pia-hessen.de\/ro\/wp-json\/wp\/v2\/pages\/5672\/revisions\/6868"}],"up":[{"embeddable":true,"href":"https:\/\/pia-hessen.de\/ro\/wp-json\/wp\/v2\/pages\/5663"}],"wp:attachment":[{"href":"https:\/\/pia-hessen.de\/ro\/wp-json\/wp\/v2\/media?parent=5672"}],"curies":[{"name":"wp","href":"https:\/\/api.w.org\/{rel}","templated":true}]}}