{"id":5696,"date":"2015-10-15T14:50:55","date_gmt":"2015-10-15T14:50:55","guid":{"rendered":"https:\/\/pia.fim-frauenrecht.de\/home"},"modified":"2024-03-19T10:43:00","modified_gmt":"2024-03-19T10:43:00","slug":"home","status":"publish","type":"page","link":"https:\/\/pia-hessen.de\/ro","title":{"rendered":"Home"},"content":{"rendered":"<div id='full_slider_1'  class='avia-fullwidth-slider main_color avia-shadow   avia-builder-el-0  el_before_av_section  avia-builder-el-first   container_wrap sidebar_right'  >\n<style type=\"text\/css\" data-created_by=\"avia_inline_auto\" id=\"style-css-av-18wjm7-6cf335c9ed59e4642b719df7d35b5b51\">\n#top #wrap_all .avia-slideshow .av-slideshow-caption.av-18wjm7-6cf335c9ed59e4642b719df7d35b5b51__0 .avia-caption-title{\nfont-size:70px;\ncolor:#ffffff;\n}\n#top .avia-slideshow .av-slideshow-caption.av-18wjm7-6cf335c9ed59e4642b719df7d35b5b51__0 .avia-caption-content{\nfont-size:16px;\ncolor:#ffffff;\n}\n#top .avia-slideshow .av-slideshow-caption.av-18wjm7-6cf335c9ed59e4642b719df7d35b5b51__0 .avia-caption-content p{\nfont-size:16px;\n}\n\n@media only screen and (max-width: 479px){ \n#top #wrap_all .avia-slideshow .av-slideshow-caption.av-18wjm7-6cf335c9ed59e4642b719df7d35b5b51__0 .avia-caption-title{\nfont-size:30px;\n}\n#top .avia-slideshow .av-slideshow-caption.av-18wjm7-6cf335c9ed59e4642b719df7d35b5b51__0 .avia-caption-content{\nfont-size:12px;\n}\n#top .avia-slideshow .av-slideshow-caption.av-18wjm7-6cf335c9ed59e4642b719df7d35b5b51__0 .avia-caption-content p{\nfont-size:12px;\n}\n}\n<\/style>\n<div  class='avia-slideshow av-18wjm7-6cf335c9ed59e4642b719df7d35b5b51 avia-slideshow-no scaling av_slideshow_full avia-fade-slider av-slideshow-ui av-control-minimal av-slideshow-autoplay av-loop-endless av-loop-manual-endless av-default-height-applied   avia-slideshow-1' data-slideshow-options=\"{&quot;animation&quot;:&quot;fade&quot;,&quot;autoplay&quot;:true,&quot;loop_autoplay&quot;:&quot;endless&quot;,&quot;interval&quot;:9,&quot;loop_manual&quot;:&quot;manual-endless&quot;,&quot;autoplay_stopper&quot;:false,&quot;noNavigation&quot;:false,&quot;bg_slider&quot;:false,&quot;keep_padding&quot;:false,&quot;hoverpause&quot;:false,&quot;show_slide_delay&quot;:0}\"  itemprop=\"image\" itemscope=\"itemscope\" itemtype=\"https:\/\/schema.org\/ImageObject\" ><ul class='avia-slideshow-inner ' style='padding-bottom: 31.578947368421%;'><li  class='avia-slideshow-slide av-18wjm7-6cf335c9ed59e4642b719df7d35b5b51__0  av-single-slide slide-1 slide-odd'><div data-rel='slideshow-1' class='avia-slide-wrap '   ><img decoding=\"async\" loading=\"lazy\" class=\"wp-image-3942 avia-img-lazy-loading-3942\"  src=\"https:\/\/pia-hessen.de\/wp-content\/uploads\/2020\/02\/fim-header-1-e1674580583402.jpg\" width=\"1140\" height=\"360\" title='fim-header' alt=''  itemprop=\"thumbnailUrl\"  style='min-height:200px; min-width:634px; ' \/><\/div><\/li><\/ul><\/div><\/div>\n\n<style type=\"text\/css\" data-created_by=\"avia_inline_auto\" id=\"style-css-av-1m9jn-2bd744fd3981a55b15dc30fa934496b0\">\n.avia-section.av-1m9jn-2bd744fd3981a55b15dc30fa934496b0{\nmargin-top:-50px;\nmargin-bottom:0px;\n}\n<\/style>\n<div id='av_section_1'  class='avia-section av-1m9jn-2bd744fd3981a55b15dc30fa934496b0 main_color avia-section-default avia-no-border-styling  avia-builder-el-1  el_after_av_slideshow_full  avia-builder-el-last  avia-bg-style-scroll container_wrap sidebar_right'  ><div class='container av-section-cont-open' ><div class='template-page content  av-content-small alpha units'><div class='post-entry post-entry-type-page post-entry-5696'><div class='entry-content-wrapper clearfix'>\n\n<style type=\"text\/css\" data-created_by=\"avia_inline_auto\" id=\"style-css-av-wb1z-e712ea951a541c7abd2b30da17bc8a5c\">\n.flex_column.av-wb1z-e712ea951a541c7abd2b30da17bc8a5c{\nborder-radius:0px 0px 0px 0px;\npadding:0 0px 0px 0px;\n}\n<\/style>\n<div  class='flex_column av-wb1z-e712ea951a541c7abd2b30da17bc8a5c av_one_full  avia-builder-el-2  avia-builder-el-no-sibling  first flex_column_div av-animated-generic pop-up  '     ><p>\n<style type=\"text\/css\" data-created_by=\"avia_inline_auto\" id=\"style-css-av-9ilqf-0406c8e7593bdf48baf77dacaa0ce3aa\">\n#top .hr.hr-invisible.av-9ilqf-0406c8e7593bdf48baf77dacaa0ce3aa{\nheight:50px;\n}\n<\/style>\n<div  class='hr av-9ilqf-0406c8e7593bdf48baf77dacaa0ce3aa hr-invisible  avia-builder-el-3  el_before_av_textblock  avia-builder-el-first '><span class='hr-inner '><span class=\"hr-inner-style\"><\/span><\/span><\/div><br \/>\n<section  class='av_textblock_section av-k5qtc3yy-ef6f2a3cacfa44f94223eb8ab2ebb749 '   itemscope=\"itemscope\" itemtype=\"https:\/\/schema.org\/CreativeWork\" ><div class='avia_textblock'  itemprop=\"text\" ><h1 style=\"text-align: center;\">PIA Hessen<\/h1>\n<h3 style=\"text-align: center;\">Prostitu\u021bie\u2013 Informa\u021bii \u2013 Puncte de contact<\/h3>\n<p style=\"text-align: center;\">Pe PIA Hessen g\u0103se\u0219ti multe informa\u021bii importante referitoare la tema prostitu\u021bie. \u00ce\u021bi explic\u0103m <a href=\"https:\/\/pia-hessen.de\/ro\/drepturi-si-obligatii\/legea-de-protectie-a-prostituatelor\">legea de protec\u021bie a prostituatelor<\/a> \u0219i g\u0103se\u0219ti informa\u021bii pe teme cum ar fi <a href=\"https:\/\/pia-hessen.de\/ro\/informatii-referitoare-la-sanatate\/sanatatea-generala\">s\u0103n\u0103tate<\/a>, <a href=\"https:\/\/pia-hessen.de\/ro\/sfat-si-ajutor\/sarcina\">sarcin\u0103<\/a>, <a href=\"https:\/\/pia-hessen.de\/ro\/sfat-si-ajutor\/constrangere-si-violenta\">constr\u00e2ngere \u0219i violen\u021b\u0103<\/a>.<\/p>\n<p style=\"text-align: center;\">Pe lang\u0103 acestea, pe PIA Hessen gase\u0219ti \u0219i o <a href=\"https:\/\/pia-hessen.de\/ro\/anlauf-und-beratungsstellen\">list\u0103 a centrelor de consiliere<\/a> din Darmstadt, Frankfurt, Kassel \u0219i Marburg. Aici po\u021bi primi consiliere legat\u0103 de munca \u0219i via\u021ba \u00een Germania. Consilierea este gratuit\u0103 \u0219i anonim\u0103.<\/p>\n<p style=\"text-align: center;\">Chiar dac\u0103 nu ai o asigurare de s\u0103n\u0103tate po\u021bi merge la un control medical gratuit. Pe PIA Hessen g\u0103se\u0219i <a href=\"https:\/\/pia-hessen.de\/ro\/informatii-referitoare-la-sanatate\/sanatatea-generala\">ofertele medicale pentru personane f\u0103r\u0103 asigurare de s\u0103ntate din Hessen<\/a>. Puncte de contact, unde te poti testa pentru HIV sau alte boli cu transmitere sexual\u0103 <a href=\"https:\/\/pia-hessen.de\/ro\/informatii-referitoare-la-sanatate\/hiv-sida-si-bolile-cu-transmitere-sexuala\">g\u0103se\u0219ti aici<\/a>.<\/p>\n<p style=\"text-align: center;\">Toate informa\u021biile de pe PIA Hessen le g\u0103se\u0219ti \u00een <a href=\"\/bg\">bulgar\u0103<\/a>, <a href=\"https:\/\/pia-hessen.de\/\" target=\"_blank\" rel=\"noopener\">german\u0103<\/a>, <a href=\"\/en\">englez\u0103<\/a>, <a href=\"\/es\">spaniol\u0103<\/a> \u0219i <a href=\"\/hu\">maghiar\u0103<\/a>.<\/p>\n<h1 style=\"text-align: center;\">\u2640 \u2642 \ud83c\udff3\ufe0f\u200d\u26a7\ufe0f<\/h1>\n<\/div><\/section><br \/>\n\n<style type=\"text\/css\" data-created_by=\"avia_inline_auto\" id=\"style-css-av-lcwdd67n-25c164acc15fab9e0ae0807c7197e8d3\">\n#top .hr.hr-invisible.av-lcwdd67n-25c164acc15fab9e0ae0807c7197e8d3{\nheight:50px;\n}\n<\/style>\n<div  class='hr av-lcwdd67n-25c164acc15fab9e0ae0807c7197e8d3 hr-invisible  avia-builder-el-5  el_after_av_textblock  avia-builder-el-last '><span class='hr-inner '><span class=\"hr-inner-style\"><\/span><\/span><\/div><\/p><\/div><\/div><\/div><\/div><!-- close content main div --><\/div><\/div><div id='after_section_1'  class='main_color av_default_container_wrap container_wrap sidebar_right'  ><div class='container av-section-cont-open' ><div class='template-page content  av-content-small alpha units'><div class='post-entry post-entry-type-page post-entry-5696'><div class='entry-content-wrapper clearfix'>\n","protected":false},"excerpt":{"rendered":"","protected":false},"author":1,"featured_media":3932,"parent":0,"menu_order":0,"comment_status":"closed","ping_status":"closed","template":"","meta":{"footnotes":""},"class_list":["post-5696","page","type-page","status-publish","has-post-thumbnail","hentry"],"yoast_head":"<!-- This site is optimized with the Yoast SEO plugin v27.3 - https:\/\/yoast.com\/product\/yoast-seo-wordpress\/ -->\n<title>PIA Hessen Prostitu\u021bie\u2013 Informa\u021bii \u2013 Puncte de contact<\/title>\n<meta name=\"description\" content=\"Pe PIA Hessen g\u0103se\u0219ti multe informa\u021bii importante referitoare la tema prostitu\u021bie. \u00ce\u021bi explic\u0103m legea de protec\u021bie a prostituatelor \u0219i g\u0103se\u0219ti informa\u021bii pe teme cum ar fi s\u0103n\u0103tate, sarcin\u0103, constr\u00e2ngere \u0219i violen\u021b\u0103.\" \/>\n<meta name=\"robots\" content=\"index, follow, max-snippet:-1, max-image-preview:large, max-video-preview:-1\" \/>\n<link rel=\"canonical\" href=\"https:\/\/pia-hessen.de\/ro\" \/>\n<meta name=\"twitter:label1\" content=\"Timp estimat pentru citire\" \/>\n\t<meta name=\"twitter:data1\" content=\"1 minut\" \/>\n<script type=\"application\/ld+json\" class=\"yoast-schema-graph\">{\"@context\":\"https:\\\/\\\/schema.org\",\"@graph\":[{\"@type\":\"WebPage\",\"@id\":\"https:\\\/\\\/pia-hessen.de\\\/ro\",\"url\":\"https:\\\/\\\/pia-hessen.de\\\/ro\",\"name\":\"PIA Hessen Prostitu\u021bie\u2013 Informa\u021bii \u2013 Puncte de contact\",\"isPartOf\":{\"@id\":\"https:\\\/\\\/pia-hessen.de\\\/ro#website\"},\"primaryImageOfPage\":{\"@id\":\"https:\\\/\\\/pia-hessen.de\\\/ro#primaryimage\"},\"image\":{\"@id\":\"https:\\\/\\\/pia-hessen.de\\\/ro#primaryimage\"},\"thumbnailUrl\":\"https:\\\/\\\/pia-hessen.de\\\/wp-content\\\/uploads\\\/2020\\\/02\\\/fim-header.jpg\",\"datePublished\":\"2015-10-15T14:50:55+00:00\",\"dateModified\":\"2024-03-19T10:43:00+00:00\",\"description\":\"Pe PIA Hessen g\u0103se\u0219ti multe informa\u021bii importante referitoare la tema prostitu\u021bie. \u00ce\u021bi explic\u0103m legea de protec\u021bie a prostituatelor \u0219i g\u0103se\u0219ti informa\u021bii pe teme cum ar fi s\u0103n\u0103tate, sarcin\u0103, constr\u00e2ngere \u0219i violen\u021b\u0103.\",\"breadcrumb\":{\"@id\":\"https:\\\/\\\/pia-hessen.de\\\/ro#breadcrumb\"},\"inLanguage\":\"ro-RO\",\"potentialAction\":[{\"@type\":\"ReadAction\",\"target\":[\"https:\\\/\\\/pia-hessen.de\\\/ro\"]}]},{\"@type\":\"ImageObject\",\"inLanguage\":\"ro-RO\",\"@id\":\"https:\\\/\\\/pia-hessen.de\\\/ro#primaryimage\",\"url\":\"https:\\\/\\\/pia-hessen.de\\\/wp-content\\\/uploads\\\/2020\\\/02\\\/fim-header.jpg\",\"contentUrl\":\"https:\\\/\\\/pia-hessen.de\\\/wp-content\\\/uploads\\\/2020\\\/02\\\/fim-header.jpg\",\"width\":1140,\"height\":360},{\"@type\":\"BreadcrumbList\",\"@id\":\"https:\\\/\\\/pia-hessen.de\\\/ro#breadcrumb\",\"itemListElement\":[{\"@type\":\"ListItem\",\"position\":1,\"name\":\"Startseite\",\"item\":\"https:\\\/\\\/pia-hessen.de\\\/ro\"},{\"@type\":\"ListItem\",\"position\":2,\"name\":\"Home\"}]},{\"@type\":\"WebSite\",\"@id\":\"https:\\\/\\\/pia-hessen.de\\\/ro#website\",\"url\":\"https:\\\/\\\/pia-hessen.de\\\/ro\",\"name\":\"PIA Hessen - Informationen und Beratung rund um Prostitution\",\"description\":\"\",\"publisher\":{\"@id\":\"https:\\\/\\\/pia-hessen.de\\\/ro#organization\"},\"potentialAction\":[{\"@type\":\"SearchAction\",\"target\":{\"@type\":\"EntryPoint\",\"urlTemplate\":\"https:\\\/\\\/pia-hessen.de\\\/ro?s={search_term_string}\"},\"query-input\":{\"@type\":\"PropertyValueSpecification\",\"valueRequired\":true,\"valueName\":\"search_term_string\"}}],\"inLanguage\":\"ro-RO\"},{\"@type\":\"Organization\",\"@id\":\"https:\\\/\\\/pia-hessen.de\\\/ro#organization\",\"name\":\"PIA Hessen - Informationen und Beratung rund um Prostitution\",\"url\":\"https:\\\/\\\/pia-hessen.de\\\/ro\",\"logo\":{\"@type\":\"ImageObject\",\"inLanguage\":\"ro-RO\",\"@id\":\"https:\\\/\\\/pia-hessen.de\\\/ro#\\\/schema\\\/logo\\\/image\\\/\",\"url\":\"https:\\\/\\\/pia-hessen.de\\\/wp-content\\\/uploads\\\/2022\\\/12\\\/pia-logo.png\",\"contentUrl\":\"https:\\\/\\\/pia-hessen.de\\\/wp-content\\\/uploads\\\/2022\\\/12\\\/pia-logo.png\",\"width\":300,\"height\":156,\"caption\":\"PIA Hessen - Informationen und Beratung rund um Prostitution\"},\"image\":{\"@id\":\"https:\\\/\\\/pia-hessen.de\\\/ro#\\\/schema\\\/logo\\\/image\\\/\"}}]}<\/script>\n<!-- \/ Yoast SEO plugin. -->","yoast_head_json":{"title":"PIA Hessen Prostitu\u021bie\u2013 Informa\u021bii \u2013 Puncte de contact","description":"Pe PIA Hessen g\u0103se\u0219ti multe informa\u021bii importante referitoare la tema prostitu\u021bie. \u00ce\u021bi explic\u0103m legea de protec\u021bie a prostituatelor \u0219i g\u0103se\u0219ti informa\u021bii pe teme cum ar fi s\u0103n\u0103tate, sarcin\u0103, constr\u00e2ngere \u0219i violen\u021b\u0103.","robots":{"index":"index","follow":"follow","max-snippet":"max-snippet:-1","max-image-preview":"max-image-preview:large","max-video-preview":"max-video-preview:-1"},"canonical":"https:\/\/pia-hessen.de\/ro","twitter_misc":{"Timp estimat pentru citire":"1 minut"},"schema":{"@context":"https:\/\/schema.org","@graph":[{"@type":"WebPage","@id":"https:\/\/pia-hessen.de\/ro","url":"https:\/\/pia-hessen.de\/ro","name":"PIA Hessen Prostitu\u021bie\u2013 Informa\u021bii \u2013 Puncte de contact","isPartOf":{"@id":"https:\/\/pia-hessen.de\/ro#website"},"primaryImageOfPage":{"@id":"https:\/\/pia-hessen.de\/ro#primaryimage"},"image":{"@id":"https:\/\/pia-hessen.de\/ro#primaryimage"},"thumbnailUrl":"https:\/\/pia-hessen.de\/wp-content\/uploads\/2020\/02\/fim-header.jpg","datePublished":"2015-10-15T14:50:55+00:00","dateModified":"2024-03-19T10:43:00+00:00","description":"Pe PIA Hessen g\u0103se\u0219ti multe informa\u021bii importante referitoare la tema prostitu\u021bie. \u00ce\u021bi explic\u0103m legea de protec\u021bie a prostituatelor \u0219i g\u0103se\u0219ti informa\u021bii pe teme cum ar fi s\u0103n\u0103tate, sarcin\u0103, constr\u00e2ngere \u0219i violen\u021b\u0103.","breadcrumb":{"@id":"https:\/\/pia-hessen.de\/ro#breadcrumb"},"inLanguage":"ro-RO","potentialAction":[{"@type":"ReadAction","target":["https:\/\/pia-hessen.de\/ro"]}]},{"@type":"ImageObject","inLanguage":"ro-RO","@id":"https:\/\/pia-hessen.de\/ro#primaryimage","url":"https:\/\/pia-hessen.de\/wp-content\/uploads\/2020\/02\/fim-header.jpg","contentUrl":"https:\/\/pia-hessen.de\/wp-content\/uploads\/2020\/02\/fim-header.jpg","width":1140,"height":360},{"@type":"BreadcrumbList","@id":"https:\/\/pia-hessen.de\/ro#breadcrumb","itemListElement":[{"@type":"ListItem","position":1,"name":"Startseite","item":"https:\/\/pia-hessen.de\/ro"},{"@type":"ListItem","position":2,"name":"Home"}]},{"@type":"WebSite","@id":"https:\/\/pia-hessen.de\/ro#website","url":"https:\/\/pia-hessen.de\/ro","name":"PIA Hessen - Informationen und Beratung rund um Prostitution","description":"","publisher":{"@id":"https:\/\/pia-hessen.de\/ro#organization"},"potentialAction":[{"@type":"SearchAction","target":{"@type":"EntryPoint","urlTemplate":"https:\/\/pia-hessen.de\/ro?s={search_term_string}"},"query-input":{"@type":"PropertyValueSpecification","valueRequired":true,"valueName":"search_term_string"}}],"inLanguage":"ro-RO"},{"@type":"Organization","@id":"https:\/\/pia-hessen.de\/ro#organization","name":"PIA Hessen - Informationen und Beratung rund um Prostitution","url":"https:\/\/pia-hessen.de\/ro","logo":{"@type":"ImageObject","inLanguage":"ro-RO","@id":"https:\/\/pia-hessen.de\/ro#\/schema\/logo\/image\/","url":"https:\/\/pia-hessen.de\/wp-content\/uploads\/2022\/12\/pia-logo.png","contentUrl":"https:\/\/pia-hessen.de\/wp-content\/uploads\/2022\/12\/pia-logo.png","width":300,"height":156,"caption":"PIA Hessen - Informationen und Beratung rund um Prostitution"},"image":{"@id":"https:\/\/pia-hessen.de\/ro#\/schema\/logo\/image\/"}}]}},"_links":{"self":[{"href":"https:\/\/pia-hessen.de\/ro\/wp-json\/wp\/v2\/pages\/5696","targetHints":{"allow":["GET"]}}],"collection":[{"href":"https:\/\/pia-hessen.de\/ro\/wp-json\/wp\/v2\/pages"}],"about":[{"href":"https:\/\/pia-hessen.de\/ro\/wp-json\/wp\/v2\/types\/page"}],"author":[{"embeddable":true,"href":"https:\/\/pia-hessen.de\/ro\/wp-json\/wp\/v2\/users\/1"}],"replies":[{"embeddable":true,"href":"https:\/\/pia-hessen.de\/ro\/wp-json\/wp\/v2\/comments?post=5696"}],"version-history":[{"count":16,"href":"https:\/\/pia-hessen.de\/ro\/wp-json\/wp\/v2\/pages\/5696\/revisions"}],"predecessor-version":[{"id":7079,"href":"https:\/\/pia-hessen.de\/ro\/wp-json\/wp\/v2\/pages\/5696\/revisions\/7079"}],"wp:featuredmedia":[{"embeddable":true,"href":"https:\/\/pia-hessen.de\/ro\/wp-json\/wp\/v2\/media\/3932"}],"wp:attachment":[{"href":"https:\/\/pia-hessen.de\/ro\/wp-json\/wp\/v2\/media?parent=5696"}],"curies":[{"name":"wp","href":"https:\/\/api.w.org\/{rel}","templated":true}]}}