{"id":5723,"date":"2020-01-31T22:30:28","date_gmt":"2020-01-31T22:30:28","guid":{"rendered":"https:\/\/pia.fim-frauenrecht.de\/drogurile-si-alcoolul"},"modified":"2023-01-31T17:04:32","modified_gmt":"2023-01-31T17:04:32","slug":"drogurile-si-alcoolul","status":"publish","type":"page","link":"https:\/\/pia-hessen.de\/ro\/informatii-referitoare-la-sanatate\/drogurile-si-alcoolul","title":{"rendered":"Drogurile \u0219i alcoolul"},"content":{"rendered":"<div id='full_slider_1'  class='avia-fullwidth-slider main_color avia-shadow   avia-builder-el-0  el_before_av_section  avia-builder-el-first   container_wrap sidebar_right'  ><div  class='avia-slideshow av-k5u8417p-51fa327718471590041f1628efe5da80 avia-slideshow-no scaling av_slideshow_full avia-fade-slider av-slideshow-ui av-control-hidden av-no-slider-navigation av-hide-nav-arrows av-slideshow-manual av-loop-once av-loop-manual-endless av-default-height-applied   avia-slideshow-1' data-slideshow-options=\"{&quot;animation&quot;:&quot;fade&quot;,&quot;autoplay&quot;:false,&quot;loop_autoplay&quot;:&quot;once&quot;,&quot;interval&quot;:5,&quot;loop_manual&quot;:&quot;manual-endless&quot;,&quot;autoplay_stopper&quot;:false,&quot;noNavigation&quot;:true,&quot;bg_slider&quot;:false,&quot;keep_padding&quot;:false,&quot;hoverpause&quot;:false,&quot;show_slide_delay&quot;:0}\"  itemprop=\"image\" itemscope=\"itemscope\" itemtype=\"https:\/\/schema.org\/ImageObject\" ><ul class='avia-slideshow-inner ' style='padding-bottom: 1.6129032258065%;'><li  class='avia-slideshow-slide av-k5u8417p-51fa327718471590041f1628efe5da80__0  av-single-slide slide-1 slide-odd'><div data-rel='slideshow-1' class='avia-slide-wrap '   ><img decoding=\"async\" fetchpriority=\"high\" class=\"wp-image-3782 avia-img-lazy-loading-not-3782\"  src=\"https:\/\/pia-hessen.de\/wp-content\/uploads\/2020\/01\/balken-1.png\" width=\"1550\" height=\"25\" title='balken' alt=''  itemprop=\"thumbnailUrl\"  style='min-height:20px; min-width:1240px; ' srcset=\"https:\/\/pia-hessen.de\/wp-content\/uploads\/2020\/01\/balken-1.png 1550w, https:\/\/pia-hessen.de\/wp-content\/uploads\/2020\/01\/balken-1-300x5.png 300w, https:\/\/pia-hessen.de\/wp-content\/uploads\/2020\/01\/balken-1-1030x17.png 1030w, https:\/\/pia-hessen.de\/wp-content\/uploads\/2020\/01\/balken-1-768x12.png 768w, https:\/\/pia-hessen.de\/wp-content\/uploads\/2020\/01\/balken-1-1536x25.png 1536w, https:\/\/pia-hessen.de\/wp-content\/uploads\/2020\/01\/balken-1-1500x24.png 1500w, https:\/\/pia-hessen.de\/wp-content\/uploads\/2020\/01\/balken-1-705x11.png 705w\" sizes=\"(max-width: 1550px) 100vw, 1550px\" \/><\/div><\/li><\/ul><\/div><\/div>\n<div id='av_section_1'  class='avia-section av-1m9jn-b6036d40cac0c5be9199506d72b001eb main_color avia-section-default avia-no-border-styling  avia-builder-el-1  el_after_av_slideshow_full  avia-builder-el-last  avia-bg-style-scroll container_wrap sidebar_right'  ><div class='container av-section-cont-open' ><div class='template-page content  av-content-small alpha units'><div class='post-entry post-entry-type-page post-entry-5723'><div class='entry-content-wrapper clearfix'>\n\n<style type=\"text\/css\" data-created_by=\"avia_inline_auto\" id=\"style-css-av-wb1z-88d98e97dafaa024a68403d7f9642726\">\n.flex_column.av-wb1z-88d98e97dafaa024a68403d7f9642726{\nborder-radius:0px 0px 0px 0px;\npadding:0 0px 20px 0px;\n}\n<\/style>\n<div  class='flex_column av-wb1z-88d98e97dafaa024a68403d7f9642726 av_one_full  avia-builder-el-2  avia-builder-el-no-sibling  first flex_column_div av-animated-generic pop-up  '     ><p>\n<style type=\"text\/css\" data-created_by=\"avia_inline_auto\" id=\"style-css-av-9ilqf-60f2d548e9eecaa420ea58cf431917d1\">\n#top .hr.av-9ilqf-60f2d548e9eecaa420ea58cf431917d1{\nmargin-top:5px;\nmargin-bottom:35px;\n}\n.hr.av-9ilqf-60f2d548e9eecaa420ea58cf431917d1 .hr-inner{\nwidth:50px;\nborder-color:#9e2745;\n}\n<\/style>\n<div  class='hr av-9ilqf-60f2d548e9eecaa420ea58cf431917d1 hr-custom  avia-builder-el-3  el_before_av_textblock  avia-builder-el-first  hr-center hr-icon-no'><span class='hr-inner inner-border-av-border-fat'><span class=\"hr-inner-style\"><\/span><\/span><\/div><br \/>\n\n<style type=\"text\/css\" data-created_by=\"avia_inline_auto\" id=\"style-css-av-k5qtc3yy-627ac211b29083dd4d163f8cd42f852e\">\n\n@media only screen and (max-width: 479px){ \n#top .av_textblock_section.av-k5qtc3yy-627ac211b29083dd4d163f8cd42f852e .avia_textblock{\nfont-size:20px;\n}\n}\n<\/style>\n<section  class='av_textblock_section av-k5qtc3yy-627ac211b29083dd4d163f8cd42f852e '   itemscope=\"itemscope\" itemtype=\"https:\/\/schema.org\/CreativeWork\" ><div class='avia_textblock'  itemprop=\"text\" ><h1 style=\"text-align: center;\">Drogurile \u0219i alcoolul<\/h1>\n<div>\n<p>Fii atent cu alcoolul \u0219i drogurile. La munc\u0103 ai nevoie de un cap limpede. Daca consumi droguri exist\u0103 c\u00e2teva reguli prin care te po\u021bi proteja \u00eempotriva infec\u021biilor (de exemplu hepatit\u0103, HIV) atunci c\u00e2nd consumi: <\/p>\n<ul>\n<li>Dac\u0103 injectezi, folose\u0219te mereu propria siring\u0103 \u0219i propriile accesorii (filtre, lingur\u0103, brichet\u0103). Echipament de injectare steril ob\u021bii de la centrele de ajutor pentru consumatorii de droguri din ora\u0219ul t\u0103u. <\/li>\n<li>Dac\u0103 prizezi, folose\u0219te doar tubul propriu.<\/li>\n<li>Dac\u0103 fumezi, folose\u0219te \u00eentotdeauna propria pip\u0103.<\/li>\n<\/ul>\n<p>Mai multe informa\u021bii sunt disponibile, printre altele, pe pagina principal\u0103 a organiza\u021biilor germane anti-SIDA <a href=\"http:\/\/www.aidshilfe.de\/safer-use\" target=\"_blank\" rel=\"noopener\">www.aidshilfe.de\/safer-use<\/a>.<\/p>\n<\/div>\n<\/div><\/section><\/p><\/div><\/div><\/div><\/div><!-- close content main div --><\/div><\/div><div id='after_section_1'  class='main_color av_default_container_wrap container_wrap sidebar_right'  ><div class='container av-section-cont-open' ><div class='template-page content  av-content-small alpha units'><div class='post-entry post-entry-type-page post-entry-5723'><div class='entry-content-wrapper clearfix'>\n","protected":false},"excerpt":{"rendered":"","protected":false},"author":2,"featured_media":0,"parent":5726,"menu_order":3,"comment_status":"closed","ping_status":"closed","template":"","meta":{"footnotes":""},"class_list":["post-5723","page","type-page","status-publish","hentry"],"yoast_head":"<!-- This site is optimized with the Yoast SEO plugin v27.3 - https:\/\/yoast.com\/product\/yoast-seo-wordpress\/ -->\n<title>Drogurile \u0219i alcoolul - PIA Hessen - Informationen und Beratung rund um Prostitution<\/title>\n<meta name=\"robots\" content=\"index, follow, max-snippet:-1, max-image-preview:large, max-video-preview:-1\" \/>\n<link rel=\"canonical\" href=\"https:\/\/pia-hessen.de\/ro\/informatii-referitoare-la-sanatate\/drogurile-si-alcoolul\" \/>\n<meta name=\"twitter:label1\" content=\"Timp estimat pentru citire\" \/>\n\t<meta name=\"twitter:data1\" content=\"3 minute\" \/>\n<script type=\"application\/ld+json\" class=\"yoast-schema-graph\">{\"@context\":\"https:\\\/\\\/schema.org\",\"@graph\":[{\"@type\":\"WebPage\",\"@id\":\"https:\\\/\\\/pia-hessen.de\\\/ro\\\/informatii-referitoare-la-sanatate\\\/drogurile-si-alcoolul\",\"url\":\"https:\\\/\\\/pia-hessen.de\\\/ro\\\/informatii-referitoare-la-sanatate\\\/drogurile-si-alcoolul\",\"name\":\"Drogurile \u0219i alcoolul - PIA Hessen - Informationen und Beratung rund um Prostitution\",\"isPartOf\":{\"@id\":\"https:\\\/\\\/pia-hessen.de\\\/ro#website\"},\"datePublished\":\"2020-01-31T22:30:28+00:00\",\"dateModified\":\"2023-01-31T17:04:32+00:00\",\"breadcrumb\":{\"@id\":\"https:\\\/\\\/pia-hessen.de\\\/ro\\\/informatii-referitoare-la-sanatate\\\/drogurile-si-alcoolul#breadcrumb\"},\"inLanguage\":\"ro-RO\",\"potentialAction\":[{\"@type\":\"ReadAction\",\"target\":[\"https:\\\/\\\/pia-hessen.de\\\/ro\\\/informatii-referitoare-la-sanatate\\\/drogurile-si-alcoolul\"]}]},{\"@type\":\"BreadcrumbList\",\"@id\":\"https:\\\/\\\/pia-hessen.de\\\/ro\\\/informatii-referitoare-la-sanatate\\\/drogurile-si-alcoolul#breadcrumb\",\"itemListElement\":[{\"@type\":\"ListItem\",\"position\":1,\"name\":\"Startseite\",\"item\":\"https:\\\/\\\/pia-hessen.de\\\/ro\"},{\"@type\":\"ListItem\",\"position\":2,\"name\":\"S\u0103n\u0103tate\",\"item\":\"https:\\\/\\\/pia-hessen.de\\\/ro\\\/informatii-referitoare-la-sanatate\"},{\"@type\":\"ListItem\",\"position\":3,\"name\":\"Drogurile \u0219i alcoolul\"}]},{\"@type\":\"WebSite\",\"@id\":\"https:\\\/\\\/pia-hessen.de\\\/ro#website\",\"url\":\"https:\\\/\\\/pia-hessen.de\\\/ro\",\"name\":\"PIA Hessen - Informationen und Beratung rund um Prostitution\",\"description\":\"\",\"publisher\":{\"@id\":\"https:\\\/\\\/pia-hessen.de\\\/ro#organization\"},\"potentialAction\":[{\"@type\":\"SearchAction\",\"target\":{\"@type\":\"EntryPoint\",\"urlTemplate\":\"https:\\\/\\\/pia-hessen.de\\\/ro?s={search_term_string}\"},\"query-input\":{\"@type\":\"PropertyValueSpecification\",\"valueRequired\":true,\"valueName\":\"search_term_string\"}}],\"inLanguage\":\"ro-RO\"},{\"@type\":\"Organization\",\"@id\":\"https:\\\/\\\/pia-hessen.de\\\/ro#organization\",\"name\":\"PIA Hessen - Informationen und Beratung rund um Prostitution\",\"url\":\"https:\\\/\\\/pia-hessen.de\\\/ro\",\"logo\":{\"@type\":\"ImageObject\",\"inLanguage\":\"ro-RO\",\"@id\":\"https:\\\/\\\/pia-hessen.de\\\/ro#\\\/schema\\\/logo\\\/image\\\/\",\"url\":\"https:\\\/\\\/pia-hessen.de\\\/wp-content\\\/uploads\\\/2022\\\/12\\\/pia-logo.png\",\"contentUrl\":\"https:\\\/\\\/pia-hessen.de\\\/wp-content\\\/uploads\\\/2022\\\/12\\\/pia-logo.png\",\"width\":300,\"height\":156,\"caption\":\"PIA Hessen - Informationen und Beratung rund um Prostitution\"},\"image\":{\"@id\":\"https:\\\/\\\/pia-hessen.de\\\/ro#\\\/schema\\\/logo\\\/image\\\/\"}}]}<\/script>\n<!-- \/ Yoast SEO plugin. -->","yoast_head_json":{"title":"Drogurile \u0219i alcoolul - PIA Hessen - Informationen und Beratung rund um Prostitution","robots":{"index":"index","follow":"follow","max-snippet":"max-snippet:-1","max-image-preview":"max-image-preview:large","max-video-preview":"max-video-preview:-1"},"canonical":"https:\/\/pia-hessen.de\/ro\/informatii-referitoare-la-sanatate\/drogurile-si-alcoolul","twitter_misc":{"Timp estimat pentru citire":"3 minute"},"schema":{"@context":"https:\/\/schema.org","@graph":[{"@type":"WebPage","@id":"https:\/\/pia-hessen.de\/ro\/informatii-referitoare-la-sanatate\/drogurile-si-alcoolul","url":"https:\/\/pia-hessen.de\/ro\/informatii-referitoare-la-sanatate\/drogurile-si-alcoolul","name":"Drogurile \u0219i alcoolul - PIA Hessen - Informationen und Beratung rund um Prostitution","isPartOf":{"@id":"https:\/\/pia-hessen.de\/ro#website"},"datePublished":"2020-01-31T22:30:28+00:00","dateModified":"2023-01-31T17:04:32+00:00","breadcrumb":{"@id":"https:\/\/pia-hessen.de\/ro\/informatii-referitoare-la-sanatate\/drogurile-si-alcoolul#breadcrumb"},"inLanguage":"ro-RO","potentialAction":[{"@type":"ReadAction","target":["https:\/\/pia-hessen.de\/ro\/informatii-referitoare-la-sanatate\/drogurile-si-alcoolul"]}]},{"@type":"BreadcrumbList","@id":"https:\/\/pia-hessen.de\/ro\/informatii-referitoare-la-sanatate\/drogurile-si-alcoolul#breadcrumb","itemListElement":[{"@type":"ListItem","position":1,"name":"Startseite","item":"https:\/\/pia-hessen.de\/ro"},{"@type":"ListItem","position":2,"name":"S\u0103n\u0103tate","item":"https:\/\/pia-hessen.de\/ro\/informatii-referitoare-la-sanatate"},{"@type":"ListItem","position":3,"name":"Drogurile \u0219i alcoolul"}]},{"@type":"WebSite","@id":"https:\/\/pia-hessen.de\/ro#website","url":"https:\/\/pia-hessen.de\/ro","name":"PIA Hessen - Informationen und Beratung rund um Prostitution","description":"","publisher":{"@id":"https:\/\/pia-hessen.de\/ro#organization"},"potentialAction":[{"@type":"SearchAction","target":{"@type":"EntryPoint","urlTemplate":"https:\/\/pia-hessen.de\/ro?s={search_term_string}"},"query-input":{"@type":"PropertyValueSpecification","valueRequired":true,"valueName":"search_term_string"}}],"inLanguage":"ro-RO"},{"@type":"Organization","@id":"https:\/\/pia-hessen.de\/ro#organization","name":"PIA Hessen - Informationen und Beratung rund um Prostitution","url":"https:\/\/pia-hessen.de\/ro","logo":{"@type":"ImageObject","inLanguage":"ro-RO","@id":"https:\/\/pia-hessen.de\/ro#\/schema\/logo\/image\/","url":"https:\/\/pia-hessen.de\/wp-content\/uploads\/2022\/12\/pia-logo.png","contentUrl":"https:\/\/pia-hessen.de\/wp-content\/uploads\/2022\/12\/pia-logo.png","width":300,"height":156,"caption":"PIA Hessen - Informationen und Beratung rund um Prostitution"},"image":{"@id":"https:\/\/pia-hessen.de\/ro#\/schema\/logo\/image\/"}}]}},"_links":{"self":[{"href":"https:\/\/pia-hessen.de\/ro\/wp-json\/wp\/v2\/pages\/5723","targetHints":{"allow":["GET"]}}],"collection":[{"href":"https:\/\/pia-hessen.de\/ro\/wp-json\/wp\/v2\/pages"}],"about":[{"href":"https:\/\/pia-hessen.de\/ro\/wp-json\/wp\/v2\/types\/page"}],"author":[{"embeddable":true,"href":"https:\/\/pia-hessen.de\/ro\/wp-json\/wp\/v2\/users\/2"}],"replies":[{"embeddable":true,"href":"https:\/\/pia-hessen.de\/ro\/wp-json\/wp\/v2\/comments?post=5723"}],"version-history":[{"count":8,"href":"https:\/\/pia-hessen.de\/ro\/wp-json\/wp\/v2\/pages\/5723\/revisions"}],"predecessor-version":[{"id":5770,"href":"https:\/\/pia-hessen.de\/ro\/wp-json\/wp\/v2\/pages\/5723\/revisions\/5770"}],"up":[{"embeddable":true,"href":"https:\/\/pia-hessen.de\/ro\/wp-json\/wp\/v2\/pages\/5726"}],"wp:attachment":[{"href":"https:\/\/pia-hessen.de\/ro\/wp-json\/wp\/v2\/media?parent=5723"}],"curies":[{"name":"wp","href":"https:\/\/api.w.org\/{rel}","templated":true}]}}