{"id":5757,"date":"2020-01-31T22:29:30","date_gmt":"2020-01-31T22:29:30","guid":{"rendered":"https:\/\/pia.fim-frauenrecht.de\/informatii-referitoare-la-sanatate\/dependenta-de-jocuri-de-noroc"},"modified":"2023-01-31T17:06:25","modified_gmt":"2023-01-31T17:06:25","slug":"dependenta-de-jocuri-de-noroc","status":"publish","type":"page","link":"https:\/\/pia-hessen.de\/ro\/informatii-referitoare-la-sanatate\/dependenta-de-jocuri-de-noroc","title":{"rendered":"Dependen\u021ba de jocuri de noroc"},"content":{"rendered":"<\/p>\n<div id='full_slider_1'  class='avia-fullwidth-slider main_color avia-shadow   avia-builder-el-0  el_before_av_section  avia-builder-el-first   container_wrap sidebar_right'  ><div  class='avia-slideshow av-k5u8417p-51fa327718471590041f1628efe5da80 avia-slideshow-no scaling av_slideshow_full avia-fade-slider av-slideshow-ui av-control-hidden av-no-slider-navigation av-hide-nav-arrows av-slideshow-manual av-loop-once av-loop-manual-endless av-default-height-applied   avia-slideshow-1' data-slideshow-options=\"{&quot;animation&quot;:&quot;fade&quot;,&quot;autoplay&quot;:false,&quot;loop_autoplay&quot;:&quot;once&quot;,&quot;interval&quot;:5,&quot;loop_manual&quot;:&quot;manual-endless&quot;,&quot;autoplay_stopper&quot;:false,&quot;noNavigation&quot;:true,&quot;bg_slider&quot;:false,&quot;keep_padding&quot;:false,&quot;hoverpause&quot;:false,&quot;show_slide_delay&quot;:0}\"  itemprop=\"image\" itemscope=\"itemscope\" itemtype=\"https:\/\/schema.org\/ImageObject\" ><ul class='avia-slideshow-inner ' style='padding-bottom: 1.6129032258065%;'><li  class='avia-slideshow-slide av-k5u8417p-51fa327718471590041f1628efe5da80__0  av-single-slide slide-1 slide-odd'><div data-rel='slideshow-1' class='avia-slide-wrap '   ><img decoding=\"async\" fetchpriority=\"high\" class=\"wp-image-3782 avia-img-lazy-loading-not-3782\"  src=\"https:\/\/pia-hessen.de\/wp-content\/uploads\/2020\/01\/balken-1.png\" width=\"1550\" height=\"25\" title='balken' alt=''  itemprop=\"thumbnailUrl\"  style='min-height:20px; min-width:1240px; ' srcset=\"https:\/\/pia-hessen.de\/wp-content\/uploads\/2020\/01\/balken-1.png 1550w, https:\/\/pia-hessen.de\/wp-content\/uploads\/2020\/01\/balken-1-300x5.png 300w, https:\/\/pia-hessen.de\/wp-content\/uploads\/2020\/01\/balken-1-1030x17.png 1030w, https:\/\/pia-hessen.de\/wp-content\/uploads\/2020\/01\/balken-1-768x12.png 768w, https:\/\/pia-hessen.de\/wp-content\/uploads\/2020\/01\/balken-1-1536x25.png 1536w, https:\/\/pia-hessen.de\/wp-content\/uploads\/2020\/01\/balken-1-1500x24.png 1500w, https:\/\/pia-hessen.de\/wp-content\/uploads\/2020\/01\/balken-1-705x11.png 705w\" sizes=\"(max-width: 1550px) 100vw, 1550px\" \/><\/div><\/li><\/ul><\/div><\/div>\n<div id='av_section_1'  class='avia-section av-1m9jn-b6036d40cac0c5be9199506d72b001eb main_color avia-section-default avia-no-border-styling  avia-builder-el-1  el_after_av_slideshow_full  el_before_av_section  avia-bg-style-scroll container_wrap sidebar_right'  ><div class='container av-section-cont-open' ><div class='template-page content  av-content-small alpha units'><div class='post-entry post-entry-type-page post-entry-5757'><div class='entry-content-wrapper clearfix'>\n\n<style type=\"text\/css\" data-created_by=\"avia_inline_auto\" id=\"style-css-av-wb1z-88d98e97dafaa024a68403d7f9642726\">\n.flex_column.av-wb1z-88d98e97dafaa024a68403d7f9642726{\nborder-radius:0px 0px 0px 0px;\npadding:0 0px 20px 0px;\n}\n<\/style>\n<div  class='flex_column av-wb1z-88d98e97dafaa024a68403d7f9642726 av_one_full  avia-builder-el-2  el_before_av_image  avia-builder-el-first  first flex_column_div av-animated-generic pop-up  '     ><p>\n<style type=\"text\/css\" data-created_by=\"avia_inline_auto\" id=\"style-css-av-9ilqf-60f2d548e9eecaa420ea58cf431917d1\">\n#top .hr.av-9ilqf-60f2d548e9eecaa420ea58cf431917d1{\nmargin-top:5px;\nmargin-bottom:35px;\n}\n.hr.av-9ilqf-60f2d548e9eecaa420ea58cf431917d1 .hr-inner{\nwidth:50px;\nborder-color:#9e2745;\n}\n<\/style>\n<div  class='hr av-9ilqf-60f2d548e9eecaa420ea58cf431917d1 hr-custom  avia-builder-el-3  el_before_av_textblock  avia-builder-el-first  hr-center hr-icon-no'><span class='hr-inner inner-border-av-border-fat'><span class=\"hr-inner-style\"><\/span><\/span><\/div><br \/>\n\n<style type=\"text\/css\" data-created_by=\"avia_inline_auto\" id=\"style-css-av-k5qtc3yy-627ac211b29083dd4d163f8cd42f852e\">\n\n@media only screen and (max-width: 479px){ \n#top .av_textblock_section.av-k5qtc3yy-627ac211b29083dd4d163f8cd42f852e .avia_textblock{\nfont-size:20px;\n}\n}\n<\/style>\n<section  class='av_textblock_section av-k5qtc3yy-627ac211b29083dd4d163f8cd42f852e '   itemscope=\"itemscope\" itemtype=\"https:\/\/schema.org\/CreativeWork\" ><div class='avia_textblock'  itemprop=\"text\" ><h1 style=\"text-align: center;\">Dependen\u021ba de jocuri de noroc<\/h1>\n<p>Jocurile de noroc trebuie s\u0103 fie simpl\u0103 distrac\u021bie, totu\u0219i se pot transforma rapid \u00eentr-o adic\u021bie d\u0103un\u0103toare. C\u00e2nd se \u00eent\u00e2mpl\u0103 asta, pierzi controlul asupra duratei jocului \u0219i asupra sumei de bani pe care o mizezi. Jocul devine st\u0103p\u00e2n peste toate g\u00e2ndurile tale. Apeleaz\u0103 la ajutor atunci c\u00e2nd ai impresia c\u0103 e\u0219ti dependent de jocuri de noroc.<\/p>\n<\/div><\/section><\/p><\/div>\n<\/div><\/div><\/div><!-- close content main div --><\/div><\/div><div id='niedrigschwelliger'  class='avia-section av-jgme3-8dea5b4fd48505c2eecac2850a149a4f main_color avia-section-default avia-no-shadow  avia-builder-el-6  el_after_av_section  avia-builder-el-last  avia-bg-style-parallax container_wrap sidebar_right'  ><div class='container av-section-cont-open' ><div class='template-page content  av-content-small alpha units'><div class='post-entry post-entry-type-page post-entry-5757'><div class='entry-content-wrapper clearfix'>\n\n<style type=\"text\/css\" data-created_by=\"avia_inline_auto\" id=\"style-css-av-com6u-51fa0ebd97b98785147b047d880cf27a\">\n#top .av-special-heading.av-com6u-51fa0ebd97b98785147b047d880cf27a{\nmargin:0 0 0px 0;\npadding-bottom:0;\n}\nbody .av-special-heading.av-com6u-51fa0ebd97b98785147b047d880cf27a .av-special-heading-tag .heading-char{\nfont-size:25px;\n}\n.av-special-heading.av-com6u-51fa0ebd97b98785147b047d880cf27a .av-subheading{\nfont-size:15px;\n}\n<\/style>\n<div  id=\"Niedrigschwelliger\"  class='av-special-heading av-com6u-51fa0ebd97b98785147b047d880cf27a av-special-heading-h2 blockquote modern-quote  avia-builder-el-7  el_before_av_hr  avia-builder-el-first '><h2 class='av-special-heading-tag '  itemprop=\"headline\"  >Reguli pentru jocul de noroc responsabil<\/h2><div class=\"special-heading-border\"><div class=\"special-heading-inner-border\"><\/div><\/div><\/div>\n\n<style type=\"text\/css\" data-created_by=\"avia_inline_auto\" id=\"style-css-av-9ilqf-2-ddb192fd3a47a35e89d2ae62b05e1869\">\n#top .hr.av-9ilqf-2-ddb192fd3a47a35e89d2ae62b05e1869{\nmargin-top:5px;\nmargin-bottom:35px;\n}\n.hr.av-9ilqf-2-ddb192fd3a47a35e89d2ae62b05e1869 .hr-inner{\nwidth:50px;\nborder-color:#9e2745;\n}\n<\/style>\n<div  class='hr av-9ilqf-2-ddb192fd3a47a35e89d2ae62b05e1869 hr-custom  avia-builder-el-8  el_after_av_heading  el_before_av_one_full  hr-left hr-icon-no'><span class='hr-inner inner-border-av-border-fat'><span class=\"hr-inner-style\"><\/span><\/span><\/div>\n\n<style type=\"text\/css\" data-created_by=\"avia_inline_auto\" id=\"style-css-av-1r8ej-340562e16292231fe2d6de854a2da19b\">\n.flex_column.av-1r8ej-340562e16292231fe2d6de854a2da19b{\nborder-radius:0px 0px 0px 0px;\npadding:0px 0px 0px 0px;\n}\n<\/style>\n<div  class='flex_column av-1r8ej-340562e16292231fe2d6de854a2da19b av_one_full  avia-builder-el-9  el_after_av_hr  el_before_av_one_half  first flex_column_div av-zero-column-padding  '     ><section  class='av_textblock_section av-k5qtc3yy-1-e8baed29dfe6e34e51adc247fb8982b5 '   itemscope=\"itemscope\" itemtype=\"https:\/\/schema.org\/CreativeWork\" ><div class='avia_textblock'  itemprop=\"text\" ><p>Indiferent dac\u0103 e\u0219ti la risc de adic\u021bie sau nu, astfel \u00eenc\u00e2t jocul s\u0103 r\u0103m\u00e2n\u0103 un hobby pl\u0103cut \u0219i s\u0103 nu devin\u0103 ap\u0103s\u0103tor:<\/p>\n<\/div><\/section><\/div>\n<style type=\"text\/css\" data-created_by=\"avia_inline_auto\" id=\"style-css-av-f211a-4621be76d39445da06523dc370c27b41\">\n.flex_column.av-f211a-4621be76d39445da06523dc370c27b41{\nborder-radius:0px 0px 0px 0px;\npadding:0px 0px 0px 0px;\n}\n<\/style>\n<div  class='flex_column av-f211a-4621be76d39445da06523dc370c27b41 av_one_half  avia-builder-el-11  el_after_av_one_full  el_before_av_one_half  first flex_column_div av-zero-column-padding  column-top-margin'     ><section  class='av_textblock_section av-kosq4l2s-53b4ab076e49a4ced68b46647b397b99 '   itemscope=\"itemscope\" itemtype=\"https:\/\/schema.org\/CreativeWork\" ><div class='avia_textblock'  itemprop=\"text\" ><ul>\n<li>Joac\u0103 numai pentru distrac\u021bie.<\/li>\n<li>Nu juca cu ideea ca trebuie mereu s\u0103 c\u00e2\u0219tigi.<\/li>\n<li>Nu te baza pe jocurile de noroc ca s\u0103 ca\u0219tigi bani.<\/li>\n<li>Mizeaz\u0103 numai bani care \u00ee\u021bi apar\u021bin.<\/li>\n<li>C\u00e2nd c\u00e2\u0219tigi, ia c\u00e2\u0219tigul \u0219i opre\u0219te-te din joc.<\/li>\n<li>Nu \u00eencerca s\u0103 acoperi pierderi prin jocuri adi\u021bionale.<\/li>\n<li>\u00cenainte de a juca, f\u0103-\u021bi o limit\u0103 pentru c\u00e2\u021bi bani e\u0219ti dispus\/\u0103 s\u0103 pierzi. La nevoie, ia cu tine numai aceast\u0103 sum\u0103. <\/li>\n<li>\u00cenainte de a juca, f\u0103-\u021bi o limit\u0103 pentru c\u00e2t timp e\u0219ti dispus\/\u0103 s\u0103 joci.<\/li>\n<li>Nu schimba \u00een timpul jocului limita maxim\u0103 pe care \u021bi-ai propus-o.<\/li>\n<li>P\u0103streaz\u0103-\u021bi promisiunile fa\u021b\u0103 de ceilal\u021bi. Nu \u00ee\u021bi \u00eentoarce cuv\u00e2ntul doar pentru c\u0103 vrei s\u0103 joci \u00eenc\u0103 un pic. <\/li>\n<\/ul>\n<\/div><\/section><\/div>\n<style type=\"text\/css\" data-created_by=\"avia_inline_auto\" id=\"style-css-av-9xgqu-f5bcba10c3b4ad188263a6dc608be1d8\">\n.flex_column.av-9xgqu-f5bcba10c3b4ad188263a6dc608be1d8{\nborder-radius:0px 0px 0px 0px;\npadding:0px 0px 0px 0px;\n}\n<\/style>\n<div  class='flex_column av-9xgqu-f5bcba10c3b4ad188263a6dc608be1d8 av_one_half  avia-builder-el-13  el_after_av_one_half  avia-builder-el-last  flex_column_div av-zero-column-padding  column-top-margin'     ><section  class='av_textblock_section av-kosq3eos-82c1dd0ff0672d005951d201e5967e1c '   itemscope=\"itemscope\" itemtype=\"https:\/\/schema.org\/CreativeWork\" ><div class='avia_textblock'  itemprop=\"text\" ><ul>\n<li>Pleac\u0103 de la premiza c\u0103 pierzi. \u0218ansele de c\u00e2\u0219tig sunt foarte mici. Accept\u0103 pierderile ca parte integral\u0103 a jocului.  <\/li>\n<li>Informeaz\u0103-te despre semnele timpurii ale dependen\u021bei de jocuri de noroc.<\/li>\n<li>Planific\u0103 pauze \u00een timpul jocului: revin-o cu regularitate la realitatea \u00eenconjur\u0103toare. Pericolul de adic\u021bie este mai mare tocmai c\u00e2nd ai o pas\u0103 bun\u0103, pentru c\u0103 atunci este activat centrul nervos de recompens\u0103 \u0219i prin acumularea de c\u00e2\u0219tiguri e posibil s\u0103 pierzi sim\u021bul m\u0103surii. Asta poate duce la mize ridicate \u0219i un comportament riscant de joc.  <\/li>\n<li>Nu juca niciodat\u0103 jocuri de noroc sub influen\u021ba alcoolului, drogurilor sau medicamentelor.<\/li>\n<li>Nu juca c\u00e2nd te sim\u021bi deprimat\/\u0103.<\/li>\n<li>Joac\u0103 numai atunci c\u00e2nd e\u0219ti odihnit\/\u0103 \u0219i te po\u021bi concentra.<\/li>\n<li>Dac\u0103 nu reu\u0219e\u0219ti s\u0103 te la\u0219i de joc, nu ezita s\u0103 ceri ajutor.<\/li>\n<\/ul>\n<\/div><\/section><\/div>\n<\/div><\/div><\/div><!-- close content main div --><\/div><\/div><div id='after_section_2'  class='main_color av_default_container_wrap container_wrap sidebar_right'  ><div class='container av-section-cont-open' ><div class='template-page content  av-content-small alpha units'><div class='post-entry post-entry-type-page post-entry-5757'><div class='entry-content-wrapper clearfix'>\n","protected":false},"excerpt":{"rendered":"","protected":false},"author":2,"featured_media":0,"parent":5726,"menu_order":4,"comment_status":"closed","ping_status":"closed","template":"","meta":{"footnotes":""},"class_list":["post-5757","page","type-page","status-publish","hentry"],"yoast_head":"<!-- This site is optimized with the Yoast SEO plugin v27.3 - https:\/\/yoast.com\/product\/yoast-seo-wordpress\/ -->\n<title>Dependen\u021ba de jocuri de noroc - PIA Hessen - Informationen und Beratung rund um Prostitution<\/title>\n<meta name=\"description\" content=\"FIM bietet niedrigschwellige Deutschkurse mit Fokus auf sozialer Teilhabe f\u00fcr Frauen und Transpersonen mit geringer Bildungserfahrung.\" \/>\n<meta name=\"robots\" content=\"index, follow, max-snippet:-1, max-image-preview:large, max-video-preview:-1\" \/>\n<link rel=\"canonical\" href=\"https:\/\/pia-hessen.de\/ro\/informatii-referitoare-la-sanatate\/dependenta-de-jocuri-de-noroc\" \/>\n<meta name=\"twitter:label1\" content=\"Timp estimat pentru citire\" \/>\n\t<meta name=\"twitter:data1\" content=\"5 minute\" \/>\n<script type=\"application\/ld+json\" class=\"yoast-schema-graph\">{\"@context\":\"https:\\\/\\\/schema.org\",\"@graph\":[{\"@type\":\"WebPage\",\"@id\":\"https:\\\/\\\/pia-hessen.de\\\/ro\\\/informatii-referitoare-la-sanatate\\\/dependenta-de-jocuri-de-noroc\",\"url\":\"https:\\\/\\\/pia-hessen.de\\\/ro\\\/informatii-referitoare-la-sanatate\\\/dependenta-de-jocuri-de-noroc\",\"name\":\"Dependen\u021ba de jocuri de noroc - PIA Hessen - Informationen und Beratung rund um Prostitution\",\"isPartOf\":{\"@id\":\"https:\\\/\\\/pia-hessen.de\\\/ro#website\"},\"datePublished\":\"2020-01-31T22:29:30+00:00\",\"dateModified\":\"2023-01-31T17:06:25+00:00\",\"description\":\"FIM bietet niedrigschwellige Deutschkurse mit Fokus auf sozialer Teilhabe f\u00fcr Frauen und Transpersonen mit geringer Bildungserfahrung.\",\"breadcrumb\":{\"@id\":\"https:\\\/\\\/pia-hessen.de\\\/ro\\\/informatii-referitoare-la-sanatate\\\/dependenta-de-jocuri-de-noroc#breadcrumb\"},\"inLanguage\":\"ro-RO\",\"potentialAction\":[{\"@type\":\"ReadAction\",\"target\":[\"https:\\\/\\\/pia-hessen.de\\\/ro\\\/informatii-referitoare-la-sanatate\\\/dependenta-de-jocuri-de-noroc\"]}]},{\"@type\":\"BreadcrumbList\",\"@id\":\"https:\\\/\\\/pia-hessen.de\\\/ro\\\/informatii-referitoare-la-sanatate\\\/dependenta-de-jocuri-de-noroc#breadcrumb\",\"itemListElement\":[{\"@type\":\"ListItem\",\"position\":1,\"name\":\"Startseite\",\"item\":\"https:\\\/\\\/pia-hessen.de\\\/ro\"},{\"@type\":\"ListItem\",\"position\":2,\"name\":\"S\u0103n\u0103tate\",\"item\":\"https:\\\/\\\/pia-hessen.de\\\/ro\\\/informatii-referitoare-la-sanatate\"},{\"@type\":\"ListItem\",\"position\":3,\"name\":\"Dependen\u021ba de jocuri de noroc\"}]},{\"@type\":\"WebSite\",\"@id\":\"https:\\\/\\\/pia-hessen.de\\\/ro#website\",\"url\":\"https:\\\/\\\/pia-hessen.de\\\/ro\",\"name\":\"PIA Hessen - Informationen und Beratung rund um Prostitution\",\"description\":\"\",\"publisher\":{\"@id\":\"https:\\\/\\\/pia-hessen.de\\\/ro#organization\"},\"potentialAction\":[{\"@type\":\"SearchAction\",\"target\":{\"@type\":\"EntryPoint\",\"urlTemplate\":\"https:\\\/\\\/pia-hessen.de\\\/ro?s={search_term_string}\"},\"query-input\":{\"@type\":\"PropertyValueSpecification\",\"valueRequired\":true,\"valueName\":\"search_term_string\"}}],\"inLanguage\":\"ro-RO\"},{\"@type\":\"Organization\",\"@id\":\"https:\\\/\\\/pia-hessen.de\\\/ro#organization\",\"name\":\"PIA Hessen - Informationen und Beratung rund um Prostitution\",\"url\":\"https:\\\/\\\/pia-hessen.de\\\/ro\",\"logo\":{\"@type\":\"ImageObject\",\"inLanguage\":\"ro-RO\",\"@id\":\"https:\\\/\\\/pia-hessen.de\\\/ro#\\\/schema\\\/logo\\\/image\\\/\",\"url\":\"https:\\\/\\\/pia-hessen.de\\\/wp-content\\\/uploads\\\/2022\\\/12\\\/pia-logo.png\",\"contentUrl\":\"https:\\\/\\\/pia-hessen.de\\\/wp-content\\\/uploads\\\/2022\\\/12\\\/pia-logo.png\",\"width\":300,\"height\":156,\"caption\":\"PIA Hessen - Informationen und Beratung rund um Prostitution\"},\"image\":{\"@id\":\"https:\\\/\\\/pia-hessen.de\\\/ro#\\\/schema\\\/logo\\\/image\\\/\"}}]}<\/script>\n<!-- \/ Yoast SEO plugin. -->","yoast_head_json":{"title":"Dependen\u021ba de jocuri de noroc - PIA Hessen - Informationen und Beratung rund um Prostitution","description":"FIM bietet niedrigschwellige Deutschkurse mit Fokus auf sozialer Teilhabe f\u00fcr Frauen und Transpersonen mit geringer Bildungserfahrung.","robots":{"index":"index","follow":"follow","max-snippet":"max-snippet:-1","max-image-preview":"max-image-preview:large","max-video-preview":"max-video-preview:-1"},"canonical":"https:\/\/pia-hessen.de\/ro\/informatii-referitoare-la-sanatate\/dependenta-de-jocuri-de-noroc","twitter_misc":{"Timp estimat pentru citire":"5 minute"},"schema":{"@context":"https:\/\/schema.org","@graph":[{"@type":"WebPage","@id":"https:\/\/pia-hessen.de\/ro\/informatii-referitoare-la-sanatate\/dependenta-de-jocuri-de-noroc","url":"https:\/\/pia-hessen.de\/ro\/informatii-referitoare-la-sanatate\/dependenta-de-jocuri-de-noroc","name":"Dependen\u021ba de jocuri de noroc - PIA Hessen - Informationen und Beratung rund um Prostitution","isPartOf":{"@id":"https:\/\/pia-hessen.de\/ro#website"},"datePublished":"2020-01-31T22:29:30+00:00","dateModified":"2023-01-31T17:06:25+00:00","description":"FIM bietet niedrigschwellige Deutschkurse mit Fokus auf sozialer Teilhabe f\u00fcr Frauen und Transpersonen mit geringer Bildungserfahrung.","breadcrumb":{"@id":"https:\/\/pia-hessen.de\/ro\/informatii-referitoare-la-sanatate\/dependenta-de-jocuri-de-noroc#breadcrumb"},"inLanguage":"ro-RO","potentialAction":[{"@type":"ReadAction","target":["https:\/\/pia-hessen.de\/ro\/informatii-referitoare-la-sanatate\/dependenta-de-jocuri-de-noroc"]}]},{"@type":"BreadcrumbList","@id":"https:\/\/pia-hessen.de\/ro\/informatii-referitoare-la-sanatate\/dependenta-de-jocuri-de-noroc#breadcrumb","itemListElement":[{"@type":"ListItem","position":1,"name":"Startseite","item":"https:\/\/pia-hessen.de\/ro"},{"@type":"ListItem","position":2,"name":"S\u0103n\u0103tate","item":"https:\/\/pia-hessen.de\/ro\/informatii-referitoare-la-sanatate"},{"@type":"ListItem","position":3,"name":"Dependen\u021ba de jocuri de noroc"}]},{"@type":"WebSite","@id":"https:\/\/pia-hessen.de\/ro#website","url":"https:\/\/pia-hessen.de\/ro","name":"PIA Hessen - Informationen und Beratung rund um Prostitution","description":"","publisher":{"@id":"https:\/\/pia-hessen.de\/ro#organization"},"potentialAction":[{"@type":"SearchAction","target":{"@type":"EntryPoint","urlTemplate":"https:\/\/pia-hessen.de\/ro?s={search_term_string}"},"query-input":{"@type":"PropertyValueSpecification","valueRequired":true,"valueName":"search_term_string"}}],"inLanguage":"ro-RO"},{"@type":"Organization","@id":"https:\/\/pia-hessen.de\/ro#organization","name":"PIA Hessen - Informationen und Beratung rund um Prostitution","url":"https:\/\/pia-hessen.de\/ro","logo":{"@type":"ImageObject","inLanguage":"ro-RO","@id":"https:\/\/pia-hessen.de\/ro#\/schema\/logo\/image\/","url":"https:\/\/pia-hessen.de\/wp-content\/uploads\/2022\/12\/pia-logo.png","contentUrl":"https:\/\/pia-hessen.de\/wp-content\/uploads\/2022\/12\/pia-logo.png","width":300,"height":156,"caption":"PIA Hessen - Informationen und Beratung rund um Prostitution"},"image":{"@id":"https:\/\/pia-hessen.de\/ro#\/schema\/logo\/image\/"}}]}},"_links":{"self":[{"href":"https:\/\/pia-hessen.de\/ro\/wp-json\/wp\/v2\/pages\/5757","targetHints":{"allow":["GET"]}}],"collection":[{"href":"https:\/\/pia-hessen.de\/ro\/wp-json\/wp\/v2\/pages"}],"about":[{"href":"https:\/\/pia-hessen.de\/ro\/wp-json\/wp\/v2\/types\/page"}],"author":[{"embeddable":true,"href":"https:\/\/pia-hessen.de\/ro\/wp-json\/wp\/v2\/users\/2"}],"replies":[{"embeddable":true,"href":"https:\/\/pia-hessen.de\/ro\/wp-json\/wp\/v2\/comments?post=5757"}],"version-history":[{"count":5,"href":"https:\/\/pia-hessen.de\/ro\/wp-json\/wp\/v2\/pages\/5757\/revisions"}],"predecessor-version":[{"id":5776,"href":"https:\/\/pia-hessen.de\/ro\/wp-json\/wp\/v2\/pages\/5757\/revisions\/5776"}],"up":[{"embeddable":true,"href":"https:\/\/pia-hessen.de\/ro\/wp-json\/wp\/v2\/pages\/5726"}],"wp:attachment":[{"href":"https:\/\/pia-hessen.de\/ro\/wp-json\/wp\/v2\/media?parent=5757"}],"curies":[{"name":"wp","href":"https:\/\/api.w.org\/{rel}","templated":true}]}}